{"id":14740,"date":"2025-12-02T13:19:02","date_gmt":"2025-12-02T18:19:02","guid":{"rendered":"https:\/\/www.myphillylawyer.com\/?page_id=14740"},"modified":"2025-12-02T13:54:53","modified_gmt":"2025-12-02T18:54:53","slug":"que-pruebas-se-necesitan-para-presentar-una-demanda-por-lesiones-durante-el-parto","status":"publish","type":"page","link":"https:\/\/www.myphillylawyer.com\/es\/areas-de-practica\/lesiones-de-nacimiento\/que-pruebas-se-necesitan-para-presentar-una-demanda-por-lesiones-durante-el-parto\/","title":{"rendered":"\u00bfQu\u00e9 pruebas se necesitan para una demanda por lesiones de nacimiento?"},"content":{"rendered":"<h1 class=\"wp-block-heading\" id=\"what-evidence-is-needed-for-a-birth-injury-claim\">\u00bfQu\u00e9 pruebas se necesitan para una demanda por lesiones de nacimiento?<\/h1>\n\n\n\n<p>Cuando una familia se enfrenta al trauma de una lesi\u00f3n durante el parto, comprender qu\u00e9 pruebas se necesitan para construir un caso s\u00f3lido puede resultar abrumador. Trabajar con un&nbsp;<a href=\"https:\/\/www.myphillylawyer.com\/es\/areas-de-practica\/lesiones-de-nacimiento\/\" target=\"_blank\" rel=\"noreferrer noopener\">Philadelphia abogado de lesiones de nacimiento<\/a>&nbsp;Es fundamental contar con alguien que conozca la legislaci\u00f3n de Pensilvania. Analicemos los tipos de pruebas que pueden ayudarle a presentar una demanda y obtener la indemnizaci\u00f3n que su hijo merece.<\/p>\n\n\n\n<div class=\"wp-block-rank-math-toc-block\" id=\"rank-math-toc\"><h2>\u00cdndice<\/h2><nav><ul><li><a href=\"#what-evidence-is-needed-for-a-birth-injury-claim\">\u00bfQu\u00e9 pruebas se necesitan para una demanda por lesiones de nacimiento?<\/a><ul><li><a href=\"#medical-records-the-foundation-of-proof\">Historiales m\u00e9dicos: la base de las pruebas<\/a><\/li><li><a href=\"#expert-witness-opinions\">Opiniones de peritos<\/a><\/li><li><a href=\"#testimony-from-family-and-staff\">Testimonio de familiares y personal<\/a><\/li><li><a href=\"#photographic-and-video-evidence\">Pruebas fotogr\u00e1ficas y de video<\/a><\/li><li><a href=\"#proof-of-financial-and-emotional-losses\">Prueba de p\u00e9rdidas econ\u00f3micas y emocionales<\/a><\/li><li><a href=\"#fa-qs-about-what-evidence-is-needed-for-a-birth-injury-claim\">Preguntas frecuentes sobre qu\u00e9 pruebas se necesitan para presentar una demanda por lesiones durante el parto<\/a><\/li><li><a href=\"#other-resources-about-legal-process-compensation\">Otros recursos sobre proceso judicial e indemnizaci\u00f3n<\/a><\/li><\/ul><\/li><\/ul><\/nav><\/div>\n\n\n\n<h2 class=\"wp-block-heading\" id=\"medical-records-the-foundation-of-proof\">Historiales m\u00e9dicos: la base de las pruebas<\/h2>\n\n\n\n<p>Los registros m\u00e9dicos son la columna vertebral de cualquier caso de lesiones durante el parto. Estos documentos muestran lo que sucedi\u00f3 antes, durante y despu\u00e9s del parto. Incluyen registros prenatales, notas de m\u00e9dicos y enfermeras, tiras de monitorizaci\u00f3n, registros del parto y registros de cuidados posparto. Su&nbsp;<a href=\"https:\/\/www.myphillylawyer.com\/es\/areas-de-practica\/lesiones-de-nacimiento\/\" target=\"_blank\" rel=\"noreferrer noopener\">abogado de lesiones de nacimiento<\/a>&nbsp;Revisar\u00e1 cuidadosamente estos registros para detectar errores o se\u00f1ales de alerta que se hayan pasado por alto.<\/p>\n\n\n\n<p>Por ejemplo, si su hijo sufri\u00f3 da\u00f1o cerebral debido a la falta de ox\u00edgeno, los registros podr\u00edan mostrar si el personal del hospital respondi\u00f3 r\u00e1pidamente al sufrimiento fetal. Los detalles de estos registros ayudan a demostrar si se viol\u00f3 el est\u00e1ndar de atenci\u00f3n, lo cual es clave para ganar su demanda.<\/p>\n\n\n\n<h2 class=\"wp-block-heading\" id=\"expert-witness-opinions\">Opiniones de peritos<\/h2>\n\n\n\n<p>La ley de Pensilvania exige el testimonio de un perito en casi todos los casos de negligencia m\u00e9dica, incluidas las lesiones durante el parto. Un perito es un m\u00e9dico o profesional sanitario con experiencia en partos y cuidados neonatales. Revisa el caso, explica lo que deber\u00eda haber ocurrido y emite un dictamen sobre si se cometieron errores.<\/p>\n\n\n\n<p>A&nbsp;<a href=\"https:\/\/www.myphillylawyer.com\/es\/areas-de-practica\/lesiones-de-nacimiento\/\" target=\"_blank\" rel=\"noreferrer noopener\">Philly abogado de lesiones de nacimiento<\/a>&nbsp;encontrar\u00e1n a un experto que pueda explicar claramente los detalles complejos al jurado. Su informe describir\u00e1 el nivel de atenci\u00f3n est\u00e1ndar y mostrar\u00e1 c\u00f3mo las acciones del proveedor no estuvieron a la altura. Sin este testimonio, la mayor\u00eda de los casos ni siquiera pueden llegar a los tribunales.<\/p>\n\n\n\n<h2 class=\"wp-block-heading\" id=\"testimony-from-family-and-staff\">Testimonio de familiares y personal<\/h2>\n\n\n\n<p>Las declaraciones de los testigos ayudan a completar el panorama de lo sucedido. Los pap\u00e1s y los familiares pueden describir sus experiencias, lo que vieron y c\u00f3mo la lesi\u00f3n ha afectado la vida de su hijo. Tambi\u00e9n se puede interrogar al personal del hospital, incluyendo enfermeras y doctores, sobre las decisiones tomadas durante el parto.<\/p>\n\n\n\n<p>Este testimonio no solo se refiere a la lesi\u00f3n en s\u00ed misma. Tambi\u00e9n muestra c\u00f3mo se comunic\u00f3 el equipo m\u00e9dico, c\u00f3mo respondi\u00f3 a las emergencias y c\u00f3mo sigui\u00f3 los procedimientos. A veces, los detalles proporcionados por una enfermera o un t\u00e9cnico pueden llenar los vac\u00edos en la cronolog\u00eda o revelar errores cr\u00edticos.<\/p>\n\n\n\n<h2 class=\"wp-block-heading\" id=\"photographic-and-video-evidence\">Pruebas fotogr\u00e1ficas y de video<\/h2>\n\n\n\n<p>Las fotos y los videos pueden tener un gran impacto en un caso de lesiones durante el parto. Estos pueden incluir im\u00e1genes del reci\u00e9n nacido despu\u00e9s del parto, que muestren lesiones visibles, o incluso videos de las c\u00e1maras de vigilancia de la sala de partos. Algunos hospitales graban partes del trabajo de parto y el parto con fines de control de calidad. Si est\u00e1n disponibles, estas im\u00e1genes pueden respaldar su reclamo al proporcionar pruebas directas e innegables.<\/p>\n\n\n\n<p>Si su hijo tiene una afecci\u00f3n como par\u00e1lisis cerebral, la documentaci\u00f3n en video de los hitos o desaf\u00edos del desarrollo puede ayudar a un&nbsp;<a href=\"https:\/\/www.myphillylawyer.com\/es\/areas-de-practica\/lesiones-de-nacimiento\/paralisis-cerebral\/\" target=\"_blank\" rel=\"noreferrer noopener\">abogado par\u00e1lisis cerebral<\/a>&nbsp;Demuestre el alcance de la lesi\u00f3n y su impacto en la vida diaria de su hijo.<\/p>\n\n\n\n<h2 class=\"wp-block-heading\" id=\"proof-of-financial-and-emotional-losses\">Prueba de p\u00e9rdidas econ\u00f3micas y emocionales<\/h2>\n\n\n\n<p>Para que una demanda tenga \u00e9xito, no solo hay que demostrar lo que ocurri\u00f3, sino tambi\u00e9n los da\u00f1os que sufri\u00f3 su familia. Esto incluye:<\/p>\n\n\n\n<ul class=\"wp-block-list\">\n<li>Facturas m\u00e9dicas y costos de cuidados futuros<\/li>\n\n\n\n<li>Gastos de rehabilitaci\u00f3n y terapia<\/li>\n\n\n\n<li>Costos de dispositivos de asistencia o educaci\u00f3n especial<\/li>\n\n\n\n<li>P\u00e9rdida de ingresos si uno de los padres debe cuidar a tiempo completo<\/li>\n\n\n\n<li>Dolor y sufrimiento, tanto para el ni\u00f1o como para la familia.<\/li>\n<\/ul>\n\n\n\n<p>Es fundamental recopilar recibos, declaraciones de seguros y evaluaciones de expertos sobre las necesidades futuras. En muchos casos, se recurre a planificadores de cuidados de por vida para estimar los costos a largo plazo, especialmente en el caso de afecciones permanentes.<\/p>\n\n\n\n<h2 class=\"wp-block-heading\" id=\"fa-qs-about-what-evidence-is-needed-for-a-birth-injury-claim\">Preguntas frecuentes sobre qu\u00e9 pruebas se necesitan para presentar una demanda por lesiones durante el parto<\/h2>\n\n\n\n<p><strong>\u00bfQu\u00e9 pasa si el hospital no divulga los expedientes m\u00e9dicos?<\/strong><br>La ley de Pensilvania le otorga el derecho de solicitar sus propios registros o los de su hijo. Si un proveedor lo retrasa o se niega, su&nbsp;<a href=\"https:\/\/www.myphillylawyer.com\/es\/\" target=\"_blank\" rel=\"noreferrer noopener\">Philadelphia abogado de lesiones personales<\/a>&nbsp;puede presentar una solicitud formal o una citaci\u00f3n judicial para obtenerlos.<\/p>\n\n\n\n<p><strong>\u00bfPuedo presentar una reclamaci\u00f3n si a\u00fan no tengo todas las pruebas?<\/strong><br>Puede empezar con la informaci\u00f3n b\u00e1sica, pero su abogado le ayudar\u00e1 a reunir las pruebas que falten. En algunos casos, dispondr\u00e1 de tiempo adicional para proporcionar la certificaci\u00f3n de un experto si los registros no est\u00e1n disponibles de inmediato.<\/p>\n\n\n\n<p><strong>\u00bfNecesito un perito para cada reclamaci\u00f3n?<\/strong><br>Casi todas las demandas por lesiones durante el parto en Pensilvania requieren al menos un perito. Este experto debe explicar c\u00f3mo la atenci\u00f3n prestada por el proveedor no cumpli\u00f3 con los est\u00e1ndares aceptados y c\u00f3mo eso caus\u00f3 la lesi\u00f3n.<\/p>\n\n\n\n<p><strong>\u00bfCu\u00e1nto tiempo tengo para reunir pruebas y presentar mi caso?<\/strong><br>En la mayor\u00eda de los casos, la ley de Pensilvania le concede dos a\u00f1os desde el momento en que descubre la lesi\u00f3n. En el caso de los ni\u00f1os, el plazo no comienza hasta que cumplen 18 a\u00f1os, lo que les da hasta los 20 a\u00f1os para presentar la demanda. Pero es mejor actuar con rapidez, ya que es m\u00e1s f\u00e1cil reunir las pruebas cuanto antes.<\/p>\n\n\n\n<h2 class=\"wp-block-heading\" id=\"other-resources-about-legal-process-compensation\">Otros recursos sobre proceso judicial e indemnizaci\u00f3n<\/h2>\n\n\n\n<ul class=\"wp-block-list\">\n<li><a href=\"https:\/\/www.myphillylawyer.com\/es\/areas-de-practica\/lesiones-de-nacimiento\/apelacion-de-un-veredicto-o-acuerdo-por-lesiones-en-el-parto\/\">Apelaci\u00f3n de un veredicto o acuerdo por lesiones de nacimiento<\/a><\/li>\n\n\n\n<li><a href=\"https:\/\/www.myphillylawyer.com\/es\/areas-de-practica\/lesiones-de-nacimiento\/derechos-familiares-tras-una-lesion-durante-el-parto\/\">Derechos de la familia tras una lesi\u00f3n de nacimiento<\/a><\/li>\n\n\n\n<li><strong>\u00bfQu\u00e9 pruebas se necesitan para una demanda por lesiones de nacimiento?<\/strong><\/li>\n\n\n\n<li><a href=\"https:\/\/www.myphillylawyer.com\/es\/areas-de-practica\/lesiones-de-nacimiento\/comprender-el-seguro-de-responsabilidad-civil-profesional-medica\/\">Entender el seguro de negligencia m\u00e9dica<\/a><\/li>\n\n\n\n<li><a href=\"https:\/\/www.myphillylawyer.com\/es\/areas-de-practica\/lesiones-de-nacimiento\/testigos-expertos-en-litigios-por-lesiones-durante-el-parto\/\">Peritos en litigios por lesiones en el parto<\/a><\/li>\n\n\n\n<li><a href=\"https:\/\/www.myphillylawyer.com\/es\/areas-de-practica\/lesiones-de-nacimiento\/veredictos-del-jurado-de-filadelfia-y-acuerdos-en-casos-de-lesiones-durante-el-parto\/\">Philadelphia Veredictos y acuerdos del jurado en casos de lesiones al nacer<\/a><\/li>\n\n\n\n<li><a href=\"https:\/\/www.myphillylawyer.com\/es\/areas-de-practica\/lesiones-de-nacimiento\/estatuto-de-limitaciones-para-lesiones-durante-el-parto-en-pensilvania\/\">Estatuto de Limitaciones para Lesiones de Nacimiento en PA<\/a><\/li>\n\n\n\n<li><a href=\"https:\/\/www.myphillylawyer.com\/es\/areas-de-practica\/lesiones-de-nacimiento\/como-se-calcula-la-indemnizacion-por-lesiones-durante-el-parto\/\">C\u00f3mo se calcula la indemnizaci\u00f3n por lesiones al nacer<\/a><\/li>\n\n\n\n<li><a href=\"https:\/\/www.myphillylawyer.com\/es\/areas-de-practica\/lesiones-de-nacimiento\/que-esperar-en-un-caso-de-lesiones-durante-el-parto-cronologia\/\">Cronolog\u00eda de un caso de lesiones en el parto<\/a><\/li>\n\n\n\n<li><a href=\"https:\/\/www.myphillylawyer.com\/es\/areas-de-practica\/lesiones-de-nacimiento\/presentar-una-demanda-por-lesiones-durante-el-parto-en-filadelfia\/\">Presentar una demanda por lesiones de nacimiento en Philadelphia<\/a><\/li>\n<\/ul>","protected":false},"excerpt":{"rendered":"<p>\u00bfQu\u00e9 pruebas se necesitan para presentar una demanda por lesiones durante el parto? Cuando una familia se enfrenta al trauma de una lesi\u00f3n durante el parto, comprender qu\u00e9 pruebas se necesitan para construir un caso s\u00f3lido puede resultar abrumador. Es esencial contar con la ayuda de un abogado especializado en lesiones durante el parto que conozca la legislaci\u00f3n de Pensilvania. Analicemos los tipos de pruebas que pueden ayudarle a avanzar...<\/p>","protected":false},"author":14,"featured_media":0,"parent":27,"menu_order":0,"comment_status":"closed","ping_status":"closed","template":"","meta":{"_acf_changed":false,"footnotes":""},"class_list":["post-14740","page","type-page","status-publish","hentry"],"acf":[],"jetpack_sharing_enabled":true,"_links":{"self":[{"href":"https:\/\/www.myphillylawyer.com\/es\/wp-json\/wp\/v2\/pages\/14740","targetHints":{"allow":["GET"]}}],"collection":[{"href":"https:\/\/www.myphillylawyer.com\/es\/wp-json\/wp\/v2\/pages"}],"about":[{"href":"https:\/\/www.myphillylawyer.com\/es\/wp-json\/wp\/v2\/types\/page"}],"author":[{"embeddable":true,"href":"https:\/\/www.myphillylawyer.com\/es\/wp-json\/wp\/v2\/users\/14"}],"replies":[{"embeddable":true,"href":"https:\/\/www.myphillylawyer.com\/es\/wp-json\/wp\/v2\/comments?post=14740"}],"version-history":[{"count":4,"href":"https:\/\/www.myphillylawyer.com\/es\/wp-json\/wp\/v2\/pages\/14740\/revisions"}],"predecessor-version":[{"id":14795,"href":"https:\/\/www.myphillylawyer.com\/es\/wp-json\/wp\/v2\/pages\/14740\/revisions\/14795"}],"up":[{"embeddable":true,"href":"https:\/\/www.myphillylawyer.com\/es\/wp-json\/wp\/v2\/pages\/27"}],"wp:attachment":[{"href":"https:\/\/www.myphillylawyer.com\/es\/wp-json\/wp\/v2\/media?parent=14740"}],"curies":[{"name":"wp","href":"https:\/\/api.w.org\/{rel}","templated":true}]}}