{"id":14891,"date":"2025-12-03T09:18:19","date_gmt":"2025-12-03T14:18:19","guid":{"rendered":"https:\/\/www.myphillylawyer.com\/?page_id=14891"},"modified":"2025-12-03T11:25:25","modified_gmt":"2025-12-03T16:25:25","slug":"errores-quirurgicos-y-negligencia-en-el-quirofano","status":"publish","type":"page","link":"https:\/\/www.myphillylawyer.com\/es\/areas-de-practica\/negligencia-medica\/errores-quirurgicos-y-negligencia-en-el-quirofano\/","title":{"rendered":"Errores quir\u00fargicos y negligencias en los quir\u00f3fanos"},"content":{"rendered":"<h1 class=\"wp-block-heading\" id=\"surgical-errors-and-operating-room-negligence\">Errores quir\u00fargicos y negligencias en los quir\u00f3fanos<\/h1>\n\n\n\n<p>La cirug\u00eda siempre conlleva riesgos, pero los pacientes conf\u00edan en que sus equipos quir\u00fargicos seguir\u00e1n los m\u00e1s altos est\u00e1ndares de atenci\u00f3n. Lamentablemente, los errores quir\u00fargicos y la negligencia en los quir\u00f3fanos siguen ocurriendo en hospitales y cl\u00ednicas. Estos errores pueden provocar lesiones graves, discapacidades a largo plazo e incluso la muerte. Si ha sufrido da\u00f1os o ha perdido a un ser querido debido a un error quir\u00fargico, tiene derecho a solicitar una indemnizaci\u00f3n y respuestas. A&nbsp;<a href=\"https:\/\/www.myphillylawyer.com\/es\/areas-de-practica\/negligencia-medica\/\" target=\"_blank\" rel=\"noreferrer noopener\">Philadelphia abogado negligencia m\u00e9dica<\/a>&nbsp;puede ayudarle a comprender sus opciones legales y luchar por la justicia.<\/p>\n\n\n\n<div class=\"wp-block-rank-math-toc-block\" id=\"rank-math-toc\"><h2>\u00cdndice<\/h2><nav><ul><li><a href=\"#surgical-errors-and-operating-room-negligence\">Errores quir\u00fargicos y negligencias en los quir\u00f3fanos<\/a><ul><li><a href=\"#what-are-common-types-of-surgical-errors\">\u00bfCu\u00e1les son los tipos m\u00e1s comunes de errores quir\u00fargicos?<\/a><\/li><li><a href=\"#how-operating-room-negligence-happens\">C\u00f3mo se produce la negligencia en el quir\u00f3fano<\/a><\/li><li><a href=\"#what-are-your-rights-after-a-surgical-error\">\u00bfCu\u00e1les son sus derechos tras un error quir\u00fargico?<\/a><\/li><li><a href=\"#how-do-you-prove-surgery-related-medical-malpractice\">\u00bfC\u00f3mo se demuestra la negligencia m\u00e9dica relacionada con una cirug\u00eda?<\/a><\/li><li><a href=\"#why-legal-help-matters-in-surgical-error-cases\">Por qu\u00e9 es importante la asistencia legal en los casos de negligencia quir\u00fargica<\/a><\/li><li><a href=\"#fa-qs-about-surgical-errors-and-operating-room-negligence\">Preguntas frecuentes sobre errores quir\u00fargicos y negligencia en el quir\u00f3fano<\/a><\/li><li><a href=\"#other-resources-about-types-of-medical-malpractice\">Otros recursos sobre los tipos de negligencia m\u00e9dica<\/a><\/li><\/ul><\/li><\/ul><\/nav><\/div>\n\n\n\n<h2 class=\"wp-block-heading\" id=\"what-are-common-types-of-surgical-errors\">\u00bfCu\u00e1les son los tipos m\u00e1s comunes de errores quir\u00fargicos?<\/h2>\n\n\n\n<p>Los errores quir\u00fargicos, a veces denominados \u201ceventos que nunca deber\u00edan ocurrir\u201d, nunca deber\u00edan suceder, pero ocurren. Entre ellos se incluyen:<\/p>\n\n\n\n<ul class=\"wp-block-list\">\n<li>Cirug\u00eda en el sitio equivocado (operar en la parte incorrecta del cuerpo)<\/li>\n\n\n\n<li>Cirug\u00eda del paciente equivocado<\/li>\n\n\n\n<li>Dejar instrumentos quir\u00fargicos o esponjas dentro del cuerpo.<\/li>\n\n\n\n<li>Da\u00f1o en los nervios, \u00f3rganos o vasos sangu\u00edneos<\/li>\n\n\n\n<li>Errores en la anestesia, incluyendo una dosis excesiva o insuficiente de medicaci\u00f3n.<\/li>\n\n\n\n<li>Infecciones posoperatorias debidas a una esterilizaci\u00f3n deficiente.<\/li>\n\n\n\n<li>No monitorear al paciente durante y despu\u00e9s de la cirug\u00eda.<\/li>\n<\/ul>\n\n\n\n<p>Cada uno de estos errores puede tener consecuencias devastadoras y duraderas. Por ejemplo, dejar una esponja dentro de un paciente puede causar infecci\u00f3n, da\u00f1o a los \u00f3rganos o incluso requerir m\u00e1s cirug\u00eda. Una cirug\u00eda en el lugar equivocado puede significar la p\u00e9rdida de una extremidad completa o la extirpaci\u00f3n de un \u00f3rgano sano. Si cree que un error quir\u00fargico le ha perjudicado a usted o a un ser querido, p\u00f3ngase en contacto con un&nbsp;<a href=\"https:\/\/www.myphillylawyer.com\/es\/\" target=\"_blank\" rel=\"noreferrer noopener\">Philadelphia abogado de lesiones personales<\/a>&nbsp;para orientarse.<\/p>\n\n\n\n<h2 class=\"wp-block-heading\" id=\"how-operating-room-negligence-happens\">C\u00f3mo se produce la negligencia en el quir\u00f3fano<\/h2>\n\n\n\n<p>La negligencia en el quir\u00f3fano no siempre se debe a errores dram\u00e1ticos. A veces se trata de una mala planificaci\u00f3n, falta de comunicaci\u00f3n o incumplimiento de los protocolos est\u00e1ndar. En un hospital con mucho trabajo, el personal puede apresurarse, omitir las listas de verificaci\u00f3n de seguridad o no confirmar la identidad del paciente y el procedimiento. Los cirujanos pueden distraerse o estar fatigados, lo que aumenta el riesgo de cometer errores.<\/p>\n\n\n\n<p>La negligencia tambi\u00e9n puede implicar una formaci\u00f3n inadecuada, equipos defectuosos o una falta de supervisi\u00f3n de los residentes y enfermeros. En algunos casos, la propia instituci\u00f3n puede ser considerada responsable si las pol\u00edticas o pr\u00e1cticas del hospital ponen en riesgo a los pacientes. Demostrar este tipo de negligencia requiere una investigaci\u00f3n detallada. A&nbsp;<a href=\"https:\/\/www.myphillylawyer.com\/es\/zonas-atendidas\/bensalem\/abogados-de-negligencia-medica-2\/\" target=\"_blank\" rel=\"noreferrer noopener\">abogado de negligencias m\u00e9dicas<\/a>&nbsp;puede revisar expedientes m\u00e9dicos, entrevistar a testigos y trabajar con expertos m\u00e9dicos para construir un caso s\u00f3lido.<\/p>\n\n\n\n<h2 class=\"wp-block-heading\" id=\"what-are-your-rights-after-a-surgical-error\">\u00bfCu\u00e1les son sus derechos tras un error quir\u00fargico?<\/h2>\n\n\n\n<p>La ley de Pensilvania protege a los pacientes que sufren da\u00f1os por negligencia m\u00e9dica. Si un error quir\u00fargico le caus\u00f3 una lesi\u00f3n, puede tener derecho a una indemnizaci\u00f3n por gastos m\u00e9dicos, salarios perdidos, dolor y sufrimiento, y costos de atenci\u00f3n m\u00e9dica futura. Seg\u00fan la ley estatal, por lo general, tiene dos a\u00f1os a partir de la fecha en que se enter\u00f3 de la lesi\u00f3n para presentar una demanda por negligencia m\u00e9dica. Si el error no se descubri\u00f3 de inmediato, el plazo suele comenzar cuando usted deber\u00eda haber sabido razonablemente del da\u00f1o.<\/p>\n\n\n\n<p>Hay algunas excepciones. En el caso de los menores de edad, el plazo no comienza hasta que cumplen 18 a\u00f1os. Si un proveedor de servicios m\u00e9dicos intent\u00f3 ocultar el error, el plazo puede ampliarse. En los casos que involucran a hospitales o empleados gubernamentales, se aplican normas especiales de notificaci\u00f3n y l\u00edmite de da\u00f1os. Un experto&nbsp;<a href=\"https:\/\/www.myphillylawyer.com\/es\/zonas-atendidas\/jenkintown\/abogados-de-negligencia-medica-2\/\" target=\"_blank\" rel=\"noreferrer noopener\">abogado de negligencia m\u00e9dica<\/a>&nbsp;puede ayudarle a comprender los plazos y requisitos que se aplican a su situaci\u00f3n particular.<\/p>\n\n\n\n<h2 class=\"wp-block-heading\" id=\"how-do-you-prove-surgery-related-medical-malpractice\">\u00bfC\u00f3mo se demuestra la negligencia m\u00e9dica relacionada con una cirug\u00eda?<\/h2>\n\n\n\n<p>Para presentar una demanda por negligencia quir\u00fargica con \u00e9xito en Philadelphia, debe demostrar lo siguiente:<\/p>\n\n\n\n<ol class=\"wp-block-list\">\n<li>El cirujano o el personal del quir\u00f3fano ten\u00edan el deber de cuidarte.<\/li>\n\n\n\n<li>Incumplieron ese deber al actuar de manera descuidada o al no seguir las normas aceptadas.<\/li>\n\n\n\n<li>Su negligencia caus\u00f3 directamente su lesi\u00f3n.<\/li>\n\n\n\n<li>Como resultado, usted sufri\u00f3 da\u00f1os.<\/li>\n<\/ol>\n\n\n\n<p>La ley de Pensilvania exige un \u201cinforme pericial\u201d para las demandas por negligencia m\u00e9dica. Esto significa que un experto m\u00e9dico calificado debe revisar sus registros y confirmar que existe una base v\u00e1lida para la demanda. Su&nbsp;<a href=\"https:\/\/www.myphillylawyer.com\/es\/zonas-atendidas\/norristown\/abogados-de-negligencia-medica-2\/\" target=\"_blank\" rel=\"noreferrer noopener\">abogado de negligencias m\u00e9dicas<\/a>&nbsp;Se encargar\u00e1 de este proceso y se asegurar\u00e1 de que se cumplan todos los tr\u00e1mites legales. Demostrar la negligencia m\u00e9dica a menudo se reduce a una documentaci\u00f3n detallada, el testimonio de expertos y un examen minucioso de los procedimientos hospitalarios.<\/p>\n\n\n\n<h2 class=\"wp-block-heading\" id=\"why-legal-help-matters-in-surgical-error-cases\">Por qu\u00e9 es importante la asistencia legal en los casos de negligencia quir\u00fargica<\/h2>\n\n\n\n<p>Los hospitales y sus compa\u00f1\u00edas de seguros se defienden agresivamente contra las demandas por negligencia. Cuentan con recursos y equipos legales listos para impugnar su caso en cada paso del camino. Sin una representaci\u00f3n experta, es dif\u00edcil obtener la indemnizaci\u00f3n que usted merece. Un abogado con experiencia&nbsp;<a href=\"https:\/\/www.myphillylawyer.com\/es\/zonas-atendidas\/upper-darby\/abogado-de-negligencias-medicas\/\" target=\"_blank\" rel=\"noreferrer noopener\">abogado de negligencia m\u00e9dica<\/a>&nbsp;puede nivelar el campo de juego, reunir pruebas y negociar en su nombre. La mayor\u00eda de los abogados que se ocupan de estos casos trabajan con honorarios contingentes, por lo que usted no paga nada por adelantado, solo si gana.<\/p>\n\n\n\n<p>Si usted o un ser querido est\u00e1 sufriendo las consecuencias de un error quir\u00fargico, no espere m\u00e1s. Cuanto antes act\u00fae, mayores ser\u00e1n sus posibilidades de exigir responsabilidades a los culpables.<\/p>\n\n\n\n<h2 class=\"wp-block-heading\" id=\"fa-qs-about-surgical-errors-and-operating-room-negligence\">Preguntas frecuentes sobre errores quir\u00fargicos y negligencia en el quir\u00f3fano<\/h2>\n\n\n\n<p><strong>\u00bfCu\u00e1nto tiempo tengo para presentar una demanda por negligencia quir\u00fargica en Philadelphia?<\/strong><\/p>\n\n\n\n<p>Por lo general, dispone de dos a\u00f1os desde la fecha en que tuvo conocimiento o deber\u00eda haber tenido conocimiento de la lesi\u00f3n para presentar una reclamaci\u00f3n. En el caso de los ni\u00f1os, el plazo no comienza hasta que cumplen 18 a\u00f1os. Algunos casos tienen excepciones, especialmente si el error se ocult\u00f3. A&nbsp;<a href=\"https:\/\/www.myphillylawyer.com\/es\/zonas-atendidas\/wayne\/abogados-de-negligencia-medica-2\/\" target=\"_blank\" rel=\"noreferrer noopener\">abogado de negligencias m\u00e9dicas<\/a>&nbsp;puede ayudarle a cumplir plazos importantes.<\/p>\n\n\n\n<p><strong>\u00bfQu\u00e9 indemnizaci\u00f3n puedo obtener por un error quir\u00fargico?<\/strong><\/p>\n\n\n\n<p>Si su demanda tiene \u00e9xito, podr\u00e1 recuperar los da\u00f1os y perjuicios por gastos m\u00e9dicos, rehabilitaci\u00f3n, p\u00e9rdida de ingresos, dolor y sufrimiento, y necesidades m\u00e9dicas futuras. En casos excepcionales, tambi\u00e9n se le pueden conceder da\u00f1os punitivos. Se pueden aplicar l\u00edmites si el demandado es una entidad gubernamental. Hable con un&nbsp;<a href=\"https:\/\/www.myphillylawyer.com\/es\/zonas-atendidas\/arboleda-de-sauces\/abogados-especializados-en-negligencias-medicas\/\" target=\"_blank\" rel=\"noreferrer noopener\">abogado de negligencias m\u00e9dicas<\/a>&nbsp;para obtener detalles espec\u00edficos sobre su caso.<\/p>\n\n\n\n<p><strong>\u00bfNecesito un perito en mi caso por negligencia en el quir\u00f3fano?<\/strong><\/p>\n\n\n\n<p>S\u00ed, la ley de Pensilvania exige que un experto m\u00e9dico certifique que su reclamaci\u00f3n tiene fundamento. Este experto explicar\u00e1 qu\u00e9 fall\u00f3 y c\u00f3mo se infringieron las normas m\u00e9dicas. Su&nbsp;<a href=\"https:\/\/www.myphillylawyer.com\/es\/areas-de-practica\/negligencia-medica\/\" target=\"_blank\" rel=\"noreferrer noopener\">Abogado especializado en negligencia m\u00e9dica Philly<\/a>&nbsp;encontrar\u00e1 al experto adecuado para su situaci\u00f3n.<\/p>\n\n\n\n<p><strong>\u00bfQui\u00e9n puede ser considerado responsable de un error quir\u00fargico en Philadelphia?<\/strong><\/p>\n\n\n\n<p>Los cirujanos, anestesistas, enfermeros, t\u00e9cnicos quir\u00fargicos e incluso el propio hospital pueden ser considerados responsables si su negligencia caus\u00f3 su lesi\u00f3n. A veces, m\u00e1s de una parte comparte la culpa. A&nbsp;<a href=\"https:\/\/www.myphillylawyer.com\/es\/\" target=\"_blank\" rel=\"noreferrer noopener\">Philadelphia abogado de lesiones personales<\/a>&nbsp;puede ayudarle a identificar a todas las personas que puedan ser responsables en su caso.<\/p>\n\n\n\n<h2 class=\"wp-block-heading\" id=\"other-resources-about-types-of-medical-malpractice\">Otros recursos sobre los tipos de negligencia m\u00e9dica<\/h2>\n\n\n\n<ul class=\"wp-block-list\">\n<li><a href=\"https:\/\/www.myphillylawyer.com\/es\/areas-de-practica\/negligencia-medica\/demandas-por-diagnostico-erroneo-de-cancer-y-retraso-en-el-tratamiento\/\">Demandas por diagn\u00f3stico err\u00f3neo de c\u00e1ncer y retraso en el tratamiento<\/a><\/li>\n\n\n\n<li><a href=\"https:\/\/www.myphillylawyer.com\/es\/areas-de-practica\/negligencia-medica\/diagnostico-por-imagenes-resonancia-magnetica-tomografia-computarizada-rayos-x-negligencia-medica\/\">Negligencia en el diagn\u00f3stico por imagen (IRM\/TC\/RX)<\/a><\/li>\n\n\n\n<li><a href=\"https:\/\/www.myphillylawyer.com\/es\/areas-de-practica\/negligencia-medica\/errores-en-el-tratamiento-y-la-alta-hospitalaria\/\">Errores en el tratamiento y el alta<\/a><\/li>\n\n\n\n<li><a href=\"https:\/\/www.myphillylawyer.com\/es\/areas-de-practica\/negligencia-medica\/casos-de-negligencia-en-salas-de-urgencias\/\">Casos de mala praxis en urgencias<\/a><\/li>\n\n\n\n<li><a href=\"https:\/\/www.myphillylawyer.com\/es\/areas-de-practica\/negligencia-medica\/infecciones-adquiridas-en-el-hospital-y-negligencia\/\">Infecciones hospitalarias y negligencia<\/a><\/li>\n\n\n\n<li><a href=\"https:\/\/www.myphillylawyer.com\/es\/areas-de-practica\/negligencia-medica\/lesiones-durante-el-parto-y-negligencia-en-la-sala-de-partos\/\">Lesiones en el parto y mala praxis en la sala de partos<\/a><\/li>\n\n\n\n<li><a href=\"https:\/\/www.myphillylawyer.com\/es\/areas-de-practica\/negligencia-medica\/errores-en-la-medicacion-y-errores-en-las-recetas-medicas\/\">Errores de medicaci\u00f3n y de prescripci\u00f3n<\/a><\/li>\n\n\n\n<li><a href=\"https:\/\/www.myphillylawyer.com\/es\/areas-de-practica\/negligencia-medica\/demandas-por-negligencia-y-lesiones-relacionadas-con-la-anestesia\/\">Reclamaciones por negligencia y lesiones relacionadas con la anestesia<\/a><\/li>\n\n\n\n<li><strong>Errores quir\u00fargicos y negligencias en los quir\u00f3fanos<\/strong><\/li>\n\n\n\n<li><a href=\"https:\/\/www.myphillylawyer.com\/es\/areas-de-practica\/negligencia-medica\/casos-de-diagnosticos-erroneos-y-diagnosticos-tardios-en-filadelfia\/\">Casos de diagn\u00f3stico err\u00f3neo y tard\u00edo en Philadelphia<\/a><\/li>\n<\/ul>","protected":false},"excerpt":{"rendered":"<p>Errores quir\u00fargicos y negligencia en el quir\u00f3fano La cirug\u00eda siempre conlleva riesgos, pero los pacientes conf\u00edan en que sus equipos quir\u00fargicos seguir\u00e1n los m\u00e1s altos est\u00e1ndares de atenci\u00f3n. Lamentablemente, los errores quir\u00fargicos y la negligencia en el quir\u00f3fano siguen ocurriendo en hospitales y cl\u00ednicas. Estos errores pueden provocar lesiones graves, discapacidades a largo plazo e incluso la muerte. Si ha sufrido da\u00f1os o...<\/p>","protected":false},"author":14,"featured_media":0,"parent":7452,"menu_order":0,"comment_status":"closed","ping_status":"closed","template":"","meta":{"_acf_changed":false,"footnotes":""},"class_list":["post-14891","page","type-page","status-publish","hentry"],"acf":[],"jetpack_sharing_enabled":true,"_links":{"self":[{"href":"https:\/\/www.myphillylawyer.com\/es\/wp-json\/wp\/v2\/pages\/14891","targetHints":{"allow":["GET"]}}],"collection":[{"href":"https:\/\/www.myphillylawyer.com\/es\/wp-json\/wp\/v2\/pages"}],"about":[{"href":"https:\/\/www.myphillylawyer.com\/es\/wp-json\/wp\/v2\/types\/page"}],"author":[{"embeddable":true,"href":"https:\/\/www.myphillylawyer.com\/es\/wp-json\/wp\/v2\/users\/14"}],"replies":[{"embeddable":true,"href":"https:\/\/www.myphillylawyer.com\/es\/wp-json\/wp\/v2\/comments?post=14891"}],"version-history":[{"count":3,"href":"https:\/\/www.myphillylawyer.com\/es\/wp-json\/wp\/v2\/pages\/14891\/revisions"}],"predecessor-version":[{"id":14951,"href":"https:\/\/www.myphillylawyer.com\/es\/wp-json\/wp\/v2\/pages\/14891\/revisions\/14951"}],"up":[{"embeddable":true,"href":"https:\/\/www.myphillylawyer.com\/es\/wp-json\/wp\/v2\/pages\/7452"}],"wp:attachment":[{"href":"https:\/\/www.myphillylawyer.com\/es\/wp-json\/wp\/v2\/media?parent=14891"}],"curies":[{"name":"wp","href":"https:\/\/api.w.org\/{rel}","templated":true}]}}