{"id":14893,"date":"2025-12-03T09:21:14","date_gmt":"2025-12-03T14:21:14","guid":{"rendered":"https:\/\/www.myphillylawyer.com\/?page_id=14893"},"modified":"2025-12-03T11:25:35","modified_gmt":"2025-12-03T16:25:35","slug":"demandas-por-negligencia-y-lesiones-relacionadas-con-la-anestesia","status":"publish","type":"page","link":"https:\/\/www.myphillylawyer.com\/es\/areas-de-practica\/negligencia-medica\/demandas-por-negligencia-y-lesiones-relacionadas-con-la-anestesia\/","title":{"rendered":"Reclamaciones por negligencia y lesiones relacionadas con la anestesia"},"content":{"rendered":"<h1 class=\"wp-block-heading\" id=\"anesthesia-malpractice-and-injury-claims\">Reclamaciones por negligencia y lesiones relacionadas con la anestesia<\/h1>\n\n\n\n<p>Los errores en la anestesia pueden provocar lesiones graves que alteran la vida o incluso la muerte. Cuando usted o un ser querido sufre da\u00f1os durante una cirug\u00eda o un procedimiento m\u00e9dico debido a errores en la anestesia, el dolor es m\u00e1s que f\u00edsico. Estos casos pueden implicar cuestiones m\u00e9dicas y legales complejas, y es fundamental conocer sus derechos. Si los profesionales m\u00e9dicos no siguieron las normas adecuadas, un&nbsp;<a href=\"https:\/\/www.myphillylawyer.com\/es\/areas-de-practica\/negligencia-medica\/\" target=\"_blank\" rel=\"noreferrer noopener\">Philadelphia abogado negligencia m\u00e9dica<\/a>&nbsp;puede ayudarle a obtener justicia y recuperar una indemnizaci\u00f3n.<\/p>\n\n\n\n<div class=\"wp-block-rank-math-toc-block\" id=\"rank-math-toc\"><h2>\u00cdndice<\/h2><nav><ul><li><a href=\"#anesthesia-malpractice-and-injury-claims\">Reclamaciones por negligencia y lesiones relacionadas con la anestesia<\/a><ul><li><a href=\"#common-types-of-anesthesia-malpractice\">Tipos comunes de negligencia en anestesia<\/a><\/li><li><a href=\"#how-do-anesthesia-mistakes-happen\">\u00bfC\u00f3mo se producen los errores en la anestesia?<\/a><\/li><li><a href=\"#proving-anesthesia-malpractice-in-philadelphia\">Demostrar negligencia en la anestesia en Philadelphia<\/a><\/li><li><a href=\"#time-limits-and-special-rules-for-anesthesia-malpractice-claims\">Plazos y reglas especiales para las demandas por negligencia en anestesia<\/a><\/li><li><a href=\"#why-you-need-a-medical-malpractice-attorney-for-anesthesia-injury-cases\">Por qu\u00e9 necesita un abogado especializado en negligencia m\u00e9dica para los casos de lesiones por anestesia<\/a><\/li><li><a href=\"#fa-qs-about-anesthesia-malpractice-and-injury-claims\">Preguntas frecuentes sobre negligencia anest\u00e9sica y reclamaciones por lesiones<\/a><\/li><li><a href=\"#other-resources-about-types-of-medical-malpractice\">Otros recursos sobre los tipos de negligencia m\u00e9dica<\/a><\/li><\/ul><\/li><\/ul><\/nav><\/div>\n\n\n\n<h2 class=\"wp-block-heading\" id=\"common-types-of-anesthesia-malpractice\">Tipos comunes de negligencia en anestesia<\/h2>\n\n\n\n<p>La anestesia se utiliza para bloquear el dolor durante las cirug\u00edas y los procedimientos, pero no est\u00e1 exenta de riesgos. Pueden producirse errores en cualquier etapa, desde la preparaci\u00f3n hasta los cuidados posoperatorios. Algunos errores comunes en la anestesia son:<\/p>\n\n\n\n<ul class=\"wp-block-list\">\n<li>Administrar una dosis excesiva de anestesia, lo que puede provocar da\u00f1o cerebral o la muerte.<\/li>\n\n\n\n<li>Administrar una dosis insuficiente de anestesia, lo que provoca conciencia y dolor durante la cirug\u00eda.<\/li>\n\n\n\n<li>No monitorear los signos vitales.<\/li>\n\n\n\n<li>No revisar el historial m\u00e9dico del paciente en busca de alergias o complicaciones.<\/li>\n\n\n\n<li>Uso de equipo defectuoso o sin esterilizar.<\/li>\n\n\n\n<li>Respuesta tard\u00eda a emergencias como la falta de ox\u00edgeno.<\/li>\n<\/ul>\n\n\n\n<p>Estos errores pueden provocar falta de ox\u00edgeno, derrames cerebrales, lesiones nerviosas o discapacidades permanentes. Algunos pacientes pueden despertarse durante la cirug\u00eda o no despertarse nunca. Si usted o un familiar suyo ha sufrido alguno de estos problemas, un&nbsp;<a href=\"https:\/\/www.myphillylawyer.com\/es\/\" target=\"_blank\" rel=\"noreferrer noopener\">Philadelphia abogado de lesiones personales<\/a>&nbsp;puede explicarle sus derechos y opciones.<\/p>\n\n\n\n<h2 class=\"wp-block-heading\" id=\"how-do-anesthesia-mistakes-happen\">\u00bfC\u00f3mo se producen los errores en la anestesia?<\/h2>\n\n\n\n<p>Los errores en la anestesia suelen ser evitables. Pueden producirse debido a una mala comunicaci\u00f3n, fatiga, falta de formaci\u00f3n o, simplemente, por no seguir los procedimientos correctos. A veces, el equipo m\u00e9dico no supervisa al paciente de cerca antes, durante o despu\u00e9s de la cirug\u00eda. En otros casos, los errores se producen cuando el equipo funciona mal o est\u00e1 mal configurado.<\/p>\n\n\n\n<p>Tambi\u00e9n puede darse negligencia si el anestesista no comprueba si el paciente tiene alergias a alg\u00fan medicamento o no reconoce los primeros signos de alerta de sufrimiento. Incluso los descuidos m\u00e1s insignificantes pueden tener graves consecuencias. Los hospitales o centros quir\u00fargicos tambi\u00e9n pueden ser responsables, especialmente si no proporcionan equipos seguros o personal suficiente. Investigar qui\u00e9n es el culpable es tarea de un&nbsp;<a href=\"https:\/\/www.myphillylawyer.com\/es\/zonas-atendidas\/bensalem\/abogados-de-negligencia-medica-2\/\" target=\"_blank\" rel=\"noreferrer noopener\">abogado de negligencias m\u00e9dicas<\/a>&nbsp;con experiencia en casos de anestesia.<\/p>\n\n\n\n<h2 class=\"wp-block-heading\" id=\"proving-anesthesia-malpractice-in-philadelphia\">Demostrar negligencia en la anestesia en Philadelphia<\/h2>\n\n\n\n<p>Para ganar una demanda por negligencia en la anestesia hay que demostrar varios puntos. Debe demostrar que el proveedor de servicios m\u00e9dicos ten\u00eda el deber de cuidarle, que no cumpli\u00f3 con los est\u00e1ndares m\u00e9dicos aceptados y que le caus\u00f3 lesiones o p\u00e9rdidas. La ley de Pensilvania exige que cuente con un experto, normalmente otro m\u00e9dico, que pueda explicar qu\u00e9 fall\u00f3 y c\u00f3mo se podr\u00eda haber evitado.<\/p>\n\n\n\n<p>A&nbsp;<a href=\"https:\/\/www.myphillylawyer.com\/es\/zonas-atendidas\/jenkintown\/abogados-de-negligencia-medica-2\/\" target=\"_blank\" rel=\"noreferrer noopener\">abogado de negligencia m\u00e9dica<\/a>&nbsp;Recopilaremos su historial m\u00e9dico, consultaremos a expertos y construiremos un caso s\u00f3lido. Esto suele incluir la revisi\u00f3n de la hoja de anestesia, los registros quir\u00fargicos y cualquier nota postoperatoria. Su equipo legal le explicar\u00e1 los da\u00f1os y perjuicios que puede reclamar, incluyendo facturas m\u00e9dicas, salarios perdidos, cuidados continuos, dolor y sufrimiento, y m\u00e1s.<\/p>\n\n\n\n<h2 class=\"wp-block-heading\" id=\"time-limits-and-special-rules-for-anesthesia-malpractice-claims\">Plazos y reglas especiales para las demandas por negligencia en anestesia<\/h2>\n\n\n\n<p>La ley de Pensilvania le concede dos a\u00f1os desde la fecha en que descubri\u00f3, o deber\u00eda haber descubierto, su lesi\u00f3n para presentar una demanda por negligencia en la anestesia. En el caso de los ni\u00f1os, este plazo no comienza hasta que cumplen 18 a\u00f1os. Puede haber excepciones si el proveedor de servicios m\u00e9dicos ocult\u00f3 intencionadamente el error o si la demanda es contra un centro gubernamental, que tiene plazos de notificaci\u00f3n a\u00fan m\u00e1s cortos.<\/p>\n\n\n\n<p>Los da\u00f1os en estos casos pueden ser elevados, especialmente cuando la lesi\u00f3n cambia la vida. Si las acciones del proveedor fueron especialmente imprudentes o intencionadas, tambi\u00e9n se podr\u00edan reclamar da\u00f1os punitivos. Sin embargo, se aplican normas especiales cuando se demanda a organismos gubernamentales o se reclaman determinados tipos de da\u00f1os. Un abogado puede ayudarle a navegar por estas leyes y evitar que se pierdan plazos importantes.<\/p>\n\n\n\n<h2 class=\"wp-block-heading\" id=\"why-you-need-a-medical-malpractice-attorney-for-anesthesia-injury-cases\">Por qu\u00e9 necesita un abogado especializado en negligencia m\u00e9dica para los casos de lesiones por anestesia<\/h2>\n\n\n\n<p>Las demandas por lesiones causadas por la anestesia son complicadas. Los hospitales, las compa\u00f1\u00edas de seguros y los proveedores de anestesia contar\u00e1n con equipos legales que luchar\u00e1n para eludir su responsabilidad. La defensa puede alegar que su lesi\u00f3n fue inevitable o que no fue culpa suya. Contar con un&nbsp;<a href=\"https:\/\/www.myphillylawyer.com\/es\/zonas-atendidas\/norristown\/abogados-de-negligencia-medica-2\/\" target=\"_blank\" rel=\"noreferrer noopener\">abogado de negligencias m\u00e9dicas<\/a>&nbsp;a tu lado garantiza que tu voz sea escuchada y que tu caso sea tomado en serio.<\/p>\n\n\n\n<p>Su abogado investigar\u00e1, recopilar\u00e1 pruebas y tratar\u00e1 directamente con la otra parte para que usted y su familia puedan centrarse en recuperarse. La mayor\u00eda de los abogados de renombre aceptan estos casos con honorarios contingentes, lo que significa que usted no pagar\u00e1 nada a menos que obtenga una indemnizaci\u00f3n. Esto le permite acceder a asistencia legal sin riesgo financiero.<\/p>\n\n\n\n<h2 class=\"wp-block-heading\" id=\"fa-qs-about-anesthesia-malpractice-and-injury-claims\">Preguntas frecuentes sobre negligencia anest\u00e9sica y reclamaciones por lesiones<\/h2>\n\n\n\n<p><strong>\u00bfCu\u00e1les son las lesiones m\u00e1s comunes derivadas de una negligencia en la anestesia?<\/strong><\/p>\n\n\n\n<p>Las lesiones m\u00e1s comunes incluyen da\u00f1o cerebral por falta de ox\u00edgeno, lesiones nerviosas, accidentes cerebrovasculares, problemas card\u00edacos, reacciones al\u00e9rgicas e incluso la muerte. Algunos pacientes se despiertan durante la cirug\u00eda y sufren un trauma. Si ha sufrido estas lesiones debido a un error de anestesia, p\u00f3ngase en contacto con un&nbsp;<a href=\"https:\/\/www.myphillylawyer.com\/es\/zonas-atendidas\/upper-darby\/abogado-de-negligencias-medicas\/\" target=\"_blank\" rel=\"noreferrer noopener\">abogado de negligencias m\u00e9dicas<\/a>&nbsp;para pedir ayuda.<\/p>\n\n\n\n<p><strong>\u00bfC\u00f3mo puedo saber si tengo un caso de negligencia anest\u00e9sica en Philadelphia?<\/strong><\/p>\n\n\n\n<p>Si puede demostrar que un proveedor m\u00e9dico no cumpli\u00f3 con los est\u00e1ndares de atenci\u00f3n aceptados y caus\u00f3 su lesi\u00f3n, es posible que tenga un caso. Por lo general, esto requiere la revisi\u00f3n de un experto m\u00e9dico. A&nbsp;<a href=\"https:\/\/www.myphillylawyer.com\/es\/zonas-atendidas\/wayne\/abogados-de-negligencia-medica-2\/\" target=\"_blank\" rel=\"noreferrer noopener\">abogado de negligencia m\u00e9dica<\/a>&nbsp;puede organizar la revisi\u00f3n y decirle si su caso es s\u00f3lido.<\/p>\n\n\n\n<p><strong>\u00bfQu\u00e9 indemnizaci\u00f3n se puede obtener en las reclamaciones por lesiones causadas por la anestesia?<\/strong><\/p>\n\n\n\n<p>Las v\u00edctimas pueden recuperar los gastos m\u00e9dicos, los costos de rehabilitaci\u00f3n, los ingresos perdidos, el dolor y el sufrimiento, y el dinero para las necesidades de cuidados futuros. En casos excepcionales, se pueden conceder da\u00f1os punitivos. Cada caso es diferente, por lo que la cantidad depende del da\u00f1o sufrido. Hable con un&nbsp;<a href=\"https:\/\/www.myphillylawyer.com\/es\/zonas-atendidas\/arboleda-de-sauces\/abogados-especializados-en-negligencias-medicas\/\" target=\"_blank\" rel=\"noreferrer noopener\">abogado de negligencias m\u00e9dicas<\/a>&nbsp;sobre su situaci\u00f3n espec\u00edfica.<\/p>\n\n\n\n<p><strong>\u00bfCu\u00e1nto tiempo tengo para presentar una demanda por lesiones causadas por la anestesia en Pensilvania?<\/strong><\/p>\n\n\n\n<p>Por lo general, dispone de dos a\u00f1os a partir de la fecha en que se enter\u00f3 de la lesi\u00f3n. En el caso de los menores de edad, el plazo comienza a contar a partir de su 18.\u00ba cumplea\u00f1os. Las reclamaciones contra organismos gubernamentales pueden requerir una notificaci\u00f3n en un plazo de tan solo seis meses. Para proteger sus derechos, p\u00f3ngase en contacto con un&nbsp;<a href=\"https:\/\/www.myphillylawyer.com\/es\/areas-de-practica\/negligencia-medica\/\" target=\"_blank\" rel=\"noreferrer noopener\">Abogado especializado en negligencia m\u00e9dica Philly<\/a>&nbsp;lo antes posible.<\/p>\n\n\n\n<h2 class=\"wp-block-heading\" id=\"other-resources-about-types-of-medical-malpractice\">Otros recursos sobre los tipos de negligencia m\u00e9dica<\/h2>\n\n\n\n<ul class=\"wp-block-list\">\n<li><a href=\"https:\/\/www.myphillylawyer.com\/es\/areas-de-practica\/negligencia-medica\/demandas-por-diagnostico-erroneo-de-cancer-y-retraso-en-el-tratamiento\/\">Demandas por diagn\u00f3stico err\u00f3neo de c\u00e1ncer y retraso en el tratamiento<\/a><\/li>\n\n\n\n<li><a href=\"https:\/\/www.myphillylawyer.com\/es\/areas-de-practica\/negligencia-medica\/diagnostico-por-imagenes-resonancia-magnetica-tomografia-computarizada-rayos-x-negligencia-medica\/\">Negligencia en el diagn\u00f3stico por imagen (IRM\/TC\/RX)<\/a><\/li>\n\n\n\n<li><a href=\"https:\/\/www.myphillylawyer.com\/es\/areas-de-practica\/negligencia-medica\/errores-en-el-tratamiento-y-la-alta-hospitalaria\/\">Errores en el tratamiento y el alta<\/a><\/li>\n\n\n\n<li><a href=\"https:\/\/www.myphillylawyer.com\/es\/areas-de-practica\/negligencia-medica\/casos-de-negligencia-en-salas-de-urgencias\/\">Casos de mala praxis en urgencias<\/a><\/li>\n\n\n\n<li><a href=\"https:\/\/www.myphillylawyer.com\/es\/areas-de-practica\/negligencia-medica\/infecciones-adquiridas-en-el-hospital-y-negligencia\/\">Infecciones hospitalarias y negligencia<\/a><\/li>\n\n\n\n<li><a href=\"https:\/\/www.myphillylawyer.com\/es\/areas-de-practica\/negligencia-medica\/lesiones-durante-el-parto-y-negligencia-en-la-sala-de-partos\/\">Lesiones en el parto y mala praxis en la sala de partos<\/a><\/li>\n\n\n\n<li><a href=\"https:\/\/www.myphillylawyer.com\/es\/areas-de-practica\/negligencia-medica\/errores-en-la-medicacion-y-errores-en-las-recetas-medicas\/\">Errores de medicaci\u00f3n y de prescripci\u00f3n<\/a><\/li>\n\n\n\n<li><strong>Reclamaciones por negligencia y lesiones relacionadas con la anestesia<\/strong><\/li>\n\n\n\n<li><a href=\"https:\/\/www.myphillylawyer.com\/es\/areas-de-practica\/negligencia-medica\/errores-quirurgicos-y-negligencia-en-el-quirofano\/\">Errores quir\u00fargicos y negligencias en los quir\u00f3fanos<\/a><\/li>\n\n\n\n<li><a href=\"https:\/\/www.myphillylawyer.com\/es\/areas-de-practica\/negligencia-medica\/casos-de-diagnosticos-erroneos-y-diagnosticos-tardios-en-filadelfia\/\">Casos de diagn\u00f3stico err\u00f3neo y tard\u00edo en Philadelphia<\/a><\/li>\n<\/ul>","protected":false},"excerpt":{"rendered":"<p>Reclamaciones por negligencia y lesiones relacionadas con la anestesia Los errores en la anestesia pueden provocar lesiones graves que alteran la vida o incluso la muerte. Cuando usted o un ser querido sufre da\u00f1os durante una cirug\u00eda o un procedimiento m\u00e9dico debido a errores en la anestesia, el dolor es m\u00e1s que f\u00edsico. Estos casos pueden implicar cuestiones m\u00e9dicas y legales complejas, y conocer sus derechos...<\/p>","protected":false},"author":14,"featured_media":0,"parent":7452,"menu_order":0,"comment_status":"closed","ping_status":"closed","template":"","meta":{"_acf_changed":false,"jetpack_post_was_ever_published":false,"footnotes":""},"class_list":["post-14893","page","type-page","status-publish","hentry"],"acf":[],"jetpack_sharing_enabled":true,"_links":{"self":[{"href":"https:\/\/www.myphillylawyer.com\/es\/wp-json\/wp\/v2\/pages\/14893","targetHints":{"allow":["GET"]}}],"collection":[{"href":"https:\/\/www.myphillylawyer.com\/es\/wp-json\/wp\/v2\/pages"}],"about":[{"href":"https:\/\/www.myphillylawyer.com\/es\/wp-json\/wp\/v2\/types\/page"}],"author":[{"embeddable":true,"href":"https:\/\/www.myphillylawyer.com\/es\/wp-json\/wp\/v2\/users\/14"}],"replies":[{"embeddable":true,"href":"https:\/\/www.myphillylawyer.com\/es\/wp-json\/wp\/v2\/comments?post=14893"}],"version-history":[{"count":4,"href":"https:\/\/www.myphillylawyer.com\/es\/wp-json\/wp\/v2\/pages\/14893\/revisions"}],"predecessor-version":[{"id":14953,"href":"https:\/\/www.myphillylawyer.com\/es\/wp-json\/wp\/v2\/pages\/14893\/revisions\/14953"}],"up":[{"embeddable":true,"href":"https:\/\/www.myphillylawyer.com\/es\/wp-json\/wp\/v2\/pages\/7452"}],"wp:attachment":[{"href":"https:\/\/www.myphillylawyer.com\/es\/wp-json\/wp\/v2\/media?parent=14893"}],"curies":[{"name":"wp","href":"https:\/\/api.w.org\/{rel}","templated":true}]}}