{"id":14895,"date":"2025-12-03T09:18:44","date_gmt":"2025-12-03T14:18:44","guid":{"rendered":"https:\/\/www.myphillylawyer.com\/?page_id=14895"},"modified":"2025-12-03T11:25:42","modified_gmt":"2025-12-03T16:25:42","slug":"errores-en-la-medicacion-y-errores-en-las-recetas-medicas","status":"publish","type":"page","link":"https:\/\/www.myphillylawyer.com\/es\/areas-de-practica\/negligencia-medica\/errores-en-la-medicacion-y-errores-en-las-recetas-medicas\/","title":{"rendered":"Errores de medicaci\u00f3n y de prescripci\u00f3n"},"content":{"rendered":"<h1 class=\"wp-block-heading\" id=\"medication-errors-and-prescription-mistakes\">Errores de medicaci\u00f3n y de prescripci\u00f3n<\/h1>\n\n\n\n<p>Los errores en la medicaci\u00f3n y en las recetas son causas comunes de lesiones en hospitales, cl\u00ednicas, farmacias e incluso residencias de ancianos en todo Philadelphia. Cuando un paciente recibe la medicaci\u00f3n equivocada, una dosis incorrecta o un medicamento que entra en conflicto con su historial m\u00e9dico, las consecuencias pueden ser graves. Si usted o un ser querido ha sufrido da\u00f1os debido a un error en la receta, es posible que tenga derecho a reclamar una indemnizaci\u00f3n. A&nbsp;<a href=\"https:\/\/www.myphillylawyer.com\/es\/areas-de-practica\/negligencia-medica\/\" target=\"_blank\" rel=\"noreferrer noopener\">Philadelphia abogado negligencia m\u00e9dica<\/a>&nbsp;puede ayudarle a comprender sus derechos y a exigir responsabilidades a las partes responsables.<\/p>\n\n\n\n<div class=\"wp-block-rank-math-toc-block\" id=\"rank-math-toc\"><h2>\u00cdndice<\/h2><nav><ul><li><a href=\"#medication-errors-and-prescription-mistakes\">Errores de medicaci\u00f3n y de prescripci\u00f3n<\/a><ul><li><a href=\"#causes-of-medication-errors-in-healthcare-settings\">Causas de los errores de medicaci\u00f3n en entornos sanitarios<\/a><\/li><li><a href=\"#types-of-injuries-from-prescription-mistakes\">Tipos de lesiones causadas por errores en la prescripci\u00f3n de medicamentos<\/a><\/li><li><a href=\"#proving-liability-in-medication-error-cases\">Demostrar la responsabilidad en casos de errores en la medicaci\u00f3n<\/a><\/li><li><a href=\"#damages-you-can-recover-for-prescription-mistakes\">Da\u00f1os y perjuicios que puede recuperar por errores en la prescripci\u00f3n de medicamentos<\/a><\/li><li><a href=\"#why-you-need-a-medical-malpractice-lawyer-for-medication-error-claims\">Por qu\u00e9 necesita un abogado especializado en negligencia m\u00e9dica para reclamaciones por errores en la medicaci\u00f3n<\/a><\/li><li><a href=\"#fa-qs-about-medication-errors-and-prescription-mistakes\">Preguntas frecuentes sobre errores en la medicaci\u00f3n y errores en las recetas m\u00e9dicas<\/a><\/li><li><a href=\"#other-resources-about-types-of-medical-malpractice\">Otros recursos sobre los tipos de negligencia m\u00e9dica<\/a><\/li><\/ul><\/li><\/ul><\/nav><\/div>\n\n\n\n<h2 class=\"wp-block-heading\" id=\"causes-of-medication-errors-in-healthcare-settings\">Causas de los errores de medicaci\u00f3n en entornos sanitarios<\/h2>\n\n\n\n<p>Los errores en la medicaci\u00f3n pueden ocurrir en cualquier etapa del proceso de tratamiento. Los errores pueden ocurrir cuando un m\u00e9dico receta el medicamento incorrecto, una enfermera administra la dosis incorrecta o una farmacia etiqueta mal una receta. Las causas comunes incluyen una letra ilegible en las recetas, una comunicaci\u00f3n inadecuada entre los proveedores de servicios de salud, nombres de medicamentos similares o registros electr\u00f3nicos defectuosos. A veces, los proveedores pasan por alto las alergias a los medicamentos o no tienen en cuenta las interacciones con otros medicamentos que toma el paciente.<\/p>\n\n\n\n<p>Estos errores a menudo se pueden prevenir. Los hospitales y las farmacias cuentan con protocolos para verificar y volver a verificar cada receta. Cuando no se siguen esos protocolos, los pacientes corren el riesgo de sufrir una sobredosis, una reacci\u00f3n al\u00e9rgica o efectos secundarios peligrosos. Si ha sufrido da\u00f1os graves como resultado de un error de medicaci\u00f3n, un&nbsp;<a href=\"https:\/\/www.myphillylawyer.com\/es\/\" target=\"_blank\" rel=\"noreferrer noopener\">Philadelphia abogado de lesiones personales<\/a>&nbsp;puede revisar su caso y explicarle sus opciones legales.<\/p>\n\n\n\n<h2 class=\"wp-block-heading\" id=\"types-of-injuries-from-prescription-mistakes\">Tipos de lesiones causadas por errores en la prescripci\u00f3n de medicamentos<\/h2>\n\n\n\n<p>Las lesiones causadas por errores en la medicaci\u00f3n pueden variar desde leves hasta potencialmente mortales. Algunos pacientes experimentan reacciones al\u00e9rgicas graves o anafilaxia. Otros pueden sufrir da\u00f1os en los \u00f3rganos, hemorragias internas o discapacidades permanentes. En algunos casos tr\u00e1gicos, estos errores pueden incluso causar la muerte. Los pacientes de edad avanzada, los ni\u00f1os y las personas que toman m\u00faltiples medicamentos son especialmente vulnerables a los da\u00f1os causados por este tipo de errores.<\/p>\n\n\n\n<p>La recuperaci\u00f3n puede requerir estancias hospitalarias prolongadas, tratamientos adicionales o cuidados continuos. Los costos \u2014f\u00edsicos, emocionales y econ\u00f3micos\u2014 suelen ser abrumadores. Si cree que la culpa es de un error cometido por un proveedor de atenci\u00f3n m\u00e9dica, consulte a un&nbsp;<a href=\"https:\/\/www.myphillylawyer.com\/es\/zonas-atendidas\/bensalem\/abogados-de-negligencia-medica-2\/\" target=\"_blank\" rel=\"noreferrer noopener\">abogado de negligencias m\u00e9dicas<\/a>&nbsp;es un primer paso importante hacia la justicia y una compensaci\u00f3n justa.<\/p>\n\n\n\n<h2 class=\"wp-block-heading\" id=\"proving-liability-in-medication-error-cases\">Demostrar la responsabilidad en casos de errores en la medicaci\u00f3n<\/h2>\n\n\n\n<p>Para responsabilizar legalmente a un proveedor de servicios m\u00e9dicos o a una farmacia por un error en la medicaci\u00f3n, debe demostrar que sus acciones no cumplieron con el nivel de atenci\u00f3n requerido y que su negligencia caus\u00f3 directamente su lesi\u00f3n. En Pensilvania, normalmente se necesita el testimonio de un experto m\u00e9dico calificado que pueda explicar qu\u00e9 hizo mal el proveedor y c\u00f3mo eso provoc\u00f3 sus lesiones.<\/p>\n\n\n\n<p>Los registros del m\u00e9dico que prescribe, la farmacia y el hospital son pruebas cruciales. A&nbsp;<a href=\"https:\/\/www.myphillylawyer.com\/es\/zonas-atendidas\/jenkintown\/abogados-de-negligencia-medica-2\/\" target=\"_blank\" rel=\"noreferrer noopener\">abogado de negligencia m\u00e9dica<\/a>&nbsp;le ayudar\u00e1 a reunir estos documentos y consultar\u00e1 con profesionales m\u00e9dicos para preparar su caso. La ley de Pensilvania tambi\u00e9n establece plazos estrictos para presentar una demanda. En la mayor\u00eda de los casos, dispone de dos a\u00f1os a partir de la fecha en que tuvo conocimiento de la lesi\u00f3n, aunque hay excepciones para los menores y en los casos en que se ocultan errores.<\/p>\n\n\n\n<h2 class=\"wp-block-heading\" id=\"damages-you-can-recover-for-prescription-mistakes\">Da\u00f1os y perjuicios que puede recuperar por errores en la prescripci\u00f3n de medicamentos<\/h2>\n\n\n\n<p>Si su demanda tiene \u00e9xito, la ley de Pensilvania le permite obtener una indemnizaci\u00f3n tanto por las p\u00e9rdidas econ\u00f3micas como por las no econ\u00f3micas. Esto incluye los gastos m\u00e9dicos, los salarios perdidos, el dolor y el sufrimiento, y los costos de la atenci\u00f3n m\u00e9dica o la rehabilitaci\u00f3n futuras. En casos de conducta imprudente o intencional, tambi\u00e9n se pueden obtener da\u00f1os punitivos, aunque estos son menos comunes.<\/p>\n\n\n\n<p>Existen reglas especiales si el error ocurri\u00f3 en un hospital p\u00fablico o fue cometido por un proveedor empleado por el gobierno. La indemnizaci\u00f3n por da\u00f1os y perjuicios puede ser limitada, y usted debe notificarlo por escrito a la unidad gubernamental en un plazo de seis meses a partir de la fecha en que se produjo la lesi\u00f3n. A&nbsp;<a href=\"https:\/\/www.myphillylawyer.com\/es\/zonas-atendidas\/norristown\/abogados-de-negligencia-medica-2\/\" target=\"_blank\" rel=\"noreferrer noopener\">abogado de negligencias m\u00e9dicas<\/a>&nbsp;puede explicar estas reglas y ayudar a garantizar que se cumplan todos los plazos.<\/p>\n\n\n\n<h2 class=\"wp-block-heading\" id=\"why-you-need-a-medical-malpractice-lawyer-for-medication-error-claims\">Por qu\u00e9 necesita un abogado especializado en negligencia m\u00e9dica para reclamaciones por errores en la medicaci\u00f3n<\/h2>\n\n\n\n<p>Los casos de errores en la medicaci\u00f3n pueden ser complicados. Los hospitales, los m\u00e9dicos y las farmacias suelen tener sus propios equipos jur\u00eddicos y compa\u00f1\u00edas de seguros que se encargan de defender las reclamaciones. Con un&nbsp;<a href=\"https:\/\/www.myphillylawyer.com\/es\/zonas-atendidas\/upper-darby\/abogado-de-negligencias-medicas\/\" target=\"_blank\" rel=\"noreferrer noopener\">abogado de negligencia m\u00e9dica<\/a>&nbsp;con su apoyo, tendr\u00e1 m\u00e1s posibilidades de obtener una indemnizaci\u00f3n justa. Su abogado investigar\u00e1 las circunstancias, recopilar\u00e1 pruebas, contratar\u00e1 a expertos y se encargar\u00e1 de las compa\u00f1\u00edas de seguros para que usted pueda centrarse en su recuperaci\u00f3n.<\/p>\n\n\n\n<p>La mayor\u00eda de los despachos de abogados especializados en negligencia m\u00e9dica en Philadelphia manejan estos casos con honorarios contingentes. Esto significa que no pagar\u00e1 nada a menos que su caso tenga \u00e9xito. Si usted o un ser querido ha sufrido da\u00f1os por un error en la prescripci\u00f3n de medicamentos, no espere m\u00e1s para buscar ayuda.<\/p>\n\n\n\n<h2 class=\"wp-block-heading\" id=\"fa-qs-about-medication-errors-and-prescription-mistakes\">Preguntas frecuentes sobre errores en la medicaci\u00f3n y errores en las recetas m\u00e9dicas<\/h2>\n\n\n\n<p><strong>\u00bfQu\u00e9 se considera un error de medicaci\u00f3n en los casos de negligencia m\u00e9dica Philadelphia?<\/strong><\/p>\n\n\n\n<p>Un error en la medicaci\u00f3n puede incluir recetar el medicamento incorrecto, administrar la dosis incorrecta, no tener en cuenta las alergias o las interacciones entre medicamentos, o errores de farmacia, como un etiquetado incorrecto. Cualquier error que se desv\u00ede de los est\u00e1ndares m\u00e9dicos aceptados y cause da\u00f1os puede considerarse negligencia m\u00e9dica. Pregunte a un&nbsp;<a href=\"https:\/\/www.myphillylawyer.com\/es\/zonas-atendidas\/wayne\/abogados-de-negligencia-medica-2\/\" target=\"_blank\" rel=\"noreferrer noopener\">abogado de negligencias m\u00e9dicas<\/a>&nbsp;si tu experiencia cumple estos criterios.<\/p>\n\n\n\n<p><strong>\u00bfCu\u00e1nto tiempo tengo para presentar una demanda por un error en la receta m\u00e9dica en Pensilvania?<\/strong><\/p>\n\n\n\n<p>En la mayor\u00eda de los casos, debe presentar su demanda dentro de los dos a\u00f1os siguientes a la fecha en que descubri\u00f3 o deber\u00eda haber descubierto la lesi\u00f3n. Si el caso involucra a una entidad gubernamental, es posible que deba notificarlo por escrito dentro de los seis meses. Para los menores de edad, el plazo se extiende hasta que cumplan 20 a\u00f1os. Comun\u00edquese con un&nbsp;<a href=\"https:\/\/www.myphillylawyer.com\/es\/zonas-atendidas\/arboleda-de-sauces\/abogados-especializados-en-negligencias-medicas\/\" target=\"_blank\" rel=\"noreferrer noopener\">abogado de negligencias m\u00e9dicas<\/a>&nbsp;para evitar perder su fecha l\u00edmite.<\/p>\n\n\n\n<p><strong>\u00bfQui\u00e9n puede ser considerado responsable de un error en la medicaci\u00f3n?<\/strong><\/p>\n\n\n\n<p>Los doctores, enfermeros, hospitales, cl\u00ednicas, farmacias e incluso las compa\u00f1\u00edas farmac\u00e9uticas pueden ser responsables, dependiendo de d\u00f3nde y c\u00f3mo se haya producido el error. A veces, m\u00e1s de una parte comparte la responsabilidad. A&nbsp;<a href=\"https:\/\/www.myphillylawyer.com\/es\/areas-de-practica\/negligencia-medica\/\" target=\"_blank\" rel=\"noreferrer noopener\">Abogado especializado en negligencia m\u00e9dica Philly<\/a>&nbsp;puede ayudar a identificar a todas las partes responsables.<\/p>\n\n\n\n<p><strong>\u00bfQu\u00e9 indemnizaci\u00f3n puedo recibir por las lesiones causadas por un error en la receta m\u00e9dica?<\/strong><\/p>\n\n\n\n<p>La indemnizaci\u00f3n puede incluir el pago de facturas m\u00e9dicas, salarios perdidos, cuidados futuros, dolor y sufrimiento y, en casos excepcionales, da\u00f1os punitivos si la conducta fue especialmente imprudente. Cada caso es diferente, por lo que es recomendable consultar a un&nbsp;<a href=\"https:\/\/www.myphillylawyer.com\/es\/\" target=\"_blank\" rel=\"noreferrer noopener\">Philadelphia abogado de lesiones personales<\/a>&nbsp;para obtener una evaluaci\u00f3n adaptada a su situaci\u00f3n.<\/p>\n\n\n\n<h2 class=\"wp-block-heading\" id=\"other-resources-about-types-of-medical-malpractice\">Otros recursos sobre los tipos de negligencia m\u00e9dica<\/h2>\n\n\n\n<ul class=\"wp-block-list\">\n<li><a href=\"https:\/\/www.myphillylawyer.com\/es\/areas-de-practica\/negligencia-medica\/demandas-por-diagnostico-erroneo-de-cancer-y-retraso-en-el-tratamiento\/\">Demandas por diagn\u00f3stico err\u00f3neo de c\u00e1ncer y retraso en el tratamiento<\/a><\/li>\n\n\n\n<li><a href=\"https:\/\/www.myphillylawyer.com\/es\/areas-de-practica\/negligencia-medica\/diagnostico-por-imagenes-resonancia-magnetica-tomografia-computarizada-rayos-x-negligencia-medica\/\">Negligencia en el diagn\u00f3stico por imagen (IRM\/TC\/RX)<\/a><\/li>\n\n\n\n<li><a href=\"https:\/\/www.myphillylawyer.com\/es\/areas-de-practica\/negligencia-medica\/errores-en-el-tratamiento-y-la-alta-hospitalaria\/\">Errores en el tratamiento y el alta<\/a><\/li>\n\n\n\n<li><a href=\"https:\/\/www.myphillylawyer.com\/es\/areas-de-practica\/negligencia-medica\/casos-de-negligencia-en-salas-de-urgencias\/\">Casos de mala praxis en urgencias<\/a><\/li>\n\n\n\n<li><a href=\"https:\/\/www.myphillylawyer.com\/es\/areas-de-practica\/negligencia-medica\/infecciones-adquiridas-en-el-hospital-y-negligencia\/\">Infecciones hospitalarias y negligencia<\/a><\/li>\n\n\n\n<li><a href=\"https:\/\/www.myphillylawyer.com\/es\/areas-de-practica\/negligencia-medica\/lesiones-durante-el-parto-y-negligencia-en-la-sala-de-partos\/\">Lesiones en el parto y mala praxis en la sala de partos<\/a><\/li>\n\n\n\n<li><strong>Errores de medicaci\u00f3n y de prescripci\u00f3n<\/strong><\/li>\n\n\n\n<li><a href=\"https:\/\/www.myphillylawyer.com\/es\/areas-de-practica\/negligencia-medica\/demandas-por-negligencia-y-lesiones-relacionadas-con-la-anestesia\/\">Reclamaciones por negligencia y lesiones relacionadas con la anestesia<\/a><\/li>\n\n\n\n<li><a href=\"https:\/\/www.myphillylawyer.com\/es\/areas-de-practica\/negligencia-medica\/errores-quirurgicos-y-negligencia-en-el-quirofano\/\">Errores quir\u00fargicos y negligencias en los quir\u00f3fanos<\/a><\/li>\n\n\n\n<li><a href=\"https:\/\/www.myphillylawyer.com\/es\/areas-de-practica\/negligencia-medica\/casos-de-diagnosticos-erroneos-y-diagnosticos-tardios-en-filadelfia\/\">Casos de diagn\u00f3stico err\u00f3neo y tard\u00edo en Philadelphia<\/a><\/li>\n<\/ul>","protected":false},"excerpt":{"rendered":"<p>Errores en la medicaci\u00f3n y recetas m\u00e9dicas Los errores en la medicaci\u00f3n y las recetas m\u00e9dicas son causas comunes de lesiones en hospitales, cl\u00ednicas, farmacias e incluso residencias de ancianos en todo Philadelphia. Cuando un paciente recibe la medicaci\u00f3n equivocada, una dosis incorrecta o un medicamento que entra en conflicto con su historial m\u00e9dico, las consecuencias pueden ser graves. Si usted o un ser querido ha sufrido...<\/p>","protected":false},"author":14,"featured_media":0,"parent":7452,"menu_order":0,"comment_status":"closed","ping_status":"closed","template":"","meta":{"_acf_changed":false,"footnotes":""},"class_list":["post-14895","page","type-page","status-publish","hentry"],"acf":[],"jetpack_sharing_enabled":true,"_links":{"self":[{"href":"https:\/\/www.myphillylawyer.com\/es\/wp-json\/wp\/v2\/pages\/14895","targetHints":{"allow":["GET"]}}],"collection":[{"href":"https:\/\/www.myphillylawyer.com\/es\/wp-json\/wp\/v2\/pages"}],"about":[{"href":"https:\/\/www.myphillylawyer.com\/es\/wp-json\/wp\/v2\/types\/page"}],"author":[{"embeddable":true,"href":"https:\/\/www.myphillylawyer.com\/es\/wp-json\/wp\/v2\/users\/14"}],"replies":[{"embeddable":true,"href":"https:\/\/www.myphillylawyer.com\/es\/wp-json\/wp\/v2\/comments?post=14895"}],"version-history":[{"count":4,"href":"https:\/\/www.myphillylawyer.com\/es\/wp-json\/wp\/v2\/pages\/14895\/revisions"}],"predecessor-version":[{"id":14954,"href":"https:\/\/www.myphillylawyer.com\/es\/wp-json\/wp\/v2\/pages\/14895\/revisions\/14954"}],"up":[{"embeddable":true,"href":"https:\/\/www.myphillylawyer.com\/es\/wp-json\/wp\/v2\/pages\/7452"}],"wp:attachment":[{"href":"https:\/\/www.myphillylawyer.com\/es\/wp-json\/wp\/v2\/media?parent=14895"}],"curies":[{"name":"wp","href":"https:\/\/api.w.org\/{rel}","templated":true}]}}