{"id":14900,"date":"2025-12-03T09:20:32","date_gmt":"2025-12-03T14:20:32","guid":{"rendered":"https:\/\/www.myphillylawyer.com\/?page_id=14900"},"modified":"2025-12-03T11:26:34","modified_gmt":"2025-12-03T16:26:34","slug":"demandas-por-diagnostico-erroneo-de-cancer-y-retraso-en-el-tratamiento","status":"publish","type":"page","link":"https:\/\/www.myphillylawyer.com\/es\/areas-de-practica\/negligencia-medica\/demandas-por-diagnostico-erroneo-de-cancer-y-retraso-en-el-tratamiento\/","title":{"rendered":"Demandas por diagn\u00f3stico err\u00f3neo de c\u00e1ncer y retraso en el tratamiento"},"content":{"rendered":"<h1 class=\"wp-block-heading\" id=\"cancer-misdiagnosis-and-delayed-treatment-lawsuits\">Demandas por diagn\u00f3stico err\u00f3neo de c\u00e1ncer y retraso en el tratamiento<\/h1>\n\n\n\n<p>Un diagn\u00f3stico de c\u00e1ncer cambia la vida. La detecci\u00f3n temprana y el tratamiento inmediato suelen ser la clave para la supervivencia. Cuando un profesional de la salud no detecta el c\u00e1ncer o retrasa el diagn\u00f3stico, las consecuencias pueden ser devastadoras. En Philadelphia, los pacientes que sufren debido a un diagn\u00f3stico err\u00f3neo de c\u00e1ncer o a un retraso en el tratamiento pueden tener opciones legales. Si usted o un ser querido ha sufrido da\u00f1os porque un m\u00e9dico no diagnostic\u00f3 o trat\u00f3 el c\u00e1ncer a tiempo, un&nbsp;<a href=\"https:\/\/www.myphillylawyer.com\/es\/areas-de-practica\/negligencia-medica\/\" target=\"_blank\" rel=\"noreferrer noopener\">Philadelphia abogado negligencia m\u00e9dica<\/a>&nbsp;puede ayudarle a comprender sus derechos y a tomar medidas.<\/p>\n\n\n\n<div class=\"wp-block-rank-math-toc-block\" id=\"rank-math-toc\"><h2>\u00cdndice<\/h2><nav><ul><li><a href=\"#cancer-misdiagnosis-and-delayed-treatment-lawsuits\">Demandas por diagn\u00f3stico err\u00f3neo de c\u00e1ncer y retraso en el tratamiento<\/a><ul><li><a href=\"#how-cancer-misdiagnosis-and-delayed-treatment-happen\">C\u00f3mo se producen los diagn\u00f3sticos err\u00f3neos y los retrasos en el tratamiento del c\u00e1ncer<\/a><\/li><li><a href=\"#proving-medical-malpractice-in-cancer-misdiagnosis-cases\">Demostrar la negligencia m\u00e9dica en casos de diagn\u00f3stico err\u00f3neo de c\u00e1ncer<\/a><\/li><li><a href=\"#time-limits-for-cancer-misdiagnosis-and-delayed-treatment-lawsuits\">Plazos para las demandas por diagn\u00f3stico err\u00f3neo de c\u00e1ncer y retraso en el tratamiento<\/a><\/li><li><a href=\"#what-damages-are-available-in-cancer-misdiagnosis-lawsuits\">\u00bfQu\u00e9 indemnizaciones se pueden obtener en las demandas por diagn\u00f3stico err\u00f3neo de c\u00e1ncer?<\/a><\/li><li><a href=\"#why-legal-help-is-vital-in-cancer-misdiagnosis-lawsuits\">Por qu\u00e9 la asistencia legal es fundamental en las demandas por diagn\u00f3stico err\u00f3neo de c\u00e1ncer<\/a><\/li><li><a href=\"#fa-qs-about-cancer-misdiagnosis-and-delayed-treatment-lawsuits\">Preguntas frecuentes sobre demandas por diagn\u00f3sticos err\u00f3neos de c\u00e1ncer y retrasos en el tratamiento<\/a><\/li><li><a href=\"#other-resources-about-types-of-medical-malpractice\">Otros recursos sobre los tipos de negligencia m\u00e9dica<\/a><\/li><\/ul><\/li><\/ul><\/nav><\/div>\n\n\n\n<h2 class=\"wp-block-heading\" id=\"how-cancer-misdiagnosis-and-delayed-treatment-happen\">C\u00f3mo se producen los diagn\u00f3sticos err\u00f3neos y los retrasos en el tratamiento del c\u00e1ncer<\/h2>\n\n\n\n<p>El diagn\u00f3stico err\u00f3neo del c\u00e1ncer puede darse de varias maneras. A veces, los m\u00e9dicos no solicitan las pruebas adecuadas, pasan por alto resultados anormales o interpretan mal los estudios de imagen. Los errores de laboratorio, las citas apresuradas o la falta de comunicaci\u00f3n entre los proveedores tambi\u00e9n pueden dar lugar a errores. En algunos casos, los s\u00edntomas se descartan por considerarlos leves o se atribuyen a otra enfermedad. Pueden producirse retrasos cuando un m\u00e9dico no deriva a un paciente a un especialista o ignora sus quejas.<\/p>\n\n\n\n<p>Cuando el c\u00e1ncer no se detecta a tiempo, puede extenderse y volverse m\u00e1s dif\u00edcil de tratar. Un diagn\u00f3stico tard\u00edo puede dar lugar a tratamientos m\u00e1s agresivos, menores posibilidades de supervivencia y cargas emocionales y econ\u00f3micas adicionales para las familias. Si cree que su resultado podr\u00eda haber sido mejor con la atenci\u00f3n m\u00e9dica adecuada, consulte a un&nbsp;<a href=\"https:\/\/www.myphillylawyer.com\/es\/\" target=\"_blank\" rel=\"noreferrer noopener\">Philadelphia abogado de lesiones personales<\/a>&nbsp;para que le oriente sobre los pasos a seguir.<\/p>\n\n\n\n<h2 class=\"wp-block-heading\" id=\"proving-medical-malpractice-in-cancer-misdiagnosis-cases\">Demostrar la negligencia m\u00e9dica en casos de diagn\u00f3stico err\u00f3neo de c\u00e1ncer<\/h2>\n\n\n\n<p>Para ganar una demanda por diagn\u00f3stico err\u00f3neo de c\u00e1ncer o retraso en el tratamiento en Pensilvania, debe demostrar que el proveedor no cumpli\u00f3 con el est\u00e1ndar de atenci\u00f3n aceptado y que este incumplimiento le caus\u00f3 da\u00f1os. Por lo general, esto significa demostrar que otro m\u00e9dico razonable habr\u00eda diagnosticado o tratado el c\u00e1ncer antes. La ley de Pensilvania exige que un experto m\u00e9dico calificado revise su caso y proporcione un informe que respalde su reclamo.<\/p>\n\n\n\n<p>Las pruebas son fundamentales en estos casos. Los expedientes m\u00e9dicos, los resultados de las pruebas, las notas de las citas y los testimonios de expertos pueden ayudar a demostrar qu\u00e9 es lo que fall\u00f3. A&nbsp;<a href=\"https:\/\/www.myphillylawyer.com\/es\/zonas-atendidas\/bensalem\/abogados-de-negligencia-medica-2\/\" target=\"_blank\" rel=\"noreferrer noopener\">abogado de negligencias m\u00e9dicas<\/a>&nbsp;puede ayudarle a reunir las pruebas adecuadas y preparar una demanda s\u00f3lida para usted y su familia.<\/p>\n\n\n\n<h2 class=\"wp-block-heading\" id=\"time-limits-for-cancer-misdiagnosis-and-delayed-treatment-lawsuits\">Plazos para las demandas por diagn\u00f3stico err\u00f3neo de c\u00e1ncer y retraso en el tratamiento<\/h2>\n\n\n\n<p>La ley de Pensilvania establece plazos estrictos para presentar demandas por negligencia m\u00e9dica. En la mayor\u00eda de los casos de diagn\u00f3stico err\u00f3neo de c\u00e1ncer, dispone de dos a\u00f1os a partir de la fecha en que se enter\u00f3, o deber\u00eda haberse enterado, de la lesi\u00f3n. Si el caso involucra a un menor, el plazo se extiende hasta que el ni\u00f1o cumpla 20 a\u00f1os. Si su reclamaci\u00f3n es contra un hospital p\u00fablico, tambi\u00e9n debe notificarlo por escrito en un plazo de seis meses a partir de la lesi\u00f3n.<\/p>\n\n\n\n<p>Hay excepciones si el proveedor ocult\u00f3 el error o hubo fraude. No cumplir con estos plazos puede impedirle recuperar cualquier da\u00f1o. A&nbsp;<a href=\"https:\/\/www.myphillylawyer.com\/es\/zonas-atendidas\/jenkintown\/abogados-de-negligencia-medica-2\/\" target=\"_blank\" rel=\"noreferrer noopener\">abogado de negligencia m\u00e9dica<\/a>&nbsp;puede ayudarle a comprender las normas y asegurarse de que su solicitud se presente a tiempo.<\/p>\n\n\n\n<h2 class=\"wp-block-heading\" id=\"what-damages-are-available-in-cancer-misdiagnosis-lawsuits\">\u00bfQu\u00e9 indemnizaciones se pueden obtener en las demandas por diagn\u00f3stico err\u00f3neo de c\u00e1ncer?<\/h2>\n\n\n\n<p>Las v\u00edctimas de diagn\u00f3sticos err\u00f3neos o retrasos en el tratamiento del c\u00e1ncer pueden recuperar diferentes tipos de da\u00f1os y perjuicios. Estos pueden incluir el pago de facturas m\u00e9dicas adicionales, ingresos perdidos, dolor y sufrimiento, angustia emocional y costos de atenci\u00f3n m\u00e9dica actual o futura. En casos excepcionales, se pueden otorgar da\u00f1os punitivos si la conducta de su m\u00e9dico fue imprudente o intencional. Si su caso es contra un hospital estatal o local de Pensilvania, tenga en cuenta que los da\u00f1os pueden tener un l\u00edmite m\u00e1ximo de $250,000 por persona para las agencias estatales y de $500,000 por incidente para los hospitales del gobierno local.<\/p>\n\n\n\n<p>A&nbsp;<a href=\"https:\/\/www.myphillylawyer.com\/es\/zonas-atendidas\/norristown\/abogados-de-negligencia-medica-2\/\" target=\"_blank\" rel=\"noreferrer noopener\">abogado de negligencias m\u00e9dicas<\/a>&nbsp;puede explicarle a qu\u00e9 tipos de indemnizaciones puede tener derecho y ayudarle a luchar por obtener el mejor resultado posible.<\/p>\n\n\n\n<h2 class=\"wp-block-heading\" id=\"why-legal-help-is-vital-in-cancer-misdiagnosis-lawsuits\">Por qu\u00e9 la asistencia legal es fundamental en las demandas por diagn\u00f3stico err\u00f3neo de c\u00e1ncer<\/h2>\n\n\n\n<p>Los hospitales y los m\u00e9dicos suelen contar con equipos legales experimentados de su lado. Demostrar la culpa en un caso de diagn\u00f3stico err\u00f3neo de c\u00e1ncer puede ser complejo. Contar con un abogado con experiencia&nbsp;<a href=\"https:\/\/www.myphillylawyer.com\/es\/zonas-atendidas\/upper-darby\/abogado-de-negligencias-medicas\/\" target=\"_blank\" rel=\"noreferrer noopener\">abogado de negligencia m\u00e9dica<\/a>&nbsp;en su equipo significa que tendr\u00e1 a alguien que se encargar\u00e1 del papeleo, contratar\u00e1 a expertos m\u00e9dicos, negociar\u00e1 con las compa\u00f1\u00edas de seguros y luchar\u00e1 por cada d\u00f3lar que usted se merece. La mayor\u00eda de los abogados aceptan estos casos con honorarios contingentes, por lo que solo pagar\u00e1 si gana.<\/p>\n\n\n\n<h2 class=\"wp-block-heading\" id=\"fa-qs-about-cancer-misdiagnosis-and-delayed-treatment-lawsuits\">Preguntas frecuentes sobre demandas por diagn\u00f3sticos err\u00f3neos de c\u00e1ncer y retrasos en el tratamiento<\/h2>\n\n\n\n<p><strong>\u00bfC\u00f3mo puedo saber si mi c\u00e1ncer fue diagnosticado err\u00f3neamente o si el tratamiento se retras\u00f3 debido a una negligencia m\u00e9dica?<\/strong><\/p>\n\n\n\n<p>Si usted o un ser querido han sufrido que se ignoraran sus s\u00edntomas, se pasaran por alto pruebas anormales o se retrasaran las derivaciones, y ello condujo a un resultado peor, es posible que tenga derecho a reclamar por negligencia profesional. Solo un profesional cualificado&nbsp;<a href=\"https:\/\/www.myphillylawyer.com\/es\/zonas-atendidas\/wayne\/abogados-de-negligencia-medica-2\/\" target=\"_blank\" rel=\"noreferrer noopener\">abogado de negligencias m\u00e9dicas<\/a>&nbsp;puede revisar sus registros y decirle si su caso cumple los requisitos.<\/p>\n\n\n\n<p><strong>\u00bfCu\u00e1nto tiempo tengo para presentar una demanda por diagn\u00f3stico err\u00f3neo de c\u00e1ncer en Pensilvania?<\/strong><\/p>\n\n\n\n<p>Por lo general, dispone de dos a\u00f1os desde el momento en que se enter\u00f3 (o deber\u00eda haberse enterado) del diagn\u00f3stico err\u00f3neo o del retraso. Si su reclamaci\u00f3n es contra un hospital p\u00fablico, debe notificarlo por escrito en un plazo de seis meses. En el caso de los menores, el plazo se ampl\u00eda. A&nbsp;<a href=\"https:\/\/www.myphillylawyer.com\/es\/zonas-atendidas\/arboleda-de-sauces\/abogados-especializados-en-negligencias-medicas\/\" target=\"_blank\" rel=\"noreferrer noopener\">abogado de negligencias m\u00e9dicas<\/a>&nbsp;puede ayudarle a cumplir con todos los plazos de presentaci\u00f3n.<\/p>\n\n\n\n<p><strong>\u00bfQu\u00e9 indemnizaci\u00f3n puedo obtener en un caso de diagn\u00f3stico err\u00f3neo de c\u00e1ncer?<\/strong><\/p>\n\n\n\n<p>Puede recuperar dinero por gastos m\u00e9dicos, ingresos perdidos, dolor y sufrimiento, angustia emocional y costos de cuidados futuros. Los da\u00f1os punitivos son poco frecuentes, pero posibles en caso de conducta imprudente o intencionada. Su&nbsp;<a href=\"https:\/\/www.myphillylawyer.com\/es\/areas-de-practica\/negligencia-medica\/\" target=\"_blank\" rel=\"noreferrer noopener\">Abogado especializado en negligencia m\u00e9dica Philly<\/a>&nbsp;puede darle una idea m\u00e1s clara del valor que puede tener su caso.<\/p>\n\n\n\n<p><strong>\u00bfQui\u00e9n puede ser considerado responsable de un diagn\u00f3stico err\u00f3neo de c\u00e1ncer o de un retraso en el tratamiento en Philadelphia?<\/strong><\/p>\n\n\n\n<p>La responsabilidad puede recaer en m\u00e9dicos, radi\u00f3logos, pat\u00f3logos, hospitales, laboratorios o m\u00faltiples partes si sus errores o negligencia provocaron un diagn\u00f3stico err\u00f3neo o tard\u00edo. A&nbsp;<a href=\"https:\/\/www.myphillylawyer.com\/es\/\" target=\"_blank\" rel=\"noreferrer noopener\">Philadelphia abogado de lesiones personales<\/a>&nbsp;puede identificar a todas las partes responsables y ayudarle a obtener la indemnizaci\u00f3n que se merece.<\/p>\n\n\n\n<h2 class=\"wp-block-heading\" id=\"other-resources-about-types-of-medical-malpractice\">Otros recursos sobre los tipos de negligencia m\u00e9dica<\/h2>\n\n\n\n<ul class=\"wp-block-list\">\n<li><strong>Demandas por diagn\u00f3stico err\u00f3neo de c\u00e1ncer y retraso en el tratamiento<\/strong><\/li>\n\n\n\n<li><a href=\"https:\/\/www.myphillylawyer.com\/es\/areas-de-practica\/negligencia-medica\/diagnostico-por-imagenes-resonancia-magnetica-tomografia-computarizada-rayos-x-negligencia-medica\/\">Negligencia en el diagn\u00f3stico por imagen (IRM\/TC\/RX)<\/a><\/li>\n\n\n\n<li><a href=\"https:\/\/www.myphillylawyer.com\/es\/areas-de-practica\/negligencia-medica\/errores-en-el-tratamiento-y-la-alta-hospitalaria\/\">Errores en el tratamiento y el alta<\/a><\/li>\n\n\n\n<li><a href=\"https:\/\/www.myphillylawyer.com\/es\/areas-de-practica\/negligencia-medica\/casos-de-negligencia-en-salas-de-urgencias\/\">Casos de mala praxis en urgencias<\/a><\/li>\n\n\n\n<li><a href=\"https:\/\/www.myphillylawyer.com\/es\/areas-de-practica\/negligencia-medica\/infecciones-adquiridas-en-el-hospital-y-negligencia\/\">Infecciones hospitalarias y negligencia<\/a><\/li>\n\n\n\n<li><a href=\"https:\/\/www.myphillylawyer.com\/es\/areas-de-practica\/negligencia-medica\/lesiones-durante-el-parto-y-negligencia-en-la-sala-de-partos\/\">Lesiones en el parto y mala praxis en la sala de partos<\/a><\/li>\n\n\n\n<li><a href=\"https:\/\/www.myphillylawyer.com\/es\/areas-de-practica\/negligencia-medica\/errores-en-la-medicacion-y-errores-en-las-recetas-medicas\/\">Errores de medicaci\u00f3n y de prescripci\u00f3n<\/a><\/li>\n\n\n\n<li><a href=\"https:\/\/www.myphillylawyer.com\/es\/areas-de-practica\/negligencia-medica\/demandas-por-negligencia-y-lesiones-relacionadas-con-la-anestesia\/\">Reclamaciones por negligencia y lesiones relacionadas con la anestesia<\/a><\/li>\n\n\n\n<li><a href=\"https:\/\/www.myphillylawyer.com\/es\/areas-de-practica\/negligencia-medica\/errores-quirurgicos-y-negligencia-en-el-quirofano\/\">Errores quir\u00fargicos y negligencias en los quir\u00f3fanos<\/a><\/li>\n\n\n\n<li><a href=\"https:\/\/www.myphillylawyer.com\/es\/areas-de-practica\/negligencia-medica\/casos-de-diagnosticos-erroneos-y-diagnosticos-tardios-en-filadelfia\/\">Casos de diagn\u00f3stico err\u00f3neo y tard\u00edo en Philadelphia<\/a><\/li>\n<\/ul>","protected":false},"excerpt":{"rendered":"<p>Demandas por diagn\u00f3stico err\u00f3neo de c\u00e1ncer y retraso en el tratamiento Un diagn\u00f3stico de c\u00e1ncer cambia la vida. La detecci\u00f3n temprana y el tratamiento inmediato suelen ser la clave para la supervivencia. Cuando un profesional sanitario no detecta el c\u00e1ncer o retrasa el diagn\u00f3stico, las consecuencias pueden ser devastadoras. En Philadelphia, los pacientes que sufren a causa de un diagn\u00f3stico err\u00f3neo de c\u00e1ncer o un retraso en el tratamiento pueden tener opciones legales. Si usted o...<\/p>","protected":false},"author":14,"featured_media":0,"parent":7452,"menu_order":0,"comment_status":"closed","ping_status":"closed","template":"","meta":{"_acf_changed":false,"footnotes":""},"class_list":["post-14900","page","type-page","status-publish","hentry"],"acf":[],"jetpack_sharing_enabled":true,"_links":{"self":[{"href":"https:\/\/www.myphillylawyer.com\/es\/wp-json\/wp\/v2\/pages\/14900","targetHints":{"allow":["GET"]}}],"collection":[{"href":"https:\/\/www.myphillylawyer.com\/es\/wp-json\/wp\/v2\/pages"}],"about":[{"href":"https:\/\/www.myphillylawyer.com\/es\/wp-json\/wp\/v2\/types\/page"}],"author":[{"embeddable":true,"href":"https:\/\/www.myphillylawyer.com\/es\/wp-json\/wp\/v2\/users\/14"}],"replies":[{"embeddable":true,"href":"https:\/\/www.myphillylawyer.com\/es\/wp-json\/wp\/v2\/comments?post=14900"}],"version-history":[{"count":4,"href":"https:\/\/www.myphillylawyer.com\/es\/wp-json\/wp\/v2\/pages\/14900\/revisions"}],"predecessor-version":[{"id":14960,"href":"https:\/\/www.myphillylawyer.com\/es\/wp-json\/wp\/v2\/pages\/14900\/revisions\/14960"}],"up":[{"embeddable":true,"href":"https:\/\/www.myphillylawyer.com\/es\/wp-json\/wp\/v2\/pages\/7452"}],"wp:attachment":[{"href":"https:\/\/www.myphillylawyer.com\/es\/wp-json\/wp\/v2\/media?parent=14900"}],"curies":[{"name":"wp","href":"https:\/\/api.w.org\/{rel}","templated":true}]}}