{"id":14965,"date":"2025-12-03T11:29:32","date_gmt":"2025-12-03T16:29:32","guid":{"rendered":"https:\/\/www.myphillylawyer.com\/?page_id=14965"},"modified":"2025-12-03T12:06:02","modified_gmt":"2025-12-03T17:06:02","slug":"estatuto-de-limitaciones-por-negligencia-medica-en-filadelfia","status":"publish","type":"page","link":"https:\/\/www.myphillylawyer.com\/es\/areas-de-practica\/negligencia-medica\/estatuto-de-limitaciones-por-negligencia-medica-en-filadelfia\/","title":{"rendered":"Philadelphia Prescripci\u00f3n de la negligencia m\u00e9dica"},"content":{"rendered":"<h1 class=\"wp-block-heading\" id=\"philadelphia-medical-malpractice-statute-of-limitations\">Philadelphia Prescripci\u00f3n de la negligencia m\u00e9dica<\/h1>\n\n\n\n<p>Comprender el plazo de prescripci\u00f3n es fundamental para cualquier persona que est\u00e9 considerando presentar una demanda por negligencia m\u00e9dica en Philadelphia. La ley establece plazos estrictos sobre el tiempo que tiene para emprender acciones legales contra un proveedor de servicios m\u00e9dicos o un hospital si cree que ha sufrido da\u00f1os por negligencia m\u00e9dica. Si no cumple estos plazos, no podr\u00e1 reclamar una indemnizaci\u00f3n por da\u00f1os y perjuicios, independientemente de lo s\u00f3lido que sea su caso. Esto es lo que todos los pacientes y familiares de Philadelphia deben saber sobre estos importantes plazos.<\/p>\n\n\n\n<div class=\"wp-block-rank-math-toc-block\" id=\"rank-math-toc\"><h2>\u00cdndice<\/h2><nav><ul><li><a href=\"#philadelphia-medical-malpractice-statute-of-limitations\">Philadelphia Prescripci\u00f3n de la negligencia m\u00e9dica<\/a><ul><li><a href=\"#what-is-the-statute-of-limitations-for-medical-malpractice-in-philadelphia\">\u00bfCu\u00e1l es el plazo de prescripci\u00f3n para la negligencia m\u00e9dica en Philadelphia?<\/a><\/li><li><a href=\"#special-rules-for-children-and-certain-cases\">Reglas especiales para ni\u00f1os y ciertos casos<\/a><\/li><li><a href=\"#notice-requirements-for-claims-against-government-entities\">Requisitos de notificaci\u00f3n para reclamaciones contra entidades gubernamentales<\/a><\/li><li><a href=\"#statute-of-limitations-for-wrongful-death-and-survival-actions\">Estatuto de limitaciones para acciones por muerte por negligencia y supervivencia<\/a><\/li><li><a href=\"#why-time-matters-protecting-your-rights\">Por qu\u00e9 el tiempo es importante: proteger sus derechos<\/a><\/li><li><a href=\"#fa-qs-about-philadelphia-medical-malpractice-statute-of-limitations\">Preguntas frecuentes sobre el plazo de prescripci\u00f3n de la ley de negligencia m\u00e9dica Philadelphia<\/a><\/li><li><a href=\"#other-resources-about-understanding-medical-malpractice-law-in-pennsylvania\">Otros recursos sobre c\u00f3mo entender la ley de negligencia m\u00e9dica en Pensilvania<\/a><\/li><\/ul><\/li><\/ul><\/nav><\/div>\n\n\n\n<h2 class=\"wp-block-heading\" id=\"what-is-the-statute-of-limitations-for-medical-malpractice-in-philadelphia\">\u00bfCu\u00e1l es el plazo de prescripci\u00f3n para la negligencia m\u00e9dica en Philadelphia?<\/h2>\n\n\n\n<p>En Pensilvania, incluyendo Philadelphia, por lo general tienes&nbsp;<strong>dos a\u00f1os<\/strong>&nbsp;para presentar una demanda por negligencia m\u00e9dica. Este plazo de dos a\u00f1os comienza a partir de la fecha en que usted supo, o razonablemente deber\u00eda haber sabido, que su lesi\u00f3n fue causada por un error o negligencia de un proveedor de servicios m\u00e9dicos. Esta norma est\u00e1 establecida por la ley estatal y es estrictamente aplicada por los tribunales.<\/p>\n\n\n\n<p>Por ejemplo, si un m\u00e9dico deja un instrumento quir\u00fargico dentro de su cuerpo durante una operaci\u00f3n, pero usted no se da cuenta hasta meses despu\u00e9s, el plazo puede comenzar cuando usted descubre o deber\u00eda haber descubierto el error. Si espera demasiado tiempo para actuar, puede perder para siempre su derecho a reclamar una indemnizaci\u00f3n. Por eso es tan importante consultar con un&nbsp;<a href=\"https:\/\/www.myphillylawyer.com\/es\/areas-de-practica\/negligencia-medica\/\" target=\"_blank\" rel=\"noreferrer noopener\">Philadelphia abogado negligencia m\u00e9dica<\/a>&nbsp;tan pronto como sospeche que algo ha salido mal.<\/p>\n\n\n\n<h2 class=\"wp-block-heading\" id=\"special-rules-for-children-and-certain-cases\">Reglas especiales para ni\u00f1os y ciertos casos<\/h2>\n\n\n\n<p>Existen reglas especiales para los menores de edad. Si la v\u00edctima era un ni\u00f1o cuando ocurri\u00f3 la supuesta negligencia, el plazo de prescripci\u00f3n de dos a\u00f1os no comienza hasta que el ni\u00f1o cumple 18 a\u00f1os. Esto significa que un menor de edad suele tener hasta los 20 a\u00f1os para presentar una demanda por negligencia m\u00e9dica.<\/p>\n\n\n\n<p>Tambi\u00e9n hay excepciones limitadas para los casos que implican fraude u ocultaci\u00f3n deliberada por parte de un proveedor de servicios m\u00e9dicos. Si un hospital o un m\u00e9dico ocultan una lesi\u00f3n o impiden activamente que el paciente conozca la verdad, la ley puede suspender (o \u201csuspender\u201d) el plazo de prescripci\u00f3n hasta que se descubra la lesi\u00f3n o se hubiera descubierto con una diligencia razonable.<\/p>\n\n\n\n<h2 class=\"wp-block-heading\" id=\"notice-requirements-for-claims-against-government-entities\">Requisitos de notificaci\u00f3n para reclamaciones contra entidades gubernamentales<\/h2>\n\n\n\n<p>Si su reclamaci\u00f3n es contra un hospital gubernamental o una cl\u00ednica de salud p\u00fablica, la ley de Pensilvania exige un requisito de notificaci\u00f3n adicional. Debe presentar una notificaci\u00f3n formal por escrito ante la agencia gubernamental en un plazo de&nbsp;<strong>seis meses<\/strong>&nbsp;de la lesi\u00f3n. Si no env\u00eda este aviso a tiempo, su reclamaci\u00f3n podr\u00eda ser desestimada, incluso si presenta su demanda dentro del plazo de dos a\u00f1os. Esta norma est\u00e1 dise\u00f1ada para alertar con antelaci\u00f3n a las entidades gubernamentales de posibles reclamaciones.<\/p>\n\n\n\n<p>Si no est\u00e1 seguro de si un hospital es p\u00fablico o privado, hable con un&nbsp;<a href=\"https:\/\/www.myphillylawyer.com\/es\/\" target=\"_blank\" rel=\"noreferrer noopener\">Philadelphia abogado de lesiones personales<\/a>&nbsp;de inmediato para evitar errores que podr\u00edan costarle el caso.<\/p>\n\n\n\n<h2 class=\"wp-block-heading\" id=\"statute-of-limitations-for-wrongful-death-and-survival-actions\">Estatuto de limitaciones para acciones por muerte por negligencia y supervivencia<\/h2>\n\n\n\n<p>Cuando la negligencia m\u00e9dica provoca la muerte de un paciente, la ley de Pensilvania permite a las familias presentar demandas por muerte por negligencia y por supervivencia. El plazo de prescripci\u00f3n para estos casos tambi\u00e9n es de dos a\u00f1os. Este periodo de dos a\u00f1os comienza a contar a partir de la fecha del fallecimiento. Es fundamental que las familias act\u00faen con rapidez, ya que si no presentan la demanda dentro del plazo establecido, no podr\u00e1n recuperar los gastos del funeral, los ingresos perdidos y otras p\u00e9rdidas.<\/p>\n\n\n\n<h2 class=\"wp-block-heading\" id=\"why-time-matters-protecting-your-rights\">Por qu\u00e9 el tiempo es importante: proteger sus derechos<\/h2>\n\n\n\n<p>Las demandas por negligencia m\u00e9dica son complicadas y requieren recopilar historiales m\u00e9dicos detallados, opiniones de expertos y pruebas. Empezar pronto le da a su&nbsp;<a href=\"https:\/\/www.myphillylawyer.com\/es\/zonas-atendidas\/bensalem\/abogados-de-negligencia-medica-2\/\" target=\"_blank\" rel=\"noreferrer noopener\">abogado de negligencias m\u00e9dicas<\/a>&nbsp;la mejor oportunidad para construir un caso s\u00f3lido. Esperar hasta el \u00faltimo momento puede provocar la p\u00e9rdida de registros, el desvanecimiento de los recuerdos y el incumplimiento de los plazos. Los tribunales rara vez perdonan las presentaciones tard\u00edas, incluso en situaciones desgarradoras.<\/p>\n\n\n\n<p>Si cree que puede tener derecho a una indemnizaci\u00f3n, no espere m\u00e1s. P\u00f3ngase en contacto con un&nbsp;<a href=\"https:\/\/www.myphillylawyer.com\/es\/zonas-atendidas\/norristown\/abogados-de-negligencia-medica-2\/\" target=\"_blank\" rel=\"noreferrer noopener\">abogado de negligencia m\u00e9dica<\/a>&nbsp;lo antes posible para una consulta gratuita.<\/p>\n\n\n\n<h2 class=\"wp-block-heading\" id=\"fa-qs-about-philadelphia-medical-malpractice-statute-of-limitations\">Preguntas frecuentes sobre el plazo de prescripci\u00f3n de la ley de negligencia m\u00e9dica Philadelphia<\/h2>\n\n\n\n<p><strong>\u00bfC\u00f3mo puedo saber cu\u00e1ndo comienza el plazo de prescripci\u00f3n de mi caso de negligencia m\u00e9dica?<\/strong><br>El plazo de dos a\u00f1os comienza cuando usted supo, o deber\u00eda haber sabido con una diligencia razonable, que hab\u00eda sufrido da\u00f1os por un error m\u00e9dico. A veces, esta fecha es la del incidente, pero en otros casos puede ser la fecha en la que descubri\u00f3 por primera vez el da\u00f1o. A&nbsp;<a href=\"https:\/\/www.myphillylawyer.com\/es\/zonas-atendidas\/upper-darby\/abogado-de-negligencias-medicas\/\" target=\"_blank\" rel=\"noreferrer noopener\">Abogado especializado en negligencia m\u00e9dica Philly<\/a>&nbsp;puede revisar tu cronolog\u00eda y ayudarte a determinar la fecha correcta.<\/p>\n\n\n\n<p><strong>\u00bfExisten excepciones al plazo de prescripci\u00f3n en los casos de negligencia m\u00e9dica Philadelphia?<\/strong><br>S\u00ed, hay algunas excepciones. Si el proveedor de servicios m\u00e9dicos ocult\u00f3 fraudulentamente la lesi\u00f3n, el plazo puede suspenderse hasta que usted descubra el problema. En el caso de los menores de edad, el plazo no comienza hasta que cumplen 18 a\u00f1os. Tambi\u00e9n se aplican normas especiales para las reclamaciones contra centros gestionados por el gobierno.<\/p>\n\n\n\n<p><strong>\u00bfQu\u00e9 debo hacer si no cumpl\u00ed con el plazo para presentar una demanda por negligencia m\u00e9dica?<\/strong><br>Desafortunadamente, si no se cumple con el plazo de prescripci\u00f3n, por lo general los tribunales desestimar\u00e1n su caso. Hay muy pocas excepciones. Sin embargo, si cree que no cumpli\u00f3 con el plazo debido a un fraude u ocultaci\u00f3n por parte de un m\u00e9dico u hospital, comun\u00edquese con un&nbsp;<a href=\"https:\/\/www.myphillylawyer.com\/es\/zonas-atendidas\/wayne\/abogados-de-negligencia-medica-2\/\" target=\"_blank\" rel=\"noreferrer noopener\">abogado de negligencia m\u00e9dica<\/a>&nbsp;de inmediato para ver si se aplica alguna excepci\u00f3n.<\/p>\n\n\n\n<p><strong>\u00bfCu\u00e1ndo debo contactar a un abogado si sospecho que ha habido negligencia m\u00e9dica?<\/strong><br>Debe ponerse en contacto con un&nbsp;<a href=\"https:\/\/www.myphillylawyer.com\/es\/zonas-atendidas\/arboleda-de-sauces\/abogados-especializados-en-negligencias-medicas\/\" target=\"_blank\" rel=\"noreferrer noopener\">abogado de negligencias m\u00e9dicas<\/a>&nbsp;lo antes posible. Las investigaciones llevan tiempo, y su abogado tendr\u00e1 que recopilar documentos, consultar a expertos y presentar su demanda antes de que expire el plazo de prescripci\u00f3n. Actuar con rapidez protege sus derechos y le ofrece las mejores posibilidades de ganar el caso.<\/p>\n\n\n\n<h2 class=\"wp-block-heading\" id=\"other-resources-about-understanding-medical-malpractice-law-in-pennsylvania\">Otros recursos sobre c\u00f3mo entender la ley de negligencia m\u00e9dica en Pensilvania<\/h2>\n\n\n\n<ul class=\"wp-block-list\">\n<li><a href=\"https:\/\/www.myphillylawyer.com\/es\/areas-de-practica\/negligencia-medica\/arbitraje-obligatorio-y-opciones-alternativas-de-resolucion-de-disputas\/\">Arbitraje obligatorio y opciones alternativas de resoluci\u00f3n de conflictos<\/a><\/li>\n\n\n\n<li><a href=\"https:\/\/www.myphillylawyer.com\/es\/areas-de-practica\/negligencia-medica\/derechos-de-los-pacientes-tras-sufrir-una-lesion-durante-la-atencion-medica\/\">Derechos del paciente tras un accidente sanitario<\/a><\/li>\n\n\n\n<li><a href=\"https:\/\/www.myphillylawyer.com\/es\/areas-de-practica\/negligencia-medica\/reforma-de-la-responsabilidad-civil-por-negligencia-medica-y-actualizaciones-recientes-de-la-jurisprudencia\/\">Reforma de la negligencia m\u00e9dica y reciente actualizaci\u00f3n de la jurisprudencia<\/a><\/li>\n\n\n\n<li><a href=\"https:\/\/www.myphillylawyer.com\/es\/areas-de-practica\/negligencia-medica\/como-se-compara-pensilvania-con-respecto-a-las-leyes-sobre-negligencia-medica-por-estado\/\">Comparaci\u00f3n con Pensilvania: Leyes de negligencia m\u00e9dica por Estado<\/a><\/li>\n\n\n\n<li><a href=\"https:\/\/www.myphillylawyer.com\/es\/areas-de-practica\/negligencia-medica\/indemnizaciones-disponibles-en-demandas-por-negligencia-medica\/\">Indemnizaci\u00f3n por negligencia m\u00e9dica<\/a><\/li>\n\n\n\n<li><a href=\"https:\/\/www.myphillylawyer.com\/es\/areas-de-practica\/negligencia-medica\/el-papel-del-certificado-de-merito-en-las-demandas-por-negligencia-profesional-en-pensilvania\/\">El papel del certificado de m\u00e9rito en las demandas por negligencia de Pennsylvania<\/a><\/li>\n\n\n\n<li><a href=\"https:\/\/www.myphillylawyer.com\/es\/areas-de-practica\/negligencia-medica\/peritos-en-casos-de-negligencia-medica-en-pensilvania\/\">Peritos en casos de negligencia m\u00e9dica en Pensilvania<\/a><\/li>\n\n\n\n<li><a href=\"https:\/\/www.myphillylawyer.com\/es\/areas-de-practica\/negligencia-medica\/presentar-una-demanda-por-negligencia-medica-en-filadelfia\/\">Presentar una demanda por negligencia m\u00e9dica en Philadelphia<\/a><\/li>\n\n\n\n<li><strong>Philadelphia Prescripci\u00f3n de la negligencia m\u00e9dica<\/strong><\/li>\n\n\n\n<li><a href=\"https:\/\/www.myphillylawyer.com\/es\/areas-de-practica\/negligencia-medica\/leyes-sobre-negligencia-medica-en-pensilvania-lo-que-los-pacientes-deben-saber\/\">Leyes de Pennsylvania sobre negligencia m\u00e9dica: Lo que los pacientes deben saber<\/a><\/li>\n<\/ul>","protected":false},"excerpt":{"rendered":"<p>Estatuto de limitaciones por negligencia m\u00e9dica en Philadelphia Comprender el estatuto de limitaciones es fundamental para cualquier persona que est\u00e9 considerando presentar una demanda por negligencia m\u00e9dica en Philadelphia. La ley establece plazos estrictos sobre el tiempo que tiene para emprender acciones legales contra un proveedor de servicios m\u00e9dicos o un hospital si cree que ha sufrido da\u00f1os por negligencia m\u00e9dica. Si no cumple estos plazos...<\/p>","protected":false},"author":14,"featured_media":0,"parent":7452,"menu_order":0,"comment_status":"closed","ping_status":"closed","template":"","meta":{"_acf_changed":false,"footnotes":""},"class_list":["post-14965","page","type-page","status-publish","hentry"],"acf":[],"jetpack_sharing_enabled":true,"_links":{"self":[{"href":"https:\/\/www.myphillylawyer.com\/es\/wp-json\/wp\/v2\/pages\/14965","targetHints":{"allow":["GET"]}}],"collection":[{"href":"https:\/\/www.myphillylawyer.com\/es\/wp-json\/wp\/v2\/pages"}],"about":[{"href":"https:\/\/www.myphillylawyer.com\/es\/wp-json\/wp\/v2\/types\/page"}],"author":[{"embeddable":true,"href":"https:\/\/www.myphillylawyer.com\/es\/wp-json\/wp\/v2\/users\/14"}],"replies":[{"embeddable":true,"href":"https:\/\/www.myphillylawyer.com\/es\/wp-json\/wp\/v2\/comments?post=14965"}],"version-history":[{"count":4,"href":"https:\/\/www.myphillylawyer.com\/es\/wp-json\/wp\/v2\/pages\/14965\/revisions"}],"predecessor-version":[{"id":15020,"href":"https:\/\/www.myphillylawyer.com\/es\/wp-json\/wp\/v2\/pages\/14965\/revisions\/15020"}],"up":[{"embeddable":true,"href":"https:\/\/www.myphillylawyer.com\/es\/wp-json\/wp\/v2\/pages\/7452"}],"wp:attachment":[{"href":"https:\/\/www.myphillylawyer.com\/es\/wp-json\/wp\/v2\/media?parent=14965"}],"curies":[{"name":"wp","href":"https:\/\/api.w.org\/{rel}","templated":true}]}}