{"id":14966,"date":"2025-12-03T11:29:58","date_gmt":"2025-12-03T16:29:58","guid":{"rendered":"https:\/\/www.myphillylawyer.com\/?page_id=14966"},"modified":"2025-12-03T12:06:11","modified_gmt":"2025-12-03T17:06:11","slug":"presentar-una-demanda-por-negligencia-medica-en-filadelfia","status":"publish","type":"page","link":"https:\/\/www.myphillylawyer.com\/es\/areas-de-practica\/negligencia-medica\/presentar-una-demanda-por-negligencia-medica-en-filadelfia\/","title":{"rendered":"Presentar una demanda por negligencia m\u00e9dica en Philadelphia"},"content":{"rendered":"<h1 class=\"wp-block-heading\" id=\"filing-a-medical-negligence-lawsuit-in-philadelphia\">Presentar una demanda por negligencia m\u00e9dica en Philadelphia<\/h1>\n\n\n\n<p>La negligencia m\u00e9dica puede tener efectos que cambian la vida. Si usted o un ser querido sufrieron da\u00f1os porque un hospital, m\u00e9dico u otro proveedor de servicios de salud no sigui\u00f3 las normas adecuadas, es posible que tenga motivos para presentar una demanda. Comprender los pasos y requisitos para presentar una demanda por negligencia m\u00e9dica en Philadelphia le ayuda a proteger sus derechos y le brinda la mejor oportunidad de obtener justicia. Esto es lo que necesita saber si est\u00e1 considerando emprender acciones legales por negligencia m\u00e9dica.<\/p>\n\n\n\n<div class=\"wp-block-rank-math-toc-block\" id=\"rank-math-toc\"><h2>\u00cdndice<\/h2><nav><ul><li><a href=\"#filing-a-medical-negligence-lawsuit-in-philadelphia\">Presentar una demanda por negligencia m\u00e9dica en Philadelphia<\/a><ul><li><a href=\"#requirements-for-filing-a-medical-negligence-lawsuit\">Requisitos para presentar una demanda por negligencia m\u00e9dica<\/a><\/li><li><a href=\"#pennsylvanias-medical-malpractice-statute-of-limitations\">Estatuto de limitaciones por negligencia m\u00e9dica de Pensilvania<\/a><\/li><li><a href=\"#the-role-of-expert-witnesses-in-medical-negligence-cases\">El papel de los peritos en los casos de negligencia m\u00e9dica<\/a><\/li><li><a href=\"#damages-you-can-recover-in-a-medical-negligence-lawsuit\">Da\u00f1os y perjuicios que se pueden recuperar en una demanda por negligencia m\u00e9dica<\/a><\/li><li><a href=\"#how-to-start-the-process-with-a-medical-malpractice-attorney\">C\u00f3mo iniciar el proceso con un abogado especializado en negligencia m\u00e9dica<\/a><\/li><li><a href=\"#fa-qs-about-filing-a-medical-negligence-lawsuit-in-philadelphia\">Preguntas frecuentes sobre c\u00f3mo presentar una demanda por negligencia m\u00e9dica en Philadelphia<\/a><\/li><li><a href=\"#other-resources-about-understanding-medical-malpractice-law-in-pennsylvania\">Otros recursos sobre c\u00f3mo entender la ley de negligencia m\u00e9dica en Pensilvania<\/a><\/li><\/ul><\/li><\/ul><\/nav><\/div>\n\n\n\n<h2 class=\"wp-block-heading\" id=\"requirements-for-filing-a-medical-negligence-lawsuit\">Requisitos para presentar una demanda por negligencia m\u00e9dica<\/h2>\n\n\n\n<p>Presentar una demanda por negligencia m\u00e9dica en Philadelphia no es tan sencillo como acudir a los tribunales. La legislaci\u00f3n de Pensilvania exige que se demuestre que un proveedor de servicios m\u00e9dicos no cumpli\u00f3 con el est\u00e1ndar de atenci\u00f3n aceptado y que este incumplimiento caus\u00f3 directamente lesiones o da\u00f1os. La ley tambi\u00e9n establece ciertos pasos que se deben seguir antes de presentar la demanda.<\/p>\n\n\n\n<p>Un requisito clave es el \u201ccertificado de m\u00e9rito\u201d. Este documento, elaborado por su abogado, confirma que un experto m\u00e9dico calificado ha revisado su caso y cree que hay una base razonable para reclamar por negligencia. Sin este certificado, su caso podr\u00eda ser desestimado desde el principio. Tambi\u00e9n deber\u00e1 recopilar todos los registros m\u00e9dicos, documentar sus lesiones y reunir pruebas que demuestren exactamente c\u00f3mo las acciones u omisiones del proveedor le causaron da\u00f1os. Tener un&nbsp;<a href=\"https:\/\/www.myphillylawyer.com\/es\/areas-de-practica\/negligencia-medica\/\" target=\"_blank\" rel=\"noreferrer noopener\">Philadelphia abogado negligencia m\u00e9dica<\/a>&nbsp;Encargarnos de su caso significa que estos detalles cr\u00edticos se abordar\u00e1n desde el principio.<\/p>\n\n\n\n<h2 class=\"wp-block-heading\" id=\"pennsylvanias-medical-malpractice-statute-of-limitations\">Estatuto de limitaciones por negligencia m\u00e9dica de Pensilvania<\/h2>\n\n\n\n<p>El tiempo es crucial en los casos de negligencia m\u00e9dica. En la mayor\u00eda de los casos, Pensilvania le concede&nbsp;<strong>dos a\u00f1os<\/strong>&nbsp;para presentar una demanda, a partir de la fecha en que supiste o debiste haber sabido que hab\u00edas sufrido da\u00f1os por negligencia m\u00e9dica. Esta \u201cregla de descubrimiento\u201d significa que si descubres una lesi\u00f3n meses o incluso a\u00f1os despu\u00e9s de que ocurri\u00f3, es posible que a\u00fan tengas tiempo para presentar una demanda. Sin embargo, la ley generalmente no permite que se presenten casos m\u00e1s de siete a\u00f1os despu\u00e9s del acto negligente, excepto en casos que involucren a menores o en casos de fraude u ocultaci\u00f3n.<\/p>\n\n\n\n<p>Si la v\u00edctima de la lesi\u00f3n era menor de 18 a\u00f1os cuando ocurri\u00f3 la negligencia, el plazo de dos a\u00f1os no comienza hasta que cumpla 18 a\u00f1os. Tambi\u00e9n hay diferentes plazos si su reclamaci\u00f3n es contra un hospital o cl\u00ednica gestionada por el gobierno. Por lo general, debe presentar una notificaci\u00f3n de su reclamaci\u00f3n en un plazo de seis meses, o el tribunal podr\u00eda desestimar su caso. Dado que estos plazos son estrictos, es importante ponerse en contacto con un&nbsp;<a href=\"https:\/\/www.myphillylawyer.com\/es\/zonas-atendidas\/bensalem\/abogados-de-negligencia-medica-2\/\" target=\"_blank\" rel=\"noreferrer noopener\">abogado de negligencias m\u00e9dicas<\/a>&nbsp;tan pronto como sospeche de negligencia.<\/p>\n\n\n\n<h2 class=\"wp-block-heading\" id=\"the-role-of-expert-witnesses-in-medical-negligence-cases\">El papel de los peritos en los casos de negligencia m\u00e9dica<\/h2>\n\n\n\n<p>Los peritos son una parte fundamental de cualquier demanda por negligencia m\u00e9dica en Philadelphia. La legislaci\u00f3n de Pensilvania exige que un perito m\u00e9dico revise su caso antes de presentarlo, y usted necesitar\u00e1 su testimonio para demostrar su reclamaci\u00f3n ante el tribunal. El perito ayuda a establecer cu\u00e1l era el est\u00e1ndar de atenci\u00f3n y en qu\u00e9 medida las acciones del proveedor no cumplieron con ese est\u00e1ndar.<\/p>\n\n\n\n<p>La opini\u00f3n del experto tambi\u00e9n se utiliza para demostrar que el error del proveedor fue la causa directa de sus lesiones. Sin este apoyo experto, la mayor\u00eda de los casos no pueden seguir adelante. Durante el proceso, ambas partes intercambiar\u00e1n informes periciales en los que se describir\u00e1 lo que cada experto tiene previsto declarar en el juicio. Estos informes son esenciales para construir un caso s\u00f3lido y cre\u00edble y para negociar un acuerdo justo. Trabajar con expertos&nbsp;<a href=\"https:\/\/www.myphillylawyer.com\/es\/zonas-atendidas\/jenkintown\/abogados-de-negligencia-medica-2\/\" target=\"_blank\" rel=\"noreferrer noopener\">abogados de negligencia m\u00e9dica<\/a>&nbsp;le garantiza que contar\u00e1 con el testimonio profesional necesario para respaldar su reclamaci\u00f3n.<\/p>\n\n\n\n<h2 class=\"wp-block-heading\" id=\"damages-you-can-recover-in-a-medical-negligence-lawsuit\">Da\u00f1os y perjuicios que se pueden recuperar en una demanda por negligencia m\u00e9dica<\/h2>\n\n\n\n<p>Si gana su caso por negligencia m\u00e9dica, la ley de Pensilvania le permite obtener una indemnizaci\u00f3n por varios tipos de da\u00f1os. Entre ellos se incluyen:<\/p>\n\n\n\n<ul class=\"wp-block-list\">\n<li>Facturas m\u00e9dicas, tanto pasadas como futuras.<\/li>\n\n\n\n<li>P\u00e9rdida de ingresos si no puede trabajar debido a sus lesiones.<\/li>\n\n\n\n<li>Dolor y sufrimiento<\/li>\n\n\n\n<li>P\u00e9rdida del disfrute de la vida<\/li>\n\n\n\n<li>P\u00e9rdida de consorcio para c\u00f3nyuges o parejas<\/li>\n<\/ul>\n\n\n\n<p>Existen l\u00edmites en las indemnizaciones por da\u00f1os y perjuicios si su caso es contra una instituci\u00f3n p\u00fablica o gubernamental. Por ejemplo, los hospitales estatales pueden tener un l\u00edmite de $250,000 por persona y $1,000,000 por evento. Los casos contra el gobierno local pueden tener un l\u00edmite de $500,000. Si su caso es contra un proveedor privado, no hay l\u00edmites legales para el dolor y el sufrimiento u otros da\u00f1os. Su&nbsp;<a href=\"https:\/\/www.myphillylawyer.com\/es\/zonas-atendidas\/norristown\/abogados-de-negligencia-medica-2\/\" target=\"_blank\" rel=\"noreferrer noopener\">abogado de negligencia m\u00e9dica<\/a>&nbsp;puede ayudarle a comprender qu\u00e9 indemnizaci\u00f3n puede esperar seg\u00fan la ley.<\/p>\n\n\n\n<h2 class=\"wp-block-heading\" id=\"how-to-start-the-process-with-a-medical-malpractice-attorney\">C\u00f3mo iniciar el proceso con un abogado especializado en negligencia m\u00e9dica<\/h2>\n\n\n\n<p>El proceso comienza con una consulta gratuita con un&nbsp;<a href=\"https:\/\/www.myphillylawyer.com\/es\/zonas-atendidas\/upper-darby\/abogado-de-negligencias-medicas\/\" target=\"_blank\" rel=\"noreferrer noopener\">Abogado especializado en negligencia m\u00e9dica Philly<\/a>. Traiga todos sus registros m\u00e9dicos, una cronolog\u00eda de lo sucedido y la documentaci\u00f3n de sus lesiones y p\u00e9rdidas econ\u00f3micas. Su abogado le escuchar\u00e1, responder\u00e1 a sus preguntas y le explicar\u00e1 si tiene derecho a reclamar.<\/p>\n\n\n\n<p>Si aceptan su caso, su equipo legal recabar\u00e1 opiniones de expertos, preparar\u00e1 el certificado de m\u00e9rito y presentar\u00e1 su demanda ante el tribunal antes de que venza cualquier plazo. Se encargar\u00e1n de las negociaciones con las compa\u00f1\u00edas de seguros y, si es necesario, llevar\u00e1n su caso a juicio. Este apoyo puede marcar la diferencia a la hora de enfrentarse a grandes hospitales y compa\u00f1\u00edas de seguros.<\/p>\n\n\n\n<h2 class=\"wp-block-heading\" id=\"fa-qs-about-filing-a-medical-negligence-lawsuit-in-philadelphia\">Preguntas frecuentes sobre c\u00f3mo presentar una demanda por negligencia m\u00e9dica en Philadelphia<\/h2>\n\n\n\n<p><strong>\u00bfCu\u00e1l es el primer paso para presentar una demanda por negligencia m\u00e9dica en Philadelphia?<\/strong><br>El primer paso es reunirse con un profesional calificado.&nbsp;<a href=\"https:\/\/www.myphillylawyer.com\/es\/\" target=\"_blank\" rel=\"noreferrer noopener\">Philadelphia abogado de lesiones personales<\/a>&nbsp;para una consulta gratuita. Su abogado evaluar\u00e1 su situaci\u00f3n, recopilar\u00e1 los documentos y determinar\u00e1 si tiene una reclamaci\u00f3n v\u00e1lida.<\/p>\n\n\n\n<p><strong>\u00bfCu\u00e1nto tiempo tengo para presentar una demanda por negligencia m\u00e9dica en Philadelphia?<\/strong><br>Por lo general, tienes dos a\u00f1os desde la fecha en que supiste o debiste haber sabido de la lesi\u00f3n. Hay excepciones para menores de edad e instalaciones gubernamentales, pero esperar demasiado tiempo puede significar perder tu derecho a demandar. Es aconsejable ponerse en contacto con un&nbsp;<a href=\"https:\/\/www.myphillylawyer.com\/es\/zonas-atendidas\/wayne\/abogados-de-negligencia-medica-2\/\" target=\"_blank\" rel=\"noreferrer noopener\">abogado de negligencias m\u00e9dicas<\/a>&nbsp;lo antes posible.<\/p>\n\n\n\n<p><strong>\u00bfNecesito un perito para demostrar mi caso?<\/strong><br>S\u00ed. La ley de Pensilvania exige que un experto m\u00e9dico revise su caso antes de presentarlo. Su opini\u00f3n suele ser fundamental para demostrar tanto el nivel de atenci\u00f3n como la forma en que se infringi\u00f3.<\/p>\n\n\n\n<p><strong>\u00bfQu\u00e9 sucede si mi reclamaci\u00f3n es contra un hospital o cl\u00ednica gestionada por el gobierno?<\/strong><br>Se aplican reglas especiales. Debe presentar una notificaci\u00f3n por escrito de su reclamaci\u00f3n en un plazo de seis meses a partir de la fecha de la lesi\u00f3n, adem\u00e1s del plazo habitual de dos a\u00f1os. Si no sigue estos pasos, su caso podr\u00eda ser desestimado, por lo que debe ponerse en contacto con un&nbsp;<a href=\"https:\/\/www.myphillylawyer.com\/es\/zonas-atendidas\/arboleda-de-sauces\/abogados-especializados-en-negligencias-medicas\/\" target=\"_blank\" rel=\"noreferrer noopener\">abogado de negligencias m\u00e9dicas<\/a>&nbsp;inmediatamente para pedir ayuda.<\/p>\n\n\n\n<h2 class=\"wp-block-heading\" id=\"other-resources-about-understanding-medical-malpractice-law-in-pennsylvania\">Otros recursos sobre c\u00f3mo entender la ley de negligencia m\u00e9dica en Pensilvania<\/h2>\n\n\n\n<ul class=\"wp-block-list\">\n<li><a href=\"https:\/\/www.myphillylawyer.com\/es\/areas-de-practica\/negligencia-medica\/arbitraje-obligatorio-y-opciones-alternativas-de-resolucion-de-disputas\/\">Arbitraje obligatorio y opciones alternativas de resoluci\u00f3n de conflictos<\/a><\/li>\n\n\n\n<li><a href=\"https:\/\/www.myphillylawyer.com\/es\/areas-de-practica\/negligencia-medica\/derechos-de-los-pacientes-tras-sufrir-una-lesion-durante-la-atencion-medica\/\">Derechos del paciente tras un accidente sanitario<\/a><\/li>\n\n\n\n<li><a href=\"https:\/\/www.myphillylawyer.com\/es\/areas-de-practica\/negligencia-medica\/reforma-de-la-responsabilidad-civil-por-negligencia-medica-y-actualizaciones-recientes-de-la-jurisprudencia\/\">Reforma de la negligencia m\u00e9dica y reciente actualizaci\u00f3n de la jurisprudencia<\/a><\/li>\n\n\n\n<li><a href=\"https:\/\/www.myphillylawyer.com\/es\/areas-de-practica\/negligencia-medica\/como-se-compara-pensilvania-con-respecto-a-las-leyes-sobre-negligencia-medica-por-estado\/\">Comparaci\u00f3n con Pensilvania: Leyes de negligencia m\u00e9dica por Estado<\/a><\/li>\n\n\n\n<li><a href=\"https:\/\/www.myphillylawyer.com\/es\/areas-de-practica\/negligencia-medica\/indemnizaciones-disponibles-en-demandas-por-negligencia-medica\/\">Indemnizaci\u00f3n por negligencia m\u00e9dica<\/a><\/li>\n\n\n\n<li><a href=\"https:\/\/www.myphillylawyer.com\/es\/areas-de-practica\/negligencia-medica\/el-papel-del-certificado-de-merito-en-las-demandas-por-negligencia-profesional-en-pensilvania\/\">El papel del certificado de m\u00e9rito en las demandas por negligencia de Pennsylvania<\/a><\/li>\n\n\n\n<li><a href=\"https:\/\/www.myphillylawyer.com\/es\/areas-de-practica\/negligencia-medica\/peritos-en-casos-de-negligencia-medica-en-pensilvania\/\">Peritos en casos de negligencia m\u00e9dica en Pensilvania<\/a><\/li>\n\n\n\n<li><strong>Presentar una demanda por negligencia m\u00e9dica en Philadelphia<\/strong><\/li>\n\n\n\n<li><a href=\"https:\/\/www.myphillylawyer.com\/es\/areas-de-practica\/negligencia-medica\/estatuto-de-limitaciones-por-negligencia-medica-en-filadelfia\/\">Philadelphia Prescripci\u00f3n de la negligencia m\u00e9dica<\/a><\/li>\n\n\n\n<li><a href=\"https:\/\/www.myphillylawyer.com\/es\/areas-de-practica\/negligencia-medica\/leyes-sobre-negligencia-medica-en-pensilvania-lo-que-los-pacientes-deben-saber\/\">Leyes de Pennsylvania sobre negligencia m\u00e9dica: Lo que los pacientes deben saber<\/a><\/li>\n<\/ul>","protected":false},"excerpt":{"rendered":"<p>Presentaci\u00f3n de una demanda por negligencia m\u00e9dica en Philadelphia La negligencia m\u00e9dica puede tener efectos que cambian la vida. Si usted o un ser querido ha sufrido da\u00f1os porque un hospital, un m\u00e9dico u otro proveedor de servicios de salud no ha seguido las normas adecuadas, es posible que tenga motivos para presentar una demanda. Comprender los pasos y los requisitos para presentar una demanda por negligencia m\u00e9dica en Philadelphia ayuda...<\/p>","protected":false},"author":14,"featured_media":0,"parent":7452,"menu_order":0,"comment_status":"closed","ping_status":"closed","template":"","meta":{"_acf_changed":false,"footnotes":""},"class_list":["post-14966","page","type-page","status-publish","hentry"],"acf":[],"jetpack_sharing_enabled":true,"_links":{"self":[{"href":"https:\/\/www.myphillylawyer.com\/es\/wp-json\/wp\/v2\/pages\/14966","targetHints":{"allow":["GET"]}}],"collection":[{"href":"https:\/\/www.myphillylawyer.com\/es\/wp-json\/wp\/v2\/pages"}],"about":[{"href":"https:\/\/www.myphillylawyer.com\/es\/wp-json\/wp\/v2\/types\/page"}],"author":[{"embeddable":true,"href":"https:\/\/www.myphillylawyer.com\/es\/wp-json\/wp\/v2\/users\/14"}],"replies":[{"embeddable":true,"href":"https:\/\/www.myphillylawyer.com\/es\/wp-json\/wp\/v2\/comments?post=14966"}],"version-history":[{"count":4,"href":"https:\/\/www.myphillylawyer.com\/es\/wp-json\/wp\/v2\/pages\/14966\/revisions"}],"predecessor-version":[{"id":15021,"href":"https:\/\/www.myphillylawyer.com\/es\/wp-json\/wp\/v2\/pages\/14966\/revisions\/15021"}],"up":[{"embeddable":true,"href":"https:\/\/www.myphillylawyer.com\/es\/wp-json\/wp\/v2\/pages\/7452"}],"wp:attachment":[{"href":"https:\/\/www.myphillylawyer.com\/es\/wp-json\/wp\/v2\/media?parent=14966"}],"curies":[{"name":"wp","href":"https:\/\/api.w.org\/{rel}","templated":true}]}}