{"id":14969,"date":"2025-12-03T11:40:14","date_gmt":"2025-12-03T16:40:14","guid":{"rendered":"https:\/\/www.myphillylawyer.com\/?page_id=14969"},"modified":"2025-12-03T12:06:21","modified_gmt":"2025-12-03T17:06:21","slug":"peritos-en-casos-de-negligencia-medica-en-pensilvania","status":"publish","type":"page","link":"https:\/\/www.myphillylawyer.com\/es\/areas-de-practica\/negligencia-medica\/peritos-en-casos-de-negligencia-medica-en-pensilvania\/","title":{"rendered":"Peritos en casos de negligencia m\u00e9dica en Pensilvania"},"content":{"rendered":"<h1 class=\"wp-block-heading\" id=\"expert-witnesses-in-pa-medical-malpractice-cases\">Peritos en casos de negligencia m\u00e9dica en Pensilvania<\/h1>\n\n\n\n<p>Los peritos son una parte fundamental de las demandas por negligencia m\u00e9dica en Pensilvania. Sin la opini\u00f3n de un experto, la mayor\u00eda de los casos de negligencia m\u00e9dica ni siquiera pueden iniciarse. La ley de Pensilvania exige que los demandantes respalden su caso con el testimonio de un experto cualificado que comprenda el nivel de atenci\u00f3n requerido para el tratamiento o procedimiento en cuesti\u00f3n. Saber c\u00f3mo trabajan los peritos y por qu\u00e9 son tan importantes puede ayudarle a comprender qu\u00e9 puede esperar si usted o un ser querido presenta una demanda por negligencia.<\/p>\n\n\n\n<div class=\"wp-block-rank-math-toc-block\" id=\"rank-math-toc\"><h2>\u00cdndice<\/h2><nav><ul><li><a href=\"#expert-witnesses-in-pa-medical-malpractice-cases\">Peritos en casos de negligencia m\u00e9dica en Pensilvania<\/a><ul><li><a href=\"#what-is-the-role-of-expert-witnesses-in-medical-malpractice-cases\">\u00bfCu\u00e1l es el papel de los peritos en los casos de negligencia m\u00e9dica?<\/a><\/li><li><a href=\"#who-qualifies-as-an-expert-witness-in-pennsylvania\">\u00bfQui\u00e9n puede ser testigo experto en Pensilvania?<\/a><\/li><li><a href=\"#what-must-an-expert-witness-report-contain\">\u00bfQu\u00e9 debe contener un informe pericial?<\/a><\/li><li><a href=\"#when-is-expert-testimony-not-required-in-a-medical-malpractice-case\">\u00bfCu\u00e1ndo no se requiere el testimonio de un experto en un caso de negligencia m\u00e9dica?<\/a><\/li><li><a href=\"#how-does-the-expert-witness-process-impact-my-case\">\u00bfC\u00f3mo afecta el proceso de peritaje a mi caso?<\/a><\/li><li><a href=\"#fa-qs-about-expert-witnesses-in-pa-medical-malpractice-cases\">Preguntas frecuentes sobre los peritos en casos de negligencia m\u00e9dica en Pensilvania<\/a><\/li><li><a href=\"#other-resources-about-understanding-medical-malpractice-law-in-pennsylvania\">Otros recursos sobre c\u00f3mo entender la ley de negligencia m\u00e9dica en Pensilvania<\/a><\/li><\/ul><\/li><\/ul><\/nav><\/div>\n\n\n\n<h2 class=\"wp-block-heading\" id=\"what-is-the-role-of-expert-witnesses-in-medical-malpractice-cases\">\u00bfCu\u00e1l es el papel de los peritos en los casos de negligencia m\u00e9dica?<\/h2>\n\n\n\n<p>Los peritos ayudan al tribunal y al jurado a comprender cuestiones m\u00e9dicas complejas. En un caso de negligencia m\u00e9dica en Pensilvania, un perito suele ser un m\u00e9dico o un profesional sanitario con una formaci\u00f3n y experiencia similares a las del acusado. Su trabajo consiste en revisar los expedientes, explicar cu\u00e1l deber\u00eda haber sido el nivel de atenci\u00f3n y determinar si el acusado incumpli\u00f3 ese nivel. El perito tambi\u00e9n debe demostrar c\u00f3mo el incumplimiento provoc\u00f3 directamente las lesiones o da\u00f1os del paciente.<\/p>\n\n\n\n<p>La ley de Pensilvania exige un certificado de m\u00e9rito al presentar una demanda. Este certificado, firmado por su abogado, confirma que un experto ha revisado su caso y ha encontrado una base razonable para la demanda. A lo largo del litigio, los expertos pueden presentar informes escritos, prestar declaraci\u00f3n y testificar ante el tribunal. Sin estas pruebas, el caso no puede seguir adelante. Por eso es importante trabajar con un&nbsp;<a href=\"https:\/\/www.myphillylawyer.com\/es\/areas-de-practica\/negligencia-medica\/\" target=\"_blank\" rel=\"noreferrer noopener\">Philadelphia abogado negligencia m\u00e9dica<\/a>&nbsp;que tiene acceso a expertos m\u00e9dicos de renombre.<\/p>\n\n\n\n<h2 class=\"wp-block-heading\" id=\"who-qualifies-as-an-expert-witness-in-pennsylvania\">\u00bfQui\u00e9n puede ser testigo experto en Pensilvania?<\/h2>\n\n\n\n<p>Las reglas sobre qui\u00e9n puede actuar como perito en casos de negligencia m\u00e9dica son estrictas. En la mayor\u00eda de los casos, el perito debe:<\/p>\n\n\n\n<ul class=\"wp-block-list\">\n<li>Ejercer en la misma especialidad o en una similar a la del proveedor demandado.<\/li>\n\n\n\n<li>Tener experiencia con el tipo de procedimiento o tratamiento en cuesti\u00f3n.<\/li>\n\n\n\n<li>Estar ejerciendo o ense\u00f1ando activamente en su campo en el momento del incidente.<\/li>\n<\/ul>\n\n\n\n<p>Los tribunales de Pensilvania quieren asegurarse de que los conocimientos del experto se ajustan a los hechos del caso. Por ejemplo, si la demanda se refiere a un error quir\u00fargico, se necesita un cirujano con experiencia reciente en operaciones. Si el caso se refiere a un error de diagn\u00f3stico por parte de un m\u00e9dico de cabecera, el experto debe ser un m\u00e9dico de familia o un internista. El tribunal puede rechazar a los \u201ctestigos profesionales\u201d que no est\u00e9n al d\u00eda o no sean relevantes para los hechos m\u00e9dicos. Un experimentado&nbsp;<a href=\"https:\/\/www.myphillylawyer.com\/es\/zonas-atendidas\/bensalem\/abogados-de-negligencia-medica-2\/\" target=\"_blank\" rel=\"noreferrer noopener\">abogado de negligencias m\u00e9dicas<\/a>&nbsp;sabr\u00e1 c\u00f3mo encontrar expertos que cumplan estos requisitos.<\/p>\n\n\n\n<h2 class=\"wp-block-heading\" id=\"what-must-an-expert-witness-report-contain\">\u00bfQu\u00e9 debe contener un informe pericial?<\/h2>\n\n\n\n<p>Una vez que comienza la fase de descubrimiento, ambas partes deben intercambiar informes periciales. Estos informes describen lo que cada perito dir\u00e1 en el juicio, incluyendo:<\/p>\n\n\n\n<ul class=\"wp-block-list\">\n<li>Las calificaciones y experiencia del experto<\/li>\n\n\n\n<li>Los hechos y los expedientes m\u00e9dicos que revisaron.<\/li>\n\n\n\n<li>Sus opiniones sobre el nivel de atenci\u00f3n<\/li>\n\n\n\n<li>Una explicaci\u00f3n de por qu\u00e9 la atenci\u00f3n prestada fue insuficiente.<\/li>\n\n\n\n<li>C\u00f3mo ese fallo caus\u00f3 la lesi\u00f3n<\/li>\n<\/ul>\n\n\n\n<p>Seg\u00fan la legislaci\u00f3n de Pensilvania, estos informes deben ser detallados y espec\u00edficos. El testimonio del experto debe basarse en hechos, no solo en opiniones. El tribunal puede desestimar a un experto que no cumpla estas normas, por lo que es importante que su&nbsp;<a href=\"https:\/\/www.myphillylawyer.com\/es\/zonas-atendidas\/jenkintown\/abogados-de-negligencia-medica-2\/\" target=\"_blank\" rel=\"noreferrer noopener\">abogados de negligencia m\u00e9dica<\/a>&nbsp;Somos minuciosos y cuidadosos al preparar su caso.<\/p>\n\n\n\n<h2 class=\"wp-block-heading\" id=\"when-is-expert-testimony-not-required-in-a-medical-malpractice-case\">\u00bfCu\u00e1ndo no se requiere el testimonio de un experto en un caso de negligencia m\u00e9dica?<\/h2>\n\n\n\n<p>La mayor\u00eda de las demandas por negligencia m\u00e9dica requieren el testimonio de un experto, pero hay raras excepciones. Entre ellas se incluyen los casos en los que la negligencia es tan evidente que las personas sin conocimientos m\u00e9dicos no necesitan que un m\u00e9dico les explique qu\u00e9 es lo que ha fallado. Por ejemplo, si un cirujano deja una esponja o un instrumento dentro de un paciente, el error es evidente sin necesidad de recurrir a un experto. Estos casos se conocen como casos \u201cres ipsa loquitur\u201d, que significa \u201cla cosa habla por s\u00ed misma\u201d. Incluso en esos casos, un&nbsp;<a href=\"https:\/\/www.myphillylawyer.com\/es\/zonas-atendidas\/upper-darby\/abogado-de-negligencias-medicas\/\" target=\"_blank\" rel=\"noreferrer noopener\">Abogado especializado en negligencia m\u00e9dica Philly<\/a>&nbsp;puede orientarle sobre si es necesario recurrir a un experto.<\/p>\n\n\n\n<h2 class=\"wp-block-heading\" id=\"how-does-the-expert-witness-process-impact-my-case\">\u00bfC\u00f3mo afecta el proceso de peritaje a mi caso?<\/h2>\n\n\n\n<p>Elegir al perito adecuado puede ser decisivo para el \u00e9xito o el fracaso de una demanda por negligencia m\u00e9dica. Los tribunales de Pensilvania suelen desestimar los casos si el perito no est\u00e1 cualificado o no puede respaldar la demanda. Experto&nbsp;<a href=\"https:\/\/www.myphillylawyer.com\/es\/zonas-atendidas\/norristown\/abogados-de-negligencia-medica-2\/\" target=\"_blank\" rel=\"noreferrer noopener\">abogados de negligencia m\u00e9dica<\/a>&nbsp;saber c\u00f3mo seleccionar expertos cre\u00edbles y con experiencia que puedan respaldar su caso con testimonios s\u00f3lidos y explicaciones claras. Su abogado tambi\u00e9n preparar\u00e1 a su experto para las declaraciones, le ayudar\u00e1 a recopilar los documentos adecuados y se asegurar\u00e1 de que se cumplan todos los plazos legales.<\/p>\n\n\n\n<h2 class=\"wp-block-heading\" id=\"fa-qs-about-expert-witnesses-in-pa-medical-malpractice-cases\">Preguntas frecuentes sobre los peritos en casos de negligencia m\u00e9dica en Pensilvania<\/h2>\n\n\n\n<p><strong>\u00bfPor qu\u00e9 necesito un perito en mi caso de negligencia m\u00e9dica?<\/strong><br>Se necesitan peritos para explicar el est\u00e1ndar m\u00e9dico de atenci\u00f3n y c\u00f3mo las acciones de su proveedor no cumplieron con ese est\u00e1ndar. Sin este testimonio, la mayor\u00eda de las demandas no pueden proceder en los tribunales de Pensilvania. A&nbsp;<a href=\"https:\/\/www.myphillylawyer.com\/es\/\" target=\"_blank\" rel=\"noreferrer noopener\">Philadelphia abogado de lesiones personales<\/a>&nbsp;puede ayudarle a obtener el testimonio de un experto para su caso.<\/p>\n\n\n\n<p><strong>\u00bfQu\u00e9 sucede si mi caso no cuenta con el apoyo de un experto?<\/strong><br>Si presenta una demanda sin el certificado de m\u00e9rito o el testimonio de un experto requeridos, es probable que el tribunal desestime su caso. Por eso es tan importante consultar a un&nbsp;<a href=\"https:\/\/www.myphillylawyer.com\/es\/zonas-atendidas\/wayne\/abogados-de-negligencia-medica-2\/\" target=\"_blank\" rel=\"noreferrer noopener\">abogado de negligencias m\u00e9dicas<\/a>&nbsp;que entiende c\u00f3mo funciona la legislaci\u00f3n de Pensilvania.<\/p>\n\n\n\n<p><strong>\u00bfPuede mi propio m\u00e9dico actuar como mi perito?<\/strong><br>En ocasiones, su m\u00e9dico tratante puede reunir los requisitos si cuenta con la especialidad y la experiencia adecuadas. Sin embargo, a menudo los abogados recomiendan expertos independientes para evitar cualquier conflicto de intereses y proporcionar un testimonio imparcial y convincente.<\/p>\n\n\n\n<p><strong>\u00bfC\u00f3mo encuentran los abogados a los peritos para los casos de negligencia m\u00e9dica?<\/strong><br>Con experiencia&nbsp;<a href=\"https:\/\/www.myphillylawyer.com\/es\/zonas-atendidas\/arboleda-de-sauces\/abogados-especializados-en-negligencias-medicas\/\" target=\"_blank\" rel=\"noreferrer noopener\">abogados especializados en negligencias m\u00e9dicas<\/a>&nbsp;Utilice redes profesionales, asociaciones m\u00e9dicas y servicios de referencia de expertos para ponerse en contacto con expertos cualificados. Estos profesionales m\u00e9dicos revisar\u00e1n su expediente y le ayudar\u00e1n a preparar un caso s\u00f3lido para su reclamaci\u00f3n.<\/p>\n\n\n\n<h2 class=\"wp-block-heading\" id=\"other-resources-about-understanding-medical-malpractice-law-in-pennsylvania\">Otros recursos sobre c\u00f3mo entender la ley de negligencia m\u00e9dica en Pensilvania<\/h2>\n\n\n\n<ul class=\"wp-block-list\">\n<li><a href=\"https:\/\/www.myphillylawyer.com\/es\/areas-de-practica\/negligencia-medica\/arbitraje-obligatorio-y-opciones-alternativas-de-resolucion-de-disputas\/\">Arbitraje obligatorio y opciones alternativas de resoluci\u00f3n de conflictos<\/a><\/li>\n\n\n\n<li><a href=\"https:\/\/www.myphillylawyer.com\/es\/areas-de-practica\/negligencia-medica\/derechos-de-los-pacientes-tras-sufrir-una-lesion-durante-la-atencion-medica\/\">Derechos del paciente tras un accidente sanitario<\/a><\/li>\n\n\n\n<li><a href=\"https:\/\/www.myphillylawyer.com\/es\/areas-de-practica\/negligencia-medica\/reforma-de-la-responsabilidad-civil-por-negligencia-medica-y-actualizaciones-recientes-de-la-jurisprudencia\/\">Reforma de la negligencia m\u00e9dica y reciente actualizaci\u00f3n de la jurisprudencia<\/a><\/li>\n\n\n\n<li><a href=\"https:\/\/www.myphillylawyer.com\/es\/areas-de-practica\/negligencia-medica\/como-se-compara-pensilvania-con-respecto-a-las-leyes-sobre-negligencia-medica-por-estado\/\">Comparaci\u00f3n con Pensilvania: Leyes de negligencia m\u00e9dica por Estado<\/a><\/li>\n\n\n\n<li><a href=\"https:\/\/www.myphillylawyer.com\/es\/areas-de-practica\/negligencia-medica\/indemnizaciones-disponibles-en-demandas-por-negligencia-medica\/\">Indemnizaci\u00f3n por negligencia m\u00e9dica<\/a><\/li>\n\n\n\n<li><a href=\"https:\/\/www.myphillylawyer.com\/es\/areas-de-practica\/negligencia-medica\/el-papel-del-certificado-de-merito-en-las-demandas-por-negligencia-profesional-en-pensilvania\/\">El papel del certificado de m\u00e9rito en las demandas por negligencia de Pennsylvania<\/a><\/li>\n\n\n\n<li><strong>Peritos en casos de negligencia m\u00e9dica en Pensilvania<\/strong><\/li>\n\n\n\n<li><a href=\"https:\/\/www.myphillylawyer.com\/es\/areas-de-practica\/negligencia-medica\/presentar-una-demanda-por-negligencia-medica-en-filadelfia\/\">Presentar una demanda por negligencia m\u00e9dica en Philadelphia<\/a><\/li>\n\n\n\n<li><a href=\"https:\/\/www.myphillylawyer.com\/es\/areas-de-practica\/negligencia-medica\/estatuto-de-limitaciones-por-negligencia-medica-en-filadelfia\/\">Philadelphia Prescripci\u00f3n de la negligencia m\u00e9dica<\/a><\/li>\n\n\n\n<li><a href=\"https:\/\/www.myphillylawyer.com\/es\/areas-de-practica\/negligencia-medica\/leyes-sobre-negligencia-medica-en-pensilvania-lo-que-los-pacientes-deben-saber\/\">Leyes de Pennsylvania sobre negligencia m\u00e9dica: Lo que los pacientes deben saber<\/a><\/li>\n<\/ul>","protected":false},"excerpt":{"rendered":"<p>Peritos en casos de negligencia m\u00e9dica en Pensilvania Los peritos son una parte fundamental de las demandas por negligencia m\u00e9dica en Pensilvania. Sin la opini\u00f3n de un experto, la mayor\u00eda de los casos de negligencia m\u00e9dica ni siquiera pueden iniciarse. La ley de Pensilvania exige que los demandantes respalden su caso con el testimonio de un experto calificado que comprenda el est\u00e1ndar de atenci\u00f3n para el tratamiento...<\/p>","protected":false},"author":14,"featured_media":0,"parent":7452,"menu_order":0,"comment_status":"closed","ping_status":"closed","template":"","meta":{"_acf_changed":false,"footnotes":""},"class_list":["post-14969","page","type-page","status-publish","hentry"],"acf":[],"jetpack_sharing_enabled":true,"_links":{"self":[{"href":"https:\/\/www.myphillylawyer.com\/es\/wp-json\/wp\/v2\/pages\/14969","targetHints":{"allow":["GET"]}}],"collection":[{"href":"https:\/\/www.myphillylawyer.com\/es\/wp-json\/wp\/v2\/pages"}],"about":[{"href":"https:\/\/www.myphillylawyer.com\/es\/wp-json\/wp\/v2\/types\/page"}],"author":[{"embeddable":true,"href":"https:\/\/www.myphillylawyer.com\/es\/wp-json\/wp\/v2\/users\/14"}],"replies":[{"embeddable":true,"href":"https:\/\/www.myphillylawyer.com\/es\/wp-json\/wp\/v2\/comments?post=14969"}],"version-history":[{"count":3,"href":"https:\/\/www.myphillylawyer.com\/es\/wp-json\/wp\/v2\/pages\/14969\/revisions"}],"predecessor-version":[{"id":15022,"href":"https:\/\/www.myphillylawyer.com\/es\/wp-json\/wp\/v2\/pages\/14969\/revisions\/15022"}],"up":[{"embeddable":true,"href":"https:\/\/www.myphillylawyer.com\/es\/wp-json\/wp\/v2\/pages\/7452"}],"wp:attachment":[{"href":"https:\/\/www.myphillylawyer.com\/es\/wp-json\/wp\/v2\/media?parent=14969"}],"curies":[{"name":"wp","href":"https:\/\/api.w.org\/{rel}","templated":true}]}}