{"id":14979,"date":"2025-12-03T11:46:42","date_gmt":"2025-12-03T16:46:42","guid":{"rendered":"https:\/\/www.myphillylawyer.com\/?page_id=14979"},"modified":"2025-12-03T12:07:12","modified_gmt":"2025-12-03T17:07:12","slug":"arbitraje-obligatorio-y-opciones-alternativas-de-resolucion-de-disputas","status":"publish","type":"page","link":"https:\/\/www.myphillylawyer.com\/es\/areas-de-practica\/negligencia-medica\/arbitraje-obligatorio-y-opciones-alternativas-de-resolucion-de-disputas\/","title":{"rendered":"Arbitraje obligatorio y opciones alternativas de resoluci\u00f3n de conflictos"},"content":{"rendered":"<h1 class=\"wp-block-heading\" id=\"mandatory-arbitration-and-alternative-dispute-resolution-options\">Arbitraje obligatorio y opciones alternativas de resoluci\u00f3n de conflictos<\/h1>\n\n\n\n<p>Las demandas por negligencia m\u00e9dica pueden prolongarse durante a\u00f1os y suponer altos costos y estr\u00e9s para todas las partes implicadas. La legislaci\u00f3n de Pensilvania anima a las partes a resolver las disputas de forma r\u00e1pida y eficaz. Por eso, opciones como el arbitraje obligatorio y otras formas de resoluci\u00f3n alternativa de disputas (ADR) se han vuelto m\u00e1s comunes en Philadelphia y en todo el estado. Estos enfoques pueden proporcionar una v\u00eda m\u00e1s r\u00e1pida y menos conflictiva para resolver las demandas por negligencia m\u00e9dica.<\/p>\n\n\n\n<div class=\"wp-block-rank-math-toc-block\" id=\"rank-math-toc\"><h2>\u00cdndice<\/h2><nav><ul><li><a href=\"#mandatory-arbitration-and-alternative-dispute-resolution-options\">Arbitraje obligatorio y opciones alternativas de resoluci\u00f3n de conflictos<\/a><ul><li><a href=\"#what-is-mandatory-arbitration-in-pennsylvania-medical-malpractice-cases\">\u00bfQu\u00e9 es el arbitraje obligatorio en los casos de negligencia m\u00e9dica en Pensilvania?<\/a><\/li><li><a href=\"#mediation-and-other-alternative-dispute-resolution-methods\">Mediaci\u00f3n y otros m\u00e9todos alternativos de resoluci\u00f3n de disputas<\/a><\/li><li><a href=\"#the-mediation-and-arbitration-process-under-pennsylvania-law\">El proceso de mediaci\u00f3n y arbitraje seg\u00fan la legislaci\u00f3n de Pensilvania<\/a><\/li><li><a href=\"#benefits-and-drawbacks-of-arbitration-and-adr-in-medical-negligence-cases\">Ventajas e inconvenientes del arbitraje y los medios alternativos de resoluci\u00f3n de disputas en casos de negligencia m\u00e9dica<\/a><\/li><li><a href=\"#when-is-alternative-dispute-resolution-not-appropriate\">\u00bfCu\u00e1ndo no es apropiada la resoluci\u00f3n alternativa de disputas?<\/a><\/li><li><a href=\"#fa-qs-about-mandatory-arbitration-and-alternative-dispute-resolution-options\">Preguntas frecuentes sobre el arbitraje obligatorio y las opciones alternativas de resoluci\u00f3n de disputas<\/a><\/li><li><a href=\"#other-resources-about-understanding-medical-malpractice-law-in-pennsylvania\">Otros recursos sobre c\u00f3mo entender la ley de negligencia m\u00e9dica en Pensilvania<\/a><\/li><\/ul><\/li><\/ul><\/nav><\/div>\n\n\n\n<h2 class=\"wp-block-heading\" id=\"what-is-mandatory-arbitration-in-pennsylvania-medical-malpractice-cases\">\u00bfQu\u00e9 es el arbitraje obligatorio en los casos de negligencia m\u00e9dica en Pensilvania?<\/h2>\n\n\n\n<p>El arbitraje obligatorio significa que las partes deben presentar su caso ante uno o m\u00e1s \u00e1rbitros neutrales, en lugar de ante un juez o un jurado, quienes luego deciden el resultado. En algunos condados de Pensilvania, las normas de los tribunales locales exigen que ciertas disputas por negligencia m\u00e9dica se sometan a arbitraje antes de proceder a un juicio completo. El objetivo principal es aliviar los calendarios de los tribunales y fomentar acuerdos m\u00e1s r\u00e1pidos.<\/p>\n\n\n\n<p>El proceso de arbitraje suele ser menos formal que un juicio en un tribunal. Ambas partes presentan pruebas, interrogan a los testigos y los \u00e1rbitros emiten una decisi\u00f3n vinculante o no vinculante. Si la decisi\u00f3n es vinculante, ambas partes deben aceptarla. Si no es vinculante, cualquiera de las partes puede llevar el caso a los tribunales. El arbitraje puede reducir los costos legales y ayudar a ambas partes a alcanzar un resultado justo sin el tiempo y la complejidad de un juicio. A&nbsp;<a href=\"https:\/\/www.myphillylawyer.com\/es\/areas-de-practica\/negligencia-medica\/\" target=\"_blank\" rel=\"noreferrer noopener\">Philadelphia abogado negligencia m\u00e9dica<\/a>&nbsp;puede explicarle si su caso puede estar sujeto a arbitraje obligatorio.<\/p>\n\n\n\n<h2 class=\"wp-block-heading\" id=\"mediation-and-other-alternative-dispute-resolution-methods\">Mediaci\u00f3n y otros m\u00e9todos alternativos de resoluci\u00f3n de disputas<\/h2>\n\n\n\n<p>Adem\u00e1s del arbitraje, los tribunales de Pensilvania suelen fomentar o exigir la mediaci\u00f3n en las demandas por negligencia profesional. La mediaci\u00f3n re\u00fane a las partes con un mediador neutral, a menudo un juez o abogado jubilado, que les ayuda a negociar un acuerdo voluntario. A diferencia de los \u00e1rbitros, los mediadores no toman decisiones por las partes. En cambio, trabajan para encontrar puntos en com\u00fan y fomentar el acuerdo.<\/p>\n\n\n\n<p>La mediaci\u00f3n suele ordenarse en las primeras etapas del proceso judicial, a veces en un plazo de 60 d\u00edas despu\u00e9s de que el demandado presente su respuesta ante el tribunal. De acuerdo con la Ley de Negligencia M\u00e9dica en los Servicios de Salud de Pensilvania, los jueces tambi\u00e9n pueden ordenar la mediaci\u00f3n en distintos momentos para fomentar acuerdos r\u00e1pidos. La mediaci\u00f3n y otras opciones de resoluci\u00f3n alternativa de disputas (como la evaluaci\u00f3n neutral temprana o las conferencias de conciliaci\u00f3n) pueden ahorrar tiempo, reducir costos y dar a los pacientes m\u00e1s control sobre el resultado. Muchos casos se resuelven durante la mediaci\u00f3n, y las partes pueden evitar el riesgo de un veredicto impredecible del jurado.<\/p>\n\n\n\n<h2 class=\"wp-block-heading\" id=\"the-mediation-and-arbitration-process-under-pennsylvania-law\">El proceso de mediaci\u00f3n y arbitraje seg\u00fan la legislaci\u00f3n de Pensilvania<\/h2>\n\n\n\n<p>Las normas de Pensilvania establecen procedimientos claros para la resoluci\u00f3n alternativa de disputas en casos de negligencia m\u00e9dica:<\/p>\n\n\n\n<ul class=\"wp-block-list\">\n<li><strong>Programaci\u00f3n:<\/strong>\u00a0Los tribunales pueden ordenar una conferencia de descubrimiento dentro de los 60 d\u00edas posteriores a la presentaci\u00f3n de la respuesta para discutir la mediaci\u00f3n y establecer un plan de descubrimiento.<\/li>\n\n\n\n<li><strong>Participaci\u00f3n:<\/strong>\u00a0Todas las partes y sus abogados deben participar de buena fe y compartir la informaci\u00f3n necesaria para una negociaci\u00f3n significativa.<\/li>\n\n\n\n<li><strong>Orden de mediaci\u00f3n:<\/strong>\u00a0Los jueces pueden exigir a las partes que participen en al menos una sesi\u00f3n de mediaci\u00f3n o conferencia de conciliaci\u00f3n despu\u00e9s de la presentaci\u00f3n de pruebas y antes de que se fije la fecha del juicio.<\/li>\n\n\n\n<li><strong>Acuerdo:<\/strong>\u00a0Si las partes llegan a un acuerdo, el mediador ayuda a redactar un acuerdo que se presenta al tribunal para su aprobaci\u00f3n.<\/li>\n<\/ul>\n\n\n\n<p>Si la mediaci\u00f3n no resuelve el caso, el juicio puede continuar. Tanto el arbitraje como la mediaci\u00f3n son confidenciales, y las declaraciones realizadas no pueden utilizarse posteriormente en los tribunales. Su&nbsp;<a href=\"https:\/\/www.myphillylawyer.com\/es\/zonas-atendidas\/jenkintown\/abogados-de-negligencia-medica-2\/\" target=\"_blank\" rel=\"noreferrer noopener\">abogado de negligencia m\u00e9dica<\/a>&nbsp;te guiar\u00e1 a trav\u00e9s de estos procesos y te ayudar\u00e1 a prepararte.<\/p>\n\n\n\n<h2 class=\"wp-block-heading\" id=\"benefits-and-drawbacks-of-arbitration-and-adr-in-medical-negligence-cases\">Ventajas e inconvenientes del arbitraje y los medios alternativos de resoluci\u00f3n de disputas en casos de negligencia m\u00e9dica<\/h2>\n\n\n\n<p>La resoluci\u00f3n alternativa de disputas ofrece muchas ventajas, entre ellas rapidez, privacidad y menores costos. Permite evitar la incertidumbre de un juicio y, a menudo, conduce a un acuerdo mutuamente aceptable. La mediaci\u00f3n, en particular, da voz a los pacientes y a los proveedores en el resultado.<\/p>\n\n\n\n<p>Sin embargo, es posible que el ADR no sea adecuado para todos los casos. A veces, una decisi\u00f3n arbitral vinculante es definitiva, incluso si no est\u00e1 satisfecho con el resultado. En otras situaciones, una de las partes puede rechazar ofertas de acuerdo razonables, lo que obliga a llevar el caso a juicio de todos modos. Es importante sopesar los pros y los contras con su&nbsp;<a href=\"https:\/\/www.myphillylawyer.com\/es\/zonas-atendidas\/wayne\/abogados-de-negligencia-medica-2\/\" target=\"_blank\" rel=\"noreferrer noopener\">Abogado especializado en negligencia m\u00e9dica Philly<\/a>&nbsp;antes de aceptar el arbitraje o la mediaci\u00f3n.<\/p>\n\n\n\n<h2 class=\"wp-block-heading\" id=\"when-is-alternative-dispute-resolution-not-appropriate\">\u00bfCu\u00e1ndo no es apropiada la resoluci\u00f3n alternativa de disputas?<\/h2>\n\n\n\n<p>Aunque el ADR es \u00fatil en muchas situaciones, no siempre es la mejor opci\u00f3n. Si los hechos son muy controvertidos o si el caso implica da\u00f1os importantes y cuestiones legales complejas, puede ser necesario un juicio completo para obtener justicia. Si hay pruebas de fraude, ocultaci\u00f3n intencionada u otras irregularidades por parte de un proveedor de servicios m\u00e9dicos, puede ser m\u00e1s apropiado un juicio con juez o jurado. Adem\u00e1s, algunas p\u00f3lizas de seguro y normas judiciales pueden exigirle que pruebe el ADR antes de acudir a los tribunales, pero no pueden impedirle celebrar un juicio si el ADR fracasa.<\/p>\n\n\n\n<p>Un experimentado&nbsp;<a href=\"https:\/\/www.myphillylawyer.com\/es\/zonas-atendidas\/arboleda-de-sauces\/abogados-especializados-en-negligencias-medicas\/\" target=\"_blank\" rel=\"noreferrer noopener\">abogado de negligencias m\u00e9dicas<\/a>&nbsp;podemos evaluar su situaci\u00f3n y proteger sus intereses a lo largo del proceso de resoluci\u00f3n alternativa de disputas (ADR) o del litigio.<\/p>\n\n\n\n<h2 class=\"wp-block-heading\" id=\"fa-qs-about-mandatory-arbitration-and-alternative-dispute-resolution-options\">Preguntas frecuentes sobre el arbitraje obligatorio y las opciones alternativas de resoluci\u00f3n de disputas<\/h2>\n\n\n\n<p><strong>\u00bfEs obligatorio el arbitraje en todos los casos de negligencia m\u00e9dica en Pensilvania?<\/strong><br>No, no todos los casos requieren arbitraje. Algunos tribunales o contratos de Pensilvania pueden exigirlo, pero muchos casos se resuelven mediante mediaci\u00f3n o juicio. Su&nbsp;<a href=\"https:\/\/www.myphillylawyer.com\/es\/\" target=\"_blank\" rel=\"noreferrer noopener\">Philadelphia abogado de lesiones personales<\/a>&nbsp;puede revisar su caso y asesorarle sobre si el arbitraje es obligatorio.<\/p>\n\n\n\n<p><strong>\u00bfEn qu\u00e9 se diferencia la mediaci\u00f3n del arbitraje en los casos de negligencia m\u00e9dica?<\/strong><br>La mediaci\u00f3n ayuda a ambas partes a negociar un acuerdo con la ayuda de un mediador neutral que no toma una decisi\u00f3n vinculante. El arbitraje, sin embargo, implica a un \u00e1rbitro o panel neutral que escucha las pruebas y emite una decisi\u00f3n que puede ser vinculante.<\/p>\n\n\n\n<p><strong>\u00bfPierdo mi derecho a un juicio si acepto el arbitraje o la mediaci\u00f3n?<\/strong><br>Si el arbitraje es vinculante, por lo general no se puede llevar la misma reclamaci\u00f3n a juicio si no se est\u00e1 de acuerdo con el resultado. En el caso de la mediaci\u00f3n y muchos arbitrajes no vinculantes, se sigue teniendo derecho a ir a juicio si no se llega a un acuerdo.<\/p>\n\n\n\n<p><strong>\u00bfPuedo tener un abogado que me represente en el arbitraje o la mediaci\u00f3n?<\/strong><br>S\u00ed, tienes derecho a tener un&nbsp;<a href=\"https:\/\/www.myphillylawyer.com\/es\/zonas-atendidas\/bensalem\/abogados-de-negligencia-medica-2\/\" target=\"_blank\" rel=\"noreferrer noopener\">abogado de negligencias m\u00e9dicas<\/a>&nbsp;representarlo durante cualquier proceso alternativo de resoluci\u00f3n de disputas. La orientaci\u00f3n legal le garantiza que comprenda sus derechos y no acepte menos de lo que se merece.<\/p>\n\n\n\n<h2 class=\"wp-block-heading\" id=\"other-resources-about-understanding-medical-malpractice-law-in-pennsylvania\">Otros recursos sobre c\u00f3mo entender la ley de negligencia m\u00e9dica en Pensilvania<\/h2>\n\n\n\n<ul class=\"wp-block-list\">\n<li><strong>Arbitraje obligatorio y opciones alternativas de resoluci\u00f3n de conflictos<\/strong><\/li>\n\n\n\n<li><a href=\"https:\/\/www.myphillylawyer.com\/es\/areas-de-practica\/negligencia-medica\/derechos-de-los-pacientes-tras-sufrir-una-lesion-durante-la-atencion-medica\/\">Derechos del paciente tras un accidente sanitario<\/a><\/li>\n\n\n\n<li><a href=\"https:\/\/www.myphillylawyer.com\/es\/areas-de-practica\/negligencia-medica\/reforma-de-la-responsabilidad-civil-por-negligencia-medica-y-actualizaciones-recientes-de-la-jurisprudencia\/\">Reforma de la negligencia m\u00e9dica y reciente actualizaci\u00f3n de la jurisprudencia<\/a><\/li>\n\n\n\n<li><a href=\"https:\/\/www.myphillylawyer.com\/es\/areas-de-practica\/negligencia-medica\/como-se-compara-pensilvania-con-respecto-a-las-leyes-sobre-negligencia-medica-por-estado\/\">Comparaci\u00f3n con Pensilvania: Leyes de negligencia m\u00e9dica por Estado<\/a><\/li>\n\n\n\n<li><a href=\"https:\/\/www.myphillylawyer.com\/es\/areas-de-practica\/negligencia-medica\/indemnizaciones-disponibles-en-demandas-por-negligencia-medica\/\">Indemnizaci\u00f3n por negligencia m\u00e9dica<\/a><\/li>\n\n\n\n<li><a href=\"https:\/\/www.myphillylawyer.com\/es\/areas-de-practica\/negligencia-medica\/el-papel-del-certificado-de-merito-en-las-demandas-por-negligencia-profesional-en-pensilvania\/\">El papel del certificado de m\u00e9rito en las demandas por negligencia de Pennsylvania<\/a><\/li>\n\n\n\n<li><a href=\"https:\/\/www.myphillylawyer.com\/es\/areas-de-practica\/negligencia-medica\/peritos-en-casos-de-negligencia-medica-en-pensilvania\/\">Peritos en casos de negligencia m\u00e9dica en Pensilvania<\/a><\/li>\n\n\n\n<li><a href=\"https:\/\/www.myphillylawyer.com\/es\/areas-de-practica\/negligencia-medica\/presentar-una-demanda-por-negligencia-medica-en-filadelfia\/\">Presentar una demanda por negligencia m\u00e9dica en Philadelphia<\/a><\/li>\n\n\n\n<li><a href=\"https:\/\/www.myphillylawyer.com\/es\/areas-de-practica\/negligencia-medica\/estatuto-de-limitaciones-por-negligencia-medica-en-filadelfia\/\">Philadelphia Prescripci\u00f3n de la negligencia m\u00e9dica<\/a><\/li>\n\n\n\n<li><a href=\"https:\/\/www.myphillylawyer.com\/es\/areas-de-practica\/negligencia-medica\/leyes-sobre-negligencia-medica-en-pensilvania-lo-que-los-pacientes-deben-saber\/\">Leyes de Pennsylvania sobre negligencia m\u00e9dica: Lo que los pacientes deben saber<\/a><\/li>\n<\/ul>\n\n\n\n<p><\/p>","protected":false},"excerpt":{"rendered":"<p>Arbitraje obligatorio y opciones alternativas de resoluci\u00f3n de disputas Las demandas por negligencia m\u00e9dica pueden durar a\u00f1os y suponer altos costos y estr\u00e9s para todos los involucrados. La legislaci\u00f3n de Pensilvania anima a las partes a resolver las disputas de forma r\u00e1pida y eficaz. Por eso, opciones como el arbitraje obligatorio y otras formas de resoluci\u00f3n alternativa de disputas (ADR) se han vuelto m\u00e1s comunes en Philadelphia y en todo...<\/p>","protected":false},"author":14,"featured_media":0,"parent":7452,"menu_order":0,"comment_status":"closed","ping_status":"closed","template":"","meta":{"_acf_changed":false,"jetpack_post_was_ever_published":false,"footnotes":""},"class_list":["post-14979","page","type-page","status-publish","hentry"],"acf":[],"jetpack_sharing_enabled":true,"_links":{"self":[{"href":"https:\/\/www.myphillylawyer.com\/es\/wp-json\/wp\/v2\/pages\/14979","targetHints":{"allow":["GET"]}}],"collection":[{"href":"https:\/\/www.myphillylawyer.com\/es\/wp-json\/wp\/v2\/pages"}],"about":[{"href":"https:\/\/www.myphillylawyer.com\/es\/wp-json\/wp\/v2\/types\/page"}],"author":[{"embeddable":true,"href":"https:\/\/www.myphillylawyer.com\/es\/wp-json\/wp\/v2\/users\/14"}],"replies":[{"embeddable":true,"href":"https:\/\/www.myphillylawyer.com\/es\/wp-json\/wp\/v2\/comments?post=14979"}],"version-history":[{"count":4,"href":"https:\/\/www.myphillylawyer.com\/es\/wp-json\/wp\/v2\/pages\/14979\/revisions"}],"predecessor-version":[{"id":15029,"href":"https:\/\/www.myphillylawyer.com\/es\/wp-json\/wp\/v2\/pages\/14979\/revisions\/15029"}],"up":[{"embeddable":true,"href":"https:\/\/www.myphillylawyer.com\/es\/wp-json\/wp\/v2\/pages\/7452"}],"wp:attachment":[{"href":"https:\/\/www.myphillylawyer.com\/es\/wp-json\/wp\/v2\/media?parent=14979"}],"curies":[{"name":"wp","href":"https:\/\/api.w.org\/{rel}","templated":true}]}}