{"id":15034,"date":"2025-12-03T12:15:08","date_gmt":"2025-12-03T17:15:08","guid":{"rendered":"https:\/\/www.myphillylawyer.com\/?page_id=15034"},"modified":"2025-12-03T13:09:35","modified_gmt":"2025-12-03T18:09:35","slug":"como-documentar-su-caso-de-negligencia-medica","status":"publish","type":"page","link":"https:\/\/www.myphillylawyer.com\/es\/areas-de-practica\/negligencia-medica\/como-documentar-su-caso-de-negligencia-medica\/","title":{"rendered":"C\u00f3mo documentar su caso de negligencia m\u00e9dica"},"content":{"rendered":"<h1 class=\"wp-block-heading\" id=\"how-to-document-your-medical-malpractice-case\">C\u00f3mo documentar su caso de negligencia m\u00e9dica<\/h1>\n\n\n\n<p>Cuando usted o un ser querido sufre da\u00f1os debido a un error de un proveedor m\u00e9dico, su mundo puede dar un vuelco. Saber qu\u00e9 hacer a continuaci\u00f3n puede resultar abrumador. Si cree que es v\u00edctima de negligencia m\u00e9dica en Philadelphia, una de las cosas m\u00e1s importantes que puede hacer es documentar su caso. Una documentaci\u00f3n cuidadosa le ofrece m\u00e1s posibilidades de que las partes responsables rindan cuentas. Tanto si trabaja con un&nbsp;<a href=\"https:\/\/www.myphillylawyer.com\/es\/areas-de-practica\/negligencia-medica\/\" target=\"_blank\" rel=\"noreferrer noopener\">Philadelphia abogado negligencia m\u00e9dica<\/a>&nbsp;o si est\u00e1s considerando tus opciones, esto es lo que necesitas saber.<\/p>\n\n\n\n<div class=\"wp-block-rank-math-toc-block\" id=\"rank-math-toc\"><h2>\u00cdndice<\/h2><nav><ul><li><a href=\"#how-to-document-your-medical-malpractice-case\">C\u00f3mo documentar su caso de negligencia m\u00e9dica<\/a><ul><li><a href=\"#start-with-your-own-detailed-notes\">Empieza con tus propias notas detalladas<\/a><\/li><li><a href=\"#gather-all-medical-records-and-bills\">Re\u00fana todos los expedientes m\u00e9dicos y facturas.<\/a><\/li><li><a href=\"#preserve-physical-evidence-and-take-photos\">Conserve las pruebas f\u00edsicas y tome fotos.<\/a><\/li><li><a href=\"#document-the-impact-on-your-life\">Documente el impacto en su vida.<\/a><\/li><li><a href=\"#share-information-only-with-your-attorney\">Comparta la informaci\u00f3n solo con su abogado.<\/a><\/li><li><a href=\"#fa-qs-about-how-to-document-your-medical-malpractice-case\">Preguntas frecuentes sobre c\u00f3mo documentar su caso de negligencia m\u00e9dica<\/a><\/li><li><a href=\"#collect-and-organize-all-medical-records\">Otros recursos sobre la gu\u00eda paso a paso para v\u00edctimas<\/a><\/li><\/ul><\/li><\/ul><\/nav><\/div>\n\n\n\n<h2 class=\"wp-block-heading\" id=\"start-with-your-own-detailed-notes\">Empieza con tus propias notas detalladas<\/h2>\n\n\n\n<p>Inmediatamente despu\u00e9s de sospechar que algo ha salido mal con su atenci\u00f3n m\u00e9dica, comience a anotar todo. Sus recuerdos son m\u00e1s n\u00edtidos cuando los acontecimientos est\u00e1n frescos. Mantenga un cuaderno o un documento digital solo para este prop\u00f3sito. Anote las fechas, las horas y los detalles de cada cita, conversaci\u00f3n o procedimiento. Incluya los nombres de los m\u00e9dicos, enfermeros u otro personal con el que haya hablado.<\/p>\n\n\n\n<p>Describa los s\u00edntomas o lesiones que le llevaron a buscar ayuda m\u00e9dica. Anote la atenci\u00f3n que recibi\u00f3 y cualquier instrucci\u00f3n que le hayan dado. Si not\u00f3 algo inusual, doloroso o alarmante, descr\u00edbalo con sus propias palabras. Si su estado cambi\u00f3 despu\u00e9s del tratamiento, an\u00f3telo. Cuantos m\u00e1s detalles escriba, mejor. Estas notas pueden ayudar a su m\u00e9dico a determinar si necesita m\u00e1s atenci\u00f3n m\u00e9dica.&nbsp;<a href=\"https:\/\/www.myphillylawyer.com\/es\/areas-de-practica\/negligencia-medica\/\" target=\"_blank\" rel=\"noreferrer noopener\">Abogado especializado en negligencia m\u00e9dica Philly<\/a>&nbsp;Entender exactamente lo que pas\u00f3 desde tu punto de vista.<\/p>\n\n\n\n<p>No se preocupe si no est\u00e1 seguro de lo que es importante. Anote todo. Su abogado especializado en negligencia m\u00e9dica puede ayudarle a determinar lo que es m\u00e1s importante. Estas notas pueden convertirse en pruebas clave en su caso. Si su caso llega a los tribunales, sus registros detallados podr\u00edan marcar una gran diferencia en el resultado.<\/p>\n\n\n\n<h2 class=\"wp-block-heading\" id=\"gather-all-medical-records-and-bills\">Re\u00fana todos los expedientes m\u00e9dicos y facturas.<\/h2>\n\n\n\n<p>Despu\u00e9s de tomar sus propias notas, el siguiente paso es reunir toda la documentaci\u00f3n relacionada con su atenci\u00f3n m\u00e9dica. Esto incluye registros hospitalarios, notas del m\u00e9dico, resultados de pruebas, listas de recetas y facturas. Re\u00fana tambi\u00e9n los registros anteriores a la lesi\u00f3n, para que su abogado pueda ver su historial m\u00e9dico y compararlo con su estado actual.<\/p>\n\n\n\n<p>Obtener tu expediente m\u00e9dico completo puede requerir cierto esfuerzo. En ocasiones, ser\u00e1 necesario presentar una solicitud formal al hospital o al consultorio de tu m\u00e9dico. Hazlo lo antes posible. No conf\u00edes en tu memoria ni en lo que te digan por tel\u00e9fono. Solicita copias de todo por escrito. Si no est\u00e1s seguro de qu\u00e9 solicitar, un&nbsp;<a href=\"https:\/\/www.myphillylawyer.com\/es\/zonas-atendidas\/bensalem\/abogados-de-negligencia-medica-2\/\" target=\"_blank\" rel=\"noreferrer noopener\">abogado especializado en negligencia m\u00e9dica en Bensalem<\/a>&nbsp;puede guiarte.<\/p>\n\n\n\n<p>Aseg\u00farese de guardar todas las facturas y recibos m\u00e9dicos. Estos muestran el costo de su atenci\u00f3n m\u00e9dica, los salarios perdidos y otros gastos. Ayudan a su abogado a demostrar el impacto financiero que la negligencia ha tenido en su vida. Incluso las facturas por los desplazamientos para acudir a las citas son importantes. Todo ello forma parte de la construcci\u00f3n de una s\u00f3lida reclamaci\u00f3n de indemnizaci\u00f3n.<\/p>\n\n\n\n<h2 class=\"wp-block-heading\" id=\"preserve-physical-evidence-and-take-photos\">Conserve las pruebas f\u00edsicas y tome fotos.<\/h2>\n\n\n\n<p>Las pruebas f\u00edsicas no siempre forman parte de un caso de negligencia m\u00e9dica, pero a veces son cruciales. Si tiene lesiones visibles, infecciones o cicatrices, tome fotos claras lo antes posible. Contin\u00fae tomando fotos a medida que cambie su estado. No se base solo en una foto. Feche cada foto y escriba una breve nota sobre lo que muestra.<\/p>\n\n\n\n<p>Si tiene dispositivos m\u00e9dicos, frascos de medicamentos o equipos relacionados con su lesi\u00f3n, gu\u00e1rdelos si es seguro hacerlo. A veces, estos objetos muestran lo que sali\u00f3 mal. Por ejemplo, si un dispositivo se rompi\u00f3 o un medicamento no estaba etiquetado correctamente, su abogado querr\u00e1 verlo.<\/p>\n\n\n\n<p>Si recibi\u00f3 instrucciones de alta por escrito, res\u00famenes posteriores a la visita o informaci\u00f3n sobre recetas, guarde todo junto. Estos documentos pueden demostrar si se le proporcion\u00f3 la informaci\u00f3n correcta o si las instrucciones eran confusas. Su&nbsp;<a href=\"https:\/\/www.myphillylawyer.com\/es\/zonas-atendidas\/jenkintown\/abogados-de-negligencia-medica-2\/\" target=\"_blank\" rel=\"noreferrer noopener\">abogado especializado en negligencia m\u00e9dica en Jenkintown<\/a>&nbsp;Tambi\u00e9n puede solicitar copias para su revisi\u00f3n.<\/p>\n\n\n\n<h2 class=\"wp-block-heading\" id=\"document-the-impact-on-your-life\">Documente el impacto en su vida.<\/h2>\n\n\n\n<p>Los errores m\u00e9dicos pueden cambiar su vida de maneras que no siempre son evidentes en un expediente m\u00e9dico. Lleve un diario de c\u00f3mo le afecta la lesi\u00f3n. Escriba sobre el dolor f\u00edsico, las dificultades emocionales y los retos diarios. Anote los d\u00edas que falt\u00f3 al trabajo, los eventos especiales a los que no pudo asistir o las actividades cotidianas que ya no puede disfrutar.<\/p>\n\n\n\n<p>Los familiares tambi\u00e9n pueden tomar notas sobre los cambios que observen. Esto ayuda a su&nbsp;<a href=\"https:\/\/www.myphillylawyer.com\/es\/zonas-atendidas\/norristown\/abogados-de-negligencia-medica-2\/\" target=\"_blank\" rel=\"noreferrer noopener\">abogado especializado en negligencia m\u00e9dica en Norristown<\/a>&nbsp;muestren el impacto total en su bienestar. Poder se\u00f1alar ejemplos reales de c\u00f3mo la lesi\u00f3n cambi\u00f3 su rutina, sus relaciones o sus finanzas es una prueba contundente.<\/p>\n\n\n\n<p>Si est\u00e1s acudiendo a terapeutas, consejeros u otros m\u00e9dicos por problemas relacionados con la negligencia, guarda tambi\u00e9n esos registros. Cada detalle ayuda a construir una imagen de lo que has perdido y de lo que est\u00e1s enfrentando ahora. Una buena documentaci\u00f3n fortalece tu caso y ayuda a garantizar que los responsables rindan cuentas.<\/p>\n\n\n\n<h2 class=\"wp-block-heading\" id=\"share-information-only-with-your-attorney\">Comparta la informaci\u00f3n solo con su abogado.<\/h2>\n\n\n\n<p>Una vez que comience a reunir pruebas, es posible que reciba llamadas de compa\u00f1\u00edas de seguros o abogados de hospitales. Es posible que le pidan declaraciones o informaci\u00f3n. Tenga cuidado. Es importante que no d\u00e9 declaraciones grabadas ni firme ning\u00fan documento sin hablar primero con su abogado. Cualquier cosa que diga o firme podr\u00eda utilizarse en su contra m\u00e1s adelante.<\/p>\n\n\n\n<p>A&nbsp;<a href=\"https:\/\/www.myphillylawyer.com\/es\/zonas-atendidas\/upper-darby\/abogado-de-negligencias-medicas\/\" target=\"_blank\" rel=\"noreferrer noopener\">abogado especializado en negligencia m\u00e9dica en Upper Darby<\/a>&nbsp;sabe c\u00f3mo manejar estas solicitudes y puede proteger sus derechos. Su abogado tambi\u00e9n puede entrevistar a testigos, recopilar m\u00e1s registros y traer a expertos m\u00e9dicos seg\u00fan sea necesario.<\/p>\n\n\n\n<p>Nunca modifique ni deseche ninguna prueba. No permita que nadie lo convenza de hacerlo. Su abogado le ayudar\u00e1 a decidir qu\u00e9 compartir y qu\u00e9 mantener en privado. Trabaje en estrecha colaboraci\u00f3n con un&nbsp;<a href=\"https:\/\/www.myphillylawyer.com\/es\/\" target=\"_blank\" rel=\"noreferrer noopener\">Philadelphia abogado de lesiones personales<\/a>&nbsp;garantiza que su reclamaci\u00f3n sea lo m\u00e1s s\u00f3lida posible.<\/p>\n\n\n\n<h2 class=\"wp-block-heading\" id=\"fa-qs-about-how-to-document-your-medical-malpractice-case\">Preguntas frecuentes sobre c\u00f3mo documentar su caso de negligencia m\u00e9dica<\/h2>\n\n\n\n<p><strong>\u00bfQu\u00e9 debo hacer si mi m\u00e9dico no me entrega mi expediente m\u00e9dico?<\/strong><br>Usted tiene derecho legal a acceder a su historial m\u00e9dico. Si un proveedor de servicios de salud se niega a proporcion\u00e1rselo, p\u00f3ngase en contacto con un&nbsp;<a href=\"https:\/\/www.myphillylawyer.com\/es\/zonas-atendidas\/wayne\/abogados-de-negligencia-medica-2\/\" target=\"_blank\" rel=\"noreferrer noopener\">abogado especializado en negligencia m\u00e9dica en Wayne<\/a>. Pueden enviar una solicitud formal y, si es necesario, tomar medidas legales para obtener su expediente.<\/p>\n\n\n\n<p><strong>\u00bfQu\u00e9 importancia tienen las fotos en un caso de negligencia m\u00e9dica?<\/strong><br>Las fotos pueden ser una prueba contundente. Muestran lesiones o cambios que las palabras no siempre pueden describir. Las fotos peri\u00f3dicas y fechadas ayudan a su&nbsp;<a href=\"https:\/\/www.myphillylawyer.com\/es\/zonas-atendidas\/arboleda-de-sauces\/abogados-especializados-en-negligencias-medicas\/\" target=\"_blank\" rel=\"noreferrer noopener\">abogados especializados en negligencia m\u00e9dica en Willow Grove<\/a>&nbsp;demuestre el alcance y la cronolog\u00eda de sus lesiones.<\/p>\n\n\n\n<p><strong>\u00bfDebo llevar un diario sobre mi recuperaci\u00f3n?<\/strong><br>S\u00ed, llevar un diario es muy \u00fatil. Anote sus niveles de dolor, sus dificultades emocionales y c\u00f3mo ha cambiado su vida. Estas notas ayudar\u00e1n a su abogado y, si es necesario, al tribunal, a formarse una idea completa de la situaci\u00f3n.<\/p>\n\n\n\n<p><strong>\u00bfPuedo usar mensajes de texto o correos electr\u00f3nicos como evidencia en mi caso?<\/strong><br>Por supuesto. Guarde todos los mensajes de texto o correos electr\u00f3nicos con su m\u00e9dico o personal m\u00e9dico en los que se hable de su atenci\u00f3n m\u00e9dica. Estos pueden mostrar lo que se dijo, los consejos que se dieron o las promesas que se hicieron, lo que a\u00f1ade un contexto valioso a su caso.<\/p>\n\n\n\n<h2 class=\"wp-block-heading\" id=\"collect-and-organize-all-medical-records\">Otros recursos sobre la gu\u00eda paso a paso para v\u00edctimas<\/h2>\n\n\n\n<ul class=\"wp-block-list\">\n<li><a href=\"https:\/\/www.myphillylawyer.com\/es\/areas-de-practica\/negligencia-medica\/defensas-comunes-utilizadas-por-medicos-y-hospitales\/\">Defensas comunes utilizadas por m\u00e9dicos y hospitales<\/a><\/li>\n\n\n\n<li><a href=\"https:\/\/www.myphillylawyer.com\/es\/areas-de-practica\/negligencia-medica\/comprender-el-proceso-judicial-por-negligencia-medica\/\">Comprender el proceso de litigio por negligencia m\u00e9dica<\/a><\/li>\n\n\n\n<li><a href=\"https:\/\/www.myphillylawyer.com\/es\/areas-de-practica\/negligencia-medica\/preparacion-para-una-consulta-sobre-negligencia-medica\/\">C\u00f3mo prepararse para una consulta por negligencia m\u00e9dica<\/a><\/li>\n\n\n\n<li><strong>C\u00f3mo documentar su caso de negligencia m\u00e9dica<\/strong><\/li>\n\n\n\n<li><a href=\"https:\/\/www.myphillylawyer.com\/es\/areas-de-practica\/negligencia-medica\/como-funcionan-los-honorarios-contingentes-en-la-representacion-por-negligencia-medica\/\">C\u00f3mo funcionan los honorarios condicionales en la representaci\u00f3n por negligencia m\u00e9dica<\/a><\/li>\n\n\n\n<li><a href=\"https:\/\/www.myphillylawyer.com\/es\/areas-de-practica\/negligencia-medica\/que-sucede-durante-una-evaluacion-gratuita-del-caso\/\">\u00bfQu\u00e9 ocurre durante una evaluaci\u00f3n gratuita del caso?<\/a><\/li>\n\n\n\n<li><a href=\"https:\/\/www.myphillylawyer.com\/es\/areas-de-practica\/negligencia-medica\/acuerdo-extrajudicial-frente-a-juicio-que-esperar-en-los-casos-de-negligencia-profesional-en-pensilvania\/\">Acuerdo vs. Juicio: Qu\u00e9 esperar en los casos de negligencia en AP<\/a><\/li>\n\n\n\n<li><a href=\"https:\/\/www.myphillylawyer.com\/es\/areas-de-practica\/negligencia-medica\/elegir-al-abogado-adecuado-especializado-en-negligencia-medica-en-filadelfia\/\">C\u00f3mo elegir al abogado adecuado para negligencias m\u00e9dicas Philadelphia<\/a><\/li>\n\n\n\n<li><a href=\"https:\/\/www.myphillylawyer.com\/es\/areas-de-practica\/negligencia-medica\/como-investiga-myphillylawyer-las-demandas-por-negligencia-medica\/\">C\u00f3mo investiga MyPhillyLawyer las demandas por negligencia m\u00e9dica<\/a><\/li>\n\n\n\n<li><a href=\"https:\/\/www.myphillylawyer.com\/es\/areas-de-practica\/negligencia-medica\/que-hacer-si-sospechas-que-ha-habido-negligencia-medica-en-filadelfia\/\">Qu\u00e9 hacer si sospecha de negligencia m\u00e9dica en Philadelphia<\/a><\/li>\n<\/ul>","protected":false},"excerpt":{"rendered":"<p>C\u00f3mo documentar su caso de negligencia m\u00e9dica Cuando usted o un ser querido sufre da\u00f1os debido a un error de un proveedor m\u00e9dico, su mundo puede dar un vuelco. Saber qu\u00e9 hacer a continuaci\u00f3n puede resultar abrumador. Si cree que es v\u00edctima de negligencia m\u00e9dica en Philadelphia, una de las cosas m\u00e1s importantes que debe hacer...<\/p>","protected":false},"author":14,"featured_media":0,"parent":7452,"menu_order":0,"comment_status":"closed","ping_status":"closed","template":"","meta":{"_acf_changed":false,"jetpack_post_was_ever_published":false,"footnotes":""},"class_list":["post-15034","page","type-page","status-publish","hentry"],"acf":[],"jetpack_sharing_enabled":true,"_links":{"self":[{"href":"https:\/\/www.myphillylawyer.com\/es\/wp-json\/wp\/v2\/pages\/15034","targetHints":{"allow":["GET"]}}],"collection":[{"href":"https:\/\/www.myphillylawyer.com\/es\/wp-json\/wp\/v2\/pages"}],"about":[{"href":"https:\/\/www.myphillylawyer.com\/es\/wp-json\/wp\/v2\/types\/page"}],"author":[{"embeddable":true,"href":"https:\/\/www.myphillylawyer.com\/es\/wp-json\/wp\/v2\/users\/14"}],"replies":[{"embeddable":true,"href":"https:\/\/www.myphillylawyer.com\/es\/wp-json\/wp\/v2\/comments?post=15034"}],"version-history":[{"count":5,"href":"https:\/\/www.myphillylawyer.com\/es\/wp-json\/wp\/v2\/pages\/15034\/revisions"}],"predecessor-version":[{"id":15097,"href":"https:\/\/www.myphillylawyer.com\/es\/wp-json\/wp\/v2\/pages\/15034\/revisions\/15097"}],"up":[{"embeddable":true,"href":"https:\/\/www.myphillylawyer.com\/es\/wp-json\/wp\/v2\/pages\/7452"}],"wp:attachment":[{"href":"https:\/\/www.myphillylawyer.com\/es\/wp-json\/wp\/v2\/media?parent=15034"}],"curies":[{"name":"wp","href":"https:\/\/api.w.org\/{rel}","templated":true}]}}