{"id":15043,"date":"2025-12-03T12:17:36","date_gmt":"2025-12-03T17:17:36","guid":{"rendered":"https:\/\/www.myphillylawyer.com\/?page_id=15043"},"modified":"2025-12-03T13:10:04","modified_gmt":"2025-12-03T18:10:04","slug":"elegir-al-abogado-adecuado-especializado-en-negligencia-medica-en-filadelfia","status":"publish","type":"page","link":"https:\/\/www.myphillylawyer.com\/es\/areas-de-practica\/negligencia-medica\/elegir-al-abogado-adecuado-especializado-en-negligencia-medica-en-filadelfia\/","title":{"rendered":"C\u00f3mo elegir al abogado adecuado para negligencias m\u00e9dicas Philadelphia"},"content":{"rendered":"<h1 class=\"wp-block-heading\" id=\"choosing-the-right-philadelphia-medical-malpractice-attorney\">C\u00f3mo elegir al abogado adecuado para negligencias m\u00e9dicas Philadelphia<\/h1>\n\n\n\n<p>Lidiar con las consecuencias de la negligencia m\u00e9dica puede ser abrumador. Encontrar al abogado adecuado que le gu\u00ede a lo largo del proceso es fundamental. El adecuado&nbsp;<a href=\"https:\/\/www.myphillylawyer.com\/es\/areas-de-practica\/negligencia-medica\/\" target=\"_blank\" rel=\"noreferrer noopener\">Philadelphia abogado negligencia m\u00e9dica<\/a>&nbsp;marca una diferencia significativa en el resultado de su reclamaci\u00f3n. Esto es lo que necesita saber para tomar una decisi\u00f3n informada.<\/p>\n\n\n\n<div class=\"wp-block-rank-math-toc-block\" id=\"rank-math-toc\"><h2>\u00cdndice<\/h2><nav><ul><li><a href=\"#choosing-the-right-philadelphia-medical-malpractice-attorney\">C\u00f3mo elegir al abogado adecuado para negligencias m\u00e9dicas Philadelphia<\/a><ul><li><a href=\"#know-what-experience-to-look-for\">Sepa qu\u00e9 experiencia buscar<\/a><\/li><li><a href=\"#understand-the-legal-teams-resources\">Comprender los recursos del equipo legal<\/a><\/li><li><a href=\"#prioritize-communication-and-client-focus\">Priorizar la comunicaci\u00f3n y la orientaci\u00f3n al cliente<\/a><\/li><li><a href=\"#evaluate-their-approach-to-fees\">Eval\u00faa su enfoque respecto a las tarifas<\/a><\/li><li><a href=\"#check-reviews-and-reputation\">Revisa las rese\u00f1as y la reputaci\u00f3n<\/a><\/li><li><a href=\"#fa-qs-about-choosing-the-right-philadelphia-medical-malpractice-attorney\">Preguntas frecuentes sobre c\u00f3mo elegir al abogado adecuado especializado en negligencia m\u00e9dica Philadelphia<\/a><\/li><li><a href=\"#other-resources-about-step-by-step-guide-for-victims\">Otros recursos sobre la gu\u00eda paso a paso para v\u00edctimas<\/a><\/li><\/ul><\/li><\/ul><\/nav><\/div>\n\n\n\n<h2 class=\"wp-block-heading\" id=\"know-what-experience-to-look-for\">Sepa qu\u00e9 experiencia buscar<\/h2>\n\n\n\n<p>Los casos de negligencia m\u00e9dica son complejos, ya que involucran tanto el \u00e1mbito legal como el m\u00e9dico. No todos los abogados especializados en lesiones personales se ocupan de estos casos. Necesitas un abogado con experiencia comprobada en demandas por negligencia m\u00e9dica. Busca a alguien que haya llevado con \u00e9xito casos similares al tuyo, lo que incluye casos relacionados con diagn\u00f3sticos err\u00f3neos, errores quir\u00fargicos, lesiones durante el parto o errores en la medicaci\u00f3n.<\/p>\n\n\n\n<p>Pregunte a los potenciales&nbsp;<a href=\"https:\/\/www.myphillylawyer.com\/es\/zonas-atendidas\/bensalem\/abogados-de-negligencia-medica-2\/\" target=\"_blank\" rel=\"noreferrer noopener\">abogados de negligencia m\u00e9dica<\/a>&nbsp;sobre su trayectoria, cu\u00e1ntos casos de negligencia han llevado a juicio o resuelto, y cu\u00e1les han sido los resultados. Los conocimientos jur\u00eddicos, la capacidad de negociaci\u00f3n y un historial de resultados positivos pueden diferenciar a un abogado de los dem\u00e1s.<\/p>\n\n\n\n<h2 class=\"wp-block-heading\" id=\"understand-the-legal-teams-resources\">Comprender los recursos del equipo legal<\/h2>\n\n\n\n<p>Las demandas por negligencia m\u00e9dica requieren recursos significativos. Estos casos suelen necesitar testimonios de expertos, revisiones exhaustivas de historiales m\u00e9dicos y recopilaci\u00f3n detallada de pruebas. Pregunte si el bufete de abogados trabaja habitualmente con expertos m\u00e9dicos de confianza y otros profesionales que puedan reforzar su caso.<\/p>\n\n\n\n<p>A&nbsp;<a href=\"https:\/\/www.myphillylawyer.com\/es\/zonas-atendidas\/jenkintown\/abogados-de-negligencia-medica-2\/\" target=\"_blank\" rel=\"noreferrer noopener\">abogado de negligencias m\u00e9dicas<\/a>&nbsp;con un equipo s\u00f3lido puede investigar su reclamaci\u00f3n desde todos los \u00e1ngulos y asegurarse de que no se pase nada por alto. Esta atenci\u00f3n al detalle ayudar\u00e1 a construir un caso s\u00f3lido y a plantar cara a los hospitales y las compa\u00f1\u00edas de seguros.<\/p>\n\n\n\n<h2 class=\"wp-block-heading\" id=\"prioritize-communication-and-client-focus\">Priorizar la comunicaci\u00f3n y la orientaci\u00f3n al cliente<\/h2>\n\n\n\n<p>Usted quiere un abogado que le escuche y le mantenga informado. Durante su primera reuni\u00f3n, preste atenci\u00f3n a c\u00f3mo le trata el abogado. \u00bfResponde a sus preguntas con un lenguaje sencillo? \u00bfEs receptivo a sus inquietudes? \u00bfSe siente c\u00f3modo compartiendo con \u00e9l detalles m\u00e9dicos delicados?<\/p>\n\n\n\n<p>La comunicaci\u00f3n abierta es clave. Lo correcto&nbsp;<a href=\"https:\/\/www.myphillylawyer.com\/es\/\" target=\"_blank\" rel=\"noreferrer noopener\">Philadelphia abogado de lesiones personales<\/a>&nbsp;debe tratarte con respeto, responder a tus llamadas y mantenerte informado sobre el progreso de tu caso.<\/p>\n\n\n\n<h2 class=\"wp-block-heading\" id=\"evaluate-their-approach-to-fees\">Eval\u00faa su enfoque respecto a las tarifas<\/h2>\n\n\n\n<p>M\u00e1s&nbsp;<a href=\"https:\/\/www.myphillylawyer.com\/es\/zonas-atendidas\/norristown\/abogados-de-negligencia-medica-2\/\" target=\"_blank\" rel=\"noreferrer noopener\">abogados de negligencia m\u00e9dica<\/a>&nbsp;Manejan los casos de forma contingente, lo que significa que no pagas nada a menos que obtengan una indemnizaci\u00f3n para ti. Pregunta por su estructura de honorarios, incluyendo si tendr\u00e1s que hacerte cargo de los costos si tu caso no tiene \u00e9xito.<\/p>\n\n\n\n<p>Ten claro lo que se espera de ti antes de firmar nada. Un buen despacho de abogados ser\u00e1 transparente en cuanto a los honorarios, los costos y los posibles riesgos y beneficios de tu caso.<\/p>\n\n\n\n<h2 class=\"wp-block-heading\" id=\"check-reviews-and-reputation\">Revisa las rese\u00f1as y la reputaci\u00f3n<\/h2>\n\n\n\n<p>Las rese\u00f1as en l\u00ednea, los testimonios y las recomendaciones de fuentes confiables pueden darte una idea de la reputaci\u00f3n de un despacho de abogados. Consulta lo que dicen los antiguos clientes sobre su experiencia, la atenci\u00f3n al detalle y los resultados. No dudes en pedir referencias a tu abogado.<\/p>\n\n\n\n<p>Una s\u00f3lida reputaci\u00f3n refleja el compromiso de una empresa de ayudar a sus clientes y lograr resultados justos, especialmente en casos de negligencia m\u00e9dica, en los que hay mucho en juego.<\/p>\n\n\n\n<h2 class=\"wp-block-heading\" id=\"fa-qs-about-choosing-the-right-philadelphia-medical-malpractice-attorney\">Preguntas frecuentes sobre c\u00f3mo elegir al abogado adecuado especializado en negligencia m\u00e9dica Philadelphia<\/h2>\n\n\n\n<p><strong>\u00bfC\u00f3mo puedo saber si un abogado est\u00e1 calificado para manejar mi caso de negligencia m\u00e9dica?<\/strong><br>Empieza por preguntarles sobre su experiencia con casos como el tuyo. Un profesional calificado&nbsp;<a href=\"https:\/\/www.myphillylawyer.com\/es\/zonas-atendidas\/upper-darby\/abogado-de-negligencias-medicas\/\" target=\"_blank\" rel=\"noreferrer noopener\">abogado de negligencia m\u00e9dica<\/a>&nbsp;debe tener experiencia demostrada en reclamaciones similares, conocer la legislaci\u00f3n de Pensilvania en materia de negligencia profesional y tener acceso a expertos m\u00e9dicos.<\/p>\n\n\n\n<p><strong>\u00bfTengo que pagar por adelantado los servicios de representaci\u00f3n legal?<\/strong><br>M\u00e1s&nbsp;<a href=\"https:\/\/www.myphillylawyer.com\/es\/zonas-atendidas\/wayne\/abogados-de-negligencia-medica-2\/\" target=\"_blank\" rel=\"noreferrer noopener\">abogados especializados en negligencias m\u00e9dicas<\/a>&nbsp;Trabajan con honorarios contingentes, lo que significa que no pagar\u00e1 nada a menos que gane o llegue a un acuerdo en su caso. Confirme siempre el acuerdo sobre los honorarios y cualquier costo adicional antes de contratar a un abogado.<\/p>\n\n\n\n<p><strong>\u00bfQu\u00e9 importancia tienen la comunicaci\u00f3n y las actualizaciones durante mi caso?<\/strong><br>Es esencial una comunicaci\u00f3n clara. Usted merece un abogado que le mantenga informado y responda a sus preguntas. Un abogado s\u00f3lido&nbsp;<a href=\"https:\/\/www.myphillylawyer.com\/es\/areas-de-practica\/negligencia-medica\/\" target=\"_blank\" rel=\"noreferrer noopener\">Abogado especializado en negligencia m\u00e9dica Philly<\/a>&nbsp;nos aseguraremos de que nunca te quedes sin informaci\u00f3n a medida que avance tu caso.<\/p>\n\n\n\n<p><strong>\u00bfQu\u00e9 debo llevar a mi primera reuni\u00f3n con un abogado especializado en negligencia m\u00e9dica?<\/strong><br>Traiga todos sus registros m\u00e9dicos, facturas, correspondencia y una cronolog\u00eda escrita de los acontecimientos. Esto le ayudar\u00e1 a&nbsp;<a href=\"https:\/\/www.myphillylawyer.com\/es\/zonas-atendidas\/arboleda-de-sauces\/abogados-especializados-en-negligencias-medicas\/\" target=\"_blank\" rel=\"noreferrer noopener\">abogados especializados en negligencias m\u00e9dicas<\/a>&nbsp;Revisaremos r\u00e1pidamente su reclamaci\u00f3n y le daremos un asesoramiento preciso sobre las posibilidades de su caso.<\/p>\n\n\n\n<h2 class=\"wp-block-heading\" id=\"other-resources-about-step-by-step-guide-for-victims\">Otros recursos sobre la gu\u00eda paso a paso para v\u00edctimas<\/h2>\n\n\n\n<ul class=\"wp-block-list\">\n<li><a href=\"https:\/\/www.myphillylawyer.com\/es\/areas-de-practica\/negligencia-medica\/defensas-comunes-utilizadas-por-medicos-y-hospitales\/\">Defensas comunes utilizadas por m\u00e9dicos y hospitales<\/a><\/li>\n\n\n\n<li><a href=\"https:\/\/www.myphillylawyer.com\/es\/areas-de-practica\/negligencia-medica\/comprender-el-proceso-judicial-por-negligencia-medica\/\">Comprender el proceso de litigio por negligencia m\u00e9dica<\/a><\/li>\n\n\n\n<li><a href=\"https:\/\/www.myphillylawyer.com\/es\/areas-de-practica\/negligencia-medica\/preparacion-para-una-consulta-sobre-negligencia-medica\/\">C\u00f3mo prepararse para una consulta por negligencia m\u00e9dica<\/a><\/li>\n\n\n\n<li><a href=\"https:\/\/www.myphillylawyer.com\/es\/areas-de-practica\/negligencia-medica\/como-documentar-su-caso-de-negligencia-medica\/\">C\u00f3mo documentar su caso de negligencia m\u00e9dica<\/a><\/li>\n\n\n\n<li><a href=\"https:\/\/www.myphillylawyer.com\/es\/areas-de-practica\/negligencia-medica\/como-funcionan-los-honorarios-contingentes-en-la-representacion-por-negligencia-medica\/\">C\u00f3mo funcionan los honorarios condicionales en la representaci\u00f3n por negligencia m\u00e9dica<\/a><\/li>\n\n\n\n<li><a href=\"https:\/\/www.myphillylawyer.com\/es\/areas-de-practica\/negligencia-medica\/que-sucede-durante-una-evaluacion-gratuita-del-caso\/\">\u00bfQu\u00e9 ocurre durante una evaluaci\u00f3n gratuita del caso?<\/a><\/li>\n\n\n\n<li><a href=\"https:\/\/www.myphillylawyer.com\/es\/areas-de-practica\/negligencia-medica\/acuerdo-extrajudicial-frente-a-juicio-que-esperar-en-los-casos-de-negligencia-profesional-en-pensilvania\/\">Acuerdo vs. Juicio: Qu\u00e9 esperar en los casos de negligencia en AP<\/a><\/li>\n\n\n\n<li><strong>C\u00f3mo elegir al abogado adecuado para negligencias m\u00e9dicas Philadelphia<\/strong><\/li>\n\n\n\n<li><a href=\"https:\/\/www.myphillylawyer.com\/es\/areas-de-practica\/negligencia-medica\/como-investiga-myphillylawyer-las-demandas-por-negligencia-medica\/\">C\u00f3mo investiga MyPhillyLawyer las demandas por negligencia m\u00e9dica<\/a><\/li>\n\n\n\n<li><a href=\"https:\/\/www.myphillylawyer.com\/es\/areas-de-practica\/negligencia-medica\/que-hacer-si-sospechas-que-ha-habido-negligencia-medica-en-filadelfia\/\">Qu\u00e9 hacer si sospecha de negligencia m\u00e9dica en Philadelphia<\/a><\/li>\n<\/ul>","protected":false},"excerpt":{"rendered":"<p>Elegir al abogado adecuado especializado en negligencia m\u00e9dica Philadelphia Lidiar con las consecuencias de la negligencia m\u00e9dica puede ser abrumador. Encontrar al abogado adecuado que le gu\u00ede a lo largo del proceso es fundamental. El abogado adecuado especializado en negligencia m\u00e9dica Philadelphia marca una diferencia significativa en el resultado de su reclamaci\u00f3n. Esto es lo que necesita saber para tomar una decisi\u00f3n informada. Sepa...<\/p>","protected":false},"author":14,"featured_media":0,"parent":7452,"menu_order":0,"comment_status":"closed","ping_status":"closed","template":"","meta":{"_acf_changed":false,"footnotes":""},"class_list":["post-15043","page","type-page","status-publish","hentry"],"acf":[],"jetpack_sharing_enabled":true,"_links":{"self":[{"href":"https:\/\/www.myphillylawyer.com\/es\/wp-json\/wp\/v2\/pages\/15043","targetHints":{"allow":["GET"]}}],"collection":[{"href":"https:\/\/www.myphillylawyer.com\/es\/wp-json\/wp\/v2\/pages"}],"about":[{"href":"https:\/\/www.myphillylawyer.com\/es\/wp-json\/wp\/v2\/types\/page"}],"author":[{"embeddable":true,"href":"https:\/\/www.myphillylawyer.com\/es\/wp-json\/wp\/v2\/users\/14"}],"replies":[{"embeddable":true,"href":"https:\/\/www.myphillylawyer.com\/es\/wp-json\/wp\/v2\/comments?post=15043"}],"version-history":[{"count":5,"href":"https:\/\/www.myphillylawyer.com\/es\/wp-json\/wp\/v2\/pages\/15043\/revisions"}],"predecessor-version":[{"id":15100,"href":"https:\/\/www.myphillylawyer.com\/es\/wp-json\/wp\/v2\/pages\/15043\/revisions\/15100"}],"up":[{"embeddable":true,"href":"https:\/\/www.myphillylawyer.com\/es\/wp-json\/wp\/v2\/pages\/7452"}],"wp:attachment":[{"href":"https:\/\/www.myphillylawyer.com\/es\/wp-json\/wp\/v2\/media?parent=15043"}],"curies":[{"name":"wp","href":"https:\/\/api.w.org\/{rel}","templated":true}]}}