{"id":15103,"date":"2025-12-03T13:14:14","date_gmt":"2025-12-03T18:14:14","guid":{"rendered":"https:\/\/www.myphillylawyer.com\/?page_id=15103"},"modified":"2025-12-04T09:34:21","modified_gmt":"2025-12-04T14:34:21","slug":"los-hospitales-y-proveedores-de-servicios-medicos-de-filadelfia-se-ven-involucrados-con-frecuencia-en-reclamaciones","status":"publish","type":"page","link":"https:\/\/www.myphillylawyer.com\/es\/areas-de-practica\/negligencia-medica\/los-hospitales-y-proveedores-de-servicios-medicos-de-filadelfia-se-ven-involucrados-con-frecuencia-en-reclamaciones\/","title":{"rendered":"Philadelphia Hospitales y proveedores de asistencia sanitaria frecuentemente implicados en reclamaciones"},"content":{"rendered":"<h1 class=\"wp-block-heading\" id=\"philadelphia-hospitals-and-healthcare-providers-frequently-involved-in-claims\">Philadelphia Hospitales y proveedores de asistencia sanitaria frecuentemente implicados en reclamaciones<\/h1>\n\n\n\n<p>Philadelphia alberga algunos de los hospitales m\u00e1s conocidos del pa\u00eds. Aunque estos centros salvan muchas vidas, a\u00fan pueden producirse errores. Cuando un error hospitalario provoca lesiones o da\u00f1os, es habitual que los pacientes o sus familias busquen ayuda de un&nbsp;<a href=\"https:\/\/www.myphillylawyer.com\/es\/areas-de-practica\/negligencia-medica\/\" target=\"_blank\" rel=\"noreferrer noopener\">Philadelphia abogado negligencia m\u00e9dica<\/a>.<\/p>\n\n\n\n<p>Los principales hospitales, como el Hospital Universitario Thomas Jefferson, el Hospital de la Universidad de Pensilvania, el Hospital Universitario Temple y el Centro M\u00e9dico Einstein, suelen aparecer mencionados en las demandas. Estos hospitales atienden miles de casos cada a\u00f1o, por lo que incluso una peque\u00f1a tasa de error puede afectar a muchas personas. La mayor\u00eda de las demandas se refieren a cuestiones como diagn\u00f3sticos err\u00f3neos, errores quir\u00fargicos o problemas durante el parto. Por ejemplo, un paciente puede recibir una dosis incorrecta de medicaci\u00f3n o una cirug\u00eda puede salir mal debido a un malentendido.<\/p>\n\n\n\n<p>En muchos casos, las familias se quedan con elevadas facturas m\u00e9dicas, salarios perdidos o lesiones que les cambian la vida. Aqu\u00ed es donde entra en juego un equipo legal s\u00f3lido. A&nbsp;<a href=\"https:\/\/www.myphillylawyer.com\/es\/\" target=\"_blank\" rel=\"noreferrer noopener\">Philadelphia abogado de lesiones personales<\/a>&nbsp;puede revisar su caso, reunir pruebas y luchar por una indemnizaci\u00f3n. Los hospitales cuentan con sus propios equipos jur\u00eddicos, por lo que contar con un abogado con experiencia de su lado marca la diferencia. Es importante recordar que los hospitales no est\u00e1n por encima de la ley y que, cuando los errores causan da\u00f1os, las v\u00edctimas tienen derecho a buscar justicia.<\/p>\n\n\n\n<div class=\"wp-block-rank-math-toc-block\" id=\"rank-math-toc\"><h2>\u00cdndice<\/h2><nav><ul><li><a href=\"#philadelphia-hospitals-and-healthcare-providers-frequently-involved-in-claims\">Philadelphia Hospitales y proveedores de asistencia sanitaria frecuentemente implicados en reclamaciones<\/a><ul><li><a href=\"#common-healthcare-providers-implicated-in-malpractice-cases\">Proveedores de servicios de salud comunes implicados en casos de negligencia profesional<\/a><\/li><li><a href=\"#types-of-medical-errors-that-lead-to-claims\">Tipos de errores m\u00e9dicos que dan lugar a reclamaciones<\/a><\/li><li><a href=\"#what-to-do-if-you-suspect-medical-malpractice\">Qu\u00e9 hacer si sospecha que ha habido negligencia m\u00e9dica<\/a><\/li><li><a href=\"#how-a-medical-malpractice-lawyer-can-help\">C\u00f3mo puede ayudarle un abogado especializado en negligencia m\u00e9dica<\/a><\/li><li><a href=\"#fa-qs-about-philadelphia-hospitals-and-healthcare-providers-frequently-involved-in-claims\">Preguntas frecuentes sobre Philadelphia Hospitales y proveedores de servicios de salud que suelen estar involucrados en reclamaciones<\/a><\/li><li><a href=\"#other-resources-about-key-entities-institutions-and-trends\">Otros recursos sobre entidades, instituciones y tendencias clave<\/a><\/li><\/ul><\/li><\/ul><\/nav><\/div>\n\n\n\n<h2 class=\"wp-block-heading\" id=\"common-healthcare-providers-implicated-in-malpractice-cases\">Proveedores de servicios de salud comunes implicados en casos de negligencia profesional<\/h2>\n\n\n\n<p>Las demandas por negligencia m\u00e9dica en Philadelphia no solo involucran a m\u00e9dicos y cirujanos. Las enfermeras, los anestesistas, los radi\u00f3logos e incluso el personal del hospital pueden tener algo que ver en los errores. A veces, un paciente puede sufrir da\u00f1os debido a la mala coordinaci\u00f3n entre los diferentes miembros del equipo. Por ejemplo, una enfermera puede no darse cuenta de los cambios en los signos vitales, o un t\u00e9cnico de laboratorio puede interpretar mal los resultados de las pruebas.<\/p>\n\n\n\n<p>Los m\u00e9dicos de atenci\u00f3n primaria suelen ser demandados por negligencia profesional por motivos como no diagnosticar una enfermedad grave o recetar un medicamento inadecuado. Los especialistas, como los cardi\u00f3logos o los neur\u00f3logos, se enfrentan a demandas cuando pasan por alto se\u00f1ales de alerta cr\u00edticas. Los dentistas y otros profesionales de la salud tambi\u00e9n pueden ser considerados responsables si sus acciones u omisiones causan da\u00f1os.<\/p>\n\n\n\n<p>Las reclamaciones no siempre se refieren a errores dram\u00e1ticos, como operar la parte equivocada del cuerpo. A menudo, se refieren a peque\u00f1as decisiones que, sumadas, causan un da\u00f1o importante. Si usted o un ser querido cree que un proveedor de atenci\u00f3n m\u00e9dica ha cometido un error, p\u00f3ngase en contacto con un&nbsp;<a href=\"https:\/\/www.myphillylawyer.com\/es\/zonas-atendidas\/bensalem\/abogados-de-negligencia-medica-2\/\" target=\"_blank\" rel=\"noreferrer noopener\">abogado de negligencias m\u00e9dicas<\/a>&nbsp;pueden ayudarle a comprender sus opciones. Estos abogados saben c\u00f3mo investigar lo sucedido y pueden ayudarle a navegar por el complicado proceso de reclamaci\u00f3n.<\/p>\n\n\n\n<h2 class=\"wp-block-heading\" id=\"types-of-medical-errors-that-lead-to-claims\">Tipos de errores m\u00e9dicos que dan lugar a reclamaciones<\/h2>\n\n\n\n<p>No todas las lesiones que se producen en los hospitales se consideran negligencia m\u00e9dica, pero muchos errores comunes acaban dando lugar a reclamaciones. Los problemas m\u00e1s frecuentes son los diagn\u00f3sticos err\u00f3neos o tard\u00edos, los errores quir\u00fargicos, los errores de anestesia, las lesiones durante el parto y los errores de medicaci\u00f3n.<\/p>\n\n\n\n<p>El diagn\u00f3stico err\u00f3neo es una de las principales causas de demandas por negligencia m\u00e9dica. Si un m\u00e9dico no detecta los s\u00edntomas de un ataque card\u00edaco o un c\u00e1ncer, las consecuencias pueden ser devastadoras. Los errores quir\u00fargicos pueden incluir operar la parte incorrecta del cuerpo o dejar instrumentos quir\u00fargicos dentro del paciente. Los errores en la anestesia, aunque poco frecuentes, pueden causar lesiones cerebrales graves o incluso la muerte si no se tratan correctamente.<\/p>\n\n\n\n<p>Las lesiones durante el parto son otra \u00e1rea en la que las demandas por negligencia son comunes en Philadelphia. Si un beb\u00e9 sufre da\u00f1os durante el parto debido a un error, los padres pueden enfrentarse a a\u00f1os de atenci\u00f3n m\u00e9dica y dolor emocional. Los errores en la medicaci\u00f3n, como recetar el medicamento equivocado o administrar la dosis incorrecta, ocurren en entornos hospitalarios de ritmo acelerado.<\/p>\n\n\n\n<p>A&nbsp;<a href=\"https:\/\/www.myphillylawyer.com\/es\/areas-de-practica\/negligencia-medica\/\" target=\"_blank\" rel=\"noreferrer noopener\">Abogado especializado en negligencia m\u00e9dica Philly<\/a>&nbsp;pueden explicar si un error espec\u00edfico podr\u00eda dar lugar a una demanda viable. Revisar\u00e1n los registros m\u00e9dicos, hablar\u00e1n con expertos y le ayudar\u00e1n a determinar si hubo negligencia. Es importante actuar con rapidez, ya que la ley limita el tiempo que tiene para presentar una demanda.<\/p>\n\n\n\n<h2 class=\"wp-block-heading\" id=\"what-to-do-if-you-suspect-medical-malpractice\">Qu\u00e9 hacer si sospecha que ha habido negligencia m\u00e9dica<\/h2>\n\n\n\n<p>Si cree que usted o un ser querido es v\u00edctima de negligencia m\u00e9dica, es fundamental tomar las medidas adecuadas r\u00e1pidamente. En primer lugar, obtenga una copia de su expediente m\u00e9dico. Estos documentos ayudar\u00e1n a su equipo legal a comprender lo sucedido. Anote todo lo que recuerde sobre su tratamiento, incluidos los nombres de los m\u00e9dicos o enfermeros, las fechas y lo que le dijeron.<\/p>\n\n\n\n<p>A continuaci\u00f3n, no hable de su caso con los representantes del hospital ni firme nada sin asesoramiento legal. Es posible que los hospitales quieran llegar a un acuerdo r\u00e1pidamente, pero es posible que su primera oferta no cubra sus p\u00e9rdidas reales. P\u00f3ngase en contacto con un&nbsp;<a href=\"https:\/\/www.myphillylawyer.com\/es\/zonas-atendidas\/norristown\/abogados-de-negligencia-medica-2\/\" target=\"_blank\" rel=\"noreferrer noopener\">abogado de negligencia m\u00e9dica<\/a>&nbsp;que trabaja con casos en Philadelphia. Te pueden ofrecer una revisi\u00f3n gratuita y ayudarte a decidir qu\u00e9 hacer a continuaci\u00f3n.<\/p>\n\n\n\n<p>Deber\u00e1 demostrar que las acciones del proveedor no fueron las que habr\u00eda tomado un proveedor razonable. Tambi\u00e9n deber\u00e1 demostrar que estas acciones causaron da\u00f1os. Esto puede resultar dif\u00edcil sin la ayuda legal y m\u00e9dica adecuada. Su abogado puede trabajar con expertos m\u00e9dicos para revisar su caso.<\/p>\n\n\n\n<p>Lo m\u00e1s importante es no esperar demasiado. La ley de Pensilvania establece plazos estrictos para presentar estas reclamaciones. No cumplir con un plazo puede significar perder su derecho a recuperar los da\u00f1os y perjuicios. Un buen&nbsp;<a href=\"https:\/\/www.myphillylawyer.com\/es\/zonas-atendidas\/jenkintown\/abogados-de-negligencia-medica-2\/\" target=\"_blank\" rel=\"noreferrer noopener\">abogado de negligencias m\u00e9dicas<\/a>&nbsp;te mantendr\u00e1 al d\u00eda y se encargar\u00e1 de los detalles, para que puedas concentrarte en tu recuperaci\u00f3n.<\/p>\n\n\n\n<h2 class=\"wp-block-heading\" id=\"how-a-medical-malpractice-lawyer-can-help\">C\u00f3mo puede ayudarle un abogado especializado en negligencia m\u00e9dica<\/h2>\n\n\n\n<p>Lidiar con la negligencia m\u00e9dica puede resultar abrumador. Los hospitales y las compa\u00f1\u00edas de seguros tienen experiencia en la defensa de reclamaciones y pueden utilizar t\u00e9rminos complejos para confundir a los pacientes. A&nbsp;<a href=\"https:\/\/www.myphillylawyer.com\/es\/zonas-atendidas\/wayne\/abogados-de-negligencia-medica-2\/\" target=\"_blank\" rel=\"noreferrer noopener\">abogado de negligencias m\u00e9dicas<\/a>&nbsp;ayuda a nivelar el campo de juego.<\/p>\n\n\n\n<p>Su abogado investigar\u00e1 su caso desde todos los \u00e1ngulos. Hablar\u00e1 con testigos, recopilar\u00e1 pruebas y colaborar\u00e1 con expertos m\u00e9dicos para construir un caso s\u00f3lido. Si es necesario, negociar\u00e1 con el equipo de seguros del hospital o llevar\u00e1 su caso a los tribunales.<\/p>\n\n\n\n<p>El abogado adecuado hace mucho m\u00e1s que rellenar papeles. Te apoya en los momentos dif\u00edciles, responde a tus preguntas y te explica tus opciones en un lenguaje sencillo. Lucha por obtener una indemnizaci\u00f3n justa que cubra tus gastos m\u00e9dicos, la p\u00e9rdida de ingresos y el dolor y el sufrimiento.<\/p>\n\n\n\n<p>Tambi\u00e9n es importante elegir un&nbsp;<a href=\"https:\/\/www.myphillylawyer.com\/es\/zonas-atendidas\/upper-darby\/abogado-de-negligencias-medicas\/\" target=\"_blank\" rel=\"noreferrer noopener\">abogado de negligencia m\u00e9dica<\/a>&nbsp;que tenga experiencia con hospitales y proveedores Philadelphia. Sabr\u00e1 qu\u00e9 pruebas buscar y c\u00f3mo trabajar dentro de las leyes de Pensilvania. Si se enfrenta a una recuperaci\u00f3n larga, su abogado puede ayudarle a obtener los recursos que necesita.<\/p>\n\n\n\n<h2 class=\"wp-block-heading\" id=\"fa-qs-about-philadelphia-hospitals-and-healthcare-providers-frequently-involved-in-claims\">Preguntas frecuentes sobre Philadelphia Hospitales y proveedores de servicios de salud que suelen estar involucrados en reclamaciones<\/h2>\n\n\n\n<p><strong>\u00bfQu\u00e9 se considera negligencia m\u00e9dica en los hospitales Philadelphia?<\/strong><br>La negligencia m\u00e9dica se produce cuando un hospital, un m\u00e9dico u otro proveedor de servicios de salud no cumple con los est\u00e1ndares de atenci\u00f3n aceptados y un paciente resulta perjudicado. Esto puede incluir diagn\u00f3sticos err\u00f3neos, errores quir\u00fargicos, errores en la medicaci\u00f3n o lesiones durante el parto. Si sospecha que se ha producido una negligencia, hable con un&nbsp;<a href=\"https:\/\/www.myphillylawyer.com\/es\/zonas-atendidas\/arboleda-de-sauces\/abogados-especializados-en-negligencias-medicas\/\" target=\"_blank\" rel=\"noreferrer noopener\">abogado de negligencias m\u00e9dicas<\/a>&nbsp;quien puede revisar su caso.<\/p>\n\n\n\n<p><strong>\u00bfCu\u00e1nto tiempo tengo para presentar una demanda por negligencia m\u00e9dica en Philadelphia?<\/strong><br>En la mayor\u00eda de los casos, dispone de dos a\u00f1os a partir de la fecha en que tuvo conocimiento o deber\u00eda haber tenido conocimiento de la lesi\u00f3n. Hay algunas excepciones, como en el caso de los menores de edad. Lo mejor es ponerse en contacto con un&nbsp;<a href=\"https:\/\/www.myphillylawyer.com\/es\/areas-de-practica\/negligencia-medica\/\" target=\"_blank\" rel=\"noreferrer noopener\">Philadelphia abogado negligencia m\u00e9dica<\/a>&nbsp;lo antes posible para proteger sus derechos.<\/p>\n\n\n\n<p><strong>\u00bfPuedo demandar a un hospital por el error de una enfermera?<\/strong><br>S\u00ed, los hospitales pueden ser responsables de los errores cometidos por enfermeros, t\u00e9cnicos y dem\u00e1s personal bajo su supervisi\u00f3n. Si el error de un enfermero caus\u00f3 da\u00f1os, puede solicitar una indemnizaci\u00f3n con la ayuda de un profesional cualificado.&nbsp;<a href=\"https:\/\/www.myphillylawyer.com\/es\/zonas-atendidas\/jenkintown\/abogados-de-negligencia-medica-2\/\" target=\"_blank\" rel=\"noreferrer noopener\">abogado de negligencia m\u00e9dica<\/a>.<\/p>\n\n\n\n<p><strong>\u00bfQu\u00e9 indemnizaci\u00f3n puedo obtener por una demanda por negligencia m\u00e9dica en Philadelphia?<\/strong><br>La indemnizaci\u00f3n puede incluir gastos m\u00e9dicos, salarios perdidos, da\u00f1os y perjuicios, y costos de cuidados futuros. Cada caso es \u00fanico. Hable con un&nbsp;<a href=\"https:\/\/www.myphillylawyer.com\/es\/areas-de-practica\/negligencia-medica\/\" target=\"_blank\" rel=\"noreferrer noopener\">Abogado especializado en negligencia m\u00e9dica Philly<\/a>&nbsp;para saber a qu\u00e9 tiene derecho a recuperar.<\/p>\n\n\n\n<h2 class=\"wp-block-heading\" id=\"other-resources-about-key-entities-institutions-and-trends\">Otros recursos sobre entidades, instituciones y tendencias clave<\/h2>\n\n\n\n<ul class=\"wp-block-list\">\n<li><a href=\"https:\/\/www.myphillylawyer.com\/es\/areas-de-practica\/negligencia-medica\/covid-19-y-cambios-en-los-litigios-por-negligencia-medica\/\">COVID-19 y los cambios en los litigios por negligencia m\u00e9dica<\/a><\/li>\n\n\n\n<li><a href=\"https:\/\/www.myphillylawyer.com\/es\/areas-de-practica\/negligencia-medica\/grupos-de-defensa-de-los-pacientes-en-pensilvania\/\">Grupos de defensa del paciente en Pensilvania<\/a><\/li>\n\n\n\n<li><a href=\"https:\/\/www.myphillylawyer.com\/es\/areas-de-practica\/negligencia-medica\/tendencias-del-jurado-de-filadelfia-en-casos-de-negligencia-medica\/\">Philadelphia Tendencias del jurado en casos de negligencia m\u00e9dica<\/a><\/li>\n\n\n\n<li><a href=\"https:\/\/www.myphillylawyer.com\/es\/areas-de-practica\/negligencia-medica\/negligencia-medica-y-telemedicina-nuevos-riesgos-y-protecciones\/\">Negligencias m\u00e9dicas y telemedicina: Nuevos riesgos y protecciones<\/a><\/li>\n\n\n\n<li><a href=\"https:\/\/www.myphillylawyer.com\/es\/areas-de-practica\/negligencia-medica\/el-papel-de-la-tecnologia-en-la-prevencion-de-errores-medicos\/\">El papel de la tecnolog\u00eda en la prevenci\u00f3n de errores m\u00e9dicos<\/a><\/li>\n\n\n\n<li><a href=\"https:\/\/www.myphillylawyer.com\/es\/areas-de-practica\/negligencia-medica\/sentencias-y-acuerdos-recientes-por-negligencia-medica-en-filadelfia\/\">Veredictos y acuerdos recientes por negligencia m\u00e9dica Philadelphia<\/a><\/li>\n\n\n\n<li><a href=\"https:\/\/www.myphillylawyer.com\/es\/areas-de-practica\/negligencia-medica\/como-afecta-el-seguro-de-responsabilidad-civil-profesional-medica-a-las-reclamaciones-de-los-pacientes\/\">C\u00f3mo afecta el seguro de negligencia m\u00e9dica a las reclamaciones de los pacientes<\/a><\/li>\n\n\n\n<li><a href=\"https:\/\/www.myphillylawyer.com\/es\/areas-de-practica\/negligencia-medica\/funcion-de-la-junta-medica-de-pensilvania-en-las-medidas-disciplinarias\/\">Papel de la Junta M\u00e9dica de Pensilvania en las acciones disciplinarias<\/a><\/li>\n\n\n\n<li><a href=\"https:\/\/www.myphillylawyer.com\/es\/areas-de-practica\/negligencia-medica\/especialidades-medicas-muy-litigadas-en-pensilvania\/\">Especialidades m\u00e9dicas m\u00e1s litigadas en Pensilvania<\/a><\/li>\n\n\n\n<li><strong>Philadelphia Hospitales y proveedores de asistencia sanitaria frecuentemente implicados en reclamaciones<\/strong><\/li>\n<\/ul>","protected":false},"excerpt":{"rendered":"<p>Philadelphia Hospitales y proveedores de servicios m\u00e9dicos que suelen verse involucrados en reclamaciones Philadelphia alberga algunos de los hospitales m\u00e1s conocidos del pa\u00eds. Aunque estos centros salvan muchas vidas, tambi\u00e9n pueden cometer errores. Cuando un error hospitalario provoca lesiones o da\u00f1os, es habitual que los pacientes o sus familias busquen la ayuda de un abogado especializado en negligencia m\u00e9dica en Philadelphia...<\/p>","protected":false},"author":14,"featured_media":0,"parent":7452,"menu_order":0,"comment_status":"closed","ping_status":"closed","template":"","meta":{"_acf_changed":false,"footnotes":""},"class_list":["post-15103","page","type-page","status-publish","hentry"],"acf":[],"jetpack_sharing_enabled":true,"_links":{"self":[{"href":"https:\/\/www.myphillylawyer.com\/es\/wp-json\/wp\/v2\/pages\/15103","targetHints":{"allow":["GET"]}}],"collection":[{"href":"https:\/\/www.myphillylawyer.com\/es\/wp-json\/wp\/v2\/pages"}],"about":[{"href":"https:\/\/www.myphillylawyer.com\/es\/wp-json\/wp\/v2\/types\/page"}],"author":[{"embeddable":true,"href":"https:\/\/www.myphillylawyer.com\/es\/wp-json\/wp\/v2\/users\/14"}],"replies":[{"embeddable":true,"href":"https:\/\/www.myphillylawyer.com\/es\/wp-json\/wp\/v2\/comments?post=15103"}],"version-history":[{"count":5,"href":"https:\/\/www.myphillylawyer.com\/es\/wp-json\/wp\/v2\/pages\/15103\/revisions"}],"predecessor-version":[{"id":15166,"href":"https:\/\/www.myphillylawyer.com\/es\/wp-json\/wp\/v2\/pages\/15103\/revisions\/15166"}],"up":[{"embeddable":true,"href":"https:\/\/www.myphillylawyer.com\/es\/wp-json\/wp\/v2\/pages\/7452"}],"wp:attachment":[{"href":"https:\/\/www.myphillylawyer.com\/es\/wp-json\/wp\/v2\/media?parent=15103"}],"curies":[{"name":"wp","href":"https:\/\/api.w.org\/{rel}","templated":true}]}}