{"id":15113,"date":"2025-12-03T13:15:12","date_gmt":"2025-12-03T18:15:12","guid":{"rendered":"https:\/\/www.myphillylawyer.com\/?page_id=15113"},"modified":"2025-12-04T09:34:44","modified_gmt":"2025-12-04T14:34:44","slug":"como-afecta-el-seguro-de-responsabilidad-civil-profesional-medica-a-las-reclamaciones-de-los-pacientes","status":"publish","type":"page","link":"https:\/\/www.myphillylawyer.com\/es\/areas-de-practica\/negligencia-medica\/como-afecta-el-seguro-de-responsabilidad-civil-profesional-medica-a-las-reclamaciones-de-los-pacientes\/","title":{"rendered":"C\u00f3mo afecta el seguro de negligencia m\u00e9dica a las reclamaciones de los pacientes"},"content":{"rendered":"<h1 class=\"wp-block-heading\" id=\"how-medical-malpractice-insurance-affects-patient-claims\">C\u00f3mo afecta el seguro de negligencia m\u00e9dica a las reclamaciones de los pacientes<\/h1>\n\n\n\n<p>El seguro de responsabilidad civil profesional m\u00e9dica desempe\u00f1a un papel muy importante en las reclamaciones de los pacientes. Si ha sido v\u00edctima de un error m\u00e9dico, comprender c\u00f3mo funciona este seguro puede ayudarle a proteger sus derechos. En Philadelphia, la mayor\u00eda de los proveedores de atenci\u00f3n m\u00e9dica deben tener cobertura por negligencia profesional. Pero, \u00bfc\u00f3mo le afecta eso a usted como paciente? Analicemos lo que necesita saber, por qu\u00e9 es importante el seguro y c\u00f3mo funciona.&nbsp;<a href=\"https:\/\/www.myphillylawyer.com\/es\/areas-de-practica\/negligencia-medica\/\" target=\"_blank\" rel=\"noreferrer noopener\">Philadelphia abogado negligencia m\u00e9dica<\/a>&nbsp;puede ayudarte.<\/p>\n\n\n\n<div class=\"wp-block-rank-math-toc-block\" id=\"rank-math-toc\"><h2>\u00cdndice<\/h2><nav><ul><li><a href=\"#how-medical-malpractice-insurance-affects-patient-claims\">C\u00f3mo afecta el seguro de negligencia m\u00e9dica a las reclamaciones de los pacientes<\/a><ul><li><a href=\"#what-is-medical-malpractice-insurance-and-why-does-it-matter\">\u00bfQu\u00e9 es el seguro de responsabilidad civil profesional m\u00e9dica y por qu\u00e9 es importante?<\/a><\/li><li><a href=\"#how-insurance-affects-the-claims-process\">C\u00f3mo afecta el seguro al proceso de reclamaci\u00f3n<\/a><\/li><li><a href=\"#what-happens-when-insurance-policy-limits-are-too-low\">\u00bfQu\u00e9 sucede cuando los l\u00edmites de la p\u00f3liza de seguro son demasiado bajos?<\/a><\/li><li><a href=\"#how-medical-malpractice-insurance-shapes-settlement-decisions\">C\u00f3mo el seguro de responsabilidad civil profesional m\u00e9dica influye en las decisiones sobre acuerdos extrajudiciales<\/a><\/li><li><a href=\"#why-choosing-the-right-medical-malpractice-lawyer-matters\">Por qu\u00e9 es importante elegir al abogado adecuado especializado en negligencia m\u00e9dica<\/a><\/li><li><a href=\"#fa-qs-about-how-medical-malpractice-insurance-affects-patient-claims\">Preguntas frecuentes sobre c\u00f3mo afecta el seguro de responsabilidad civil profesional m\u00e9dica a las reclamaciones de los pacientes<\/a><\/li><li><a href=\"#other-resources-about-key-entities-institutions-and-trend\">Otros recursos sobre entidades clave, instituciones y tendencias<\/a><\/li><\/ul><\/li><\/ul><\/nav><\/div>\n\n\n\n<h2 class=\"wp-block-heading\" id=\"what-is-medical-malpractice-insurance-and-why-does-it-matter\">\u00bfQu\u00e9 es el seguro de responsabilidad civil profesional m\u00e9dica y por qu\u00e9 es importante?<\/h2>\n\n\n\n<p>El seguro por negligencia m\u00e9dica es una p\u00f3liza especial que protege a m\u00e9dicos, enfermeros, hospitales y otros proveedores de servicios de salud en caso de que un paciente los demande por errores o negligencia. En Pensilvania, todos los proveedores de servicios de salud con licencia est\u00e1n obligados a contratarlo. La ley establece montos m\u00ednimos de seguro, por lo que siempre hay dinero disponible si un proveedor comete un error costoso que perjudica a un paciente.<\/p>\n\n\n\n<p>He aqu\u00ed por qu\u00e9 es importante para usted: si sufre da\u00f1os por un error m\u00e9dico, normalmente es el seguro del proveedor de servicios m\u00e9dicos el que paga su indemnizaci\u00f3n si gana el caso. Sin seguro, es posible que gane el caso, pero nunca reciba un solo d\u00f3lar. Los m\u00e9dicos y hospitales con cobertura son m\u00e1s propensos a llegar a un acuerdo, ya que la aseguradora se encarga de los pagos. Eso significa que usted tiene m\u00e1s posibilidades de obtener una indemnizaci\u00f3n justa por sus lesiones y p\u00e9rdidas.<\/p>\n\n\n\n<p>Si est\u00e1 pensando en presentar una reclamaci\u00f3n, p\u00f3ngase en contacto con un&nbsp;<a href=\"https:\/\/www.myphillylawyer.com\/es\/areas-de-practica\/negligencia-medica\/\" target=\"_blank\" rel=\"noreferrer noopener\">Abogado especializado en negligencia m\u00e9dica Philly<\/a>&nbsp;que sepa c\u00f3mo funcionan estas p\u00f3lizas de seguro. El abogado adecuado puede asegurarse de que usted reclame todas las indemnizaciones a las que tiene derecho por ley.<\/p>\n\n\n\n<h2 class=\"wp-block-heading\" id=\"how-insurance-affects-the-claims-process\">C\u00f3mo afecta el seguro al proceso de reclamaci\u00f3n<\/h2>\n\n\n\n<p>Cuando se presenta una demanda por negligencia m\u00e9dica, la compa\u00f1\u00eda de seguros b\u00e1sicamente asume el papel del proveedor. Contrata abogados defensores, se encarga de las negociaciones y, lo que es m\u00e1s importante, paga los acuerdos o las indemnizaciones dictadas por el jurado hasta el l\u00edmite de la p\u00f3liza. Saber esto influye en todas las partes del proceso de reclamaci\u00f3n.<\/p>\n\n\n\n<p>Si su reclamaci\u00f3n es v\u00e1lida, la compa\u00f1\u00eda de seguros puede intentar llegar a un acuerdo r\u00e1pidamente, especialmente si el proveedor fue claramente culpable. Pero las aseguradoras suelen intentar minimizar los pagos, a veces ofreciendo menos de lo que realmente vale su reclamaci\u00f3n. Por eso es importante trabajar con un&nbsp;<a href=\"https:\/\/www.myphillylawyer.com\/es\/zonas-atendidas\/bensalem\/abogados-de-negligencia-medica-2\/\" target=\"_blank\" rel=\"noreferrer noopener\">abogado de negligencia m\u00e9dica<\/a>&nbsp;es clave. Igualan las condiciones, rechazan las ofertas bajas y te ayudan a construir el caso m\u00e1s s\u00f3lido.<\/p>\n\n\n\n<p>Si las negociaciones fracasan, la p\u00f3liza de seguro seguir\u00e1 cubriendo al proveedor si su caso llega a juicio. Pero hay l\u00edmites de cobertura. Por ejemplo, en Pensilvania, los proveedores de atenci\u00f3n m\u00e9dica no hospitalaria deben tener al menos $500,000 por incidente en la cobertura primaria, con un respaldo adicional de un fondo estatal. Si los da\u00f1os superan estos l\u00edmites, cobrar el monto total puede complicarse, otra raz\u00f3n para contar con un abogado de su lado.<\/p>\n\n\n\n<h2 class=\"wp-block-heading\" id=\"what-happens-when-insurance-policy-limits-are-too-low\">\u00bfQu\u00e9 sucede cuando los l\u00edmites de la p\u00f3liza de seguro son demasiado bajos?<\/h2>\n\n\n\n<p>La cobertura del seguro no es ilimitada. En algunos casos graves de negligencia, los gastos m\u00e9dicos, los salarios perdidos y el dolor y sufrimiento pueden sumar m\u00e1s de lo que cubre el seguro del proveedor de servicios m\u00e9dicos. Cuando los da\u00f1os son superiores a los l\u00edmites de la p\u00f3liza, \u00bfqu\u00e9 sucede entonces?<\/p>\n\n\n\n<p>En Pensilvania, existe un fondo estatal llamado Fondo para la Disponibilidad de Atenci\u00f3n M\u00e9dica y la Reducci\u00f3n de Errores (MCARE). Este fondo proporciona cobertura adicional si se agota la p\u00f3liza del m\u00e9dico o del hospital. Pero incluso el MCARE tiene sus l\u00edmites, y el proceso para cobrar las cantidades que superan el seguro puede resultar complicado. A veces, los pacientes tienen que intentar cobrar directamente de los activos del proveedor, lo que a menudo resulta dif\u00edcil.<\/p>\n\n\n\n<p>Por eso necesitas un&nbsp;<a href=\"https:\/\/www.myphillylawyer.com\/es\/zonas-atendidas\/jenkintown\/abogados-de-negligencia-medica-2\/\" target=\"_blank\" rel=\"noreferrer noopener\">abogado de negligencias m\u00e9dicas<\/a>&nbsp;que entienda tanto las p\u00f3lizas de seguro como la legislaci\u00f3n estatal. Podr\u00e1 identificar todas las posibles fuentes de indemnizaci\u00f3n. Un abogado experto trabajar\u00e1 para maximizar su indemnizaci\u00f3n, haciendo que todas las partes responsables rindan cuentas y asegur\u00e1ndose de que usted no pierda dinero.<\/p>\n\n\n\n<h2 class=\"wp-block-heading\" id=\"how-medical-malpractice-insurance-shapes-settlement-decisions\">C\u00f3mo el seguro de responsabilidad civil profesional m\u00e9dica influye en las decisiones sobre acuerdos extrajudiciales<\/h2>\n\n\n\n<p>Las aseguradoras de negligencia m\u00e9dica tienen mucho que decir en cuanto a si su demanda se resuelve fuera de los tribunales o se lleva a juicio. Las compa\u00f1\u00edas de seguros son empresas. Sopesan los riesgos, los costos y las posibilidades de perder en los tribunales. Si su caso es s\u00f3lido, es posible que la aseguradora prefiera llegar a un acuerdo antes que arriesgarse a pagar una indemnizaci\u00f3n mayor en el juicio.<\/p>\n\n\n\n<p>Pero las compa\u00f1\u00edas de seguros tambi\u00e9n son conocidas por luchar con u\u00f1as y dientes, especialmente si la culpa no est\u00e1 clara. Pueden negar su responsabilidad, argumentar que sus lesiones no fueron causadas por negligencia o alegar que sus da\u00f1os no son tan elevados como usted afirma. Un abogado con experiencia&nbsp;<a href=\"https:\/\/www.myphillylawyer.com\/es\/zonas-atendidas\/norristown\/abogados-de-negligencia-medica-2\/\" target=\"_blank\" rel=\"noreferrer noopener\">abogado de negligencia m\u00e9dica<\/a>&nbsp;Recopilaremos los expedientes m\u00e9dicos, contrataremos a profesionales m\u00e9dicos como testigos y reuniremos pruebas de sus p\u00e9rdidas para presionar a la aseguradora.<\/p>\n\n\n\n<p>Las normas estatales tambi\u00e9n afectan a los acuerdos. En Pensilvania, los acuerdos que involucran a menores o adultos incapacitados a menudo necesitan la aprobaci\u00f3n del tribunal. Todas las partes, incluida la compa\u00f1\u00eda de seguros, deben estar de acuerdo con los t\u00e9rminos. Si hay una disputa sobre la cantidad que debe pagar la compa\u00f1\u00eda de seguros, su abogado luchar\u00e1 por obtener una cantidad justa que se ajuste a sus p\u00e9rdidas reales.<\/p>\n\n\n\n<h2 class=\"wp-block-heading\" id=\"why-choosing-the-right-medical-malpractice-lawyer-matters\">Por qu\u00e9 es importante elegir al abogado adecuado especializado en negligencia m\u00e9dica<\/h2>\n\n\n\n<p>Contar con el equipo legal adecuado puede marcar la diferencia a la hora de lidiar con el seguro de negligencia m\u00e9dica. Las compa\u00f1\u00edas de seguros cuentan con recursos y equipos de abogados de su lado. Est\u00e1n capacitados para limitar lo que pagan. Como paciente lesionado, necesita a alguien que sepa c\u00f3mo defenderse.<\/p>\n\n\n\n<p>A&nbsp;<a href=\"https:\/\/www.myphillylawyer.com\/es\/\" target=\"_blank\" rel=\"noreferrer noopener\">Philadelphia abogado de lesiones personales<\/a>&nbsp;quien se enfoca en negligencia m\u00e9dica har\u00e1 lo siguiente:<\/p>\n\n\n\n<ul class=\"wp-block-list\">\n<li>Revise las p\u00f3lizas de seguro y aseg\u00farese de que se tengan en cuenta todas las posibles fuentes de indemnizaci\u00f3n.<\/li>\n\n\n\n<li>Re\u00fana y presente pruebas s\u00f3lidas de negligencia y da\u00f1os.<\/li>\n\n\n\n<li>Negociar con las aseguradoras para obtener el mejor acuerdo posible.<\/li>\n\n\n\n<li>Lleve su caso a los tribunales si la compa\u00f1\u00eda de seguros no le paga lo que le corresponde.<\/li>\n\n\n\n<li>Manejar situaciones especiales, como reclamaciones contra hospitales, centros p\u00fablicos o casos en los que varios proveedores comparten la culpa.<\/li>\n<\/ul>\n\n\n\n<p>Sin un abogado experto, corres el riesgo de incumplir los plazos, aceptar menos de lo que te corresponde o enfrentarte solo a las t\u00e1cticas de las compa\u00f1\u00edas de seguros. Consulta siempre a un&nbsp;<a href=\"https:\/\/www.myphillylawyer.com\/es\/zonas-atendidas\/upper-darby\/abogado-de-negligencias-medicas\/\" target=\"_blank\" rel=\"noreferrer noopener\">abogado de negligencias m\u00e9dicas<\/a>&nbsp;antes de hablar con cualquier ajustador de seguros.<\/p>\n\n\n\n<h2 class=\"wp-block-heading\" id=\"fa-qs-about-how-medical-malpractice-insurance-affects-patient-claims\">Preguntas frecuentes sobre c\u00f3mo afecta el seguro de responsabilidad civil profesional m\u00e9dica a las reclamaciones de los pacientes<\/h2>\n\n\n\n<p><strong>\u00bfC\u00f3mo afecta el seguro de responsabilidad civil profesional m\u00e9dica a mis posibilidades de ganar una demanda en Philadelphia?<\/strong><br>El seguro contra negligencia m\u00e9dica garantiza que haya una fuente de fondos disponible si usted gana. Aunque no garantiza que vaya a ganar, s\u00ed significa que, si lo hace, hay muchas posibilidades de que realmente cobre el dinero que se le haya concedido, ya sea mediante un acuerdo o un juicio.<\/p>\n\n\n\n<p><strong>\u00bfQu\u00e9 pasa si el seguro del m\u00e9dico no es suficiente para cubrir mis da\u00f1os?<\/strong><br>Si sus p\u00e9rdidas superan la p\u00f3liza de seguro del proveedor, el fondo MCARE de Pensilvania puede ofrecer una cobertura adicional hasta ciertos l\u00edmites. Si sus da\u00f1os superan ese l\u00edmite, puede ser dif\u00edcil obtener m\u00e1s, pero su&nbsp;<a href=\"https:\/\/www.myphillylawyer.com\/es\/zonas-atendidas\/wayne\/abogados-de-negligencia-medica-2\/\" target=\"_blank\" rel=\"noreferrer noopener\">abogados de negligencia m\u00e9dica<\/a>&nbsp;buscar\u00e1 todas las fuentes posibles de compensaci\u00f3n.<\/p>\n\n\n\n<p><strong>\u00bfLas compa\u00f1\u00edas de seguros siempre llegan a un acuerdo en las demandas por negligencia m\u00e9dica?<\/strong><br>No, no todas las reclamaciones se resuelven. Las compa\u00f1\u00edas de seguros pueden impugnar las reclamaciones que consideren que pueden ganar en los tribunales o si discuten el alcance de sus lesiones. Por eso es importante tener un caso s\u00f3lido y un&nbsp;<a href=\"https:\/\/www.myphillylawyer.com\/es\/zonas-atendidas\/arboleda-de-sauces\/abogados-especializados-en-negligencias-medicas\/\" target=\"_blank\" rel=\"noreferrer noopener\">abogado de negligencias m\u00e9dicas<\/a>&nbsp;Luchar por ti es fundamental.<\/p>\n\n\n\n<p><strong>\u00bfCu\u00e1nto tiempo tengo para presentar una demanda por negligencia m\u00e9dica en Pensilvania?<\/strong><br>En la mayor\u00eda de los casos, dispone de dos a\u00f1os desde la fecha en que descubri\u00f3 (o deber\u00eda haber descubierto) la lesi\u00f3n para presentar una reclamaci\u00f3n. Hay excepciones, especialmente para menores o casos que implican ocultaci\u00f3n, as\u00ed que hable con un&nbsp;<a href=\"https:\/\/www.myphillylawyer.com\/es\/areas-de-practica\/negligencia-medica\/\" target=\"_blank\" rel=\"noreferrer noopener\">Philadelphia abogado negligencia m\u00e9dica<\/a>&nbsp;lo antes posible para proteger sus derechos.<\/p>\n\n\n\n<h2 class=\"wp-block-heading\" id=\"other-resources-about-key-entities-institutions-and-trend\">Otros recursos sobre entidades clave, instituciones y tendencias<\/h2>\n\n\n\n<ul class=\"wp-block-list\">\n<li><a href=\"https:\/\/www.myphillylawyer.com\/es\/areas-de-practica\/negligencia-medica\/covid-19-y-cambios-en-los-litigios-por-negligencia-medica\/\">COVID-19 y los cambios en los litigios por negligencia m\u00e9dica<\/a><\/li>\n\n\n\n<li><a href=\"https:\/\/www.myphillylawyer.com\/es\/areas-de-practica\/negligencia-medica\/grupos-de-defensa-de-los-pacientes-en-pensilvania\/\">Grupos de defensa del paciente en Pensilvania<\/a><\/li>\n\n\n\n<li><a href=\"https:\/\/www.myphillylawyer.com\/es\/areas-de-practica\/negligencia-medica\/tendencias-del-jurado-de-filadelfia-en-casos-de-negligencia-medica\/\">Philadelphia Tendencias del jurado en casos de negligencia m\u00e9dica<\/a><\/li>\n\n\n\n<li><a href=\"https:\/\/www.myphillylawyer.com\/es\/areas-de-practica\/negligencia-medica\/negligencia-medica-y-telemedicina-nuevos-riesgos-y-protecciones\/\">Negligencias m\u00e9dicas y telemedicina: Nuevos riesgos y protecciones<\/a><\/li>\n\n\n\n<li><a href=\"https:\/\/www.myphillylawyer.com\/es\/areas-de-practica\/negligencia-medica\/el-papel-de-la-tecnologia-en-la-prevencion-de-errores-medicos\/\">El papel de la tecnolog\u00eda en la prevenci\u00f3n de errores m\u00e9dicos<\/a><\/li>\n\n\n\n<li><a href=\"https:\/\/www.myphillylawyer.com\/es\/areas-de-practica\/negligencia-medica\/sentencias-y-acuerdos-recientes-por-negligencia-medica-en-filadelfia\/\">Veredictos y acuerdos recientes por negligencia m\u00e9dica Philadelphia<\/a><\/li>\n\n\n\n<li><strong>C\u00f3mo afecta el seguro de negligencia m\u00e9dica a las reclamaciones de los pacientes<\/strong><\/li>\n\n\n\n<li><a href=\"https:\/\/www.myphillylawyer.com\/es\/areas-de-practica\/negligencia-medica\/funcion-de-la-junta-medica-de-pensilvania-en-las-medidas-disciplinarias\/\">Papel de la Junta M\u00e9dica de Pensilvania en las acciones disciplinarias<\/a><\/li>\n\n\n\n<li><a href=\"https:\/\/www.myphillylawyer.com\/es\/areas-de-practica\/negligencia-medica\/especialidades-medicas-muy-litigadas-en-pensilvania\/\">Especialidades m\u00e9dicas m\u00e1s litigadas en Pensilvania<\/a><\/li>\n\n\n\n<li><a href=\"https:\/\/www.myphillylawyer.com\/es\/areas-de-practica\/negligencia-medica\/los-hospitales-y-proveedores-de-servicios-medicos-de-filadelfia-se-ven-involucrados-con-frecuencia-en-reclamaciones\/\">Philadelphia Hospitales y proveedores de asistencia sanitaria frecuentemente implicados en reclamaciones<\/a><\/li>\n<\/ul>","protected":false},"excerpt":{"rendered":"<p>C\u00f3mo afecta el seguro de responsabilidad civil profesional m\u00e9dica a las reclamaciones de los pacientes El seguro de responsabilidad civil profesional m\u00e9dica desempe\u00f1a un papel muy importante en las reclamaciones de los pacientes. Si ha sido v\u00edctima de un error m\u00e9dico, comprender c\u00f3mo funciona este seguro puede ayudarle a proteger sus derechos. En Philadelphia, la mayor\u00eda de los proveedores de atenci\u00f3n m\u00e9dica deben tener cobertura por negligencia profesional. Pero, \u00bfc\u00f3mo le afecta eso a usted como paciente? Veamos...<\/p>","protected":false},"author":14,"featured_media":0,"parent":7452,"menu_order":0,"comment_status":"closed","ping_status":"closed","template":"","meta":{"_acf_changed":false,"jetpack_post_was_ever_published":false,"footnotes":""},"class_list":["post-15113","page","type-page","status-publish","hentry"],"acf":[],"jetpack_sharing_enabled":true,"_links":{"self":[{"href":"https:\/\/www.myphillylawyer.com\/es\/wp-json\/wp\/v2\/pages\/15113","targetHints":{"allow":["GET"]}}],"collection":[{"href":"https:\/\/www.myphillylawyer.com\/es\/wp-json\/wp\/v2\/pages"}],"about":[{"href":"https:\/\/www.myphillylawyer.com\/es\/wp-json\/wp\/v2\/types\/page"}],"author":[{"embeddable":true,"href":"https:\/\/www.myphillylawyer.com\/es\/wp-json\/wp\/v2\/users\/14"}],"replies":[{"embeddable":true,"href":"https:\/\/www.myphillylawyer.com\/es\/wp-json\/wp\/v2\/comments?post=15113"}],"version-history":[{"count":4,"href":"https:\/\/www.myphillylawyer.com\/es\/wp-json\/wp\/v2\/pages\/15113\/revisions"}],"predecessor-version":[{"id":15169,"href":"https:\/\/www.myphillylawyer.com\/es\/wp-json\/wp\/v2\/pages\/15113\/revisions\/15169"}],"up":[{"embeddable":true,"href":"https:\/\/www.myphillylawyer.com\/es\/wp-json\/wp\/v2\/pages\/7452"}],"wp:attachment":[{"href":"https:\/\/www.myphillylawyer.com\/es\/wp-json\/wp\/v2\/media?parent=15113"}],"curies":[{"name":"wp","href":"https:\/\/api.w.org\/{rel}","templated":true}]}}