{"id":15117,"date":"2025-12-03T13:15:40","date_gmt":"2025-12-03T18:15:40","guid":{"rendered":"https:\/\/www.myphillylawyer.com\/?page_id=15117"},"modified":"2025-12-04T09:35:02","modified_gmt":"2025-12-04T14:35:02","slug":"el-papel-de-la-tecnologia-en-la-prevencion-de-errores-medicos","status":"publish","type":"page","link":"https:\/\/www.myphillylawyer.com\/es\/areas-de-practica\/negligencia-medica\/el-papel-de-la-tecnologia-en-la-prevencion-de-errores-medicos\/","title":{"rendered":"El papel de la tecnolog\u00eda en la prevenci\u00f3n de errores m\u00e9dicos"},"content":{"rendered":"<h1 class=\"wp-block-heading\" id=\"technologys-role-in-preventing-medical-errors\">El papel de la tecnolog\u00eda en la prevenci\u00f3n de errores m\u00e9dicos<\/h1>\n\n\n\n<p>Los errores en medicina pueden tener consecuencias graves, que en ocasiones pueden cambiar la vida de las personas. En Philadelphia, la negligencia m\u00e9dica sigue siendo un problema real, pero la tecnolog\u00eda est\u00e1 ayudando a prevenir los errores antes de que lleguen al paciente. Si usted o un ser querido ha sido v\u00edctima de un error m\u00e9dico, es fundamental saber c\u00f3mo las nuevas herramientas y sistemas pueden ayudarle a mantenerse a salvo, y c\u00f3mo un&nbsp;<a href=\"https:\/\/www.myphillylawyer.com\/es\/areas-de-practica\/negligencia-medica\/\" target=\"_blank\" rel=\"noreferrer noopener\">Philadelphia abogado negligencia m\u00e9dica<\/a>&nbsp;puede ayudar si algo sale mal. Veamos c\u00f3mo la tecnolog\u00eda est\u00e1 cambiando la forma en que los hospitales gestionan la seguridad de los pacientes.<\/p>\n\n\n\n<div class=\"wp-block-rank-math-toc-block\" id=\"rank-math-toc\"><h2>\u00cdndice<\/h2><nav><ul><li><a href=\"#technologys-role-in-preventing-medical-errors\">El papel de la tecnolog\u00eda en la prevenci\u00f3n de errores m\u00e9dicos<\/a><ul><li><a href=\"#electronic-health-records-the-backbone-of-safer-care\">Historiales m\u00e9dicos electr\u00f3nicos: la columna vertebral de una atenci\u00f3n m\u00e1s segura<\/a><\/li><li><a href=\"#smart-devices-and-decision-support-extra-sets-of-eyes\">Dispositivos inteligentes y apoyo a la toma de decisiones: un par de ojos extra<\/a><\/li><li><a href=\"#barcode-scanning-and-medication-safety-the-right-dose-every-time\">Escaneo de c\u00f3digos de barras y seguridad de los medicamentos: la dosis correcta, siempre<\/a><\/li><li><a href=\"#artificial-intelligence-and-predictive-analytics-stopping-problems-before-they-start\">Inteligencia artificial y an\u00e1lisis predictivo: detener los problemas antes de que surjan<\/a><\/li><li><a href=\"#communication-checklists-and-teamwork-platforms\">Comunicaci\u00f3n, listas de verificaci\u00f3n y plataformas de trabajo en equipo<\/a><\/li><li><a href=\"#fa-qs-about-technologys-role-in-preventing-medical-errors\">Preguntas frecuentes sobre el papel de la tecnolog\u00eda en la prevenci\u00f3n de errores m\u00e9dicos<\/a><\/li><li><a href=\"#other-resources-about-key-entities-institutions-and-trend\">Otros recursos sobre entidades clave, instituciones y tendencias<\/a><\/li><\/ul><\/li><\/ul><\/nav><\/div>\n\n\n\n<h2 class=\"wp-block-heading\" id=\"electronic-health-records-the-backbone-of-safer-care\">Historiales m\u00e9dicos electr\u00f3nicos: la columna vertebral de una atenci\u00f3n m\u00e1s segura<\/h2>\n\n\n\n<p>Los registros m\u00e9dicos electr\u00f3nicos (EHR, por sus siglas en ingl\u00e9s) son ahora habituales en hospitales y cl\u00ednicas de todo Philadelphia. Los EHR permiten a m\u00e9dicos, enfermeros y farmac\u00e9uticos acceder al historial m\u00e9dico completo de un paciente en un solo lugar. Esto ayuda a evitar errores como administrar a un paciente la medicaci\u00f3n equivocada u omitir una alergia. En lugar de rebuscar en archivos en papel o confiar en la memoria, los equipos de atenci\u00f3n m\u00e9dica pueden ver actualizaciones en tiempo real sobre medicamentos, resultados de laboratorio y tratamientos anteriores.<\/p>\n\n\n\n<p>Por ejemplo, si acudes a una sala de emergencias y no puedes hablar por ti mismo, el personal puede consultar r\u00e1pidamente tu EHR para ver si tienes alergias o enfermedades cr\u00f3nicas. Esto reduce el riesgo de reacciones peligrosas a los medicamentos. Los EHR tambi\u00e9n alertan a los m\u00e9dicos si una nueva receta podr\u00eda interactuar con tus medicamentos actuales. Estas advertencias autom\u00e1ticas ayudan a evitar errores comunes, pero prevenibles.<\/p>\n\n\n\n<p>En los casos de negligencia m\u00e9dica, los EHR proporcionan una cronolog\u00eda clara de la atenci\u00f3n prestada y cu\u00e1ndo se prest\u00f3. Si se comete un error, su&nbsp;<a href=\"https:\/\/www.myphillylawyer.com\/es\/areas-de-practica\/negligencia-medica\/\" target=\"_blank\" rel=\"noreferrer noopener\">Abogado especializado en negligencia m\u00e9dica Philly<\/a>&nbsp;puede utilizar estos registros para construir un caso s\u00f3lido.<\/p>\n\n\n\n<h2 class=\"wp-block-heading\" id=\"smart-devices-and-decision-support-extra-sets-of-eyes\">Dispositivos inteligentes y apoyo a la toma de decisiones: un par de ojos extra<\/h2>\n\n\n\n<p>Los dispositivos inteligentes est\u00e1n por todas partes, desde tensi\u00f3metros hasta bombas de infusi\u00f3n. Estas herramientas hacen mucho m\u00e1s que recopilar datos: se conectan directamente con los EHR y alertan al personal si algo va mal. Por ejemplo, si la frecuencia card\u00edaca de un paciente desciende o se va a administrar un medicamento en una dosis incorrecta, el sistema avisar\u00e1 inmediatamente a la enfermera o al m\u00e9dico.<\/p>\n\n\n\n<p>Los sistemas de apoyo a la toma de decisiones van a\u00fan m\u00e1s all\u00e1. Estos programas inform\u00e1ticos comprueban cada orden que introduce un m\u00e9dico, se\u00f1alando los riesgos o sugiriendo mejores opciones de tratamiento basadas en las \u00faltimas investigaciones. Si un proveedor olvida solicitar una prueba o un medicamento clave, el sistema lo detecta. En los hospitales con mucho trabajo, donde el personal atiende a docenas de pacientes, este tipo de apoyo ayuda a detectar los errores humanos antes de que causen da\u00f1o a alguien.<\/p>\n\n\n\n<p>Para las familias, estas medidas de protecci\u00f3n significan una atenci\u00f3n m\u00e1s confiable. Si algo sale mal,&nbsp;<a href=\"https:\/\/www.myphillylawyer.com\/es\/zonas-atendidas\/jenkintown\/abogados-de-negligencia-medica-2\/\" target=\"_blank\" rel=\"noreferrer noopener\">abogados de negligencia m\u00e9dica<\/a>&nbsp;puede investigar si un hospital ignor\u00f3 o desactiv\u00f3 las alertas de seguridad.<\/p>\n\n\n\n<h2 class=\"wp-block-heading\" id=\"barcode-scanning-and-medication-safety-the-right-dose-every-time\">Escaneo de c\u00f3digos de barras y seguridad de los medicamentos: la dosis correcta, siempre<\/h2>\n\n\n\n<p>Los errores en la medicaci\u00f3n son una de las principales causas de da\u00f1os en los hospitales estadounidenses. Los sistemas de escaneo de c\u00f3digos de barras est\u00e1n cambiando esta situaci\u00f3n. Ahora, cada dosis de medicaci\u00f3n y cada pulsera de paciente tienen un c\u00f3digo de barras. Las enfermeras escanean ambos antes de administrar cualquier medicamento. El sistema comprueba que el medicamento, la dosis y la hora coincidan con la orden del m\u00e9dico para ese paciente espec\u00edfico.<\/p>\n\n\n\n<p>Esta sencilla comprobaci\u00f3n puede evitar los errores m\u00e1s comunes en la administraci\u00f3n de medicamentos, como dar un medicamento al paciente equivocado o en una dosis incorrecta. Se trata de una medida de seguridad adicional f\u00e1cil de usar y que ha demostrado reducir los errores.<\/p>\n\n\n\n<p>Si se produce un error en la medicaci\u00f3n, un&nbsp;<a href=\"https:\/\/www.myphillylawyer.com\/es\/zonas-atendidas\/bensalem\/abogados-de-negligencia-medica-2\/\" target=\"_blank\" rel=\"noreferrer noopener\">abogado de negligencias m\u00e9dicas<\/a>&nbsp;Analizar\u00e1 si el escaneo de c\u00f3digos de barras se utiliz\u00f3 correctamente o si se omitieron pasos.<\/p>\n\n\n\n<h2 class=\"wp-block-heading\" id=\"artificial-intelligence-and-predictive-analytics-stopping-problems-before-they-start\">Inteligencia artificial y an\u00e1lisis predictivo: detener los problemas antes de que surjan<\/h2>\n\n\n\n<p>La inteligencia artificial (IA) est\u00e1 teniendo un gran impacto en los hospitales Philadelphia. Estos programas avanzados analizan miles de datos de los pacientes, como resultados de laboratorio, signos vitales e historial m\u00e9dico, para detectar signos tempranos de problemas. Por ejemplo, la IA puede alertar a los m\u00e9dicos de que un paciente podr\u00eda desarrollar sepsis o correr el riesgo de sufrir un co\u00e1gulo sangu\u00edneo, a veces horas o d\u00edas antes de que aparezcan los s\u00edntomas.<\/p>\n\n\n\n<p>El an\u00e1lisis predictivo ayuda a priorizar a los pacientes que necesitan atenci\u00f3n urgente, lo que reduce los tiempos de espera y el riesgo de pasar por alto afecciones graves. Estas herramientas no sustituyen a los m\u00e9dicos, pero les proporcionan informaci\u00f3n que es f\u00e1cil pasar por alto en un entorno ajetreado.<\/p>\n\n\n\n<p>Las familias deben saber que muchos hospitales utilizan ahora la IA como parte de sus programas de seguridad. Si le preocupa que se retrase el diagn\u00f3stico o que se pasen por alto se\u00f1ales de alerta, un m\u00e9dico con experiencia...&nbsp;<a href=\"https:\/\/www.myphillylawyer.com\/es\/zonas-atendidas\/wayne\/abogados-de-negligencia-medica-2\/\" target=\"_blank\" rel=\"noreferrer noopener\">abogado de negligencia m\u00e9dica<\/a>&nbsp;puede ayudarle a averiguar si la tecnolog\u00eda se utiliz\u00f3 como deb\u00eda.<\/p>\n\n\n\n<h2 class=\"wp-block-heading\" id=\"communication-checklists-and-teamwork-platforms\">Comunicaci\u00f3n, listas de verificaci\u00f3n y plataformas de trabajo en equipo<\/h2>\n\n\n\n<p>Las fallas en la comunicaci\u00f3n son una de las principales causas de los errores m\u00e9dicos. La tecnolog\u00eda tambi\u00e9n est\u00e1 ayudando en este sentido. Las aplicaciones de mensajer\u00eda segura permiten a los doctores, enfermeros y farmac\u00e9uticos enviar actualizaciones sobre los pacientes en tiempo real. Las listas de verificaci\u00f3n digitales recuerdan al personal que debe completar cada paso de un procedimiento, lo que reduce la posibilidad de que se pase algo por alto.<\/p>\n\n\n\n<p>Algunos hospitales utilizan ahora plataformas especiales basadas en equipos que registran qui\u00e9n ha completado cada parte de la atenci\u00f3n al paciente. Estos sistemas mejoran la responsabilidad y garantizan que no se pase nada por alto. En cirug\u00eda, por ejemplo, las listas de verificaci\u00f3n digitales pueden evitar procedimientos en el lugar equivocado o que se olviden esponjas quir\u00fargicas.<\/p>\n\n\n\n<p>Si usted o un ser querido ha resultado perjudicado por un error de comunicaci\u00f3n, un&nbsp;<a href=\"https:\/\/www.myphillylawyer.com\/es\/\" target=\"_blank\" rel=\"noreferrer noopener\">Philadelphia abogado de lesiones personales<\/a>&nbsp;puede investigar si se utilizaron las herramientas y listas de verificaci\u00f3n adecuadas para el trabajo en equipo.<\/p>\n\n\n\n<h2 class=\"wp-block-heading\" id=\"fa-qs-about-technologys-role-in-preventing-medical-errors\">Preguntas frecuentes sobre el papel de la tecnolog\u00eda en la prevenci\u00f3n de errores m\u00e9dicos<\/h2>\n\n\n\n<p><strong>\u00bfC\u00f3mo puede ayudarme la tecnolog\u00eda si creo que soy v\u00edctima de negligencia m\u00e9dica en Philadelphia?<\/strong><br>Los registros m\u00e9dicos, los registros de c\u00f3digos de barras y los datos de los dispositivos pueden mostrar exactamente lo que sucedi\u00f3 antes y despu\u00e9s de un error. A&nbsp;<a href=\"https:\/\/www.myphillylawyer.com\/es\/areas-de-practica\/negligencia-medica\/\" target=\"_blank\" rel=\"noreferrer noopener\">Abogado especializado en negligencia m\u00e9dica Philly<\/a>&nbsp;puede utilizar esta informaci\u00f3n para demostrar cu\u00e1ndo fall\u00f3 la atenci\u00f3n y qui\u00e9n fue el responsable.<\/p>\n\n\n\n<p><strong>\u00bfTodos los hospitales utilizan tecnolog\u00eda avanzada para prevenir errores?<\/strong><br>La mayor\u00eda de los grandes hospitales de Philadelphia han adoptado los EHR, el escaneo de c\u00f3digos de barras y los dispositivos inteligentes. Es posible que los centros m\u00e1s peque\u00f1os o rurales no cuenten con todos los sistemas. Si ha sufrido da\u00f1os, un&nbsp;<a href=\"https:\/\/www.myphillylawyer.com\/es\/zonas-atendidas\/upper-darby\/abogado-de-negligencias-medicas\/\" target=\"_blank\" rel=\"noreferrer noopener\">abogado de negligencias m\u00e9dicas<\/a>&nbsp;puede averiguar qu\u00e9 herramientas de seguridad utiliz\u00f3 su hospital y si se siguieron.<\/p>\n\n\n\n<p><strong>\u00bfPuede la tecnolog\u00eda evitar por completo todos los errores m\u00e9dicos?<\/strong><br>La tecnolog\u00eda reduce muchos riesgos, pero no puede evitar todos los errores. El criterio humano sigue siendo importante. Si el personal ignora las alertas, omite pasos o pasa por alto las listas de verificaci\u00f3n, a\u00fan pueden producirse errores. Por eso es importante que los pacientes den su opini\u00f3n y, si es necesario, se pongan en contacto con&nbsp;<a href=\"https:\/\/www.myphillylawyer.com\/es\/zonas-atendidas\/arboleda-de-sauces\/abogados-especializados-en-negligencias-medicas\/\" target=\"_blank\" rel=\"noreferrer noopener\">abogados de negligencia m\u00e9dica<\/a>&nbsp;si sospechan que puede producirse un da\u00f1o evitable.<\/p>\n\n\n\n<p><strong>\u00bfQu\u00e9 debo hacer si creo que la tecnolog\u00eda no me protegi\u00f3 durante mi atenci\u00f3n m\u00e9dica?<\/strong><br>Guarde toda la documentaci\u00f3n, solicite copias de sus registros m\u00e9dicos y anote todo lo que recuerde. Luego, comun\u00edquese con un&nbsp;<a href=\"https:\/\/www.myphillylawyer.com\/es\/zonas-atendidas\/norristown\/abogados-de-negligencia-medica-2\/\" target=\"_blank\" rel=\"noreferrer noopener\">abogado de negligencias m\u00e9dicas<\/a>&nbsp;para obtener orientaci\u00f3n. Pueden revisar sus registros y comprobar si la tecnolog\u00eda se utiliz\u00f3 correctamente, lo que le ayudar\u00e1 a decidir los siguientes pasos a seguir.<\/p>\n\n\n\n<h2 class=\"wp-block-heading\" id=\"other-resources-about-key-entities-institutions-and-trend\">Otros recursos sobre entidades clave, instituciones y tendencias<\/h2>\n\n\n\n<ul class=\"wp-block-list\">\n<li><a href=\"https:\/\/www.myphillylawyer.com\/es\/areas-de-practica\/negligencia-medica\/covid-19-y-cambios-en-los-litigios-por-negligencia-medica\/\">COVID-19 y los cambios en los litigios por negligencia m\u00e9dica<\/a><\/li>\n\n\n\n<li><a href=\"https:\/\/www.myphillylawyer.com\/es\/areas-de-practica\/negligencia-medica\/grupos-de-defensa-de-los-pacientes-en-pensilvania\/\">Grupos de defensa del paciente en Pensilvania<\/a><\/li>\n\n\n\n<li><a href=\"https:\/\/www.myphillylawyer.com\/es\/areas-de-practica\/negligencia-medica\/tendencias-del-jurado-de-filadelfia-en-casos-de-negligencia-medica\/\">Philadelphia Tendencias del jurado en casos de negligencia m\u00e9dica<\/a><\/li>\n\n\n\n<li><a href=\"https:\/\/www.myphillylawyer.com\/es\/areas-de-practica\/negligencia-medica\/negligencia-medica-y-telemedicina-nuevos-riesgos-y-protecciones\/\">Negligencias m\u00e9dicas y telemedicina: Nuevos riesgos y protecciones<\/a><\/li>\n\n\n\n<li><strong>El papel de la tecnolog\u00eda en la prevenci\u00f3n de errores m\u00e9dicos<\/strong><\/li>\n\n\n\n<li><a href=\"https:\/\/www.myphillylawyer.com\/es\/areas-de-practica\/negligencia-medica\/sentencias-y-acuerdos-recientes-por-negligencia-medica-en-filadelfia\/\">Veredictos y acuerdos recientes por negligencia m\u00e9dica Philadelphia<\/a><\/li>\n\n\n\n<li><a href=\"https:\/\/www.myphillylawyer.com\/es\/areas-de-practica\/negligencia-medica\/como-afecta-el-seguro-de-responsabilidad-civil-profesional-medica-a-las-reclamaciones-de-los-pacientes\/\">C\u00f3mo afecta el seguro de negligencia m\u00e9dica a las reclamaciones de los pacientes<\/a><\/li>\n\n\n\n<li><a href=\"https:\/\/www.myphillylawyer.com\/es\/areas-de-practica\/negligencia-medica\/funcion-de-la-junta-medica-de-pensilvania-en-las-medidas-disciplinarias\/\">Papel de la Junta M\u00e9dica de Pensilvania en las acciones disciplinarias<\/a><\/li>\n\n\n\n<li><a href=\"https:\/\/www.myphillylawyer.com\/es\/areas-de-practica\/negligencia-medica\/especialidades-medicas-muy-litigadas-en-pensilvania\/\">Especialidades m\u00e9dicas m\u00e1s litigadas en Pensilvania<\/a><\/li>\n\n\n\n<li><a href=\"https:\/\/www.myphillylawyer.com\/es\/areas-de-practica\/negligencia-medica\/los-hospitales-y-proveedores-de-servicios-medicos-de-filadelfia-se-ven-involucrados-con-frecuencia-en-reclamaciones\/\">Philadelphia Hospitales y proveedores de asistencia sanitaria frecuentemente implicados en reclamaciones<\/a><\/li>\n<\/ul>","protected":false},"excerpt":{"rendered":"<p>El papel de la tecnolog\u00eda en la prevenci\u00f3n de errores m\u00e9dicos Los errores en medicina pueden tener consecuencias graves, que en ocasiones pueden cambiar la vida de las personas. En Philadelphia, la negligencia m\u00e9dica sigue siendo un problema real, pero la tecnolog\u00eda est\u00e1 ayudando a prevenir los errores antes de que lleguen al paciente. Si usted o un ser querido ha sufrido un error m\u00e9dico, es fundamental saber c\u00f3mo las nuevas herramientas...<\/p>","protected":false},"author":14,"featured_media":0,"parent":7452,"menu_order":0,"comment_status":"closed","ping_status":"closed","template":"","meta":{"_acf_changed":false,"jetpack_post_was_ever_published":false,"footnotes":""},"class_list":["post-15117","page","type-page","status-publish","hentry"],"acf":[],"jetpack_sharing_enabled":true,"_links":{"self":[{"href":"https:\/\/www.myphillylawyer.com\/es\/wp-json\/wp\/v2\/pages\/15117","targetHints":{"allow":["GET"]}}],"collection":[{"href":"https:\/\/www.myphillylawyer.com\/es\/wp-json\/wp\/v2\/pages"}],"about":[{"href":"https:\/\/www.myphillylawyer.com\/es\/wp-json\/wp\/v2\/types\/page"}],"author":[{"embeddable":true,"href":"https:\/\/www.myphillylawyer.com\/es\/wp-json\/wp\/v2\/users\/14"}],"replies":[{"embeddable":true,"href":"https:\/\/www.myphillylawyer.com\/es\/wp-json\/wp\/v2\/comments?post=15117"}],"version-history":[{"count":5,"href":"https:\/\/www.myphillylawyer.com\/es\/wp-json\/wp\/v2\/pages\/15117\/revisions"}],"predecessor-version":[{"id":15171,"href":"https:\/\/www.myphillylawyer.com\/es\/wp-json\/wp\/v2\/pages\/15117\/revisions\/15171"}],"up":[{"embeddable":true,"href":"https:\/\/www.myphillylawyer.com\/es\/wp-json\/wp\/v2\/pages\/7452"}],"wp:attachment":[{"href":"https:\/\/www.myphillylawyer.com\/es\/wp-json\/wp\/v2\/media?parent=15117"}],"curies":[{"name":"wp","href":"https:\/\/api.w.org\/{rel}","templated":true}]}}