{"id":15118,"date":"2025-12-03T13:16:07","date_gmt":"2025-12-03T18:16:07","guid":{"rendered":"https:\/\/www.myphillylawyer.com\/?page_id=15118"},"modified":"2025-12-04T09:35:16","modified_gmt":"2025-12-04T14:35:16","slug":"negligencia-medica-y-telemedicina-nuevos-riesgos-y-protecciones","status":"publish","type":"page","link":"https:\/\/www.myphillylawyer.com\/es\/areas-de-practica\/negligencia-medica\/negligencia-medica-y-telemedicina-nuevos-riesgos-y-protecciones\/","title":{"rendered":"Negligencias m\u00e9dicas y telemedicina: Nuevos riesgos y protecciones"},"content":{"rendered":"<h1 class=\"wp-block-heading\" id=\"medical-malpractice-and-telemedicine-new-risks-and-protections\">Negligencias m\u00e9dicas y telemedicina: Nuevos riesgos y protecciones<\/h1>\n\n\n\n<p>La telemedicina ha transformado la atenci\u00f3n m\u00e9dica en Philadelphia y en todo Pensilvania. Con solo unos pocos toques en una pantalla, puede conectarse con un m\u00e9dico, terapeuta o especialista que puede estar a kil\u00f3metros de distancia. Si bien la telemedicina ofrece comodidad y un acceso m\u00e1s r\u00e1pido a la atenci\u00f3n m\u00e9dica, tambi\u00e9n conlleva nuevos riesgos. Comprender sus derechos y protecciones cuando algo sale mal es m\u00e1s importante que nunca. Si sospecha que ha sido perjudicado por un error durante la atenci\u00f3n de telemedicina, comun\u00edquese con un&nbsp;<a href=\"https:\/\/www.myphillylawyer.com\/es\/areas-de-practica\/negligencia-medica\/\" target=\"_blank\" rel=\"noreferrer noopener\">Philadelphia abogado negligencia m\u00e9dica<\/a>&nbsp;puede ayudarte a obtener respuestas y proteger tu futuro.<\/p>\n\n\n\n<div class=\"wp-block-rank-math-toc-block\" id=\"rank-math-toc\"><h2>\u00cdndice<\/h2><nav><ul><li><a href=\"#medical-malpractice-and-telemedicine-new-risks-and-protections\">Negligencias m\u00e9dicas y telemedicina: Nuevos riesgos y protecciones<\/a><ul><li><a href=\"#what-counts-as-medical-malpractice-in-telemedicine\">\u00bfQu\u00e9 se considera negligencia m\u00e9dica en la telemedicina?<\/a><\/li><li><a href=\"#how-do-telemedicine-malpractice-claims-work\">\u00bfC\u00f3mo funcionan las demandas por negligencia en telemedicina?<\/a><\/li><li><a href=\"#unique-risks-in-telemedicine-that-lead-to-medical-malpractice\">Riesgos \u00fanicos de la telemedicina que pueden dar lugar a negligencia m\u00e9dica<\/a><\/li><li><a href=\"#new-protections-for-telemedicine-patients-in-pennsylvania\">Nuevas protecciones para los pacientes de telemedicina en Pensilvania<\/a><\/li><li><a href=\"#how-to-protect-yourself-as-a-telemedicine-patient\">C\u00f3mo protegerse como paciente de telemedicina<\/a><\/li><li><a href=\"#fa-qs-about-medical-malpractice-and-telemedicine\">Preguntas frecuentes sobre negligencia m\u00e9dica y telemedicina<\/a><\/li><li><a href=\"#other-resources-about-key-entities-institutions-and-trend\">Otros recursos sobre entidades clave, instituciones y tendencias<\/a><\/li><\/ul><\/li><\/ul><\/nav><\/div>\n\n\n\n<h2 class=\"wp-block-heading\" id=\"what-counts-as-medical-malpractice-in-telemedicine\">\u00bfQu\u00e9 se considera negligencia m\u00e9dica en la telemedicina?<\/h2>\n\n\n\n<p>La negligencia m\u00e9dica se produce cuando un proveedor de servicios de salud no cumple con el est\u00e1ndar de atenci\u00f3n aceptado, causando da\u00f1os al paciente. En la telemedicina, este est\u00e1ndar es el mismo que en la atenci\u00f3n presencial: el m\u00e9dico debe actuar de manera razonable y seguir las mejores pr\u00e1cticas. Pero la telemedicina a\u00f1ade nuevas complicaciones. \u00bfQu\u00e9 pasa si una mala conexi\u00f3n provoca un diagn\u00f3stico err\u00f3neo? \u00bfO si un proveedor no examina detenidamente su historial m\u00e9dico porque nunca lo ha visto en persona? Estos son riesgos reales.<\/p>\n\n\n\n<p>Algunos ejemplos de negligencia en la telemedicina pueden ser recetas incorrectas debido a videollamadas poco claras, se\u00f1ales de alerta pasadas por alto en un examen virtual o instrucciones de seguimiento deficientes. A veces, es posible que un proveedor no responda a los mensajes urgentes de un paciente en l\u00ednea, lo que retrasa la atenci\u00f3n cuando cada minuto cuenta. En todos estos casos, la cuesti\u00f3n principal es si el proveedor de atenci\u00f3n m\u00e9dica no actu\u00f3 como lo habr\u00eda hecho otro proveedor cuidadoso en la misma situaci\u00f3n. Si cree que su atenci\u00f3n fue deficiente, un abogado especializado en negligencia m\u00e9dica de Philly puede ayudarle a determinar si tiene un caso.<\/p>\n\n\n\n<h2 class=\"wp-block-heading\" id=\"how-do-telemedicine-malpractice-claims-work\">\u00bfC\u00f3mo funcionan las demandas por negligencia en telemedicina?<\/h2>\n\n\n\n<p>Presentar una demanda por negligencia por errores de telemedicina en Philadelphia sigue los mismos pasos que para los errores presenciales, pero con algunas particularidades. Deber\u00e1 demostrar cuatro cosas: la relaci\u00f3n m\u00e9dico-paciente, el incumplimiento del est\u00e1ndar de atenci\u00f3n, la lesi\u00f3n y la relaci\u00f3n directa entre el incumplimiento y su lesi\u00f3n. Con la telemedicina, demostrar esto puede resultar complicado, ya que los registros suelen ser digitales y la \u201cvisita\u201d puede no parecerse a una cita t\u00edpica en el consultorio.<\/p>\n\n\n\n<p>Es importante guardar todos los correos electr\u00f3nicos, mensajes de texto y capturas de pantalla de sus consultas de telemedicina. Estos registros suelen mostrar lo que se discuti\u00f3, lo que se recomend\u00f3 y la rapidez con la que respondi\u00f3 el m\u00e9dico. Adem\u00e1s, la ley Philadelphia y la ley de Pensilvania exigen que se sigan ciertos pasos antes de presentar una demanda, como obtener un informe de un experto m\u00e9dico. Este experto debe afirmar que es probable que la atenci\u00f3n que recibi\u00f3 no cumpliera con los est\u00e1ndares adecuados. Un experto&nbsp;<a href=\"https:\/\/www.myphillylawyer.com\/es\/\" target=\"_blank\" rel=\"noreferrer noopener\">Philadelphia abogado de lesiones personales<\/a>&nbsp;sabr\u00e1 c\u00f3mo recopilar pruebas digitales y trabajar con los expertos adecuados para construir una s\u00f3lida demanda por negligencia en telemedicina.<\/p>\n\n\n\n<h2 class=\"wp-block-heading\" id=\"unique-risks-in-telemedicine-that-lead-to-medical-malpractice\">Riesgos \u00fanicos de la telemedicina que pueden dar lugar a negligencia m\u00e9dica<\/h2>\n\n\n\n<p>La telemedicina no es solo \u201cmedicina por tel\u00e9fono\u201d. Conlleva riesgos que no siempre se ven en una cl\u00ednica. Una mala calidad de v\u00eddeo puede ocultar s\u00edntomas. Es posible que los m\u00e9dicos no tengan acceso a tu historial m\u00e9dico completo y puedan cometer errores si cada vez te atiende alguien nuevo. Algunas cosas, como auscultar el coraz\u00f3n o palpar si hay inflamaci\u00f3n, simplemente no se pueden hacer a trav\u00e9s de una pantalla. Estas deficiencias pueden dar lugar a diagn\u00f3sticos err\u00f3neos o tratamientos incorrectos.<\/p>\n\n\n\n<p>Otro problema cada vez m\u00e1s importante es la privacidad de los pacientes. La telemedicina utiliza aplicaciones y plataformas que pueden no ser seguras. Si se filtra informaci\u00f3n m\u00e9dica privada o cae en manos equivocadas, los pacientes pueden verse perjudicados. Por \u00faltimo, es posible que los m\u00e9dicos de otros estados no conozcan las leyes locales o los seguimientos requeridos en Pensilvania. Para los pacientes de Philadelphia, es importante que su proveedor de telemedicina tenga licencia en Pensilvania y siga las mismas normas que los proveedores locales. Cuando no es as\u00ed,&nbsp;<a href=\"https:\/\/www.myphillylawyer.com\/es\/zonas-atendidas\/bensalem\/abogados-de-negligencia-medica-2\/\" target=\"_blank\" rel=\"noreferrer noopener\">abogados de negligencia m\u00e9dica<\/a>&nbsp;estamos aqu\u00ed para ayudar a los pacientes a recuperarse.<\/p>\n\n\n\n<h2 class=\"wp-block-heading\" id=\"new-protections-for-telemedicine-patients-in-pennsylvania\">Nuevas protecciones para los pacientes de telemedicina en Pensilvania<\/h2>\n\n\n\n<p>Pensilvania ha actualizado sus leyes y normas para abordar los riesgos espec\u00edficos de la telemedicina. Los proveedores de telemedicina deben tener licencia en el estado y deben proteger su informaci\u00f3n privada igual que en una cl\u00ednica presencial. La ley tambi\u00e9n establece que los proveedores deben obtener su consentimiento informado y mantener registros precisos de cada visita de telemedicina. Si su proveedor utiliza la telemedicina, usted sigue estando protegido por las leyes estatales sobre negligencia m\u00e9dica.<\/p>\n\n\n\n<p>Si usted sufre da\u00f1os debido a un error de telemedicina, puede solicitar una indemnizaci\u00f3n por sus lesiones. Los da\u00f1os pueden incluir sus facturas m\u00e9dicas, salarios perdidos, dolor y sufrimiento y, en ocasiones, necesidades de cuidados futuros. Al igual que con la atenci\u00f3n presencial, existe un plazo l\u00edmite, denominado plazo de prescripci\u00f3n, para presentar una demanda por negligencia. En muchos casos en Pensilvania, tiene dos a\u00f1os para presentar la demanda, pero hay excepciones para los ni\u00f1os o cuando el da\u00f1o no se descubri\u00f3 de inmediato.<\/p>\n\n\n\n<p>Si no est\u00e1 seguro de si se han violado sus derechos durante una consulta de telemedicina, consulte con&nbsp;<a href=\"https:\/\/www.myphillylawyer.com\/es\/zonas-atendidas\/jenkintown\/abogados-de-negligencia-medica-2\/\" target=\"_blank\" rel=\"noreferrer noopener\">abogados especializados en negligencias m\u00e9dicas<\/a>&nbsp;es un primer paso inteligente. Pueden ayudarte a comprender tus protecciones legales y c\u00f3mo seguir adelante.<\/p>\n\n\n\n<h2 class=\"wp-block-heading\" id=\"how-to-protect-yourself-as-a-telemedicine-patient\">C\u00f3mo protegerse como paciente de telemedicina<\/h2>\n\n\n\n<p>Aunque la telemedicina puede ser segura y eficaz, tomar medidas para protegerse puede marcar una gran diferencia. Confirme siempre que su proveedor tenga licencia en Pensilvania y pregunte c\u00f3mo se mantendr\u00e1 segura su informaci\u00f3n m\u00e9dica. Prep\u00e1rese para su visita anotando sus s\u00edntomas, preguntas y cualquier medicamento que tome. Despu\u00e9s de su llamada, guarde copias de todas las notas, correos electr\u00f3nicos e instrucciones que reciba.<\/p>\n\n\n\n<p>Si alguna vez no est\u00e1 seguro acerca de su atenci\u00f3n m\u00e9dica o siente que se pas\u00f3 algo por alto, no espere. Comun\u00edquese con su proveedor y solicite un seguimiento. Si cree que ha sufrido un da\u00f1o grave, comun\u00edquese con un&nbsp;<a href=\"https:\/\/www.myphillylawyer.com\/es\/zonas-atendidas\/norristown\/abogados-de-negligencia-medica-2\/\" target=\"_blank\" rel=\"noreferrer noopener\">abogado de negligencias m\u00e9dicas<\/a>&nbsp;que entienda los casos de telemedicina. Los profesionales del derecho pueden ayudarle a actuar con rapidez y proteger sus derechos, especialmente cuando se trata de registros digitales y proveedores de otros estados.<\/p>\n\n\n\n<hr class=\"wp-block-separator has-alpha-channel-opacity\"\/>\n\n\n\n<h2 class=\"wp-block-heading\" id=\"fa-qs-about-medical-malpractice-and-telemedicine\">Preguntas frecuentes sobre negligencia m\u00e9dica y telemedicina<\/h2>\n\n\n\n<p><strong>\u00bfC\u00f3mo se demuestra la negligencia m\u00e9dica en un caso de telemedicina?<\/strong><br>Para demostrar negligencia m\u00e9dica en un caso de telemedicina, deber\u00e1 demostrar que exist\u00eda una relaci\u00f3n m\u00e9dico-paciente, que el proveedor no cumpli\u00f3 con el est\u00e1ndar de atenci\u00f3n aceptado, que usted sufri\u00f3 da\u00f1os y que las acciones del proveedor causaron su lesi\u00f3n. Las pruebas como correos electr\u00f3nicos, mensajes de texto y registros digitales desempe\u00f1an un papel importante. Hablar con un&nbsp;<a href=\"https:\/\/www.myphillylawyer.com\/es\/areas-de-practica\/negligencia-medica\/\" target=\"_blank\" rel=\"noreferrer noopener\">Philadelphia abogado negligencia m\u00e9dica<\/a>&nbsp;puede ayudarle a comprender si su caso cumple con estos requisitos.<\/p>\n\n\n\n<p><strong>\u00bfQu\u00e9 debo hacer si me lesiono durante una consulta de telemedicina?<\/strong><br>Si te lesionas durante o despu\u00e9s de una consulta de telemedicina, busca ayuda m\u00e9dica de inmediato. Guarda todos los registros de tu consulta, incluidos correos electr\u00f3nicos, capturas de pantalla y res\u00famenes. A continuaci\u00f3n, ponte en contacto con un&nbsp;<a href=\"https:\/\/www.myphillylawyer.com\/es\/zonas-atendidas\/upper-darby\/abogado-de-negligencias-medicas\/\" target=\"_blank\" rel=\"noreferrer noopener\">Abogado especializado en negligencia m\u00e9dica Philly<\/a>&nbsp;con experiencia en reclamaciones de telemedicina para analizar sus opciones.<\/p>\n\n\n\n<p><strong>\u00bfLos proveedores de telemedicina deben tener licencia en Pensilvania?<\/strong><br>S\u00ed, los proveedores de telemedicina que tratan a pacientes en Pensilvania deben tener licencia para ejercer en el estado. Si no est\u00e1 seguro de si su proveedor tiene licencia aqu\u00ed, consulte con la junta m\u00e9dica del estado o preg\u00fantele directamente a su proveedor. Si cree que ha recibido atenci\u00f3n de un proveedor sin licencia, comente su situaci\u00f3n con&nbsp;<a href=\"https:\/\/www.myphillylawyer.com\/es\/zonas-atendidas\/wayne\/abogados-de-negligencia-medica-2\/\" target=\"_blank\" rel=\"noreferrer noopener\">abogados de negligencia m\u00e9dica<\/a>&nbsp;para ver si tiene derecho a reclamar.<\/p>\n\n\n\n<p><strong>\u00bfPuedo demandar por negligencia m\u00e9dica si mi proveedor de telemedicina se encontraba fuera del estado?<\/strong><br>Es posible que pueda presentar una demanda si su proveedor de otro estado no ten\u00eda licencia en Pensilvania o si la atenci\u00f3n que le brind\u00f3 no cumpl\u00eda con los est\u00e1ndares de atenci\u00f3n de Pensilvania. Estos casos pueden ser complejos, pero un abogado calificado&nbsp;<a href=\"https:\/\/www.myphillylawyer.com\/es\/zonas-atendidas\/arboleda-de-sauces\/abogados-especializados-en-negligencias-medicas\/\" target=\"_blank\" rel=\"noreferrer noopener\">abogado de negligencias m\u00e9dicas<\/a>&nbsp;puede ayudarle a comprender sus derechos y guiarle a trav\u00e9s del proceso legal.<\/p>\n\n\n\n<h2 class=\"wp-block-heading\" id=\"other-resources-about-key-entities-institutions-and-trend\">Otros recursos sobre entidades clave, instituciones y tendencias<\/h2>\n\n\n\n<ul class=\"wp-block-list\">\n<li><a href=\"https:\/\/www.myphillylawyer.com\/es\/areas-de-practica\/negligencia-medica\/covid-19-y-cambios-en-los-litigios-por-negligencia-medica\/\">COVID-19 y los cambios en los litigios por negligencia m\u00e9dica<\/a><\/li>\n\n\n\n<li><a href=\"https:\/\/www.myphillylawyer.com\/es\/areas-de-practica\/negligencia-medica\/grupos-de-defensa-de-los-pacientes-en-pensilvania\/\">Grupos de defensa del paciente en Pensilvania<\/a><\/li>\n\n\n\n<li><a href=\"https:\/\/www.myphillylawyer.com\/es\/areas-de-practica\/negligencia-medica\/tendencias-del-jurado-de-filadelfia-en-casos-de-negligencia-medica\/\">Philadelphia Tendencias del jurado en casos de negligencia m\u00e9dica<\/a><\/li>\n\n\n\n<li><strong>Negligencias m\u00e9dicas y telemedicina: Nuevos riesgos y protecciones<\/strong><\/li>\n\n\n\n<li><a href=\"https:\/\/www.myphillylawyer.com\/es\/areas-de-practica\/negligencia-medica\/el-papel-de-la-tecnologia-en-la-prevencion-de-errores-medicos\/\">El papel de la tecnolog\u00eda en la prevenci\u00f3n de errores m\u00e9dicos<\/a><\/li>\n\n\n\n<li><a href=\"https:\/\/www.myphillylawyer.com\/es\/areas-de-practica\/negligencia-medica\/sentencias-y-acuerdos-recientes-por-negligencia-medica-en-filadelfia\/\">Veredictos y acuerdos recientes por negligencia m\u00e9dica Philadelphia<\/a><\/li>\n\n\n\n<li><a href=\"https:\/\/www.myphillylawyer.com\/es\/areas-de-practica\/negligencia-medica\/como-afecta-el-seguro-de-responsabilidad-civil-profesional-medica-a-las-reclamaciones-de-los-pacientes\/\">C\u00f3mo afecta el seguro de negligencia m\u00e9dica a las reclamaciones de los pacientes<\/a><\/li>\n\n\n\n<li><a href=\"https:\/\/www.myphillylawyer.com\/es\/areas-de-practica\/negligencia-medica\/funcion-de-la-junta-medica-de-pensilvania-en-las-medidas-disciplinarias\/\">Papel de la Junta M\u00e9dica de Pensilvania en las acciones disciplinarias<\/a><\/li>\n\n\n\n<li><a href=\"https:\/\/www.myphillylawyer.com\/es\/areas-de-practica\/negligencia-medica\/especialidades-medicas-muy-litigadas-en-pensilvania\/\">Especialidades m\u00e9dicas m\u00e1s litigadas en Pensilvania<\/a><\/li>\n\n\n\n<li><a href=\"https:\/\/www.myphillylawyer.com\/es\/areas-de-practica\/negligencia-medica\/los-hospitales-y-proveedores-de-servicios-medicos-de-filadelfia-se-ven-involucrados-con-frecuencia-en-reclamaciones\/\">Philadelphia Hospitales y proveedores de asistencia sanitaria frecuentemente implicados en reclamaciones<\/a><\/li>\n<\/ul>","protected":false},"excerpt":{"rendered":"<p>Negligencia m\u00e9dica y telemedicina: nuevos riesgos y protecciones La telemedicina ha transformado la atenci\u00f3n m\u00e9dica en Philadelphia y en todo Pensilvania. Con solo unos pocos toques en una pantalla, puede conectarse con un m\u00e9dico, terapeuta o especialista que puede estar a kil\u00f3metros de distancia. Si bien la telemedicina ofrece comodidad y un acceso m\u00e1s r\u00e1pido a la atenci\u00f3n m\u00e9dica, tambi\u00e9n conlleva nuevos riesgos. Comprender su...<\/p>","protected":false},"author":14,"featured_media":0,"parent":7452,"menu_order":0,"comment_status":"closed","ping_status":"closed","template":"","meta":{"_acf_changed":false,"jetpack_post_was_ever_published":false,"footnotes":""},"class_list":["post-15118","page","type-page","status-publish","hentry"],"acf":[],"jetpack_sharing_enabled":true,"_links":{"self":[{"href":"https:\/\/www.myphillylawyer.com\/es\/wp-json\/wp\/v2\/pages\/15118","targetHints":{"allow":["GET"]}}],"collection":[{"href":"https:\/\/www.myphillylawyer.com\/es\/wp-json\/wp\/v2\/pages"}],"about":[{"href":"https:\/\/www.myphillylawyer.com\/es\/wp-json\/wp\/v2\/types\/page"}],"author":[{"embeddable":true,"href":"https:\/\/www.myphillylawyer.com\/es\/wp-json\/wp\/v2\/users\/14"}],"replies":[{"embeddable":true,"href":"https:\/\/www.myphillylawyer.com\/es\/wp-json\/wp\/v2\/comments?post=15118"}],"version-history":[{"count":4,"href":"https:\/\/www.myphillylawyer.com\/es\/wp-json\/wp\/v2\/pages\/15118\/revisions"}],"predecessor-version":[{"id":15172,"href":"https:\/\/www.myphillylawyer.com\/es\/wp-json\/wp\/v2\/pages\/15118\/revisions\/15172"}],"up":[{"embeddable":true,"href":"https:\/\/www.myphillylawyer.com\/es\/wp-json\/wp\/v2\/pages\/7452"}],"wp:attachment":[{"href":"https:\/\/www.myphillylawyer.com\/es\/wp-json\/wp\/v2\/media?parent=15118"}],"curies":[{"name":"wp","href":"https:\/\/api.w.org\/{rel}","templated":true}]}}