{"id":15183,"date":"2025-12-04T10:12:29","date_gmt":"2025-12-04T15:12:29","guid":{"rendered":"https:\/\/www.myphillylawyer.com\/?page_id=15183"},"modified":"2025-12-04T11:12:20","modified_gmt":"2025-12-04T16:12:20","slug":"muerte-por-negligencia-medica-en-filadelfia","status":"publish","type":"page","link":"https:\/\/www.myphillylawyer.com\/es\/areas-de-practica\/negligencia-medica\/muerte-por-negligencia-medica-en-filadelfia\/","title":{"rendered":"Muerte por negligencia m\u00e9dica en Philadelphia"},"content":{"rendered":"<h1 class=\"wp-block-heading\" id=\"wrongful-death-from-medical-malpractice-in-philadelphia\">Muerte por negligencia m\u00e9dica en Philadelphia<\/h1>\n\n\n\n<p>Perder a un ser querido nunca es f\u00e1cil, pero cuando esa p\u00e9rdida se debe a un error m\u00e9dico, el dolor puede ser a\u00fan m\u00e1s profundo. En Philadelphia, la muerte por negligencia m\u00e9dica es una tragedia demasiado com\u00fan. Si su familia se enfrenta a este tipo de p\u00e9rdida, es posible que se pregunte qu\u00e9 puede hacer y qui\u00e9n puede ayudarle. Comprender sus derechos y c\u00f3mo un profesional calificado&nbsp;<a href=\"https:\/\/www.myphillylawyer.com\/es\/areas-de-practica\/negligencia-medica\/\" target=\"_blank\" rel=\"noreferrer noopener\">Philadelphia abogado negligencia m\u00e9dica<\/a>&nbsp;El apoyo que recibas puede marcar la diferencia al iniciar tu camino hacia la justicia.<\/p>\n\n\n\n<div class=\"wp-block-rank-math-toc-block\" id=\"rank-math-toc\"><h2>\u00cdndice<\/h2><nav><ul><li><a href=\"#wrongful-death-from-medical-malpractice-in-philadelphia\">Muerte por negligencia m\u00e9dica en Philadelphia<\/a><ul><li><a href=\"#what-is-wrongful-death-from-medical-malpractice\">\u00bfQu\u00e9 es la muerte por negligencia m\u00e9dica?<\/a><\/li><li><a href=\"#who-can-file-a-wrongful-death-medical-malpractice-claim-in-philadelphia\">\u00bfQui\u00e9n puede presentar una demanda por muerte por negligencia m\u00e9dica en Philadelphia?<\/a><\/li><li><a href=\"#how-long-do-you-have-to-file-a-wrongful-death-claim-in-philadelphia\">\u00bfCu\u00e1nto tiempo tiene para presentar una demanda por muerte por negligencia en Philadelphia?<\/a><\/li><li><a href=\"#what-do-you-need-to-prove-in-a-wrongful-death-medical-malpractice-case\">\u00bfQu\u00e9 se necesita demostrar en un caso de muerte por negligencia m\u00e9dica?<\/a><\/li><li><a href=\"#why-work-with-a-philadelphia-medical-malpractice-lawyer\">\u00bfPor qu\u00e9 trabajar con un abogado especializado en negligencia m\u00e9dica de Philadelphia?<\/a><\/li><li><a href=\"#fa-qs-about-wrongful-death-from-medical-malpractice-in-philadelphia\">Preguntas frecuentes sobre muerte por negligencia m\u00e9dica en Philadelphia<\/a><\/li><li><a href=\"#other-resources-about-related-injuries-and-case-types\">Otros recursos sobre lesiones relacionadas y tipos de casos<\/a><\/li><\/ul><\/li><\/ul><\/nav><\/div>\n\n\n\n<h2 class=\"wp-block-heading\" id=\"what-is-wrongful-death-from-medical-malpractice\">\u00bfQu\u00e9 es la muerte por negligencia m\u00e9dica?<\/h2>\n\n\n\n<p>La muerte por negligencia m\u00e9dica ocurre cuando un paciente fallece porque un m\u00e9dico, enfermero, hospital u otro proveedor de servicios de salud actu\u00f3 de manera descuidada, imprudente o no sigui\u00f3 los est\u00e1ndares m\u00e9dicos aceptados. Esto podr\u00eda significar que un cirujano comete un error durante una operaci\u00f3n, un m\u00e9dico no diagnostica un c\u00e1ncer o un enfermero administra un medicamento incorrecto. Lo que estos casos tienen en com\u00fan es que la muerte se podr\u00eda haber evitado si los profesionales hubieran hecho su trabajo correctamente.<\/p>\n\n\n\n<p>En Pensilvania, las demandas por negligencia m\u00e9dica pueden incluir errores quir\u00fargicos, errores en la medicaci\u00f3n, lesiones durante el parto, problemas con la anestesia y fallos en el diagn\u00f3stico o tratamiento oportuno de una enfermedad. Si el error provoca la muerte, los familiares cercanos pueden tener derecho a presentar una demanda contra los responsables. A&nbsp;<a href=\"https:\/\/www.myphillylawyer.com\/es\/areas-de-practica\/negligencia-medica\/\" target=\"_blank\" rel=\"noreferrer noopener\">Abogado especializado en negligencia m\u00e9dica Philly<\/a>&nbsp;puede ayudarte a comprender qu\u00e9 sali\u00f3 mal y qu\u00e9 puedes hacer a continuaci\u00f3n.<\/p>\n\n\n\n<h2 class=\"wp-block-heading\" id=\"who-can-file-a-wrongful-death-medical-malpractice-claim-in-philadelphia\">\u00bfQui\u00e9n puede presentar una demanda por muerte por negligencia m\u00e9dica en Philadelphia?<\/h2>\n\n\n\n<p>No todo el mundo puede presentar una demanda por muerte por negligencia. Seg\u00fan la legislaci\u00f3n de Pensilvania, solo determinadas personas pueden presentar una demanda en nombre de un ser querido que haya fallecido por negligencia m\u00e9dica. Por lo general, el representante personal del patrimonio del fallecido ser\u00e1 quien presente la demanda. A menudo se trata del c\u00f3nyuge, un hijo o un padre. Si no hay representante del patrimonio, los familiares que vayan a heredar pueden presentar la demanda ellos mismos, pero existen normas estrictas sobre los plazos y qui\u00e9nes pueden hacerlo.<\/p>\n\n\n\n<p>La reclamaci\u00f3n busca recuperar p\u00e9rdidas tales como gastos funerarios, facturas m\u00e9dicas, ingresos perdidos, dolor y sufrimiento, y la p\u00e9rdida de amor y compa\u00f1\u00eda. Si no est\u00e1 seguro de si puede presentar una reclamaci\u00f3n, lo mejor es hablar con un&nbsp;<a href=\"https:\/\/www.myphillylawyer.com\/es\/\" target=\"_blank\" rel=\"noreferrer noopener\">Philadelphia abogado de lesiones personales<\/a>&nbsp;que haya manejado casos de muerte por negligencia. Ellos revisar\u00e1n su situaci\u00f3n y le explicar\u00e1n sus opciones para que pueda tomar la mejor decisi\u00f3n para su familia.<\/p>\n\n\n\n<h2 class=\"wp-block-heading\" id=\"how-long-do-you-have-to-file-a-wrongful-death-claim-in-philadelphia\">\u00bfCu\u00e1nto tiempo tiene para presentar una demanda por muerte por negligencia en Philadelphia?<\/h2>\n\n\n\n<p>El tiempo es importante en los casos de muerte por negligencia. En Pensilvania, normalmente solo se dispone de dos a\u00f1os desde la fecha del fallecimiento para presentar una demanda por muerte por negligencia m\u00e9dica. Si se pasa este plazo, se puede perder para siempre el derecho a solicitar una indemnizaci\u00f3n. Existen raras excepciones si la negligencia se ocult\u00f3 o si la v\u00edctima era menor de edad, pero no espere a averiguar si estas excepciones son aplicables.<\/p>\n\n\n\n<p>Recopilar los expedientes m\u00e9dicos, obtener opiniones de expertos y preparar un caso s\u00f3lido puede llevar tiempo. Cuanto antes se ponga en contacto con un&nbsp;<a href=\"https:\/\/www.myphillylawyer.com\/es\/zonas-atendidas\/bensalem\/abogados-de-negligencia-medica-2\/\" target=\"_blank\" rel=\"noreferrer noopener\">abogado de negligencias m\u00e9dicas<\/a>, mayores ser\u00e1n sus posibilidades de cumplir con todos los plazos y proteger su reclamaci\u00f3n. El proceso legal tiene muchos pasos, y los hospitales y las compa\u00f1\u00edas de seguros suelen luchar con u\u00f1as y dientes en estos casos.<\/p>\n\n\n\n<h2 class=\"wp-block-heading\" id=\"what-do-you-need-to-prove-in-a-wrongful-death-medical-malpractice-case\">\u00bfQu\u00e9 se necesita demostrar en un caso de muerte por negligencia m\u00e9dica?<\/h2>\n\n\n\n<p>Ganar una demanda por muerte por negligencia m\u00e9dica no es f\u00e1cil. Debe demostrar que el proveedor de servicios m\u00e9dicos no cumpli\u00f3 con el est\u00e1ndar de atenci\u00f3n que un profesional razonable habr\u00eda brindado en la misma situaci\u00f3n. Tambi\u00e9n debe demostrar que este error caus\u00f3 directamente la muerte de su ser querido.<\/p>\n\n\n\n<p>Esto suele implicar contratar a expertos m\u00e9dicos para que revisen los registros y testifiquen sobre lo que deber\u00eda haber ocurrido. Tambi\u00e9n es necesario demostrar los da\u00f1os que ha sufrido la familia. Estos pueden incluir gastos m\u00e9dicos, gastos funerarios, p\u00e9rdida de ingresos y da\u00f1o emocional. A&nbsp;<a href=\"https:\/\/www.myphillylawyer.com\/es\/zonas-atendidas\/jenkintown\/abogados-de-negligencia-medica-2\/\" target=\"_blank\" rel=\"noreferrer noopener\">abogado de negligencia m\u00e9dica<\/a>&nbsp;puede ayudarle a encontrar a los expertos adecuados y reunir todas las pruebas que necesita.<\/p>\n\n\n\n<h2 class=\"wp-block-heading\" id=\"why-work-with-a-philadelphia-medical-malpractice-lawyer\">\u00bfPor qu\u00e9 trabajar con un abogado especializado en negligencia m\u00e9dica de Philadelphia?<\/h2>\n\n\n\n<p>Los casos de negligencia m\u00e9dica son complejos. Los hospitales y los m\u00e9dicos cuentan con equipos de abogados y compa\u00f1\u00edas de seguros que intentan pagar lo menos posible. Necesita a alguien de su lado que entienda la legislaci\u00f3n de Pensilvania, sepa c\u00f3mo investigar los errores m\u00e9dicos y no tenga miedo de acudir a los tribunales.<\/p>\n\n\n\n<p>A&nbsp;<a href=\"https:\/\/www.myphillylawyer.com\/es\/zonas-atendidas\/wayne\/abogados-de-negligencia-medica-2\/\" target=\"_blank\" rel=\"noreferrer noopener\">abogado de negligencia m\u00e9dica<\/a>&nbsp;puede ayudarte a:<\/p>\n\n\n\n<ul class=\"wp-block-list\">\n<li>Investigando lo que le sucedi\u00f3 a su ser querido.<\/li>\n\n\n\n<li>Recopilaci\u00f3n de expedientes m\u00e9dicos y pruebas.<\/li>\n\n\n\n<li>Trabajamos con expertos m\u00e9dicos para demostrar su caso.<\/li>\n\n\n\n<li>Gesti\u00f3n de todas las negociaciones con las compa\u00f1\u00edas de seguros.<\/li>\n\n\n\n<li>Presentar toda la documentaci\u00f3n a tiempo.<\/li>\n\n\n\n<li>Luchamos por obtener la m\u00e1xima indemnizaci\u00f3n para su familia.<\/li>\n<\/ul>\n\n\n\n<p>Lo m\u00e1s importante es que su abogado estar\u00e1 a su lado, explic\u00e1ndole cada paso y respondiendo a sus preguntas. Este apoyo puede ser un gran alivio en un momento tan dif\u00edcil.<\/p>\n\n\n\n<h2 class=\"wp-block-heading\" id=\"fa-qs-about-wrongful-death-from-medical-malpractice-in-philadelphia\">Preguntas frecuentes sobre muerte por negligencia m\u00e9dica en Philadelphia<\/h2>\n\n\n\n<p><strong>\u00bfQu\u00e9 tipo de da\u00f1os pueden recuperar las familias en los casos de muerte por negligencia m\u00e9dica en Philadelphia?<\/strong><br>Las familias pueden recuperar los gastos m\u00e9dicos, los gastos del funeral y el entierro, los salarios y prestaciones perdidos, la p\u00e9rdida de compa\u00f1\u00eda y una indemnizaci\u00f3n por da\u00f1os y perjuicios. En algunos casos, tambi\u00e9n se pueden obtener da\u00f1os punitivos si las acciones del proveedor fueron especialmente imprudentes. A&nbsp;<a href=\"https:\/\/www.myphillylawyer.com\/es\/zonas-atendidas\/norristown\/abogados-de-negligencia-medica-2\/\" target=\"_blank\" rel=\"noreferrer noopener\">abogado de negligencias m\u00e9dicas<\/a>&nbsp;puede revisar su caso y explicarle qu\u00e9 da\u00f1os y perjuicios pueden aplicarse.<\/p>\n\n\n\n<p><strong>\u00bfC\u00f3mo puedo saber si la muerte de mi ser querido fue causada por negligencia m\u00e9dica?<\/strong><br>No siempre es f\u00e1cil saber si un error m\u00e9dico ha provocado una muerte. Las se\u00f1ales de alerta pueden incluir resultados inesperados, falta de explicaci\u00f3n por parte de los profesionales sanitarios o cambios repentinos en el estado del paciente tras el tratamiento. Si tiene alguna duda, hable con un&nbsp;<a href=\"https:\/\/www.myphillylawyer.com\/es\/zonas-atendidas\/upper-darby\/abogado-de-negligencias-medicas\/\" target=\"_blank\" rel=\"noreferrer noopener\">abogado de negligencia m\u00e9dica<\/a>&nbsp;quien puede investigar y determinar si se produjo una negligencia profesional.<\/p>\n\n\n\n<p><strong>\u00bfMi caso tendr\u00e1 que ir a juicio o se puede resolver fuera de los tribunales?<\/strong><br>Muchos casos de negligencia m\u00e9dica por muerte por negligencia se resuelven antes del juicio. Sin embargo, si el hospital o el m\u00e9dico se niegan a ofrecer un acuerdo justo, su abogado debe estar preparado y ser capaz de llevar su caso a los tribunales. Contar con un abogado experto&nbsp;<a href=\"https:\/\/www.myphillylawyer.com\/es\/zonas-atendidas\/arboleda-de-sauces\/abogados-especializados-en-negligencias-medicas\/\" target=\"_blank\" rel=\"noreferrer noopener\">abogado de negligencias m\u00e9dicas<\/a>&nbsp;A menudo conduce a mejores acuerdos, ya que las compa\u00f1\u00edas de seguros saben qu\u00e9 abogados est\u00e1n dispuestos a luchar por sus clientes.<\/p>\n\n\n\n<p><strong>\u00bfCu\u00e1nto cuesta contratar a un abogado especializado en negligencia m\u00e9dica de Philadelphia para un caso de muerte por negligencia?<\/strong><br>M\u00e1s&nbsp;<a href=\"https:\/\/www.myphillylawyer.com\/es\/areas-de-practica\/negligencia-medica\/\" target=\"_blank\" rel=\"noreferrer noopener\">Philadelphia abogados negligencia m\u00e9dica<\/a>&nbsp;Manejamos casos de muerte por negligencia con honorarios contingentes. Esto significa que no pagas nada por adelantado y solo debes pagar los honorarios del abogado si tu caso tiene \u00e9xito y obtienes una indemnizaci\u00f3n. Siempre pregunta por los honorarios durante tu primera consulta para saber qu\u00e9 esperar.<\/p>\n\n\n\n<h2 class=\"wp-block-heading\" id=\"other-resources-about-related-injuries-and-case-types\"><strong>Otros recursos sobre lesiones relacionadas y tipos de casos<\/strong><\/h2>\n\n\n\n<ul class=\"wp-block-list\">\n<li><a href=\"https:\/\/www.myphillylawyer.com\/es\/areas-de-practica\/negligencia-medica\/rehabilitacion-y-lesiones-a-largo-plazo-tras-negligencia-medica\/\">Rehabilitaci\u00f3n y lesiones de larga duraci\u00f3n tras una negligencia<\/a><\/li>\n\n\n\n<li><a href=\"https:\/\/www.myphillylawyer.com\/es\/areas-de-practica\/negligencia-medica\/negligencia-en-cirugia-estetica-y-cirugia-plastica\/\">Negligencias en cirug\u00eda est\u00e9tica y cirug\u00eda pl\u00e1stica<\/a><\/li>\n\n\n\n<li><a href=\"https:\/\/www.myphillylawyer.com\/es\/areas-de-practica\/negligencia-medica\/casos-de-negligencia-dental\/\">Casos de negligencia dental<\/a><\/li>\n\n\n\n<li><a href=\"https:\/\/www.myphillylawyer.com\/es\/areas-de-practica\/negligencia-medica\/demandas-por-negligencia-en-residencias-de-ancianos-y-cuidados-a-personas-mayores\/\">Reclamaciones por negligencia en residencias de ancianos y cuidado de personas mayores<\/a><\/li>\n\n\n\n<li><a href=\"https:\/\/www.myphillylawyer.com\/es\/areas-de-practica\/negligencia-medica\/lesiones-por-negligencia-pediatrica-en-ninos-debido-a-errores-medicos\/\">Negligencia Pedi\u00e1trica: Lesiones infantiles por errores m\u00e9dicos<\/a><\/li>\n\n\n\n<li><a href=\"https:\/\/www.myphillylawyer.com\/es\/areas-de-practica\/negligencia-medica\/violaciones-del-consentimiento-informado-y-derechos-de-los-pacientes\/\">Violaciones del consentimiento informado y derechos del paciente<\/a><\/li>\n\n\n\n<li><a href=\"https:\/\/www.myphillylawyer.com\/es\/areas-de-practica\/negligencia-medica\/casos-de-perdida-de-extremidades-o-amputacion\/\">Casos de p\u00e9rdida de extremidades o amputaci\u00f3n<\/a><\/li>\n\n\n\n<li><strong>Muerte por negligencia m\u00e9dica en Philadelphia<\/strong><\/li>\n\n\n\n<li><a href=\"https:\/\/www.myphillylawyer.com\/es\/areas-de-practica\/negligencia-medica\/lesiones-en-la-medula-espinal-y-paralisis-por-negligencia-medica\/\">Lesiones medulares y par\u00e1lisis por negligencia profesional<\/a><\/li>\n\n\n\n<li><a href=\"https:\/\/www.myphillylawyer.com\/es\/areas-de-practica\/negligencia-medica\/lesiones-cerebrales-por-negligencia-medica\/\">Lesiones cerebrales por negligencia m\u00e9dica<\/a><\/li>\n<\/ul>","protected":false},"excerpt":{"rendered":"<p>Muerte por negligencia m\u00e9dica en Philadelphia Perder a un ser querido nunca es f\u00e1cil, pero cuando esa p\u00e9rdida se produce por un error m\u00e9dico, el dolor puede ser a\u00fan m\u00e1s profundo. En Philadelphia, la muerte por negligencia m\u00e9dica es una tragedia muy com\u00fan. Si su familia se enfrenta a este tipo de p\u00e9rdida, es posible que se pregunte qu\u00e9...<\/p>","protected":false},"author":14,"featured_media":0,"parent":7452,"menu_order":0,"comment_status":"closed","ping_status":"closed","template":"","meta":{"_acf_changed":false,"footnotes":""},"class_list":["post-15183","page","type-page","status-publish","hentry"],"acf":[],"jetpack_sharing_enabled":true,"_links":{"self":[{"href":"https:\/\/www.myphillylawyer.com\/es\/wp-json\/wp\/v2\/pages\/15183","targetHints":{"allow":["GET"]}}],"collection":[{"href":"https:\/\/www.myphillylawyer.com\/es\/wp-json\/wp\/v2\/pages"}],"about":[{"href":"https:\/\/www.myphillylawyer.com\/es\/wp-json\/wp\/v2\/types\/page"}],"author":[{"embeddable":true,"href":"https:\/\/www.myphillylawyer.com\/es\/wp-json\/wp\/v2\/users\/14"}],"replies":[{"embeddable":true,"href":"https:\/\/www.myphillylawyer.com\/es\/wp-json\/wp\/v2\/comments?post=15183"}],"version-history":[{"count":4,"href":"https:\/\/www.myphillylawyer.com\/es\/wp-json\/wp\/v2\/pages\/15183\/revisions"}],"predecessor-version":[{"id":15237,"href":"https:\/\/www.myphillylawyer.com\/es\/wp-json\/wp\/v2\/pages\/15183\/revisions\/15237"}],"up":[{"embeddable":true,"href":"https:\/\/www.myphillylawyer.com\/es\/wp-json\/wp\/v2\/pages\/7452"}],"wp:attachment":[{"href":"https:\/\/www.myphillylawyer.com\/es\/wp-json\/wp\/v2\/media?parent=15183"}],"curies":[{"name":"wp","href":"https:\/\/api.w.org\/{rel}","templated":true}]}}