{"id":15190,"date":"2025-12-04T10:15:22","date_gmt":"2025-12-04T15:15:22","guid":{"rendered":"https:\/\/www.myphillylawyer.com\/?page_id=15190"},"modified":"2025-12-04T11:12:34","modified_gmt":"2025-12-04T16:12:34","slug":"violaciones-del-consentimiento-informado-y-derechos-de-los-pacientes","status":"publish","type":"page","link":"https:\/\/www.myphillylawyer.com\/es\/areas-de-practica\/negligencia-medica\/violaciones-del-consentimiento-informado-y-derechos-de-los-pacientes\/","title":{"rendered":"Violaciones del consentimiento informado y derechos del paciente"},"content":{"rendered":"<h1 class=\"wp-block-heading\" id=\"informed-consent-violations-and-patient-rights\">Violaciones del consentimiento informado y derechos del paciente<\/h1>\n\n\n\n<p>Cuando conf\u00edas tu salud a un m\u00e9dico u hospital, esperas una comunicaci\u00f3n clara y honesta sobre tu atenci\u00f3n m\u00e9dica. Pero, \u00bfqu\u00e9 sucede si nunca aceptaste someterte a un procedimiento arriesgado o no conoc\u00edas tus opciones antes de la cirug\u00eda? El consentimiento informado es un derecho del paciente y un deber del m\u00e9dico. Cuando se ignora ese derecho, puede dar lugar a lesiones que cambian la vida e incluso a acciones legales por negligencia m\u00e9dica. Si crees que se han violado tus derechos como paciente, un&nbsp;<a href=\"https:\/\/www.myphillylawyer.com\/es\/areas-de-practica\/negligencia-medica\/\" target=\"_blank\" rel=\"noreferrer noopener\">Philadelphia abogado negligencia m\u00e9dica<\/a>&nbsp;puede ayudarle a comprender sus opciones.<\/p>\n\n\n\n<div class=\"wp-block-rank-math-toc-block\" id=\"rank-math-toc\"><h2>\u00cdndice<\/h2><nav><ul><li><a href=\"#informed-consent-violations-and-patient-rights\">Violaciones del consentimiento informado y derechos del paciente<\/a><ul><li><a href=\"#what-is-informed-consent\">\u00bfQu\u00e9 es el consentimiento informado?<\/a><\/li><li><a href=\"#common-ways-informed-consent-is-violated-in-philadelphia\">Formas habituales en las que se viola el consentimiento informado en Philadelphia<\/a><\/li><li><a href=\"#your-rights-as-a-patient-in-pennsylvania\">Sus derechos como paciente en Pensilvania<\/a><\/li><li><a href=\"#proving-informed-consent-violations-in-medical-malpractice-cases\">Demostrar las violaciones del consentimiento informado en casos de negligencia m\u00e9dica<\/a><\/li><li><a href=\"#how-a-medical-malpractice-lawyer-can-help\">C\u00f3mo puede ayudarle un abogado especializado en negligencia m\u00e9dica<\/a><\/li><li><a href=\"#fa-qs-about-informed-consent-violations-and-patient-rights\">Preguntas frecuentes sobre las violaciones del consentimiento informado y los derechos de los pacientes<\/a><\/li><li><a href=\"#other-resources-about-related-injuries-and-case-types\">Otros recursos sobre lesiones relacionadas y tipos de casos<\/a><\/li><\/ul><\/li><\/ul><\/nav><\/div>\n\n\n\n<h2 class=\"wp-block-heading\" id=\"what-is-informed-consent\">\u00bfQu\u00e9 es el consentimiento informado?<\/h2>\n\n\n\n<p>El consentimiento informado significa que su m\u00e9dico debe explicarle los riesgos, los beneficios y las alternativas de cualquier procedimiento m\u00e9dico importante antes de que usted lo acepte. Usted necesita saber qu\u00e9 podr\u00eda suceder, las posibilidades de \u00e9xito y qu\u00e9 otras opciones existen, incluyendo no hacer nada en absoluto. La ley de Pensilvania es clara: excepto en casos de emergencia, los m\u00e9dicos deben obtener su permiso antes de realizar una cirug\u00eda, transfusiones de sangre, quimioterapia o utilizar tratamientos experimentales.<\/p>\n\n\n\n<p>Este proceso no es solo un formulario que hay que firmar. Es una conversaci\u00f3n. El m\u00e9dico debe responder a sus preguntas, explicarle las cosas en un lenguaje sencillo y asegurarse de que usted lo entiende todo antes de dar su consentimiento. Por ejemplo, si te vas a someter a una cirug\u00eda de rodilla, el m\u00e9dico debe informarte sobre la posibilidad de infecci\u00f3n, co\u00e1gulos sangu\u00edneos o dolor a largo plazo, as\u00ed como sobre otros tratamientos, como la fisioterapia. Si un m\u00e9dico omite este paso, puede ser considerado responsable de los da\u00f1os causados por la falta de consentimiento informado.<\/p>\n\n\n\n<h2 class=\"wp-block-heading\" id=\"common-ways-informed-consent-is-violated-in-philadelphia\">Formas habituales en las que se viola el consentimiento informado en Philadelphia<\/h2>\n\n\n\n<p>Las violaciones del consentimiento informado pueden adoptar muchas formas. A veces, los hospitales hacen que los pacientes firmen formularios sin darles una explicaci\u00f3n real. Otras veces, los m\u00e9dicos pasan por alto los riesgos, se apresuran al explicar los detalles o no mencionan tratamientos alternativos. Es posible que algunos pacientes no hablen ingl\u00e9s como primera lengua y que la informaci\u00f3n importante se pierda en la traducci\u00f3n. En otros casos, el paciente est\u00e1 bajo los efectos de la medicaci\u00f3n o el estr\u00e9s y no es capaz de tomar una decisi\u00f3n clara.<\/p>\n\n\n\n<p>Tambi\u00e9n se puede producir una infracci\u00f3n si un m\u00e9dico realiza un procedimiento diferente al que usted acept\u00f3. Por ejemplo, si usted dio su consentimiento para que le extirparan el ap\u00e9ndice, pero al despertar descubri\u00f3 que tambi\u00e9n le hab\u00edan extirpado la ves\u00edcula biliar sin su conocimiento, esto constituir\u00eda una grave violaci\u00f3n de sus derechos. Cuando esto ocurre, la ley establece que usted puede demandar por negligencia m\u00e9dica. A&nbsp;<a href=\"https:\/\/www.myphillylawyer.com\/es\/areas-de-practica\/negligencia-medica\/\" target=\"_blank\" rel=\"noreferrer noopener\">Abogado especializado en negligencia m\u00e9dica Philly<\/a>&nbsp;puede revisar sus registros m\u00e9dicos y ayudarle a determinar si su consentimiento fue realmente informado.<\/p>\n\n\n\n<h2 class=\"wp-block-heading\" id=\"your-rights-as-a-patient-in-pennsylvania\">Sus derechos como paciente en Pensilvania<\/h2>\n\n\n\n<p>Pensilvania protege los derechos de los pacientes al exigir el consentimiento informado para ciertos procedimientos. Usted tiene derecho a conocer los riesgos, a que le informen sobre otras opciones de tratamiento y a rechazar el tratamiento. Si no puede tomar decisiones por s\u00ed mismo, su representante autorizado tiene estos derechos en su nombre. Si le apuran, le presionan o no le dan respuestas sinceras, es posible que se est\u00e9n violando sus derechos.<\/p>\n\n\n\n<p>Los m\u00e9dicos no pueden omitir este paso a menos que se trate de una emergencia en la que esperar ser\u00eda peligroso. Incluso en ese caso, deben actuar teniendo en cuenta sus mejores intereses. Si sufre da\u00f1os por no haber recibido la informaci\u00f3n necesaria para tomar una decisi\u00f3n informada, es posible que pueda presentar una reclamaci\u00f3n con la ayuda de un&nbsp;<a href=\"https:\/\/www.myphillylawyer.com\/es\/zonas-atendidas\/wayne\/abogados-de-negligencia-medica-2\/\" target=\"_blank\" rel=\"noreferrer noopener\">abogado de negligencias m\u00e9dicas<\/a>.<\/p>\n\n\n\n<p>Los hospitales y cl\u00ednicas tambi\u00e9n est\u00e1n obligados a contar con programas de gesti\u00f3n de riesgos, dise\u00f1ados para prevenir este tipo de errores. Si no forman al personal o no establecen directrices claras para el consentimiento, tambi\u00e9n podr\u00edan ser considerados responsables.<\/p>\n\n\n\n<h2 class=\"wp-block-heading\" id=\"proving-informed-consent-violations-in-medical-malpractice-cases\">Demostrar las violaciones del consentimiento informado en casos de negligencia m\u00e9dica<\/h2>\n\n\n\n<p>Demostrar que se violaron sus derechos de consentimiento informado no siempre es sencillo. La ley exige que demuestre que el m\u00e9dico no le explic\u00f3 completamente los riesgos o las alternativas, o que usted nunca acept\u00f3 someterse al procedimiento. Tambi\u00e9n debe demostrar que, si hubiera conocido todos los datos, habr\u00eda tomado una decisi\u00f3n diferente.<\/p>\n\n\n\n<p>En la mayor\u00eda de los casos, necesitar\u00e1s el testimonio de otro profesional m\u00e9dico para explicar lo que el m\u00e9dico deber\u00eda haberte dicho y c\u00f3mo la falta de informaci\u00f3n provoc\u00f3 tu lesi\u00f3n. Los expedientes m\u00e9dicos, los formularios de consentimiento e incluso las declaraciones de testigos de familiares o enfermeras pueden ser \u00fatiles.<\/p>\n\n\n\n<p>Por ejemplo, si un m\u00e9dico no le explic\u00f3 que un dispositivo quir\u00fargico pod\u00eda causar da\u00f1os nerviosos y usted sufre esa lesi\u00f3n concreta, es posible que tenga un caso s\u00f3lido. A&nbsp;<a href=\"https:\/\/www.myphillylawyer.com\/es\/zonas-atendidas\/norristown\/abogados-de-negligencia-medica-2\/\" target=\"_blank\" rel=\"noreferrer noopener\">abogado de negligencia m\u00e9dica<\/a>&nbsp;Recopilaremos pruebas, consultaremos a expertos y defenderemos sus derechos ante los tribunales si es necesario.<\/p>\n\n\n\n<h2 class=\"wp-block-heading\" id=\"how-a-medical-malpractice-lawyer-can-help\">C\u00f3mo puede ayudarle un abogado especializado en negligencia m\u00e9dica<\/h2>\n\n\n\n<p>Lidiar con un caso de consentimiento informado puede resultar abrumador, especialmente cuando te est\u00e1s recuperando de un da\u00f1o. Un abogado con experiencia&nbsp;<a href=\"https:\/\/www.myphillylawyer.com\/es\/zonas-atendidas\/bensalem\/abogados-de-negligencia-medica-2\/\" target=\"_blank\" rel=\"noreferrer noopener\">abogado de negligencias m\u00e9dicas<\/a>&nbsp;Escuchar\u00e1 su historia, recopilar\u00e1 pruebas y le explicar\u00e1 sus opciones legales. Presentar\u00e1 reclamaciones, negociar\u00e1 con las compa\u00f1\u00edas de seguros y llevar\u00e1 su caso a los tribunales si es necesario.<\/p>\n\n\n\n<p>Un buen abogado sabe c\u00f3mo revisar los expedientes, detectar inconsistencias y recurrir a expertos m\u00e9dicos que puedan respaldar su reclamaci\u00f3n. Entiende las leyes que le protegen en Pensilvania y puede ayudarle a solicitar una indemnizaci\u00f3n por gastos m\u00e9dicos, salarios perdidos, dolor y sufrimiento. Si no est\u00e1 seguro de si tiene un caso, un&nbsp;<a href=\"https:\/\/www.myphillylawyer.com\/es\/\" target=\"_blank\" rel=\"noreferrer noopener\">Philadelphia abogado de lesiones personales<\/a>&nbsp;puede evaluar su situaci\u00f3n y orientarle sobre los siguientes pasos a seguir.<\/p>\n\n\n\n<h2 class=\"wp-block-heading\" id=\"fa-qs-about-informed-consent-violations-and-patient-rights\">Preguntas frecuentes sobre las violaciones del consentimiento informado y los derechos de los pacientes<\/h2>\n\n\n\n<p><strong>\u00bfQu\u00e9 se considera falta de consentimiento informado en un caso de negligencia m\u00e9dica?<\/strong><br>La falta de consentimiento informado significa que su m\u00e9dico no le explic\u00f3 los riesgos, beneficios o alternativas importantes de un procedimiento, o que no se le dio la oportunidad de hacer preguntas o rechazar el tratamiento. Si sufri\u00f3 da\u00f1os como resultado de ello y puede demostrar que habr\u00eda tomado una decisi\u00f3n diferente si hubiera tenido toda la informaci\u00f3n, es posible que tenga derecho a presentar una demanda legal.<\/p>\n\n\n\n<p><strong>\u00bfC\u00f3mo puedo demostrar que mi m\u00e9dico no obtuvo mi consentimiento informado en Philadelphia?<\/strong><br>Para demostrarlo, normalmente hay que demostrar que el m\u00e9dico se salt\u00f3 o aceler\u00f3 el proceso de consentimiento, no revel\u00f3 riesgos clave o no discuti\u00f3 otras opciones de tratamiento razonables. Su&nbsp;<a href=\"https:\/\/www.myphillylawyer.com\/es\/zonas-atendidas\/jenkintown\/abogados-de-negligencia-medica-2\/\" target=\"_blank\" rel=\"noreferrer noopener\">abogados de negligencia m\u00e9dica<\/a>&nbsp;reunir\u00e1 los expedientes m\u00e9dicos, los dict\u00e1menes periciales y cualquier documento que haya firmado para respaldar su caso.<\/p>\n\n\n\n<p><strong>\u00bfPuede un familiar demandar por falta de consentimiento informado si el paciente no est\u00e1 en condiciones de hacerlo?<\/strong><br>S\u00ed, en Pensilvania, el representante legal o un familiar del paciente puede presentar una demanda si el paciente est\u00e1 incapacitado, es menor de edad o ha fallecido. El representante debe demostrar que se violaron los derechos del paciente y que se produjo un da\u00f1o como consecuencia de la falta de consentimiento informado.<\/p>\n\n\n\n<p><strong>\u00bfQu\u00e9 da\u00f1os puedo recuperar en una demanda por negligencia m\u00e9dica relacionada con el consentimiento informado?<\/strong><br>Los da\u00f1os recuperables suelen incluir gastos m\u00e9dicos, ingresos perdidos, costos de cuidados futuros, dolor y sufrimiento y, en ocasiones, da\u00f1os punitivos si la conducta fue especialmente imprudente. A&nbsp;<a href=\"https:\/\/www.myphillylawyer.com\/es\/zonas-atendidas\/arboleda-de-sauces\/abogados-especializados-en-negligencias-medicas\/\" target=\"_blank\" rel=\"noreferrer noopener\">abogado de negligencias m\u00e9dicas<\/a>&nbsp;puede explicarle qu\u00e9 indemnizaci\u00f3n puede obtener en su caso y ayudarle a luchar por sus derechos.<\/p>\n\n\n\n<h2 class=\"wp-block-heading\" id=\"other-resources-about-related-injuries-and-case-types\"><strong>Otros recursos sobre lesiones relacionadas y tipos de casos<\/strong><\/h2>\n\n\n\n<ul class=\"wp-block-list\">\n<li><a href=\"https:\/\/www.myphillylawyer.com\/es\/areas-de-practica\/negligencia-medica\/rehabilitacion-y-lesiones-a-largo-plazo-tras-negligencia-medica\/\">Rehabilitaci\u00f3n y lesiones de larga duraci\u00f3n tras una negligencia<\/a><\/li>\n\n\n\n<li><a href=\"https:\/\/www.myphillylawyer.com\/es\/areas-de-practica\/negligencia-medica\/negligencia-en-cirugia-estetica-y-cirugia-plastica\/\">Negligencias en cirug\u00eda est\u00e9tica y cirug\u00eda pl\u00e1stica<\/a><\/li>\n\n\n\n<li><a href=\"https:\/\/www.myphillylawyer.com\/es\/areas-de-practica\/negligencia-medica\/casos-de-negligencia-dental\/\">Casos de negligencia dental<\/a><\/li>\n\n\n\n<li><a href=\"https:\/\/www.myphillylawyer.com\/es\/areas-de-practica\/negligencia-medica\/demandas-por-negligencia-en-residencias-de-ancianos-y-cuidados-a-personas-mayores\/\">Reclamaciones por negligencia en residencias de ancianos y cuidado de personas mayores<\/a><\/li>\n\n\n\n<li><a href=\"https:\/\/www.myphillylawyer.com\/es\/areas-de-practica\/negligencia-medica\/lesiones-por-negligencia-pediatrica-en-ninos-debido-a-errores-medicos\/\">Negligencia Pedi\u00e1trica: Lesiones infantiles por errores m\u00e9dicos<\/a><\/li>\n\n\n\n<li><strong>Violaciones del consentimiento informado y derechos del paciente<\/strong><\/li>\n\n\n\n<li><a href=\"https:\/\/www.myphillylawyer.com\/es\/areas-de-practica\/negligencia-medica\/casos-de-perdida-de-extremidades-o-amputacion\/\">Casos de p\u00e9rdida de extremidades o amputaci\u00f3n<\/a><\/li>\n\n\n\n<li><a href=\"https:\/\/www.myphillylawyer.com\/es\/areas-de-practica\/negligencia-medica\/muerte-por-negligencia-medica-en-filadelfia\/\">Muerte por negligencia m\u00e9dica en Philadelphia<\/a><\/li>\n\n\n\n<li><a href=\"https:\/\/www.myphillylawyer.com\/es\/areas-de-practica\/negligencia-medica\/lesiones-en-la-medula-espinal-y-paralisis-por-negligencia-medica\/\">Lesiones medulares y par\u00e1lisis por negligencia profesional<\/a><\/li>\n\n\n\n<li><a href=\"https:\/\/www.myphillylawyer.com\/es\/areas-de-practica\/negligencia-medica\/lesiones-cerebrales-por-negligencia-medica\/\">Lesiones cerebrales por negligencia m\u00e9dica<\/a><\/li>\n<\/ul>","protected":false},"excerpt":{"rendered":"<p>Informed Consent Violations and Patient Rights When you trust a doctor or hospital with your health, you expect clear communication and honesty about your care. But what happens if you never agreed to a risky procedure, or you didn&#8217;t know your options before surgery? Informed consent is a patient&#8217;s right and a doctor&#8217;s duty. When&hellip;<\/p>","protected":false},"author":14,"featured_media":0,"parent":7452,"menu_order":0,"comment_status":"closed","ping_status":"closed","template":"","meta":{"_acf_changed":false,"jetpack_post_was_ever_published":false,"footnotes":""},"class_list":["post-15190","page","type-page","status-publish","hentry"],"acf":[],"jetpack_sharing_enabled":true,"_links":{"self":[{"href":"https:\/\/www.myphillylawyer.com\/es\/wp-json\/wp\/v2\/pages\/15190","targetHints":{"allow":["GET"]}}],"collection":[{"href":"https:\/\/www.myphillylawyer.com\/es\/wp-json\/wp\/v2\/pages"}],"about":[{"href":"https:\/\/www.myphillylawyer.com\/es\/wp-json\/wp\/v2\/types\/page"}],"author":[{"embeddable":true,"href":"https:\/\/www.myphillylawyer.com\/es\/wp-json\/wp\/v2\/users\/14"}],"replies":[{"embeddable":true,"href":"https:\/\/www.myphillylawyer.com\/es\/wp-json\/wp\/v2\/comments?post=15190"}],"version-history":[{"count":4,"href":"https:\/\/www.myphillylawyer.com\/es\/wp-json\/wp\/v2\/pages\/15190\/revisions"}],"predecessor-version":[{"id":15239,"href":"https:\/\/www.myphillylawyer.com\/es\/wp-json\/wp\/v2\/pages\/15190\/revisions\/15239"}],"up":[{"embeddable":true,"href":"https:\/\/www.myphillylawyer.com\/es\/wp-json\/wp\/v2\/pages\/7452"}],"wp:attachment":[{"href":"https:\/\/www.myphillylawyer.com\/es\/wp-json\/wp\/v2\/media?parent=15190"}],"curies":[{"name":"wp","href":"https:\/\/api.w.org\/{rel}","templated":true}]}}