{"id":15191,"date":"2025-12-04T10:21:26","date_gmt":"2025-12-04T15:21:26","guid":{"rendered":"https:\/\/www.myphillylawyer.com\/?page_id=15191"},"modified":"2025-12-04T11:12:42","modified_gmt":"2025-12-04T16:12:42","slug":"lesiones-por-negligencia-pediatrica-en-ninos-debido-a-errores-medicos","status":"publish","type":"page","link":"https:\/\/www.myphillylawyer.com\/es\/areas-de-practica\/negligencia-medica\/lesiones-por-negligencia-pediatrica-en-ninos-debido-a-errores-medicos\/","title":{"rendered":"Negligencia Pedi\u00e1trica: Lesiones infantiles por errores m\u00e9dicos"},"content":{"rendered":"<h1 class=\"wp-block-heading\" id=\"pediatric-malpractice-injuries-to-children-from-medical-errors\">Negligencia Pedi\u00e1trica: Lesiones infantiles por errores m\u00e9dicos<\/h1>\n\n\n\n<p>Todos los padres conf\u00edan en que los m\u00e9dicos y enfermeros cuiden a sus hijos con el mayor nivel de competencia y atenci\u00f3n. La mayor\u00eda de las veces, los trabajadores de la salud hacen bien su trabajo. Pero cuando un ni\u00f1o sufre da\u00f1os debido a un error m\u00e9dico, el impacto cambia la vida. La negligencia pedi\u00e1trica es una realidad desgarradora. Puede dejar a una familia con a\u00f1os de facturas m\u00e9dicas, dolor emocional e incertidumbre sobre el futuro. Como padre, usted tiene derecho a buscar respuestas y justicia si su hijo ha sufrido debido a un error de un proveedor de atenci\u00f3n m\u00e9dica. Si cree que la lesi\u00f3n de su hijo fue causada por negligencia, un abogado especializado en negligencia m\u00e9dica de Philadelphia puede ayudarle a guiarle a trav\u00e9s del complejo proceso legal.<\/p>\n\n\n\n<div class=\"wp-block-rank-math-toc-block\" id=\"rank-math-toc\"><h2>\u00cdndice<\/h2><nav><ul><li><a href=\"#pediatric-malpractice-injuries-to-children-from-medical-errors\">Negligencia Pedi\u00e1trica: Lesiones infantiles por errores m\u00e9dicos<\/a><ul><li><a href=\"#what-is-pediatric-malpractice\">\u00bfQu\u00e9 es la negligencia pedi\u00e1trica?<\/a><\/li><li><a href=\"#common-types-of-medical-errors-affecting-children\">Tipos comunes de errores m\u00e9dicos que afectan a los ni\u00f1os<\/a><\/li><li><a href=\"#how-to-spot-possible-medical-malpractice-in-your-childs-care\">C\u00f3mo detectar posibles negligencias m\u00e9dicas en la atenci\u00f3n de su hijo<\/a><\/li><li><a href=\"#protecting-your-childs-rights-after-a-medical-error\">Proteger los derechos de su hijo despu\u00e9s de un error m\u00e9dico<\/a><\/li><li><a href=\"#why-you-need-a-skilled-medical-malpractice-lawyer-for-pediatric-cases\">Por qu\u00e9 necesita un abogado especializado en negligencia m\u00e9dica para casos pedi\u00e1tricos<\/a><\/li><li><a href=\"#fa-qs-about-pediatric-malpractice-injuries-to-children-from-medical-errors\">Preguntas frecuentes sobre negligencia pedi\u00e1trica: lesiones a ni\u00f1os por errores m\u00e9dicos<\/a><\/li><li><a href=\"#other-resources-about-related-injuries-and-case-types\">Otros recursos sobre lesiones relacionadas y tipos de casos<\/a><\/li><\/ul><\/li><\/ul><\/nav><\/div>\n\n\n\n<h2 class=\"wp-block-heading\" id=\"what-is-pediatric-malpractice\">\u00bfQu\u00e9 es la negligencia pedi\u00e1trica?<\/h2>\n\n\n\n<p>La negligencia pedi\u00e1trica se produce cuando un m\u00e9dico, enfermero u otro profesional sanitario no cumple con el nivel de atenci\u00f3n esperado para los ni\u00f1os y les causa lesiones. Los ni\u00f1os tienen necesidades \u00fanicas. Sus cuerpos reaccionan de manera diferente a las enfermedades, los medicamentos y las cirug\u00edas que los adultos. Tratar a los ni\u00f1os no consiste solo en ajustar la dosis. Se trata de comprender las diferencias en los s\u00edntomas, la comunicaci\u00f3n y el riesgo.<\/p>\n\n\n\n<p>Algunos ejemplos comunes de negligencia pedi\u00e1trica son los diagn\u00f3sticos err\u00f3neos o tard\u00edos, los errores en la medicaci\u00f3n, los errores quir\u00fargicos, los tratamientos inadecuados y las lesiones durante el parto. Por ejemplo, no diagnosticar r\u00e1pidamente la meningitis puede provocar da\u00f1os cerebrales permanentes o incluso la muerte. Administrar la medicaci\u00f3n o la dosis incorrectas puede provocar convulsiones o reacciones al\u00e9rgicas. A veces, los m\u00e9dicos no escuchan las preocupaciones de los padres o descartan los s\u00edntomas por considerarlos leves. Cuando un ni\u00f1o sufre da\u00f1os porque un profesional m\u00e9dico no actu\u00f3 como lo har\u00eda un proveedor razonable, usted tiene derecho a presentar una demanda.<\/p>\n\n\n\n<p>No es f\u00e1cil demostrar un caso de negligencia pedi\u00e1trica. Necesitar\u00e1 pruebas claras de que las acciones del proveedor de servicios m\u00e9dicos fueron negligentes y causaron directamente la lesi\u00f3n de su hijo. Por eso es fundamental contar con la ayuda de un abogado especializado en negligencia m\u00e9dica. Estos casos suelen requerir profundos conocimientos m\u00e9dicos y testimonios de expertos.<\/p>\n\n\n\n<h2 class=\"wp-block-heading\" id=\"common-types-of-medical-errors-affecting-children\">Tipos comunes de errores m\u00e9dicos que afectan a los ni\u00f1os<\/h2>\n\n\n\n<p>Los errores m\u00e9dicos pueden ocurrir en cualquier lugar, desde la sala de emergencias hasta el consultorio de su pediatra. Los ni\u00f1os corren un riesgo especial porque no siempre pueden describir lo que les duele o lo que sienten. Algunos de los errores m\u00e1s frecuentes son:<\/p>\n\n\n\n<ul class=\"wp-block-list\">\n<li><strong>Diagn\u00f3stico err\u00f3neo o diagn\u00f3stico tard\u00edo:<\/strong>\u00a0Los ni\u00f1os pueden no mostrar los s\u00edntomas t\u00edpicos de una enfermedad, lo que dificulta a los m\u00e9dicos identificar el problema. Pasar por alto afecciones como la apendicitis, la meningitis o incluso el c\u00e1ncer puede tener consecuencias devastadoras.<\/li>\n\n\n\n<li><strong>Errores en la medicaci\u00f3n:<\/strong>\u00a0Los ni\u00f1os necesitan dosis basadas en su peso y edad. Mezclar medicamentos, usar dosis para adultos o administrar el medicamento incorrecto puede causar reacciones graves o incluso da\u00f1o a los \u00f3rganos.<\/li>\n\n\n\n<li><strong>Errores quir\u00fargicos:<\/strong>\u00a0La cirug\u00eda en ni\u00f1os requiere un cuidado especial. Los errores durante la anestesia, operar la parte del cuerpo equivocada o dejar objetos dentro del cuerpo son formas de negligencia m\u00e9dica.<\/li>\n\n\n\n<li><strong>Incumplimiento de la obligaci\u00f3n de supervisar:<\/strong>\u00a0Se debe vigilar de cerca a los ni\u00f1os hospitalizados para detectar cualquier signo de malestar o reacci\u00f3n al\u00e9rgica, especialmente despu\u00e9s de una cirug\u00eda o al comenzar un nuevo tratamiento con medicamentos. Pasar por alto las se\u00f1ales de alerta puede ser mortal.<\/li>\n\n\n\n<li><strong>Tratamiento inadecuado:<\/strong>\u00a0El uso de tratamientos destinados a adultos, o no solicitar las pruebas necesarias, puede provocar problemas a largo plazo.<\/li>\n<\/ul>\n\n\n\n<p>Cuando se produce alguno de estos errores, el ni\u00f1o puede enfrentarse a largas estancias hospitalarias, discapacidades permanentes o necesitar cuidados de por vida. Los padres suelen sentirse impotentes y abrumados. A&nbsp;<a href=\"https:\/\/www.myphillylawyer.com\/es\/areas-de-practica\/negligencia-medica\/\" target=\"_blank\" rel=\"noreferrer noopener\">Abogado especializado en negligencia m\u00e9dica Philly<\/a>&nbsp;puede ayudar a investigar lo sucedido y exigir responsabilidades a los culpables.<\/p>\n\n\n\n<h2 class=\"wp-block-heading\" id=\"how-to-spot-possible-medical-malpractice-in-your-childs-care\">C\u00f3mo detectar posibles negligencias m\u00e9dicas en la atenci\u00f3n de su hijo<\/h2>\n\n\n\n<p>La mayor\u00eda de los padres conocen a sus hijos mejor que nadie. Si sientes que algo no est\u00e1 bien en el cuidado de tu hijo, conf\u00eda en tu instinto. Las se\u00f1ales de alerta que pueden indicar negligencia incluyen:<\/p>\n\n\n\n<ul class=\"wp-block-list\">\n<li>El m\u00e9dico descarta tus preocupaciones o se niega a escucharte.<\/li>\n\n\n\n<li>Los s\u00edntomas de su hijo no mejoran o empeoran a pesar del tratamiento.<\/li>\n\n\n\n<li>Su hijo recibe diagn\u00f3sticos contradictorios de diferentes proveedores.<\/li>\n\n\n\n<li>Observa errores en la medicaci\u00f3n o en los expedientes m\u00e9dicos.<\/li>\n\n\n\n<li>Las enfermeras o los m\u00e9dicos parecen apresurados, desorganizados o distra\u00eddos.<\/li>\n<\/ul>\n\n\n\n<p>Si su hijo ha sufrido una lesi\u00f3n repentina o una complicaci\u00f3n grave despu\u00e9s de acudir a un profesional sanitario, documente todo. Anote los nombres, las fechas, lo que se dijo y los tratamientos que se le administraron. Guarde todos los registros y solicite copias de los resultados de las pruebas, las recetas y los documentos del alta. Si tiene alguna pregunta sobre lo ocurrido, p\u00f3ngase en contacto con un&nbsp;<a href=\"https:\/\/www.myphillylawyer.com\/es\/zonas-atendidas\/bensalem\/abogados-de-negligencia-medica-2\/\" target=\"_blank\" rel=\"noreferrer noopener\">abogado de negligencias m\u00e9dicas<\/a>&nbsp;con experiencia en casos pedi\u00e1tricos.<\/p>\n\n\n\n<h2 class=\"wp-block-heading\" id=\"protecting-your-childs-rights-after-a-medical-error\">Proteger los derechos de su hijo despu\u00e9s de un error m\u00e9dico<\/h2>\n\n\n\n<p>Cuando su hijo sufre da\u00f1os por un error m\u00e9dico, usted tiene derecho a buscar justicia. Presentar una demanda por negligencia no es solo una cuesti\u00f3n de dinero, sino de obtener respuestas, exigir responsabilidades a los proveedores de servicios m\u00e9dicos y evitar que otros ni\u00f1os sufran da\u00f1os en el futuro.<\/p>\n\n\n\n<p>En Pensilvania, por lo general, se dispone de dos a\u00f1os a partir de la fecha en que se tuvo conocimiento de la lesi\u00f3n para presentar una demanda por negligencia m\u00e9dica. En el caso de los menores, el plazo suele comenzar cuando el ni\u00f1o cumple 18 a\u00f1os. Esto da tiempo a las familias para evaluar el impacto total de la lesi\u00f3n. Sin embargo, esperar demasiado tiempo puede dificultar la recopilaci\u00f3n de pruebas o la b\u00fasqueda de testigos. Actuar con rapidez le permite&nbsp;<a href=\"https:\/\/www.myphillylawyer.com\/es\/\" target=\"_blank\" rel=\"noreferrer noopener\">Philadelphia abogado de lesiones personales<\/a>&nbsp;Empieza a preparar tu caso mientras los recuerdos est\u00e1n frescos y los registros est\u00e1n disponibles.<\/p>\n\n\n\n<p>Su abogado revisar\u00e1 los registros m\u00e9dicos, consultar\u00e1 con expertos y entrevistar\u00e1 a testigos para determinar si hubo negligencia. Si el caso de su hijo cumple los requisitos, la ley le permite solicitar una indemnizaci\u00f3n por los gastos m\u00e9dicos, la atenci\u00f3n futura, el dolor y el sufrimiento, y otros costos relacionados. Un abogado con experiencia&nbsp;<a href=\"https:\/\/www.myphillylawyer.com\/es\/zonas-atendidas\/jenkintown\/abogados-de-negligencia-medica-2\/\" target=\"_blank\" rel=\"noreferrer noopener\">abogado de negligencia m\u00e9dica<\/a>&nbsp;puede asesorarle sobre sus derechos y las mejores medidas para proteger el futuro de su hijo.<\/p>\n\n\n\n<h2 class=\"wp-block-heading\" id=\"why-you-need-a-skilled-medical-malpractice-lawyer-for-pediatric-cases\">Por qu\u00e9 necesita un abogado especializado en negligencia m\u00e9dica para casos pedi\u00e1tricos<\/h2>\n\n\n\n<p>Los casos de negligencia pedi\u00e1trica son algunas de las demandas m\u00e1s complejas del sistema legal. No todos los abogados cuentan con los recursos, la formaci\u00f3n o la determinaci\u00f3n necesarios para enfrentarse a hospitales o compa\u00f1\u00edas de seguros. Su familia merece a alguien que luche en su nombre.<\/p>\n\n\n\n<p>Un abogado con experiencia le ayudar\u00e1 a:<\/p>\n\n\n\n<ul class=\"wp-block-list\">\n<li>Re\u00fana y revise los registros m\u00e9dicos de su hijo.<\/li>\n\n\n\n<li>Trabaje con expertos pedi\u00e1tricos y m\u00e9dicos para comprender qu\u00e9 sali\u00f3 mal.<\/li>\n\n\n\n<li>Trate con las compa\u00f1\u00edas de seguros que puedan intentar rechazar o reducir su reclamaci\u00f3n.<\/li>\n\n\n\n<li>Explique sus derechos legales y opciones en cada paso.<\/li>\n\n\n\n<li>Busque una compensaci\u00f3n justa por las lesiones de su hijo, sus necesidades futuras y el dolor y sufrimiento de su familia.<\/li>\n<\/ul>\n\n\n\n<p>Si est\u00e1s buscando un&nbsp;<a href=\"https:\/\/www.myphillylawyer.com\/es\/zonas-atendidas\/norristown\/abogados-de-negligencia-medica-2\/\" target=\"_blank\" rel=\"noreferrer noopener\">abogado de negligencias m\u00e9dicas<\/a>&nbsp;que comprenda los retos que plantean los casos pedi\u00e1tricos, elija un bufete de abogados con una trayectoria probada en Philadelphia y las comunidades circundantes. En MyPhillyLawyer, nuestros abogados se preocupan profundamente por proteger a los ni\u00f1os y sus familias.<\/p>\n\n\n\n<h2 class=\"wp-block-heading\" id=\"fa-qs-about-pediatric-malpractice-injuries-to-children-from-medical-errors\">Preguntas frecuentes sobre negligencia pedi\u00e1trica: lesiones a ni\u00f1os por errores m\u00e9dicos<\/h2>\n\n\n\n<p><strong>\u00bfQu\u00e9 tipos de compensaci\u00f3n puede obtener mi hijo en un caso de negligencia pedi\u00e1trica?<\/strong><br>Su hijo puede tener derecho a una indemnizaci\u00f3n por gastos m\u00e9dicos, terapia, educaci\u00f3n especial, modificaciones en el hogar, da\u00f1os y perjuicios, y p\u00e9rdida de ingresos futuros. Cada caso es \u00fanico, por lo que un&nbsp;<a href=\"https:\/\/www.myphillylawyer.com\/es\/zonas-atendidas\/upper-darby\/abogado-de-negligencias-medicas\/\" target=\"_blank\" rel=\"noreferrer noopener\">abogado de negligencia m\u00e9dica<\/a>&nbsp;puede ofrecerte una evaluaci\u00f3n detallada.<\/p>\n\n\n\n<p><strong>\u00bfCu\u00e1nto tiempo tenemos para presentar una demanda por negligencia pedi\u00e1trica en Pensilvania?<\/strong><br>Por lo general, dispone de un plazo de hasta dos a\u00f1os desde el momento en que descubre la lesi\u00f3n de su hijo. En el caso de los ni\u00f1os, la ley concede un plazo hasta los 20 a\u00f1os (dos a\u00f1os despu\u00e9s de cumplir los 18). Los retrasos pueden perjudicar su caso. P\u00f3ngase en contacto con un abogado tan pronto como sospeche de una negligencia.<\/p>\n\n\n\n<p><strong>\u00bfNecesito peritos para demostrar el caso de mi hijo?<\/strong><br>S\u00ed, la ley de Pensilvania exige el testimonio de un experto m\u00e9dico calificado para demostrar que la atenci\u00f3n que recibi\u00f3 su hijo no cumpli\u00f3 con los est\u00e1ndares aceptados. A&nbsp;<a href=\"https:\/\/www.myphillylawyer.com\/es\/zonas-atendidas\/wayne\/abogados-de-negligencia-medica-2\/\" target=\"_blank\" rel=\"noreferrer noopener\">abogado de negligencias m\u00e9dicas<\/a>&nbsp;te ayudar\u00e1 a encontrar a los expertos adecuados para tu reclamaci\u00f3n.<\/p>\n\n\n\n<p><strong>\u00bfQu\u00e9 debo hacer si un hospital dice que la lesi\u00f3n de mi hijo era un riesgo conocido y no un caso de negligencia?<\/strong><br>Los m\u00e9dicos y los hospitales pueden alegar que algunas lesiones son inevitables. Sin embargo, si la atenci\u00f3n prestada no cumpli\u00f3 con los est\u00e1ndares aceptados, es posible que a\u00fan tenga un caso. Un abogado con experiencia&nbsp;<a href=\"https:\/\/www.myphillylawyer.com\/es\/zonas-atendidas\/arboleda-de-sauces\/abogados-especializados-en-negligencias-medicas\/\" target=\"_blank\" rel=\"noreferrer noopener\">abogado de negligencia m\u00e9dica<\/a>&nbsp;puede revisar su situaci\u00f3n y explicarle sus opciones. No se base \u00fanicamente en la explicaci\u00f3n del hospital: solicite una segunda opini\u00f3n a un profesional del \u00e1mbito legal.<\/p>\n\n\n\n<h2 class=\"wp-block-heading\" id=\"other-resources-about-related-injuries-and-case-types\"><strong>Otros recursos sobre lesiones relacionadas y tipos de casos<\/strong><\/h2>\n\n\n\n<ul class=\"wp-block-list\">\n<li><a href=\"https:\/\/www.myphillylawyer.com\/es\/areas-de-practica\/negligencia-medica\/rehabilitacion-y-lesiones-a-largo-plazo-tras-negligencia-medica\/\">Rehabilitaci\u00f3n y lesiones de larga duraci\u00f3n tras una negligencia<\/a><\/li>\n\n\n\n<li><a href=\"https:\/\/www.myphillylawyer.com\/es\/areas-de-practica\/negligencia-medica\/negligencia-en-cirugia-estetica-y-cirugia-plastica\/\">Negligencias en cirug\u00eda est\u00e9tica y cirug\u00eda pl\u00e1stica<\/a><\/li>\n\n\n\n<li><a href=\"https:\/\/www.myphillylawyer.com\/es\/areas-de-practica\/negligencia-medica\/casos-de-negligencia-dental\/\">Casos de negligencia dental<\/a><\/li>\n\n\n\n<li><a href=\"https:\/\/www.myphillylawyer.com\/es\/areas-de-practica\/negligencia-medica\/demandas-por-negligencia-en-residencias-de-ancianos-y-cuidados-a-personas-mayores\/\">Reclamaciones por negligencia en residencias de ancianos y cuidado de personas mayores<\/a><\/li>\n\n\n\n<li><strong>Negligencia Pedi\u00e1trica: Lesiones infantiles por errores m\u00e9dicos<\/strong><\/li>\n\n\n\n<li><a href=\"https:\/\/www.myphillylawyer.com\/es\/areas-de-practica\/negligencia-medica\/violaciones-del-consentimiento-informado-y-derechos-de-los-pacientes\/\">Violaciones del consentimiento informado y derechos del paciente<\/a><\/li>\n\n\n\n<li><a href=\"https:\/\/www.myphillylawyer.com\/es\/areas-de-practica\/negligencia-medica\/casos-de-perdida-de-extremidades-o-amputacion\/\">Casos de p\u00e9rdida de extremidades o amputaci\u00f3n<\/a><\/li>\n\n\n\n<li><a href=\"https:\/\/www.myphillylawyer.com\/es\/areas-de-practica\/negligencia-medica\/muerte-por-negligencia-medica-en-filadelfia\/\">Muerte por negligencia m\u00e9dica en Philadelphia<\/a><\/li>\n\n\n\n<li><a href=\"https:\/\/www.myphillylawyer.com\/es\/areas-de-practica\/negligencia-medica\/lesiones-en-la-medula-espinal-y-paralisis-por-negligencia-medica\/\">Lesiones medulares y par\u00e1lisis por negligencia profesional<\/a><\/li>\n\n\n\n<li><a href=\"https:\/\/www.myphillylawyer.com\/es\/areas-de-practica\/negligencia-medica\/lesiones-cerebrales-por-negligencia-medica\/\">Lesiones cerebrales por negligencia m\u00e9dica<\/a><\/li>\n<\/ul>","protected":false},"excerpt":{"rendered":"<p>Negligencia pedi\u00e1trica: lesiones a ni\u00f1os por errores m\u00e9dicos Todos los padres conf\u00edan en que los m\u00e9dicos y enfermeros cuiden a sus hijos con el mayor nivel de competencia y atenci\u00f3n. La mayor\u00eda de las veces, los trabajadores de la salud hacen bien su trabajo. Pero cuando un ni\u00f1o sufre da\u00f1os por un error m\u00e9dico, el impacto cambia la vida. La negligencia pedi\u00e1trica es...<\/p>","protected":false},"author":14,"featured_media":0,"parent":7452,"menu_order":0,"comment_status":"closed","ping_status":"closed","template":"","meta":{"_acf_changed":false,"jetpack_post_was_ever_published":false,"footnotes":""},"class_list":["post-15191","page","type-page","status-publish","hentry"],"acf":[],"jetpack_sharing_enabled":true,"_links":{"self":[{"href":"https:\/\/www.myphillylawyer.com\/es\/wp-json\/wp\/v2\/pages\/15191","targetHints":{"allow":["GET"]}}],"collection":[{"href":"https:\/\/www.myphillylawyer.com\/es\/wp-json\/wp\/v2\/pages"}],"about":[{"href":"https:\/\/www.myphillylawyer.com\/es\/wp-json\/wp\/v2\/types\/page"}],"author":[{"embeddable":true,"href":"https:\/\/www.myphillylawyer.com\/es\/wp-json\/wp\/v2\/users\/14"}],"replies":[{"embeddable":true,"href":"https:\/\/www.myphillylawyer.com\/es\/wp-json\/wp\/v2\/comments?post=15191"}],"version-history":[{"count":3,"href":"https:\/\/www.myphillylawyer.com\/es\/wp-json\/wp\/v2\/pages\/15191\/revisions"}],"predecessor-version":[{"id":15240,"href":"https:\/\/www.myphillylawyer.com\/es\/wp-json\/wp\/v2\/pages\/15191\/revisions\/15240"}],"up":[{"embeddable":true,"href":"https:\/\/www.myphillylawyer.com\/es\/wp-json\/wp\/v2\/pages\/7452"}],"wp:attachment":[{"href":"https:\/\/www.myphillylawyer.com\/es\/wp-json\/wp\/v2\/media?parent=15191"}],"curies":[{"name":"wp","href":"https:\/\/api.w.org\/{rel}","templated":true}]}}