{"id":15251,"date":"2025-12-04T12:39:06","date_gmt":"2025-12-04T17:39:06","guid":{"rendered":"https:\/\/www.myphillylawyer.com\/?page_id=15251"},"modified":"2025-12-04T16:13:18","modified_gmt":"2025-12-04T21:13:18","slug":"plazos-y-fechas-limite-para-las-reclamaciones-de-indemnizacion-laboral","status":"publish","type":"page","link":"https:\/\/www.myphillylawyer.com\/es\/areas-de-practica\/lesiones-laborales\/plazos-y-fechas-limite-para-las-reclamaciones-de-indemnizacion-laboral\/","title":{"rendered":"Calendario y plazos de las solicitudes de indemnizaci\u00f3n por accidente laboral en Philadelphia"},"content":{"rendered":"<h2 class=\"wp-block-heading\" id=\"timelines-and-deadlines-for-workers-comp-claims-in-philadelphia\">Plazos y fechas l\u00edmite para las reclamaciones de indemnizaci\u00f3n laboral en Philadelphia<\/h2>\n\n\n\n<p>Si ha sufrido una lesi\u00f3n laboral en Philadelphia, es fundamental conocer los plazos y fechas l\u00edmite para presentar reclamaciones de indemnizaci\u00f3n laboral. No cumplir con una fecha puede significar perder su derecho a recibir prestaciones. Muchos trabajadores no se dan cuenta de lo r\u00e1pido que empieza a correr el reloj despu\u00e9s de una lesi\u00f3n laboral. Los empleadores y las compa\u00f1\u00edas de seguros siguen normas estrictas, por lo que un formulario presentado fuera de plazo puede arruinar su reclamaci\u00f3n. Por eso es aconsejable hablar con un\u00a0<a href=\"https:\/\/www.myphillylawyer.com\/es\/areas-de-practica\/lesiones-laborales\/\" target=\"_blank\" rel=\"noreferrer noopener\">Abogado especializado en indemnizaciones laborales Philadelphia<\/a>\u00a0lo antes posible para proteger sus derechos. Analicemos lo que necesita saber sobre los plazos de presentaci\u00f3n y lo que sucede si espera demasiado tiempo.<\/p>\n\n\n\n<div class=\"wp-block-rank-math-toc-block\" id=\"rank-math-toc\"><h2>\u00cdndice<\/h2><nav><ul><li><a href=\"#the-importance-of-prompt-reporting-after-a-work-injury\">La importancia de informar r\u00e1pidamente tras un accidente laboral<\/a><\/li><li><a href=\"#filing-a-workers-compensation-claim-deadlines-and-steps\">C\u00f3mo presentar una reclamaci\u00f3n de indemnizaci\u00f3n laboral: plazos y pasos a seguir<\/a><\/li><li><a href=\"#medical-treatment-and-record-deadlines\">Tratamiento m\u00e9dico y plazos para la presentaci\u00f3n de registros<\/a><\/li><li><a href=\"#notice-requirements-and-exceptions-for-special-cases\">Requisitos de notificaci\u00f3n y excepciones para casos especiales<\/a><\/li><li><a href=\"#what-happens-if-you-miss-a-deadline\">\u00bfQu\u00e9 sucede si no cumples con un plazo?<\/a><\/li><li><a href=\"#fa-qs-about-timelines-and-deadlines-for-workers-comp-claims-in-philadelphia\">Preguntas frecuentes sobre los plazos y fechas l\u00edmite para las reclamaciones de indemnizaci\u00f3n laboral en Philadelphia<\/a><\/li><li><a href=\"#other-pennsylvania-workers-compensation-resources\">Otros recursos sobre indemnizaci\u00f3n laboral en Pensilvania<\/a><\/li><\/ul><\/nav><\/div>\n\n\n\n<h2 class=\"wp-block-heading\" id=\"the-importance-of-prompt-reporting-after-a-work-injury\">La importancia de informar r\u00e1pidamente tras un accidente laboral<\/h2>\n\n\n\n<p>Despu\u00e9s de un accidente laboral, lo primero que hay que hacer es informar a tu empleador de lo sucedido. En Pensilvania, tienes 21 d\u00edas para informar de tu lesi\u00f3n a tu jefe o supervisor. Cuanto antes lo hagas, mejor. Si esperas m\u00e1s de 21 d\u00edas, es posible que sigas recibiendo prestaciones, pero tu reclamaci\u00f3n podr\u00eda complicarse. Si no lo comunicas en un plazo de 120 d\u00edas, perder\u00e1s por completo tu derecho a las prestaciones de compensaci\u00f3n laboral. Pi\u00e9nselo por un momento: cuatro meses pueden parecer mucho tiempo, pero pasan r\u00e1pido cuando se tiene que lidiar con visitas al m\u00e9dico o preocuparse por faltar al trabajo.<\/p>\n\n\n\n<p>Informar de inmediato tambi\u00e9n ayuda a tu caso. Tu empleador debe presentar un informe formal a la compa\u00f1\u00eda de seguros de compensaci\u00f3n laboral. Si se demoran o se niegan, un&nbsp;<a href=\"https:\/\/www.myphillylawyer.com\/es\/zonas-atendidas\/norristown\/abogado-de-indemnizacion-laboral\/\" target=\"_blank\" rel=\"noreferrer noopener\">abogado especializado en accidentes laborales<\/a>&nbsp;puede intervenir y asegurarse de que su reclamaci\u00f3n siga adelante. La notificaci\u00f3n r\u00e1pida crea un s\u00f3lido registro documental, lo cual es clave para demostrar que su lesi\u00f3n est\u00e1 relacionada con el trabajo.<\/p>\n\n\n\n<h2 class=\"wp-block-heading\" id=\"filing-a-workers-compensation-claim-deadlines-and-steps\">C\u00f3mo presentar una reclamaci\u00f3n de indemnizaci\u00f3n laboral: plazos y pasos a seguir<\/h2>\n\n\n\n<p>Una vez que se haya informado de la lesi\u00f3n, el siguiente paso es solicitar las prestaciones. Pensilvania permite un plazo de hasta tres a\u00f1os desde la fecha de la lesi\u00f3n para presentar una solicitud formal de indemnizaci\u00f3n si esta se deniega o se retrasa. Sin embargo, esperar nunca es aconsejable. Cuanto m\u00e1s se demore, m\u00e1s dif\u00edcil ser\u00e1 recopilar pruebas o encontrar testigos. Las compa\u00f1\u00edas de seguros pueden argumentar que otra cosa caus\u00f3 la lesi\u00f3n si se espera demasiado tiempo.<\/p>\n\n\n\n<p>Si ha estado recibiendo prestaciones y de repente dejan de pag\u00e1rselas, a\u00fan dispone de tres a\u00f1os desde el \u00faltimo pago para solicitar su restablecimiento. Si le deniegan las prestaciones o dejan de pag\u00e1rselas de repente, p\u00f3ngase en contacto con un&nbsp;<a href=\"https:\/\/www.myphillylawyer.com\/es\/zonas-atendidas\/wayne\/abogado-de-accidentes-laborales-2\/\" target=\"_blank\" rel=\"noreferrer noopener\">abogado especializado en indemnizaciones laborales<\/a>&nbsp;de inmediato. Estos abogados conocen a fondo la legislaci\u00f3n de Pensilvania y pueden presentar r\u00e1pidamente la documentaci\u00f3n necesaria para que no pierda su oportunidad.<\/p>\n\n\n\n<h2 class=\"wp-block-heading\" id=\"medical-treatment-and-record-deadlines\">Tratamiento m\u00e9dico y plazos para la presentaci\u00f3n de registros<\/h2>\n\n\n\n<p>La atenci\u00f3n m\u00e9dica es fundamental en cualquier reclamaci\u00f3n de indemnizaci\u00f3n laboral. Despu\u00e9s de su lesi\u00f3n, debe acudir a un m\u00e9dico aprobado por la lista de su empleador durante los primeros 90 d\u00edas. Si acude a un m\u00e9dico que no figura en esa lista antes de los 90 d\u00edas, es posible que la compa\u00f1\u00eda de seguros no pague sus facturas. Despu\u00e9s de 90 d\u00edas, puede elegir su propio proveedor. Guarde siempre copias de todos los informes, recetas y facturas. Los necesitar\u00e1 para su reclamaci\u00f3n y si alguna vez tiene que comparecer ante un juez.<\/p>\n\n\n\n<p>Tambi\u00e9n hay plazos para presentar las facturas m\u00e9dicas y las pruebas. Si su empleador o su seguro intentan denegarle el tratamiento, un&nbsp;<a href=\"https:\/\/www.myphillylawyer.com\/es\/zonas-atendidas\/bensalem\/abogado-de-indemnizacion-laboral\/\" target=\"_blank\" rel=\"noreferrer noopener\">abogado de accidentes laborales<\/a>&nbsp;puede ayudarle a impugnar su decisi\u00f3n. Si no se cumplen los plazos, la compa\u00f1\u00eda de seguros podr\u00eda quedar exenta de pagar sus gastos m\u00e9dicos.<\/p>\n\n\n\n<h2 class=\"wp-block-heading\" id=\"notice-requirements-and-exceptions-for-special-cases\">Requisitos de notificaci\u00f3n y excepciones para casos especiales<\/h2>\n\n\n\n<p>Algunas situaciones tienen sus propios plazos. Las enfermedades ocupacionales, como la p\u00e9rdida de audici\u00f3n por trabajar en entornos ruidosos, tienen reglas diferentes. Debe presentar una reclamaci\u00f3n en un plazo de tres a\u00f1os desde que descubri\u00f3 su enfermedad y relacionarla con su trabajo. En el caso de lesiones que no se manifiestan de inmediato, el plazo puede comenzar cuando se entera de su lesi\u00f3n, no cuando ocurri\u00f3 el accidente.<\/p>\n\n\n\n<p>Si su empleador no tiene seguro de compensaci\u00f3n laboral, debe reportar su lesi\u00f3n al Fondo de Garant\u00eda para Empleadores sin Seguro dentro de los 45 d\u00edas posteriores a haber sabido que no tienen seguro. Si no cumple con este plazo, perder\u00e1 su derecho a recibir los beneficios del fondo. Los trabajadores especiales, como los polic\u00edas o los bomberos, pueden tener otras protecciones, por lo que es mejor consultar con un&nbsp;<a href=\"https:\/\/www.myphillylawyer.com\/es\/zonas-atendidas\/upper-darby\/abogado-de-accidentes-laborales-2\/\" target=\"_blank\" rel=\"noreferrer noopener\">Abogado especializado en accidentes laborales Philly<\/a>&nbsp;que entiende los detalles de tu situaci\u00f3n.<\/p>\n\n\n\n<h2 class=\"wp-block-heading\" id=\"what-happens-if-you-miss-a-deadline\">\u00bfQu\u00e9 sucede si no cumples con un plazo?<\/h2>\n\n\n\n<p>No cumplir con un plazo clave puede costarle sus beneficios. Si no reporta su lesi\u00f3n a tiempo o no presenta una reclamaci\u00f3n antes de que expire el plazo de prescripci\u00f3n, es posible que no pueda obtener pagos m\u00e9dicos o beneficios por salarios perdidos. Incluso si tiene un caso s\u00f3lido, la presentaci\u00f3n tard\u00eda de la documentaci\u00f3n le da a la compa\u00f1\u00eda de seguros una raz\u00f3n para rechazar su reclamaci\u00f3n.<\/p>\n\n\n\n<p>Si te sientes abrumado o confundido por todas estas reglas, no est\u00e1s solo. Muchos trabajadores no est\u00e1n seguros de qu\u00e9 hacer o cu\u00e1ndo hacerlo. Ah\u00ed es donde entra en juego un&nbsp;<a href=\"https:\/\/www.myphillylawyer.com\/es\/zonas-atendidas\/arboleda-de-sauces\/abogados-de-accidentes-laborales\/\" target=\"_blank\" rel=\"noreferrer noopener\">abogado de accidentes de trabajo<\/a>&nbsp;pueden ayudarle. Estos abogados saben c\u00f3mo manejar el sistema de compensaci\u00f3n laboral de Pensilvania y se asegurar\u00e1n de que no se pierda ning\u00fan plazo importante.<\/p>\n\n\n\n<hr class=\"wp-block-separator has-alpha-channel-opacity\"\/>\n\n\n\n<h2 class=\"wp-block-heading\" id=\"fa-qs-about-timelines-and-deadlines-for-workers-comp-claims-in-philadelphia\">Preguntas frecuentes sobre los plazos y fechas l\u00edmite para las reclamaciones de indemnizaci\u00f3n laboral en Philadelphia<\/h2>\n\n\n\n<p><strong>\u00bfQu\u00e9 debo hacer primero despu\u00e9s de sufrir un accidente laboral en Philadelphia?<\/strong><\/p>\n\n\n\n<p>Informe inmediatamente a su empleador sobre su lesi\u00f3n. Tiene 21 d\u00edas para informar, pero cuanto antes mejor. Si espera m\u00e1s de 120 d\u00edas, perder\u00e1 su derecho a recibir prestaciones. Siempre que sea posible, haga su informe por escrito y guarde una copia.<\/p>\n\n\n\n<p><strong>\u00bfCu\u00e1nto tiempo tengo para presentar una reclamaci\u00f3n de compensaci\u00f3n laboral en Pensilvania?<\/strong><\/p>\n\n\n\n<p>Tienes tres a\u00f1os a partir de la fecha de tu lesi\u00f3n para presentar una solicitud de indemnizaci\u00f3n si se te niegan las prestaciones. Sin embargo, si no informas de tu lesi\u00f3n a tu empleador en un plazo de 120 d\u00edas, perder\u00e1s por completo tu derecho a presentar una reclamaci\u00f3n.<\/p>\n\n\n\n<p><strong>\u00bfQu\u00e9 pasa si mi empleador no tiene seguro de compensaci\u00f3n laboral?<\/strong><\/p>\n\n\n\n<p>Debe notificar al Fondo de Garant\u00eda para Empleadores sin Seguro en un plazo de 45 d\u00edas a partir de la fecha en que se enter\u00f3 de que su empleador no tiene seguro. Si no cumple con este plazo, no podr\u00e1 obtener una indemnizaci\u00f3n del fondo.<\/p>\n\n\n\n<p><strong>\u00bfPuedo obtener ayuda si mi reclamaci\u00f3n de compensaci\u00f3n laboral es rechazada o se retrasa?<\/strong><\/p>\n\n\n\n<p>Por supuesto. Comun\u00edquese con un\u00a0<a href=\"https:\/\/www.myphillylawyer.com\/es\/\" target=\"_blank\" rel=\"noreferrer noopener\">Philadelphia abogado de lesiones personales<\/a>. Pueden revisar su caso, gestionar las apelaciones y asegurarse de que se cumplan los plazos para que tenga las m\u00e1ximas posibilidades de obtener las prestaciones que le corresponden.<\/p>\n\n\n\n<h2 class=\"wp-block-heading\" id=\"other-pennsylvania-workers-compensation-resources\">Otros recursos sobre indemnizaci\u00f3n laboral en Pensilvania<\/h2>\n\n\n\n<ul class=\"wp-block-list\">\n<li><strong>Calendario y plazos de las solicitudes de indemnizaci\u00f3n por accidente laboral en Philadelphia<\/strong><\/li>\n\n\n\n<li><a href=\"https:\/\/www.myphillylawyer.com\/es\/areas-de-practica\/lesiones-laborales\/errores-comunes-al-presentar-una-reclamacion-en-filadelfia\/\">Errores comunes al presentar una reclamaci\u00f3n en Philadelphia<\/a><\/li>\n\n\n\n<li><a href=\"https:\/\/www.myphillylawyer.com\/es\/areas-de-practica\/lesiones-laborales\/sus-derechos-segun-la-ley-de-indemnizacion-laboral-de-pensilvania\/\">Sus derechos en virtud de la Ley de Compensaci\u00f3n de los Trabajadores de PA<\/a><\/li>\n\n\n\n<li><a href=\"https:\/\/www.myphillylawyer.com\/es\/areas-de-practica\/lesiones-laborales\/resumen-de-las-prestaciones-por-accidente-laboral-en-filadelfia\/\">Resumen: Prestaciones por accidentes de trabajo en Philadelphia<\/a><\/li>\n\n\n\n<li><a href=\"https:\/\/www.myphillylawyer.com\/es\/areas-de-practica\/lesiones-laborales\/como-funciona-la-indemnizacion-por-accidentes-laborales-en-pensilvania\/\">\u00bfC\u00f3mo funciona la indemnizaci\u00f3n por accidente de trabajo en Pensilvania?<\/a><\/li>\n<\/ul>","protected":false},"excerpt":{"rendered":"<p>Plazos y fechas l\u00edmite para reclamaciones de indemnizaci\u00f3n laboral en Philadelphia Si ha sufrido una lesi\u00f3n laboral en Philadelphia, es fundamental que conozca los plazos y fechas l\u00edmite para reclamar la indemnizaci\u00f3n laboral. No cumplir con una fecha puede significar perder su derecho a las prestaciones. Muchos trabajadores no se dan cuenta de lo r\u00e1pido que empieza a correr el reloj despu\u00e9s de una lesi\u00f3n laboral. Los empleadores y las aseguradoras...<\/p>","protected":false},"author":17,"featured_media":0,"parent":29,"menu_order":0,"comment_status":"closed","ping_status":"closed","template":"","meta":{"_acf_changed":false,"jetpack_post_was_ever_published":false,"footnotes":""},"class_list":["post-15251","page","type-page","status-publish","hentry"],"acf":[],"jetpack_sharing_enabled":true,"_links":{"self":[{"href":"https:\/\/www.myphillylawyer.com\/es\/wp-json\/wp\/v2\/pages\/15251","targetHints":{"allow":["GET"]}}],"collection":[{"href":"https:\/\/www.myphillylawyer.com\/es\/wp-json\/wp\/v2\/pages"}],"about":[{"href":"https:\/\/www.myphillylawyer.com\/es\/wp-json\/wp\/v2\/types\/page"}],"author":[{"embeddable":true,"href":"https:\/\/www.myphillylawyer.com\/es\/wp-json\/wp\/v2\/users\/17"}],"replies":[{"embeddable":true,"href":"https:\/\/www.myphillylawyer.com\/es\/wp-json\/wp\/v2\/comments?post=15251"}],"version-history":[{"count":3,"href":"https:\/\/www.myphillylawyer.com\/es\/wp-json\/wp\/v2\/pages\/15251\/revisions"}],"predecessor-version":[{"id":15286,"href":"https:\/\/www.myphillylawyer.com\/es\/wp-json\/wp\/v2\/pages\/15251\/revisions\/15286"}],"up":[{"embeddable":true,"href":"https:\/\/www.myphillylawyer.com\/es\/wp-json\/wp\/v2\/pages\/29"}],"wp:attachment":[{"href":"https:\/\/www.myphillylawyer.com\/es\/wp-json\/wp\/v2\/media?parent=15251"}],"curies":[{"name":"wp","href":"https:\/\/api.w.org\/{rel}","templated":true}]}}