{"id":15351,"date":"2025-12-04T17:34:52","date_gmt":"2025-12-04T22:34:52","guid":{"rendered":"https:\/\/www.myphillylawyer.com\/?page_id=15351"},"modified":"2025-12-04T18:31:35","modified_gmt":"2025-12-04T23:31:35","slug":"como-apelar-una-reclamacion-de-indemnizacion-laboral-denegada-en-pensilvania","status":"publish","type":"page","link":"https:\/\/www.myphillylawyer.com\/es\/areas-de-practica\/lesiones-laborales\/como-apelar-una-reclamacion-de-indemnizacion-laboral-denegada-en-pensilvania\/","title":{"rendered":"C\u00f3mo apelar una reclamaci\u00f3n de compensaci\u00f3n laboral denegada en Pensilvania"},"content":{"rendered":"<h2 class=\"wp-block-heading\" id=\"how-to-appeal-a-denied-workers-comp-claim-in-pa\">C\u00f3mo apelar una reclamaci\u00f3n de compensaci\u00f3n laboral denegada en Pensilvania<\/h2>\n\n\n\n<p>Las lesiones laborales pueden trastornar su vida. Usted espera que la indemnizaci\u00f3n por accidente laboral cubra sus gastos m\u00e9dicos y los salarios perdidos. Pero, \u00bfqu\u00e9 sucede si su reclamaci\u00f3n es denegada en Pensilvania? No tiene por qu\u00e9 aceptar un \u2019no\u201c por respuesta. Presentar una apelaci\u00f3n es su derecho legal. Comprender el proceso de apelaci\u00f3n puede ayudarle a luchar por las prestaciones que se merece. Repasemos los pasos con consejos pr\u00e1cticos y ejemplos reales.<\/p>\n\n\n\n<div class=\"wp-block-rank-math-toc-block\" id=\"rank-math-toc\"><h2>\u00cdndice<\/h2><nav><ul><li><a href=\"#why-workers-comp-claims-get-denied-in-pennsylvania\">Por qu\u00e9 se rechazan las reclamaciones de indemnizaci\u00f3n laboral en Pensilvania<\/a><\/li><li><a href=\"#first-steps-after-a-workers-comp-denial-in-pennsylvania\">Primeros pasos tras la denegaci\u00f3n de una indemnizaci\u00f3n por accidente laboral en Pensilvania<\/a><\/li><li><a href=\"#the-pennsylvania-workers-comp-appeal-process-step-by-step\">El proceso de apelaci\u00f3n de la indemnizaci\u00f3n por accidentes laborales en Pensilvania: paso a paso<\/a><\/li><li><a href=\"#how-a-work-injury-lawyer-helps-you-win-your-appeal\">C\u00f3mo un abogado especializado en lesiones laborales le ayuda a ganar su apelaci\u00f3n<\/a><\/li><li><a href=\"#tips-for-a-successful-workers-comp-appeal-in-philadelphia\">Consejos para una apelaci\u00f3n exitosa de compensaci\u00f3n laboral en Philadelphia<\/a><\/li><li><a href=\"#fa-qs-about-how-to-appeal-a-denied-workers-comp-claim-in-pa\">Preguntas frecuentes sobre c\u00f3mo apelar una reclamaci\u00f3n de indemnizaci\u00f3n laboral denegada en Pensilvania<\/a><\/li><li><a href=\"#other-resources-for-navigating-the-legal-process\">Otros recursos para navegar por el proceso legal<\/a><\/li><\/ul><\/nav><\/div>\n\n\n\n<h2 class=\"wp-block-heading\" id=\"why-workers-comp-claims-get-denied-in-pennsylvania\">Por qu\u00e9 se rechazan las reclamaciones de indemnizaci\u00f3n laboral en Pensilvania<\/h2>\n\n\n\n<p>Muchos trabajadores de Philadelphia se sorprenden cuando reciben una notificaci\u00f3n de denegaci\u00f3n de su reclamaci\u00f3n. \u00bfPor qu\u00e9 ha ocurrido esto? La compa\u00f1\u00eda de seguros podr\u00eda alegar que la lesi\u00f3n no se produjo en el trabajo, que la documentaci\u00f3n no se rellen\u00f3 correctamente o que no se respetaron los plazos. Algunas denegaciones se basan en errores t\u00e9cnicos o en la falta de historiales m\u00e9dicos. Otras veces, los empleadores cuestionan si la lesi\u00f3n est\u00e1 relacionada con el trabajo o argumentan que no se notific\u00f3 con la suficiente rapidez.<\/p>\n\n\n\n<p>Tomemos como ejemplo a Joe. Se lesion\u00f3 la espalda levantando cajas pesadas en un almac\u00e9n en North Philadelphia. Pens\u00f3 que su jefe se encargar\u00eda de todo, pero la compa\u00f1\u00eda de seguros rechaz\u00f3 su reclamaci\u00f3n. \u00bfEl motivo? Dijeron que hab\u00eda esperado demasiado tiempo para informar de la lesi\u00f3n. Al igual que Joe, muchos trabajadores se enfrentan a obst\u00e1culos similares, incluso cuando sus lesiones son reales y graves.<\/p>\n\n\n\n<p>Las denegaciones son frustrantes, pero tienes opciones. Una apelaci\u00f3n puede darte una segunda oportunidad para demostrar tu reclamaci\u00f3n. Trabajar con un\u00a0<a href=\"https:\/\/www.myphillylawyer.com\/es\/areas-de-practica\/lesiones-laborales\/\" target=\"_blank\" rel=\"noreferrer noopener\">Abogado especializado en indemnizaciones laborales Philadelphia<\/a>\u00a0puede ayudarte a investigar el motivo del rechazo y planificar tus pr\u00f3ximos pasos.<\/p>\n\n\n\n<h2 class=\"wp-block-heading\" id=\"first-steps-after-a-workers-comp-denial-in-pennsylvania\">Primeros pasos tras la denegaci\u00f3n de una indemnizaci\u00f3n por accidente laboral en Pensilvania<\/h2>\n\n\n\n<p>Cuando reciba una carta de rechazo, no se asuste. L\u00e9ala con atenci\u00f3n. La carta debe explicar el motivo del rechazo y el plazo para presentar una apelaci\u00f3n. En Pensilvania, normalmente dispone de tres a\u00f1os desde la fecha de la lesi\u00f3n para presentar una solicitud de indemnizaci\u00f3n, pero preste mucha atenci\u00f3n a cualquier plazo m\u00e1s corto que se indique en su notificaci\u00f3n.<\/p>\n\n\n\n<p>Re\u00fana todos sus registros. Esto incluye el informe del accidente, los registros m\u00e9dicos, las declaraciones de los testigos y los correos electr\u00f3nicos o mensajes de texto relacionados con su lesi\u00f3n. Guarde copias de todo. Si su solicitud fue rechazada por falta de documentaci\u00f3n, ahora tiene la oportunidad de solucionarlo.<\/p>\n\n\n\n<p>P\u00f3ngase en contacto con&nbsp;<a href=\"https:\/\/www.myphillylawyer.com\/es\/zonas-atendidas\/bensalem\/abogado-de-indemnizacion-laboral\/\" target=\"_blank\" rel=\"noreferrer noopener\">abogado especializado en accidentes laborales<\/a>&nbsp;tan pronto como sea posible. No es necesario contar con asistencia legal, pero puede facilitar el proceso y reducir el estr\u00e9s. El abogado puede revisar su caso, responder a sus preguntas y ayudarle a presentar su apelaci\u00f3n a tiempo.<\/p>\n\n\n\n<p>Recuerde, no tiene que resolver esto solo. La ley de compensaci\u00f3n laboral puede ser complicada. Obtener apoyo de inmediato le brinda la mejor oportunidad de ganar su apelaci\u00f3n.<\/p>\n\n\n\n<h2 class=\"wp-block-heading\" id=\"the-pennsylvania-workers-comp-appeal-process-step-by-step\">El proceso de apelaci\u00f3n de la indemnizaci\u00f3n por accidentes laborales en Pensilvania: paso a paso<\/h2>\n\n\n\n<p>La apelaci\u00f3n de una reclamaci\u00f3n de indemnizaci\u00f3n laboral denegada en Pensilvania suele comenzar con la presentaci\u00f3n de una petici\u00f3n de reclamaci\u00f3n ante la Oficina de Adjudicaci\u00f3n de Indemnizaciones Laborales. Esto es lo que puede esperar:<\/p>\n\n\n\n<ol class=\"wp-block-list\">\n<li><strong>Presente su petici\u00f3n:<\/strong>\u00a0Rellene y env\u00ede una solicitud de reclamaci\u00f3n. Puede hacerlo en l\u00ednea o por correo postal. Adjunte cualquier prueba que respalde su reclamaci\u00f3n.<\/li>\n\n\n\n<li><strong>Obtenga una fecha para la audiencia:<\/strong>\u00a0Su caso ser\u00e1 asignado a un juez de compensaci\u00f3n laboral. El juez programar\u00e1 una audiencia, a veces m\u00e1s de una.<\/li>\n\n\n\n<li><strong>Presente sus pruebas:<\/strong>\u00a0En la audiencia, tendr\u00e1 la oportunidad de testificar, presentar testigos y presentar informes m\u00e9dicos. Su empleador y su compa\u00f1\u00eda de seguros har\u00e1n lo mismo.<\/li>\n\n\n\n<li><strong>Decisi\u00f3n del juez:<\/strong>\u00a0Despu\u00e9s de revisar todas las pruebas, el juez tomar\u00e1 una decisi\u00f3n. Esto puede llevar semanas o incluso meses.<\/li>\n<\/ol>\n\n\n\n<p>Si el juez falla en su contra, puede apelar ante la Junta de Apelaciones de Compensaci\u00f3n Laboral. Se pueden presentar apelaciones adicionales ante el Tribunal del Estado de Pensilvania y, en casos excepcionales, ante la Suprema Corte de Pensilvania.<\/p>\n\n\n\n<p>El proceso puede parecer intimidante, pero no tienes que hacerlo solo. A&nbsp;<a href=\"https:\/\/www.myphillylawyer.com\/es\/zonas-atendidas\/jenkintown\/abogado-laboralista\/\" target=\"_blank\" rel=\"noreferrer noopener\">abogado especializado en indemnizaciones laborales<\/a>&nbsp;puede representarlo en las audiencias, comunicarse con el juez y ayudarlo a comprender sus opciones en cada etapa.<\/p>\n\n\n\n<h2 class=\"wp-block-heading\" id=\"how-a-work-injury-lawyer-helps-you-win-your-appeal\">C\u00f3mo un abogado especializado en lesiones laborales le ayuda a ganar su apelaci\u00f3n<\/h2>\n\n\n\n<p>\u00bfVale la pena contratar a un abogado para que se encargue de la apelaci\u00f3n de su indemnizaci\u00f3n laboral? Por supuesto. Un abogado con experiencia&nbsp;<a href=\"https:\/\/www.myphillylawyer.com\/es\/areas-de-practica\/lesiones-laborales\/\" target=\"_blank\" rel=\"noreferrer noopener\">Abogado especializado en accidentes laborales Philly<\/a>&nbsp;conoce a la perfecci\u00f3n la ley de indemnizaci\u00f3n laboral de Pensilvania. Puede detectar los puntos d\u00e9biles de su caso y ayudarle a solucionarlos.<\/p>\n\n\n\n<p>Por ejemplo, supongamos que su reclamaci\u00f3n fue denegada porque la compa\u00f1\u00eda de seguros alega que su lesi\u00f3n fue causada por una afecci\u00f3n preexistente. Un abogado experto puede trabajar con su m\u00e9dico para reunir pruebas m\u00e9dicas que relacionen su lesi\u00f3n con su trabajo. Tambi\u00e9n puede interrogar a los testigos de la compa\u00f1\u00eda de seguros y cuestionar cualquier informaci\u00f3n incorrecta.<\/p>\n\n\n\n<p>Aqu\u00ed hay otra forma en que un abogado puede ayudar: se encarga de los plazos y el papeleo. Si no cumple con un plazo de presentaci\u00f3n o utiliza el formulario incorrecto, su apelaci\u00f3n podr\u00eda ser desestimada. Su&nbsp;<a href=\"https:\/\/www.myphillylawyer.com\/es\/zonas-atendidas\/conshohocken\/abogado-de-indemnizacion-laboral\/\" target=\"_blank\" rel=\"noreferrer noopener\">abogado de accidentes laborales<\/a>&nbsp;mantiene su caso en marcha para que no pierda beneficios por cuestiones t\u00e9cnicas.<\/p>\n\n\n\n<p>Por \u00faltimo, si su caso llega a la Junta de Apelaciones o incluso a los tribunales, su abogado puede defender su caso y ayudarle a apelar una decisi\u00f3n negativa. Sus probabilidades de \u00e9xito aumentan considerablemente con la ayuda legal de su lado.<\/p>\n\n\n\n<h2 class=\"wp-block-heading\" id=\"tips-for-a-successful-workers-comp-appeal-in-philadelphia\">Consejos para una apelaci\u00f3n exitosa de compensaci\u00f3n laboral en Philadelphia<\/h2>\n\n\n\n<p>\u00bfQuieres aumentar tus posibilidades de ganar tu apelaci\u00f3n? Sigue estos consejos:<\/p>\n\n\n\n<ul class=\"wp-block-list\">\n<li><strong>Reporte su lesi\u00f3n r\u00e1pidamente:<\/strong>\u00a0Siempre informe a su empleador sobre las lesiones laborales lo antes posible.<\/li>\n\n\n\n<li><strong>Consulte a un m\u00e9dico autorizado:<\/strong>\u00a0Si su empleador le proporcion\u00f3 una lista de m\u00e9dicos, acuda a uno de ellos durante los primeros 90 d\u00edas despu\u00e9s de su lesi\u00f3n. De esta manera, su reclamaci\u00f3n cumplir\u00e1 con las normas de Pensilvania.<\/li>\n\n\n\n<li><strong>Mantenga buenos registros:<\/strong>\u00a0Guarde todas las facturas m\u00e9dicas, recetas, notas del m\u00e9dico y correspondencia.<\/li>\n\n\n\n<li><strong>Mant\u00e9n la coherencia:<\/strong>\u00a0Sea honesto y coherente en todas sus declaraciones, desde los informes de accidentes hasta las audiencias.<\/li>\n\n\n\n<li><strong>Busque ayuda legal lo antes posible:<\/strong>\u00a0Cuanto antes contactes con un abogado, mayores ser\u00e1n tus posibilidades.<\/li>\n<\/ul>\n\n\n\n<p>Aunque hayas fallado en un paso, no te rindas. Tu&nbsp;<a href=\"https:\/\/www.myphillylawyer.com\/es\/zonas-atendidas\/norristown\/abogado-de-indemnizacion-laboral\/\" target=\"_blank\" rel=\"noreferrer noopener\">abogado de accidentes laborales<\/a>&nbsp;A menudo se pueden encontrar soluciones. Quiz\u00e1s tengas pruebas que no presentaste o quiz\u00e1s tu caso necesite la opini\u00f3n de un experto m\u00e9dico. Las apelaciones son tu oportunidad para arreglar las cosas.<\/p>\n\n\n\n<hr class=\"wp-block-separator has-alpha-channel-opacity\"\/>\n\n\n\n<h2 class=\"wp-block-heading\" id=\"fa-qs-about-how-to-appeal-a-denied-workers-comp-claim-in-pa\">Preguntas frecuentes sobre c\u00f3mo apelar una reclamaci\u00f3n de indemnizaci\u00f3n laboral denegada en Pensilvania<\/h2>\n\n\n\n<p><strong>\u00bfEn qu\u00e9 plazo debo apelar una reclamaci\u00f3n denegada de indemnizaci\u00f3n laboral en Pensilvania?<\/strong><\/p>\n\n\n\n<p>En Pensilvania, normalmente dispone de tres a\u00f1os desde la fecha de la lesi\u00f3n para presentar una solicitud de indemnizaci\u00f3n, pero es mejor iniciar el proceso de apelaci\u00f3n tan pronto como reciba la denegaci\u00f3n. Actuar con rapidez protege sus derechos y preserva las pruebas.<\/p>\n\n\n\n<p><strong>\u00bfQu\u00e9 pasa si mi empleador dice que mi lesi\u00f3n no fue relacionada con el trabajo?<\/strong><\/p>\n\n\n\n<p>No dejes que esto te detenga. A\u00fan puedes apelar. A\u00a0<a href=\"https:\/\/www.myphillylawyer.com\/es\/zonas-atendidas\/doylestown\/abogado-de-accidentes-de-trabajo\/\" target=\"_blank\" rel=\"noreferrer noopener\">abogado especializado en accidentes laborales<\/a>\u00a0puede ayudarle a reunir pruebas, como declaraciones de testigos e informes m\u00e9dicos, para demostrar que su lesi\u00f3n se produjo en el trabajo.<\/p>\n\n\n\n<p><strong>\u00bfPuedo seguir trabajando mientras apelo la denegaci\u00f3n de mi indemnizaci\u00f3n por accidente laboral?<\/strong><\/p>\n\n\n\n<p>S\u00ed, pero sea honesto acerca de sus limitaciones f\u00edsicas. Si regresa al trabajo, pero con un salario m\u00e1s bajo o menos horas debido a su lesi\u00f3n, es posible que a\u00fan tenga derecho a recibir prestaciones por incapacidad parcial.<\/p>\n\n\n\n<p><strong>\u00bfQu\u00e9 pasa si mi apelaci\u00f3n es rechazada de nuevo?<\/strong><\/p>\n\n\n\n<p>Puede seguir apelando a instancias superiores, incluyendo la Junta de Apelaciones de Compensaci\u00f3n Laboral y el Tribunal del Estado. A\u00a0<a href=\"https:\/\/www.myphillylawyer.com\/es\/\" target=\"_blank\" rel=\"noreferrer noopener\">Philadelphia abogado de lesiones personales<\/a>\u00a0podemos asesorarle sobre sus opciones y representarle en cada paso del proceso.<\/p>\n\n\n\n<h2 class=\"wp-block-heading\" id=\"other-resources-for-navigating-the-legal-process\">Otros recursos para navegar por el proceso legal<\/h2>\n\n\n\n<ul class=\"wp-block-list\">\n<li><a href=\"https:\/\/www.myphillylawyer.com\/es\/areas-de-practica\/lesiones-laborales\/vigilancia-de-las-redes-sociales-en-casos-de-indemnizacion-laboral\/\">Vigilancia y redes sociales en casos de indemnizaci\u00f3n laboral<\/a><\/li>\n\n\n\n<li><a href=\"https:\/\/www.myphillylawyer.com\/es\/areas-de-practica\/lesiones-laborales\/cambiar-de-abogado-durante-su-caso-de-indemnizacion-laboral\/\">Cambiar de abogado durante su caso de indemnizaci\u00f3n laboral<\/a><\/li>\n\n\n\n<li><a href=\"https:\/\/www.myphillylawyer.com\/es\/areas-de-practica\/lesiones-laborales\/el-papel-de-la-rehabilitacion-profesional-en-su-reclamacion\/\">El papel de la rehabilitaci\u00f3n profesional en su reclamaci\u00f3n<\/a><\/li>\n\n\n\n<li><a href=\"https:\/\/www.myphillylawyer.com\/es\/areas-de-practica\/lesiones-laborales\/examenes-medicos-independientes-que-esperar\/\">Ex\u00e1menes m\u00e9dicos independientes: qu\u00e9 esperar<\/a><\/li>\n\n\n\n<li><strong>C\u00f3mo apelar una reclamaci\u00f3n de compensaci\u00f3n laboral denegada en Pensilvania<\/strong><\/li>\n<\/ul>","protected":false},"excerpt":{"rendered":"<p>C\u00f3mo apelar una reclamaci\u00f3n de indemnizaci\u00f3n laboral denegada en Pensilvania Las lesiones laborales pueden trastornar su vida. Usted espera que la indemnizaci\u00f3n laboral cubra sus gastos m\u00e9dicos y los salarios perdidos. Pero, \u00bfqu\u00e9 ocurre si su reclamaci\u00f3n es denegada en Pensilvania? No tiene por qu\u00e9 aceptar un \u2019no\u2019 por respuesta. Presentar una apelaci\u00f3n es su derecho legal...<\/p>","protected":false},"author":17,"featured_media":0,"parent":29,"menu_order":0,"comment_status":"closed","ping_status":"closed","template":"","meta":{"_acf_changed":false,"jetpack_post_was_ever_published":false,"footnotes":""},"class_list":["post-15351","page","type-page","status-publish","hentry"],"acf":[],"jetpack_sharing_enabled":true,"_links":{"self":[{"href":"https:\/\/www.myphillylawyer.com\/es\/wp-json\/wp\/v2\/pages\/15351","targetHints":{"allow":["GET"]}}],"collection":[{"href":"https:\/\/www.myphillylawyer.com\/es\/wp-json\/wp\/v2\/pages"}],"about":[{"href":"https:\/\/www.myphillylawyer.com\/es\/wp-json\/wp\/v2\/types\/page"}],"author":[{"embeddable":true,"href":"https:\/\/www.myphillylawyer.com\/es\/wp-json\/wp\/v2\/users\/17"}],"replies":[{"embeddable":true,"href":"https:\/\/www.myphillylawyer.com\/es\/wp-json\/wp\/v2\/comments?post=15351"}],"version-history":[{"count":3,"href":"https:\/\/www.myphillylawyer.com\/es\/wp-json\/wp\/v2\/pages\/15351\/revisions"}],"predecessor-version":[{"id":15376,"href":"https:\/\/www.myphillylawyer.com\/es\/wp-json\/wp\/v2\/pages\/15351\/revisions\/15376"}],"up":[{"embeddable":true,"href":"https:\/\/www.myphillylawyer.com\/es\/wp-json\/wp\/v2\/pages\/29"}],"wp:attachment":[{"href":"https:\/\/www.myphillylawyer.com\/es\/wp-json\/wp\/v2\/media?parent=15351"}],"curies":[{"name":"wp","href":"https:\/\/api.w.org\/{rel}","templated":true}]}}