{"id":15352,"date":"2025-12-04T17:35:05","date_gmt":"2025-12-04T22:35:05","guid":{"rendered":"https:\/\/www.myphillylawyer.com\/?page_id=15352"},"modified":"2025-12-04T18:31:29","modified_gmt":"2025-12-04T23:31:29","slug":"examenes-medicos-independientes-que-esperar","status":"publish","type":"page","link":"https:\/\/www.myphillylawyer.com\/es\/areas-de-practica\/lesiones-laborales\/examenes-medicos-independientes-que-esperar\/","title":{"rendered":"Ex\u00e1menes m\u00e9dicos independientes: qu\u00e9 esperar"},"content":{"rendered":"<h2 class=\"wp-block-heading\" id=\"independent-medical-exams-what-to-expect\">Ex\u00e1menes m\u00e9dicos independientes: qu\u00e9 esperar<\/h2>\n\n\n\n<p>Cuando usted sufre una lesi\u00f3n en el trabajo, la ley de Pensilvania le otorga ciertos derechos. Uno de esos derechos es la atenci\u00f3n m\u00e9dica. Sin embargo, es posible que no sepa que la compa\u00f1\u00eda de seguros de su empleador puede exigirle que se someta a un examen m\u00e9dico independiente (IME, por sus siglas en ingl\u00e9s). Si se enfrenta a un IME, es posible que se sienta ansioso o inseguro sobre lo que suceder\u00e1. Comprender c\u00f3mo funcionan los IME puede hacer que el proceso sea menos estresante y ayudarle a proteger sus derechos. Analicemos lo que necesita saber cuando ha sufrido una lesi\u00f3n laboral en Philadelphia.<\/p>\n\n\n\n<div class=\"wp-block-rank-math-toc-block\" id=\"rank-math-toc\"><h2>\u00cdndice<\/h2><nav><ul><li><a href=\"#what-is-an-independent-medical-exam-in-a-work-injury-case\">\u00bfQu\u00e9 es un examen m\u00e9dico independiente en un caso de lesi\u00f3n laboral?<\/a><\/li><li><a href=\"#how-to-prepare-for-your-ime\">C\u00f3mo prepararse para su IME<\/a><\/li><li><a href=\"#what-happens-during-and-after-the-ime\">\u00bfQu\u00e9 sucede durante y despu\u00e9s del examen m\u00e9dico independiente (IME)?<\/a><\/li><li><a href=\"#common-issues-and-mistakes-to-avoid-at-your-ime\">Problemas comunes y errores que debe evitar en su IME<\/a><\/li><li><a href=\"#how-can-a-philly-work-injury-lawyer-help-with-your-ime\">\u00bfC\u00f3mo puede ayudarle un abogado especializado en lesiones laborales de Philly con su IME?<\/a><\/li><li><a href=\"#fa-qs-about-independent-medical-exams\">Preguntas frecuentes sobre los ex\u00e1menes m\u00e9dicos independientes<\/a><\/li><li><a href=\"#other-resources-for-navigating-the-legal-process\">Otros recursos para navegar por el proceso legal<\/a><\/li><\/ul><\/nav><\/div>\n\n\n\n<hr class=\"wp-block-separator has-alpha-channel-opacity\"\/>\n\n\n\n<h2 class=\"wp-block-heading\" id=\"what-is-an-independent-medical-exam-in-a-work-injury-case\">\u00bfQu\u00e9 es un examen m\u00e9dico independiente en un caso de lesi\u00f3n laboral?<\/h2>\n\n\n\n<p>Si usted sufre una lesi\u00f3n en el trabajo, normalmente lo atender\u00e1 su propio m\u00e9dico. Sin embargo, en alg\u00fan momento, la compa\u00f1\u00eda de seguros de compensaci\u00f3n laboral de su empleador podr\u00eda solicitarle que acuda a otro m\u00e9dico para someterse a un examen m\u00e9dico independiente (IME, por sus siglas en ingl\u00e9s). No se trata de un chequeo m\u00e9dico habitual, sino de una evaluaci\u00f3n realizada por un proveedor m\u00e9dico elegido y pagado por la compa\u00f1\u00eda de seguros. El objetivo es obtener una opini\u00f3n sobre su lesi\u00f3n, su recuperaci\u00f3n y si puede volver al trabajo.<\/p>\n\n\n\n<p>\u00bfPor qu\u00e9 har\u00edan esto? Las compa\u00f1\u00edas de seguros quieren asegurarse de que su tratamiento sea necesario, que su lesi\u00f3n est\u00e9 relacionada con el trabajo y que su discapacidad sea tal y como usted la describe. A veces, utilizan la IME para intentar poner fin o reducir sus prestaciones. Es importante recordar que este m\u00e9dico no es su defensor. Su informe tendr\u00e1 mucho peso en su reclamaci\u00f3n. Si tiene alguna pregunta en esta etapa, hable con un\u00a0<a href=\"https:\/\/www.myphillylawyer.com\/es\/areas-de-practica\/lesiones-laborales\/\" target=\"_blank\" rel=\"noreferrer noopener\">Abogado especializado en indemnizaciones laborales Philadelphia<\/a>\u00a0puede ayudarte a prepararte.<\/p>\n\n\n\n<hr class=\"wp-block-separator has-alpha-channel-opacity\"\/>\n\n\n\n<h2 class=\"wp-block-heading\" id=\"how-to-prepare-for-your-ime\">C\u00f3mo prepararse para su IME<\/h2>\n\n\n\n<p>La preparaci\u00f3n puede marcar una gran diferencia en el resultado de su IME. Empiece por revisar su historial m\u00e9dico. Sepa qu\u00e9 tratamientos ha recibido y qu\u00e9 le han dicho los m\u00e9dicos. Lleve una lista de sus s\u00edntomas actuales y cualquier pregunta que tenga. Sea sincero sobre su lesi\u00f3n y c\u00f3mo afecta a su vida diaria. Si est\u00e1 nervioso, puede ser \u00fatil practicar c\u00f3mo explicar sus s\u00edntomas con claridad.<\/p>\n\n\n\n<p>El d\u00eda del examen, llegue temprano. V\u00edstase con ropa c\u00f3moda, pero no descuidada. Lleve toda la documentaci\u00f3n que le haya solicitado la compa\u00f1\u00eda de seguros, como identificaci\u00f3n o registros m\u00e9dicos. Durante el examen, responda con sinceridad a las preguntas del m\u00e9dico, pero c\u00ed\u00f1ase a los hechos. No exagere su dolor, pero tampoco lo minimice. Si el m\u00e9dico le pide que realice ciertos movimientos, haga solo lo que pueda hacer con seguridad. Si algo le duele, d\u00edgalo.<\/p>\n\n\n\n<p>Recuerde que el m\u00e9dico lo observa todo, desde la forma en que entra en la consulta hasta c\u00f3mo se sube a la camilla. Si necesita ayuda o tiene alguna duda sobre c\u00f3mo acudir a su IME, p\u00f3ngase en contacto con un&nbsp;<a href=\"https:\/\/www.myphillylawyer.com\/es\/zonas-atendidas\/wayne\/abogado-de-accidentes-laborales-2\/\" target=\"_blank\" rel=\"noreferrer noopener\">abogado especializado en accidentes laborales<\/a>&nbsp;antes de su cita.<\/p>\n\n\n\n<hr class=\"wp-block-separator has-alpha-channel-opacity\"\/>\n\n\n\n<h2 class=\"wp-block-heading\" id=\"what-happens-during-and-after-the-ime\">\u00bfQu\u00e9 sucede durante y despu\u00e9s del examen m\u00e9dico independiente (IME)?<\/h2>\n\n\n\n<p>La IME suele ser m\u00e1s breve que una consulta m\u00e9dica habitual. El m\u00e9dico revisar\u00e1 su historial m\u00e9dico, le preguntar\u00e1 sobre su accidente y le realizar\u00e1 un examen f\u00edsico. Es posible que eval\u00fae su rango de movimiento, su fuerza o le pregunte sobre su dolor. En ocasiones, es posible que est\u00e9 atento a cualquier indicio de que usted no est\u00e1 siendo sincero, por lo que siempre debe ser honesto.<\/p>\n\n\n\n<p>Despu\u00e9s del examen, el m\u00e9dico redactar\u00e1 un informe para la compa\u00f1\u00eda de seguros. En este informe se indicar\u00e1 si la lesi\u00f3n fue causada por el trabajo, si el tratamiento es necesario y si usted puede volver a su trabajo. Por lo general, el m\u00e9dico no le dar\u00e1 una respuesta inmediata.<\/p>\n\n\n\n<p>La compa\u00f1\u00eda de seguros puede utilizar el informe del IME para intentar poner fin o reducir sus prestaciones por accidente laboral. Si el informe indica que puede volver al trabajo, es posible que dejen de pagarle. Si no est\u00e1 de acuerdo con las conclusiones del IME, tiene derecho a impugnarlas. Es entonces cuando tener un&nbsp;<a href=\"https:\/\/www.myphillylawyer.com\/es\/zonas-atendidas\/bensalem\/abogado-de-indemnizacion-laboral\/\" target=\"_blank\" rel=\"noreferrer noopener\">abogado especializado en indemnizaciones laborales<\/a>&nbsp;se vuelve a\u00fan m\u00e1s importante.<\/p>\n\n\n\n<hr class=\"wp-block-separator has-alpha-channel-opacity\"\/>\n\n\n\n<h2 class=\"wp-block-heading\" id=\"common-issues-and-mistakes-to-avoid-at-your-ime\">Problemas comunes y errores que debe evitar en su IME<\/h2>\n\n\n\n<p>Muchos trabajadores lesionados cometen errores simples durante su IME que pueden perjudicar su caso. El mayor error es minimizar su dolor o no describir todos sus s\u00edntomas. Algunas personas se sienten avergonzadas o les preocupa que las juzguen. No lo haga. El m\u00e9dico de la IME necesita tener una idea precisa de c\u00f3mo le afecta su lesi\u00f3n. No intente ser duro ni actuar como si su lesi\u00f3n fuera menos grave de lo que es.<\/p>\n\n\n\n<p>Otro error es exagerar o fingir s\u00edntomas. Los m\u00e9dicos de IME est\u00e1n capacitados para detectar signos de exageraci\u00f3n. Si creen que no est\u00e1 siendo sincero, pueden utilizarlo para rechazar su reclamaci\u00f3n. Adem\u00e1s, no falte a su cita sin una raz\u00f3n muy justificada. Faltar a la IME puede dar lugar a la suspensi\u00f3n de sus prestaciones.<\/p>\n\n\n\n<p>Tambi\u00e9n es importante no firmar ning\u00fan formulario o declaraci\u00f3n que no entiendas. Si te dan documentos para firmar, l\u00e9elos con atenci\u00f3n. Si no est\u00e1s seguro, consulta a un&nbsp;<a href=\"https:\/\/www.myphillylawyer.com\/es\/zonas-atendidas\/upper-darby\/abogado-de-accidentes-laborales-2\/\" target=\"_blank\" rel=\"noreferrer noopener\">abogado especializado en accidentes laborales<\/a>&nbsp;antes de firmar.<\/p>\n\n\n\n<hr class=\"wp-block-separator has-alpha-channel-opacity\"\/>\n\n\n\n<h2 class=\"wp-block-heading\" id=\"how-can-a-philly-work-injury-lawyer-help-with-your-ime\">\u00bfC\u00f3mo puede ayudarle un abogado especializado en lesiones laborales de Philly con su IME?<\/h2>\n\n\n\n<p>Lidiar con una lesi\u00f3n laboral ya es lo suficientemente estresante sin complicaciones legales. Un abogado con experiencia&nbsp;<a href=\"https:\/\/www.myphillylawyer.com\/es\/areas-de-practica\/lesiones-laborales\/\" target=\"_blank\" rel=\"noreferrer noopener\">Abogado especializado en accidentes laborales Philly<\/a>&nbsp;puede explicarle sus derechos antes y despu\u00e9s de una IME. Puede ayudarle a comprender qu\u00e9 esperar, qu\u00e9 decir y qu\u00e9 evitar. Si la compa\u00f1\u00eda de seguros intenta utilizar el informe de la IME para suspender o reducir sus prestaciones, su abogado puede defenderlo. Tambi\u00e9n puede rebatir cualquier conclusi\u00f3n injusta del informe de la IME y asegurarse de que se escuche su voz.<\/p>\n\n\n\n<p>No tienes que lidiar con el proceso t\u00fa solo. A&nbsp;<a href=\"https:\/\/www.myphillylawyer.com\/es\/zonas-atendidas\/conshohocken\/abogado-de-indemnizacion-laboral\/\" target=\"_blank\" rel=\"noreferrer noopener\">abogado de accidentes laborales<\/a>&nbsp;puede reunir pruebas m\u00e9dicas, representarlo en las audiencias y tratar con la compa\u00f1\u00eda de seguros. Cuanto antes obtenga ayuda, mayores ser\u00e1n sus posibilidades de obtener las prestaciones que necesita. Si en alg\u00fan momento se siente presionado, confundido o inseguro sobre el proceso de la IME, no espere m\u00e1s y p\u00f3ngase en contacto con un profesional del derecho.<\/p>\n\n\n\n<hr class=\"wp-block-separator has-alpha-channel-opacity\"\/>\n\n\n\n<h2 class=\"wp-block-heading\" id=\"fa-qs-about-independent-medical-exams\">Preguntas frecuentes sobre los ex\u00e1menes m\u00e9dicos independientes<\/h2>\n\n\n\n<p><strong>\u00bfQu\u00e9 debo hacer si no estoy de acuerdo con el informe del m\u00e9dico del IME?<\/strong><\/p>\n\n\n\n<p>Si no est\u00e1 de acuerdo con el m\u00e9dico del IME, tiene derecho a impugnar sus conclusiones. P\u00f3ngase en contacto con un\u00a0<a href=\"https:\/\/www.myphillylawyer.com\/es\/\" target=\"_blank\" rel=\"noreferrer noopener\">Philadelphia abogado de lesiones personales<\/a>\u00a0de inmediato. Su abogado puede ayudarle a recopilar sus registros m\u00e9dicos, concertar una segunda opini\u00f3n y presentar su caso ante un juez de compensaci\u00f3n laboral si es necesario.<\/p>\n\n\n\n<p><strong>\u00bfPuedo llevar a alguien conmigo a mi cita para el examen m\u00e9dico independiente (IME)?<\/strong><\/p>\n\n\n\n<p>S\u00ed, por lo general puede traer a un amigo o familiar para que le brinde apoyo. Sin embargo, es posible que no se les permita ingresar a la sala de examen. Puede preguntar con anticipaci\u00f3n en el consultorio del m\u00e9dico cu\u00e1les son sus pol\u00edticas al respecto. Tener a alguien con usted puede ayudarle a mantener la calma y recordar detalles de la visita.<\/p>\n\n\n\n<p><strong>\u00bfQu\u00e9 sucede si no acudo a mi cita para la entrevista de admisi\u00f3n (IME)?<\/strong><\/p>\n\n\n\n<p>Faltar a su IME sin una raz\u00f3n v\u00e1lida puede llevar a la compa\u00f1\u00eda de seguros a suspender sus beneficios. Si tiene una buena raz\u00f3n, como una emergencia m\u00e9dica, comun\u00edquelo inmediatamente a su ajustador y a su abogado. Siempre que sea posible, intente reprogramar la cita con antelaci\u00f3n.<\/p>\n\n\n\n<p><strong>\u00bfEl m\u00e9dico del IME puede atenderme o darme consejos m\u00e9dicos?<\/strong><\/p>\n\n\n\n<p>No, el m\u00e9dico del IME no es su m\u00e9dico tratante. No le brinda atenci\u00f3n ni tratamiento continuo. Su trabajo consiste en evaluarlo para la compa\u00f1\u00eda de seguros. Para obtener asesoramiento o tratamiento m\u00e9dico, consulte a su propio m\u00e9dico.<\/p>\n\n\n\n<h2 class=\"wp-block-heading\" id=\"other-resources-for-navigating-the-legal-process\">Otros recursos para navegar por el proceso legal<\/h2>\n\n\n\n<ul class=\"wp-block-list\">\n<li><a href=\"https:\/\/www.myphillylawyer.com\/es\/areas-de-practica\/lesiones-laborales\/vigilancia-de-las-redes-sociales-en-casos-de-indemnizacion-laboral\/\">Vigilancia y redes sociales en casos de indemnizaci\u00f3n laboral<\/a><\/li>\n\n\n\n<li><a href=\"https:\/\/www.myphillylawyer.com\/es\/areas-de-practica\/lesiones-laborales\/cambiar-de-abogado-durante-su-caso-de-indemnizacion-laboral\/\">Cambiar de abogado durante su caso de indemnizaci\u00f3n laboral<\/a><\/li>\n\n\n\n<li><a href=\"https:\/\/www.myphillylawyer.com\/es\/areas-de-practica\/lesiones-laborales\/el-papel-de-la-rehabilitacion-profesional-en-su-reclamacion\/\">El papel de la rehabilitaci\u00f3n profesional en su reclamaci\u00f3n<\/a><\/li>\n\n\n\n<li><strong>Ex\u00e1menes m\u00e9dicos independientes: qu\u00e9 esperar<\/strong><\/li>\n\n\n\n<li><a href=\"https:\/\/www.myphillylawyer.com\/es\/areas-de-practica\/lesiones-laborales\/como-apelar-una-reclamacion-de-indemnizacion-laboral-denegada-en-pensilvania\/\">C\u00f3mo apelar una reclamaci\u00f3n de compensaci\u00f3n laboral denegada en Pensilvania<\/a><\/li>\n<\/ul>\n\n\n\n<p><\/p>","protected":false},"excerpt":{"rendered":"<p>Ex\u00e1menes m\u00e9dicos independientes: qu\u00e9 esperar Cuando usted sufre una lesi\u00f3n en el trabajo, la ley de Pensilvania le otorga ciertos derechos. Uno de esos derechos es la atenci\u00f3n m\u00e9dica. Sin embargo, es posible que no sepa que la compa\u00f1\u00eda de seguros de su empleador puede exigirle que se someta a un examen m\u00e9dico independiente (IME, por sus siglas en ingl\u00e9s). Si se enfrenta a un IME, es posible que se sienta ansioso o inseguro sobre lo que...<\/p>","protected":false},"author":17,"featured_media":0,"parent":29,"menu_order":0,"comment_status":"closed","ping_status":"closed","template":"","meta":{"_acf_changed":false,"jetpack_post_was_ever_published":false,"footnotes":""},"class_list":["post-15352","page","type-page","status-publish","hentry"],"acf":[],"jetpack_sharing_enabled":true,"_links":{"self":[{"href":"https:\/\/www.myphillylawyer.com\/es\/wp-json\/wp\/v2\/pages\/15352","targetHints":{"allow":["GET"]}}],"collection":[{"href":"https:\/\/www.myphillylawyer.com\/es\/wp-json\/wp\/v2\/pages"}],"about":[{"href":"https:\/\/www.myphillylawyer.com\/es\/wp-json\/wp\/v2\/types\/page"}],"author":[{"embeddable":true,"href":"https:\/\/www.myphillylawyer.com\/es\/wp-json\/wp\/v2\/users\/17"}],"replies":[{"embeddable":true,"href":"https:\/\/www.myphillylawyer.com\/es\/wp-json\/wp\/v2\/comments?post=15352"}],"version-history":[{"count":3,"href":"https:\/\/www.myphillylawyer.com\/es\/wp-json\/wp\/v2\/pages\/15352\/revisions"}],"predecessor-version":[{"id":15375,"href":"https:\/\/www.myphillylawyer.com\/es\/wp-json\/wp\/v2\/pages\/15352\/revisions\/15375"}],"up":[{"embeddable":true,"href":"https:\/\/www.myphillylawyer.com\/es\/wp-json\/wp\/v2\/pages\/29"}],"wp:attachment":[{"href":"https:\/\/www.myphillylawyer.com\/es\/wp-json\/wp\/v2\/media?parent=15352"}],"curies":[{"name":"wp","href":"https:\/\/api.w.org\/{rel}","templated":true}]}}