{"id":15355,"date":"2025-12-04T17:35:38","date_gmt":"2025-12-04T22:35:38","guid":{"rendered":"https:\/\/www.myphillylawyer.com\/?page_id=15355"},"modified":"2025-12-04T18:30:58","modified_gmt":"2025-12-04T23:30:58","slug":"cambiar-de-abogado-durante-su-caso-de-indemnizacion-laboral","status":"publish","type":"page","link":"https:\/\/www.myphillylawyer.com\/es\/areas-de-practica\/lesiones-laborales\/cambiar-de-abogado-durante-su-caso-de-indemnizacion-laboral\/","title":{"rendered":"Cambiar de abogado durante su caso de indemnizaci\u00f3n laboral"},"content":{"rendered":"<h2 class=\"wp-block-heading\" id=\"changing-lawyers-during-your-workers-compensation-case\">Cambiar de abogado durante su caso de indemnizaci\u00f3n laboral<\/h2>\n\n\n\n<p>Tramitar una reclamaci\u00f3n de indemnizaci\u00f3n laboral puede resultar estresante, especialmente si se trata de una lesi\u00f3n laboral en Philadelphia. La mayor\u00eda de las personas conf\u00edan en que su abogado gestionar\u00e1 su caso con cuidado y profesionalidad. Pero, \u00bfqu\u00e9 pasa si empieza a sentirse inc\u00f3modo con el servicio de su abogado especializado en indemnizaciones por accidentes laborales? Es posible que se pregunte si puede cambiar de abogado durante el caso, c\u00f3mo funciona el proceso y qu\u00e9 significa para sus prestaciones. Este art\u00edculo profundiza en sus derechos, el proceso y lo que debe esperar si decide cambiar de abogado especializado en lesiones laborales en Philadelphia.<\/p>\n\n\n\n<div class=\"wp-block-rank-math-toc-block\" id=\"rank-math-toc\"><h2>\u00cdndice<\/h2><nav><ul><li><a href=\"#why-workers-change-lawyers-in-a-workers-compensation-case\">\u00bfPor qu\u00e9 los trabajadores cambian de abogado en un caso de indemnizaci\u00f3n laboral?<\/a><\/li><li><a href=\"#can-you-legally-change-lawyers-during-a-workers-comp-case\">\u00bfSe puede cambiar legalmente de abogado durante un caso de indemnizaci\u00f3n laboral?<\/a><\/li><li><a href=\"#how-to-switch-lawyers-in-a-philadelphia-workers-compensation-case\">C\u00f3mo cambiar de abogado en un caso de indemnizaci\u00f3n laboral Philadelphia<\/a><\/li><li><a href=\"#what-happens-to-your-case-and-benefits-after-you-change-lawyers\">\u00bfQu\u00e9 sucede con su caso y sus beneficios despu\u00e9s de cambiar de abogado?<\/a><\/li><li><a href=\"#tips-for-finding-the-right-work-injury-lawyer-for-your-claim\">Consejos para encontrar al abogado especializado en lesiones laborales adecuado para su reclamaci\u00f3n<\/a><\/li><li><a href=\"#fa-qs-about-changing-lawyers-during-your-workers-compensation-case\">Preguntas frecuentes sobre el cambio de abogados durante su caso de indemnizaci\u00f3n laboral<\/a><\/li><li><a href=\"#other-resources-for-navigating-the-legal-process\">Otros recursos para navegar por el proceso legal<\/a><\/li><\/ul><\/nav><\/div>\n\n\n\n<h2 class=\"wp-block-heading\" id=\"why-workers-change-lawyers-in-a-workers-compensation-case\">\u00bfPor qu\u00e9 los trabajadores cambian de abogado en un caso de indemnizaci\u00f3n laboral?<\/h2>\n\n\n\n<p>Hay muchas razones por las que alguien podr\u00eda querer cambiar de abogado durante una reclamaci\u00f3n de indemnizaci\u00f3n laboral. A veces, las personas sienten que su abogado no se comunica con ellos o no les devuelve las llamadas. Otros sienten que su caso no avanza o que el abogado no comprende completamente las leyes de indemnizaci\u00f3n laboral de Pensilvania. Algunos clientes se sienten apresurados, presionados para llegar a un acuerdo o ignorados cuando plantean sus inquietudes.<\/p>\n\n\n\n<p>Cambiar a otro abogado especializado en indemnizaciones laborales de Philadelphia puede ser una decisi\u00f3n inteligente cuando sienta que su equipo legal no est\u00e1 luchando por sus mejores intereses. Quiz\u00e1s necesite un abogado con m\u00e1s experiencia en lesiones complejas, o uno que lo trate con respeto y lo mantenga informado. Tiene derecho a esperar respuestas claras, actualizaciones honestas sobre su caso y un abogado que se preocupe por su recuperaci\u00f3n m\u00e9dica y sus necesidades econ\u00f3micas.<\/p>\n\n\n\n<p>Recuerde, su salud f\u00edsica y financiera puede depender del resultado. No tiene por qu\u00e9 quedarse con un abogado que le haga sentir inc\u00f3modo o que no le explique las cosas. Cuando se trata de sus prestaciones por accidente laboral, se merece a alguien que le defienda.<\/p>\n\n\n\n<h2 class=\"wp-block-heading\" id=\"can-you-legally-change-lawyers-during-a-workers-comp-case\">\u00bfSe puede cambiar legalmente de abogado durante un caso de indemnizaci\u00f3n laboral?<\/h2>\n\n\n\n<p>La ley de Pensilvania le otorga el derecho de cambiar de abogado en cualquier momento durante su reclamaci\u00f3n de indemnizaci\u00f3n laboral. No es necesario que d\u00e9 una raz\u00f3n. Incluso si su reclamaci\u00f3n ya ha comenzado, o si se encuentra en medio de las audiencias, puede elegir un nuevo representante en quien conf\u00ede. Los jueces y las compa\u00f1\u00edas de seguros ven que esto sucede con frecuencia.<\/p>\n\n\n\n<p>Cambiar tu&nbsp;<a href=\"https:\/\/www.myphillylawyer.com\/es\/zonas-atendidas\/norristown\/abogado-de-indemnizacion-laboral\/\" target=\"_blank\" rel=\"noreferrer noopener\">abogado especializado en indemnizaciones laborales<\/a>&nbsp;no perjudica su reclamaci\u00f3n ni la retrasa si se gestiona correctamente. Cuando contrate a un nuevo abogado, este lo notificar\u00e1 al tribunal y a su antiguo abogado. Sus expedientes, historiales m\u00e9dicos y documentos importantes se transferir\u00e1n a su nuevo abogado. Es posible que su antiguo abogado tenga derecho a una parte de los honorarios legales, pero esto no aumenta el porcentaje que usted paga: sus honorarios siguen siendo los mismos, normalmente con un l\u00edmite m\u00e1ximo del 20% de su indemnizaci\u00f3n.<\/p>\n\n\n\n<p>Si no est\u00e1s seguro de tu representaci\u00f3n actual, habla con un asesor de confianza.&nbsp;<a href=\"https:\/\/www.myphillylawyer.com\/es\/areas-de-practica\/lesiones-laborales\/\" target=\"_blank\" rel=\"noreferrer noopener\">Abogado especializado en accidentes laborales Philly<\/a>&nbsp;para una revisi\u00f3n confidencial. Cambiar de abogado puede ayudarle a obtener el asesoramiento y las medidas que necesita sin poner en riesgo sus beneficios.<\/p>\n\n\n\n<h2 class=\"wp-block-heading\" id=\"how-to-switch-lawyers-in-a-philadelphia-workers-compensation-case\">C\u00f3mo cambiar de abogado en un caso de indemnizaci\u00f3n laboral Philadelphia<\/h2>\n\n\n\n<p>Hacer el cambio es sencillo. Primero, re\u00fanase con su nuevo abogado para una consulta gratuita. Un buen&nbsp;<a href=\"https:\/\/www.myphillylawyer.com\/es\/zonas-atendidas\/upper-darby\/abogado-de-accidentes-laborales-2\/\" target=\"_blank\" rel=\"noreferrer noopener\">abogado especializado en accidentes laborales<\/a>&nbsp;revisar\u00e1 su situaci\u00f3n y le explicar\u00e1 sus derechos. Si decide contratarlos, preparar\u00e1n un documento llamado \u201csustituci\u00f3n de abogado\u201d. Usted firmar\u00e1 un formulario en el que indicar\u00e1 que desea que su nuevo abogado se haga cargo de su caso.<\/p>\n\n\n\n<p>A continuaci\u00f3n, su nuevo abogado se pondr\u00e1 en contacto con su antiguo abogado para recoger el expediente de su caso. Presentar\u00e1n una notificaci\u00f3n ante el tribunal e informar\u00e1n al juez de compensaci\u00f3n laboral, a la compa\u00f1\u00eda de seguros y al empleador. Su nuevo abogado se pondr\u00e1 al d\u00eda r\u00e1pidamente, revisar\u00e1 su reclamaci\u00f3n e identificar\u00e1 cualquier punto d\u00e9bil o prueba que falte.<\/p>\n\n\n\n<p>No es necesario que usted mismo se encargue de ninguna conversaci\u00f3n inc\u00f3moda. Su nuevo abogado se pondr\u00e1 en contacto con su anterior abogado de manera educada y profesional. Si le preocupa la transici\u00f3n, tenga la seguridad de que se trata de un proceso habitual. Su reclamaci\u00f3n no se reinicia desde cero, sino que se mantiene todo el trabajo realizado anteriormente.<\/p>\n\n\n\n<h2 class=\"wp-block-heading\" id=\"what-happens-to-your-case-and-benefits-after-you-change-lawyers\">\u00bfQu\u00e9 sucede con su caso y sus beneficios despu\u00e9s de cambiar de abogado?<\/h2>\n\n\n\n<p>Cambiar de abogado no suspender\u00e1 sus beneficios m\u00e9dicos ni sus cheques por p\u00e9rdida de salario si su caso ya ha sido aceptado o si tiene una orden judicial. Su nuevo&nbsp;<a href=\"https:\/\/www.myphillylawyer.com\/es\/zonas-atendidas\/wayne\/abogado-de-accidentes-laborales-2\/\" target=\"_blank\" rel=\"noreferrer noopener\">abogado de accidentes laborales<\/a>&nbsp;tomar\u00e1 medidas para proteger sus pagos en curso.<\/p>\n\n\n\n<p>Su nuevo abogado revisar\u00e1 los registros m\u00e9dicos, los planes de tratamiento y cualquier informe vocacional. Es posible que detecte problemas que su anterior abogado pas\u00f3 por alto, como registros salariales faltantes, facturas impagadas o lesiones que no se tuvieron en cuenta. A veces, una nueva perspectiva puede descubrir nuevas formas de aumentar sus beneficios, acelerar su tratamiento o luchar contra una reclamaci\u00f3n denegada.<\/p>\n\n\n\n<p>Si su caso est\u00e1 en los tribunales, su nuevo abogado asistir\u00e1 a todas las audiencias en adelante. Si es necesario notificar a un juez de compensaci\u00f3n laboral, su abogado se encargar\u00e1 de ello. El nuevo abogado puede solicitar un breve aplazamiento si necesita m\u00e1s tiempo para revisar el expediente, pero los tribunales suelen comprenderlo y suelen conceder estas solicitudes.<\/p>\n\n\n\n<p>Lo m\u00e1s importante es que no pierdas ninguno de los beneficios que te corresponden. Ya sea que est\u00e9s luchando por un acuerdo de pago \u00fanico, gastos m\u00e9dicos de por vida o cheques semanales, tu nuevo&nbsp;<a href=\"https:\/\/www.myphillylawyer.com\/es\/zonas-atendidas\/arboleda-de-sauces\/abogados-de-accidentes-laborales\/\" target=\"_blank\" rel=\"noreferrer noopener\">abogado de accidentes de trabajo<\/a>&nbsp;A menudo puede hacerse cargo del caso sin demora.<\/p>\n\n\n\n<h2 class=\"wp-block-heading\" id=\"tips-for-finding-the-right-work-injury-lawyer-for-your-claim\">Consejos para encontrar al abogado especializado en lesiones laborales adecuado para su reclamaci\u00f3n<\/h2>\n\n\n\n<p>Cambiar de abogado te brinda la oportunidad de encontrar al socio legal adecuado para tus necesidades. Al elegir uno nuevo,&nbsp;<a href=\"https:\/\/www.myphillylawyer.com\/es\/zonas-atendidas\/bensalem\/abogado-de-indemnizacion-laboral\/\" target=\"_blank\" rel=\"noreferrer noopener\">abogado de accidentes laborales<\/a>, Busque experiencia, buena comunicaci\u00f3n y un historial probado en casos de lesiones laborales en Philadelphia.<\/p>\n\n\n\n<p>Haz preguntas como:<\/p>\n\n\n\n<ul class=\"wp-block-list\">\n<li>\u00bfCu\u00e1ntos casos como el m\u00edo ha manejado?<\/li>\n\n\n\n<li>\u00bfTrabajar\u00e9 directamente contigo o solo con el personal?<\/li>\n\n\n\n<li>\u00bfC\u00f3mo me mantendr\u00e1n informado sobre mi caso?<\/li>\n\n\n\n<li>\u00bfCu\u00e1les son mis posibilidades de \u00e9xito y qu\u00e9 retos ves?<\/li>\n\n\n\n<li>\u00bfConoce a los jueces Philadelphia y a los ajustadores de seguros locales?<\/li>\n<\/ul>\n\n\n\n<p>Un buen abogado escucha sus objetivos, le explica el proceso y responde a sus preguntas con claridad. Debe darle opiniones sinceras sobre su caso y ofrecerle un plan para seguir adelante. No dude en pedir referencias u opiniones de otros trabajadores lesionados.<\/p>\n\n\n\n<p>Recuerda, te mereces un&nbsp;<a href=\"https:\/\/www.myphillylawyer.com\/es\/\" target=\"_blank\" rel=\"noreferrer noopener\">Philadelphia abogado de lesiones personales<\/a>&nbsp;que te trate como un socio, no solo como un n\u00famero de expediente. El abogado adecuado te colocar\u00e1 en la mejor posici\u00f3n para recuperar los beneficios que necesitas para recuperarte y volver a ponerte en pie.<\/p>\n\n\n\n<hr class=\"wp-block-separator has-alpha-channel-opacity\"\/>\n\n\n\n<h2 class=\"wp-block-heading\" id=\"fa-qs-about-changing-lawyers-during-your-workers-compensation-case\">Preguntas frecuentes sobre el cambio de abogados durante su caso de indemnizaci\u00f3n laboral<\/h2>\n\n\n\n<p><strong>\u00bfCambiar de abogado durante mi caso de indemnizaci\u00f3n laboral me costar\u00e1 m\u00e1s dinero?<\/strong><\/p>\n\n\n\n<p>No, cambiar de abogado no aumenta los honorarios totales que usted paga. Los honorarios est\u00e1ndar de los abogados en los casos de indemnizaci\u00f3n laboral en Pensilvania suelen tener un l\u00edmite m\u00e1ximo del 20 % de la indemnizaci\u00f3n que usted reciba. Si dos abogados han trabajado en su caso, se repartir\u00e1n los honorarios, pero usted no pagar\u00e1 m\u00e1s.<\/p>\n\n\n\n<p><strong>\u00bfPuede mi antiguo abogado negarse a transferir mi expediente de indemnizaci\u00f3n laboral?<\/strong><\/p>\n\n\n\n<p>No, su ex abogado debe transferir el expediente de su caso a su nuevo abogado. Las normas de Pensilvania exigen que los abogados cooperen durante el cambio y env\u00eden todos los documentos pertinentes para que su nuevo abogado pueda seguir adelante sin demoras.<\/p>\n\n\n\n<p><strong>\u00bfCambiar de abogado retrasar\u00e1 mis prestaciones por accidente laboral o las audiencias judiciales?<\/strong><\/p>\n\n\n\n<p>El cambio de abogado no suele retrasar las prestaciones ni las audiencias. En algunos casos, su nuevo abogado puede solicitar una breve pr\u00f3rroga para revisar el expediente, pero los tribunales suelen conceder las solicitudes razonables. Sus prestaciones salariales y m\u00e9dicas deber\u00edan continuar sin interrupci\u00f3n.<\/p>\n\n\n\n<p><strong>\u00bfQu\u00e9 pasa si no estoy contento con mi segundo abogado? \u00bfPuedo cambiarlo de nuevo?<\/strong><\/p>\n\n\n\n<p>S\u00ed, puede cambiar de abogado m\u00e1s de una vez durante su caso si es necesario. Sus derechos de representaci\u00f3n no expiran despu\u00e9s de un cambio. Lo m\u00e1s importante es contar con un abogado en quien conf\u00ede y que luche por sus intereses hasta que se resuelva su reclamaci\u00f3n de indemnizaci\u00f3n laboral.<\/p>\n\n\n\n<h2 class=\"wp-block-heading\" id=\"other-resources-for-navigating-the-legal-process\">Otros recursos para navegar por el proceso legal<\/h2>\n\n\n\n<ul class=\"wp-block-list\">\n<li><a href=\"https:\/\/www.myphillylawyer.com\/es\/areas-de-practica\/lesiones-laborales\/vigilancia-de-las-redes-sociales-en-casos-de-indemnizacion-laboral\/\">Vigilancia y redes sociales en casos de indemnizaci\u00f3n laboral<\/a><\/li>\n\n\n\n<li><strong>Cambiar de abogado durante su caso de indemnizaci\u00f3n laboral<\/strong><\/li>\n\n\n\n<li><a href=\"https:\/\/www.myphillylawyer.com\/es\/areas-de-practica\/lesiones-laborales\/el-papel-de-la-rehabilitacion-profesional-en-su-reclamacion\/\">El papel de la rehabilitaci\u00f3n profesional en su reclamaci\u00f3n<\/a><\/li>\n\n\n\n<li><a href=\"https:\/\/www.myphillylawyer.com\/es\/areas-de-practica\/lesiones-laborales\/examenes-medicos-independientes-que-esperar\/\">Ex\u00e1menes m\u00e9dicos independientes: qu\u00e9 esperar<\/a><\/li>\n\n\n\n<li><a href=\"https:\/\/www.myphillylawyer.com\/es\/areas-de-practica\/lesiones-laborales\/como-apelar-una-reclamacion-de-indemnizacion-laboral-denegada-en-pensilvania\/\">C\u00f3mo apelar una reclamaci\u00f3n de compensaci\u00f3n laboral denegada en Pensilvania<\/a><\/li>\n<\/ul>","protected":false},"excerpt":{"rendered":"<p>Cambiar de abogado durante su caso de indemnizaci\u00f3n laboral Tramitar una reclamaci\u00f3n de indemnizaci\u00f3n laboral puede resultar estresante, especialmente si se enfrenta a una lesi\u00f3n laboral en Philadelphia. La mayor\u00eda de las personas conf\u00edan en que su abogado gestionar\u00e1 su caso con cuidado y competencia. Pero, \u00bfqu\u00e9 ocurre si empieza a sentirse inc\u00f3modo con el servicio de su abogado especializado en indemnizaci\u00f3n laboral? Usted...<\/p>","protected":false},"author":17,"featured_media":0,"parent":29,"menu_order":0,"comment_status":"closed","ping_status":"closed","template":"","meta":{"_acf_changed":false,"jetpack_post_was_ever_published":false,"footnotes":""},"class_list":["post-15355","page","type-page","status-publish","hentry"],"acf":[],"jetpack_sharing_enabled":true,"_links":{"self":[{"href":"https:\/\/www.myphillylawyer.com\/es\/wp-json\/wp\/v2\/pages\/15355","targetHints":{"allow":["GET"]}}],"collection":[{"href":"https:\/\/www.myphillylawyer.com\/es\/wp-json\/wp\/v2\/pages"}],"about":[{"href":"https:\/\/www.myphillylawyer.com\/es\/wp-json\/wp\/v2\/types\/page"}],"author":[{"embeddable":true,"href":"https:\/\/www.myphillylawyer.com\/es\/wp-json\/wp\/v2\/users\/17"}],"replies":[{"embeddable":true,"href":"https:\/\/www.myphillylawyer.com\/es\/wp-json\/wp\/v2\/comments?post=15355"}],"version-history":[{"count":3,"href":"https:\/\/www.myphillylawyer.com\/es\/wp-json\/wp\/v2\/pages\/15355\/revisions"}],"predecessor-version":[{"id":15372,"href":"https:\/\/www.myphillylawyer.com\/es\/wp-json\/wp\/v2\/pages\/15355\/revisions\/15372"}],"up":[{"embeddable":true,"href":"https:\/\/www.myphillylawyer.com\/es\/wp-json\/wp\/v2\/pages\/29"}],"wp:attachment":[{"href":"https:\/\/www.myphillylawyer.com\/es\/wp-json\/wp\/v2\/media?parent=15355"}],"curies":[{"name":"wp","href":"https:\/\/api.w.org\/{rel}","templated":true}]}}