{"id":15377,"date":"2025-12-04T18:36:06","date_gmt":"2025-12-04T23:36:06","guid":{"rendered":"https:\/\/www.myphillylawyer.com\/?page_id=15377"},"modified":"2025-12-04T19:07:21","modified_gmt":"2025-12-05T00:07:21","slug":"calculo-de-los-salarios-perdidos-y-las-prestaciones-por-incapacidad-en-pensilvania","status":"publish","type":"page","link":"https:\/\/www.myphillylawyer.com\/es\/areas-de-practica\/lesiones-laborales\/calculo-de-los-salarios-perdidos-y-las-prestaciones-por-incapacidad-en-pensilvania\/","title":{"rendered":"C\u00e1lculo de salarios perdidos y pagos por discapacidad en Pensilvania"},"content":{"rendered":"<h2 class=\"wp-block-heading\" id=\"calculating-lost-wages-disability-payments-in-pennsylvania\">C\u00e1lculo de salarios perdidos y pagos por discapacidad en Pensilvania<\/h2>\n\n\n\n<p>Sufrir una lesi\u00f3n en el trabajo genera mucho estr\u00e9s y confusi\u00f3n. Si usted est\u00e1 en Philadelphia y ha sufrido una lesi\u00f3n laboral, es posible que se pregunte c\u00f3mo se calculan los salarios perdidos y los pagos por incapacidad. Entender lo que se le debe no siempre es f\u00e1cil. Las reglas pueden ser complejas y las compa\u00f1\u00edas de seguros rara vez explican todos sus derechos. Un buen\u00a0<a href=\"https:\/\/www.myphillylawyer.com\/es\/areas-de-practica\/lesiones-laborales\/\" target=\"_blank\" rel=\"noreferrer noopener\">Abogado especializado en indemnizaciones laborales Philadelphia<\/a>\u00a0puede ayudarle a obtener el dinero que necesita mientras se recupera. Analicemos c\u00f3mo funciona el sistema y qu\u00e9 puede esperar.<\/p>\n\n\n\n<div class=\"wp-block-rank-math-toc-block\" id=\"rank-math-toc\"><h2>\u00cdndice<\/h2><nav><ul><li><a href=\"#what-counts-as-lost-wages-after-a-work-injury\">\u00bfQu\u00e9 se considera salario perdido despu\u00e9s de un accidente laboral?<\/a><\/li><li><a href=\"#types-of-disability-payments-in-pennsylvania\">Tipos de pagos por discapacidad en Pensilvania<\/a><\/li><li><a href=\"#how-are-average-weekly-wages-calculated-for-workers-compensation\">\u00bfC\u00f3mo se calculan los salarios semanales promedio para la indemnizaci\u00f3n por accidentes laborales?<\/a><\/li><li><a href=\"#what-if-you-can-return-to-work-but-not-at-full-strength\">\u00bfQu\u00e9 pasa si puedes volver al trabajo, pero no con toda tu capacidad?<\/a><\/li><li><a href=\"#when-should-you-call-a-workers-compensation-lawyer-in-philadelphia\">\u00bfCu\u00e1ndo debe llamar a un abogado especializado en indemnizaciones laborales en Philadelphia?<\/a><\/li><li><a href=\"#fa-qs-about-calculating-lost-wages-disability-payments-in-pennsylvania\">Preguntas frecuentes sobre el c\u00e1lculo de los salarios perdidos y los pagos por discapacidad en Pensilvania<\/a><\/li><li><a href=\"#other-resources-for-maximizing-your-benefits-financial-security\">Otros recursos para maximizar sus beneficios y seguridad financiera<\/a><\/li><\/ul><\/nav><\/div>\n\n\n\n<h2 class=\"wp-block-heading\" id=\"what-counts-as-lost-wages-after-a-work-injury\">\u00bfQu\u00e9 se considera salario perdido despu\u00e9s de un accidente laboral?<\/h2>\n\n\n\n<p>Los salarios perdidos son el sueldo que no percibes porque tu lesi\u00f3n te impide trabajar. En Pensilvania, la indemnizaci\u00f3n por accidente laboral cubre estas p\u00e9rdidas si tu lesi\u00f3n te ha impedido trabajar, incluso durante un breve periodo de tiempo. Sin embargo, la cantidad exacta depende de varios factores, como tus ingresos habituales y el tiempo que hayas estado de baja.<\/p>\n\n\n\n<p>Para calcular sus salarios perdidos, el sistema utiliza su \u201csalario semanal promedio\u201d. Por lo general, este se basa en lo que ganaba antes de la lesi\u00f3n. Puede incluir el salario por hora, las horas extras, las bonificaciones e incluso las propinas, si las ha declarado. Si tiene varios trabajos, se pueden tener en cuenta los salarios de todos ellos. En el caso de las personas con trabajos estacionales o con horarios variables, la ley utiliza f\u00f3rmulas especiales para garantizar que su salario semanal refleje sus ingresos reales.<\/p>\n\n\n\n<p>Una vez establecido tu salario semanal promedio, tu prestaci\u00f3n por p\u00e9rdida de salario suele ser dos tercios de esa cifra. Por lo tanto, si ganabas $900 a la semana, tu prestaci\u00f3n semanal ser\u00eda de $600. Sin embargo, hay un l\u00edmite: no puedes recibir m\u00e1s que la prestaci\u00f3n semanal m\u00e1xima del estado, que cambia cada a\u00f1o. Si no est\u00e1s seguro de c\u00f3mo se calcula tu salario promedio, un&nbsp;<a href=\"https:\/\/www.myphillylawyer.com\/es\/areas-de-practica\/lesiones-laborales\/\" target=\"_blank\" rel=\"noreferrer noopener\">Abogado especializado en accidentes laborales Philly<\/a>&nbsp;puede revisar su caso y asegurarse de que reciba cada centavo que le corresponde.<\/p>\n\n\n\n<h2 class=\"wp-block-heading\" id=\"types-of-disability-payments-in-pennsylvania\">Tipos de pagos por discapacidad en Pensilvania<\/h2>\n\n\n\n<p>La ley de compensaci\u00f3n laboral de Pensilvania ofrece varios tipos de pagos por discapacidad, dependiendo de la gravedad de la lesi\u00f3n y de su duraci\u00f3n. Estos se dividen en dos grupos principales: discapacidad total y discapacidad parcial.<\/p>\n\n\n\n<p><strong>Incapacidad total<\/strong>&nbsp;Los pagos son para quienes no pueden trabajar en absoluto debido a su lesi\u00f3n. Recibir\u00e1 dos tercios de su salario semanal promedio, hasta el m\u00e1ximo estatal. Esto continuar\u00e1 hasta que regrese al trabajo o su condici\u00f3n mejore.<\/p>\n\n\n\n<p><strong>Incapacidad parcial<\/strong>&nbsp;Se aplica si puede trabajar, pero no en su antiguo empleo ni con su antiguo salario. Quiz\u00e1s pueda realizar tareas livianas o trabajar menos horas. En este caso, recibir\u00e1 dos tercios de la diferencia entre su antiguo salario y lo que gana ahora. La ley permite hasta 500 semanas de prestaciones por incapacidad parcial. Si su lesi\u00f3n es permanente, como la p\u00e9rdida de una extremidad o un dedo, la ley establece un calendario para la duraci\u00f3n de las prestaciones por cada tipo de p\u00e9rdida.<\/p>\n\n\n\n<p>Es f\u00e1cil dejarse llevar por los detalles. A veces, los empleadores o las compa\u00f1\u00edas de seguros presionan a las personas para que regresen al trabajo demasiado pronto u ofrecen menos de lo que se les debe. Es entonces cuando un&nbsp;<a href=\"https:\/\/www.myphillylawyer.com\/es\/zonas-atendidas\/bensalem\/abogado-de-indemnizacion-laboral\/\" target=\"_blank\" rel=\"noreferrer noopener\">abogado especializado en indemnizaciones laborales<\/a>&nbsp;puede intervenir y luchar por tus derechos.<\/p>\n\n\n\n<h2 class=\"wp-block-heading\" id=\"how-are-average-weekly-wages-calculated-for-workers-compensation\">\u00bfC\u00f3mo se calculan los salarios semanales promedio para la indemnizaci\u00f3n por accidentes laborales?<\/h2>\n\n\n\n<p>El c\u00e1lculo de su salario semanal promedio es el n\u00facleo de toda reclamaci\u00f3n de indemnizaci\u00f3n laboral. No siempre se trata solo de su salario base. La ley tiene en cuenta lo que gan\u00f3 durante el a\u00f1o anterior a su lesi\u00f3n. Si ten\u00eda un trabajo estable, puede que sea sencillo. Pero si hac\u00eda horas extras, ten\u00eda dos trabajos o sus horas cambiaban mucho, la cosa se complica.<\/p>\n\n\n\n<p>Para los trabajadores fijos a tiempo completo, la ley simplemente utiliza su salario semanal. Si le pagan mensualmente, se trata de su salario mensual multiplicado por 12 y dividido entre 52 semanas. Para los trabajos estacionales o aquellos con horarios variables, la ley puede calcular el promedio de su salario durante 13 semanas o incluso durante un a\u00f1o, dependiendo de su situaci\u00f3n.<\/p>\n\n\n\n<p>A veces, se pueden tener en cuenta beneficios como propinas, dietas por comidas o incluso el alojamiento proporcionado por el empleador. Lo que no se tiene en cuenta son los beneficios complementarios como el seguro m\u00e9dico o las aportaciones para la jubilaci\u00f3n.<\/p>\n\n\n\n<p>Si la compa\u00f1\u00eda de seguros utiliza cifras err\u00f3neas o ignora su historial de pagos completo, es posible que le paguen menos de lo que le corresponde. Muchas personas nunca se dan cuenta de que se les debe m\u00e1s dinero hasta que hablan con un&nbsp;<a href=\"https:\/\/www.myphillylawyer.com\/es\/zonas-atendidas\/conshohocken\/abogado-de-indemnizacion-laboral\/\" target=\"_blank\" rel=\"noreferrer noopener\">abogado de accidentes laborales<\/a>&nbsp;que conoce todas las reglas.<\/p>\n\n\n\n<h2 class=\"wp-block-heading\" id=\"what-if-you-can-return-to-work-but-not-at-full-strength\">\u00bfQu\u00e9 pasa si puedes volver al trabajo, pero no con toda tu capacidad?<\/h2>\n\n\n\n<p>Muchos trabajadores lesionados finalmente regresan a sus trabajos, pero a veces no en el mismo puesto. Quiz\u00e1s no pueda levantar tanto peso, estar de pie tanto tiempo o realizar todas las tareas que hac\u00eda antes. Si acepta un trabajo con un salario m\u00e1s bajo, la indemnizaci\u00f3n por accidente laboral puede compensar parte de la diferencia. Esto se denomina incapacidad parcial.<\/p>\n\n\n\n<p>He aqu\u00ed un ejemplo: antes de su lesi\u00f3n, ganaba $1,200 a la semana. Despu\u00e9s, solo puede trabajar a tiempo parcial, ganando $600. La indemnizaci\u00f3n por accidente laboral cubre dos tercios de la diferencia, por lo que recibir\u00eda $400 a la semana en prestaciones, adem\u00e1s de su nuevo salario.<\/p>\n\n\n\n<p>Esta parte de la ley es m\u00e1s importante cuando los empleadores ofrecen trabajos \u201cde baja exigencia\u201d. A veces, el nuevo trabajo paga menos o simplemente no hay suficientes horas. No asumas que tienes que aceptar menos sin ayuda. Habla con un&nbsp;<a href=\"https:\/\/www.myphillylawyer.com\/es\/zonas-atendidas\/doylestown\/abogado-de-accidentes-de-trabajo\/\" target=\"_blank\" rel=\"noreferrer noopener\">abogado especializado en accidentes laborales<\/a>&nbsp;que pueda revisar las cifras, explicarte tus opciones y oponerse si tu empleador no est\u00e1 siendo justo.<\/p>\n\n\n\n<h2 class=\"wp-block-heading\" id=\"when-should-you-call-a-workers-compensation-lawyer-in-philadelphia\">\u00bfCu\u00e1ndo debe llamar a un abogado especializado en indemnizaciones laborales en Philadelphia?<\/h2>\n\n\n\n<p>Las normas relativas a los salarios perdidos y las prestaciones por incapacidad son complicadas, y las compa\u00f1\u00edas de seguros cuentan con abogados que les asesoran. Si sus pagos le parecen demasiado bajos, le presionan para que vuelva al trabajo o le han denegado la reclamaci\u00f3n, necesita ayuda. Aunque su caso parezca sencillo, contar con un&nbsp;<a href=\"https:\/\/www.myphillylawyer.com\/es\/\" target=\"_blank\" rel=\"noreferrer noopener\">Philadelphia abogado de lesiones personales<\/a>&nbsp;a tu lado puede ayudarte a evitar errores costosos.<\/p>\n\n\n\n<p>Un buen abogado verificar\u00e1 si su salario semanal promedio se calcul\u00f3 correctamente, le ayudar\u00e1 a reunir pruebas m\u00e9dicas y luchar\u00e1 por obtener los pagos m\u00e1ximos que permite la ley. Si su lesi\u00f3n se convierte en una discapacidad permanente, o si enfrenta represalias por presentar una demanda, la ayuda legal se vuelve a\u00fan m\u00e1s importante. No intente manejarlo solo: busque un abogado con experiencia en casos de lesiones laborales Philadelphia y que sepa c\u00f3mo maximizar su indemnizaci\u00f3n.<\/p>\n\n\n\n<h2 class=\"wp-block-heading\" id=\"fa-qs-about-calculating-lost-wages-disability-payments-in-pennsylvania\">Preguntas frecuentes sobre el c\u00e1lculo de los salarios perdidos y los pagos por discapacidad en Pensilvania<\/h2>\n\n\n\n<p><strong>\u00bfCu\u00e1nto tiempo duran las prestaciones por p\u00e9rdida de salario de la indemnizaci\u00f3n por accidente laboral en Pensilvania?<\/strong><\/p>\n\n\n\n<p>La duraci\u00f3n depende del tipo de discapacidad. Los pagos por discapacidad total pueden durar mientras no puedas trabajar, sujeto a revisi\u00f3n m\u00e9dica. Los pagos por discapacidad parcial est\u00e1n limitados a 500 semanas. Las lesiones permanentes tienen sus propios plazos. Consulta siempre con un\u00a0<a href=\"https:\/\/www.myphillylawyer.com\/es\/zonas-atendidas\/jenkintown\/abogado-laboralista\/\" target=\"_blank\" rel=\"noreferrer noopener\">abogado especializado en indemnizaciones laborales<\/a>\u00a0para revisar su caso espec\u00edfico.<\/p>\n\n\n\n<p><strong>\u00bfPuedo cobrar la indemnizaci\u00f3n por accidente laboral si tengo un segundo empleo?<\/strong><\/p>\n\n\n\n<p>S\u00ed. Si ten\u00eda m\u00e1s de un trabajo en el momento de la lesi\u00f3n, su salario semanal promedio puede incluir ambos ingresos. Aseg\u00farese de declarar todos los ingresos. La falta de informaci\u00f3n puede reducir sus prestaciones. Un experimentado\u00a0<a href=\"https:\/\/www.myphillylawyer.com\/es\/zonas-atendidas\/norristown\/abogado-de-indemnizacion-laboral\/\" target=\"_blank\" rel=\"noreferrer noopener\">abogado de accidentes laborales<\/a>\u00a0se asegurar\u00e1 de que recibas una compensaci\u00f3n por todos los ingresos perdidos.<\/p>\n\n\n\n<p><strong>\u00bfQu\u00e9 pasa si la compa\u00f1\u00eda de seguros calcul\u00f3 mal mis beneficios?<\/strong><\/p>\n\n\n\n<p>Los errores ocurren, y a menudo no te favorecen. Si tus prestaciones te parecen demasiado bajas, re\u00fane tus recibos de sueldo y llama a un\u00a0<a href=\"https:\/\/www.myphillylawyer.com\/es\/areas-de-practica\/lesiones-laborales\/\" target=\"_blank\" rel=\"noreferrer noopener\">Abogado especializado en accidentes laborales Philly<\/a>. Revisar\u00e1n tu historial de pagos, corregir\u00e1n los errores y presentar\u00e1n apelaciones si es necesario.<\/p>\n\n\n\n<p><strong>\u00bfLa indemnizaci\u00f3n por accidente laboral cubre las horas extras y las bonificaciones en el c\u00e1lculo del salario semanal promedio?<\/strong><\/p>\n\n\n\n<p>S\u00ed, siempre y cuando formaran parte de tu salario habitual y se hubieran declarado. Las horas extras, los diferenciales por turnos y algunas bonificaciones se tienen en cuenta para calcular tu salario medio. Las propinas tambi\u00e9n se pueden incluir si se declaran. Si crees que se ha omitido algo, un\u00a0<a href=\"https:\/\/www.myphillylawyer.com\/es\/areas-de-practica\/lesiones-laborales\/\" target=\"_blank\" rel=\"noreferrer noopener\">Abogado especializado en indemnizaciones laborales Philadelphia<\/a>\u00a0puede ayudar.<\/p>\n\n\n\n<h2 class=\"wp-block-heading\" id=\"other-resources-for-maximizing-your-benefits-financial-security\">Otros recursos para maximizar sus beneficios y seguridad financiera<\/h2>\n\n\n\n<ul class=\"wp-block-list\">\n<li><a href=\"https:\/\/www.myphillylawyer.com\/es\/areas-de-practica\/lesiones-laborales\/cobertura-de-gastos-medicos-que-incluye-la-ley-de-pensilvania\/\">Cobertura de gastos m\u00e9dicos: \u00bfqu\u00e9 incluye la ley de Pensilvania?<\/a><\/li>\n\n\n\n<li><a href=\"https:\/\/www.myphillylawyer.com\/es\/areas-de-practica\/lesiones-laborales\/indemnizacion-por-accidente-laboral-frente-a-incapacidad-de-la-seguridad-social\/\">Indemnizaci\u00f3n por accidente laboral frente a incapacidad de la Seguridad Social<\/a><\/li>\n\n\n\n<li><a href=\"https:\/\/www.myphillylawyer.com\/es\/areas-de-practica\/lesiones-laborales\/ventajas-desventajas-y-proceso-de-los-acuerdos-de-pago-unico\/\">Acuerdos de pago \u00fanico: ventajas, desventajas y proceso<\/a><\/li>\n\n\n\n<li><a href=\"https:\/\/www.myphillylawyer.com\/es\/areas-de-practica\/lesiones-laborales\/explicacion-de-los-problemas-relacionados-con-el-regreso-al-trabajo-en-casos-de-trabajo-ligero\/\">Explicaci\u00f3n de los problemas relacionados con las tareas livianas y el regreso al trabajo<\/a><\/li>\n\n\n\n<li><strong>C\u00e1lculo de salarios perdidos y pagos por discapacidad en Pensilvania<\/strong><\/li>\n<\/ul>\n\n\n\n<p><\/p>","protected":false},"excerpt":{"rendered":"<p>C\u00e1lculo de los salarios perdidos y las prestaciones por incapacidad en Pensilvania Sufrir un accidente laboral conlleva mucho estr\u00e9s y confusi\u00f3n. Si se encuentra en Philadelphia y ha sufrido un accidente laboral, es posible que se pregunte c\u00f3mo se calculan los salarios perdidos y las prestaciones por incapacidad. Entender lo que se le debe no siempre es f\u00e1cil. Las normas pueden ser complejas y las compa\u00f1\u00edas de seguros...<\/p>","protected":false},"author":17,"featured_media":0,"parent":29,"menu_order":0,"comment_status":"closed","ping_status":"closed","template":"","meta":{"_acf_changed":false,"jetpack_post_was_ever_published":false,"footnotes":""},"class_list":["post-15377","page","type-page","status-publish","hentry"],"acf":[],"jetpack_sharing_enabled":true,"_links":{"self":[{"href":"https:\/\/www.myphillylawyer.com\/es\/wp-json\/wp\/v2\/pages\/15377","targetHints":{"allow":["GET"]}}],"collection":[{"href":"https:\/\/www.myphillylawyer.com\/es\/wp-json\/wp\/v2\/pages"}],"about":[{"href":"https:\/\/www.myphillylawyer.com\/es\/wp-json\/wp\/v2\/types\/page"}],"author":[{"embeddable":true,"href":"https:\/\/www.myphillylawyer.com\/es\/wp-json\/wp\/v2\/users\/17"}],"replies":[{"embeddable":true,"href":"https:\/\/www.myphillylawyer.com\/es\/wp-json\/wp\/v2\/comments?post=15377"}],"version-history":[{"count":3,"href":"https:\/\/www.myphillylawyer.com\/es\/wp-json\/wp\/v2\/pages\/15377\/revisions"}],"predecessor-version":[{"id":15400,"href":"https:\/\/www.myphillylawyer.com\/es\/wp-json\/wp\/v2\/pages\/15377\/revisions\/15400"}],"up":[{"embeddable":true,"href":"https:\/\/www.myphillylawyer.com\/es\/wp-json\/wp\/v2\/pages\/29"}],"wp:attachment":[{"href":"https:\/\/www.myphillylawyer.com\/es\/wp-json\/wp\/v2\/media?parent=15377"}],"curies":[{"name":"wp","href":"https:\/\/api.w.org\/{rel}","templated":true}]}}