{"id":15379,"date":"2025-12-04T18:36:45","date_gmt":"2025-12-04T23:36:45","guid":{"rendered":"https:\/\/www.myphillylawyer.com\/?page_id=15379"},"modified":"2025-12-04T19:07:30","modified_gmt":"2025-12-05T00:07:30","slug":"ventajas-desventajas-y-proceso-de-los-acuerdos-de-pago-unico","status":"publish","type":"page","link":"https:\/\/www.myphillylawyer.com\/es\/areas-de-practica\/lesiones-laborales\/ventajas-desventajas-y-proceso-de-los-acuerdos-de-pago-unico\/","title":{"rendered":"Acuerdos de pago \u00fanico: ventajas, desventajas y proceso"},"content":{"rendered":"<h2 class=\"wp-block-heading\" id=\"lump-sum-settlements-pros-cons-and-process\">Acuerdos de pago \u00fanico: ventajas, desventajas y proceso<\/h2>\n\n\n\n<p>Si ha sufrido una lesi\u00f3n en el trabajo en Philadelphia, es posible que haya o\u00eddo hablar de algo llamado \u2019acuerdo de indemnizaci\u00f3n \u00fanica\u00bb. Se trata de un pago \u00fanico por su reclamaci\u00f3n de indemnizaci\u00f3n laboral en lugar de cheques semanales. Decidir si esto es lo adecuado para usted no es f\u00e1cil. En este art\u00edculo, aprender\u00e1 qu\u00e9 son los acuerdos de indemnizaci\u00f3n \u00fanica, c\u00f3mo funcionan y las ventajas e inconvenientes que conllevan. Si est\u00e1 buscando respuestas, un&nbsp;<a href=\"https:\/\/www.myphillylawyer.com\/es\/areas-de-practica\/lesiones-laborales\/\" target=\"_blank\" rel=\"noreferrer noopener\">Abogado especializado en indemnizaciones laborales Philadelphia<\/a>&nbsp;puede ayudarte a analizar todas tus opciones.<\/p>\n\n\n\n<div class=\"wp-block-rank-math-toc-block\" id=\"rank-math-toc\"><h2>\u00cdndice<\/h2><nav><ul><li><a href=\"#what-is-a-lump-sum-settlement\">\u00bfQu\u00e9 es un acuerdo de liquidaci\u00f3n global?<\/a><\/li><li><a href=\"#pros-of-taking-a-lump-sum-settlement\">Ventajas de aceptar un acuerdo de pago \u00fanico<\/a><\/li><li><a href=\"#cons-and-risks-of-lump-sum-settlements\">Inconvenientes y riesgos de los acuerdos de pago \u00fanico<\/a><\/li><li><a href=\"#how-the-lump-sum-settlement-process-works-in-philadelphia\">C\u00f3mo funciona el proceso de liquidaci\u00f3n global en Philadelphia<\/a><\/li><li><a href=\"#should-you-take-a-lump-sum-settlement-questions-to-ask\">\u00bfDeber\u00eda aceptar un acuerdo de pago \u00fanico? Preguntas que debe hacerse<\/a><\/li><li><a href=\"#fa-qs-about-lump-sum-settlements\">Preguntas frecuentes sobre los acuerdos de pago \u00fanico<\/a><\/li><li><a href=\"#other-resources-for-maximizing-your-benefits-financial-security\">Otros recursos para maximizar sus beneficios y seguridad financiera<\/a><\/li><\/ul><\/nav><\/div>\n\n\n\n<h2 class=\"wp-block-heading\" id=\"what-is-a-lump-sum-settlement\">\u00bfQu\u00e9 es un acuerdo de liquidaci\u00f3n global?<\/h2>\n\n\n\n<p>Un acuerdo de pago \u00fanico es un pago \u00fanico que se recibe despu\u00e9s de un accidente laboral en lugar de los cheques regulares de compensaci\u00f3n laboral. En Philadelphia, esto se denomina acuerdo de \u2019compromiso y liberaci\u00f3n\u201c. Una vez que se llega a un acuerdo, normalmente se renuncia al derecho a recibir prestaciones futuras por la lesi\u00f3n. Por eso es tan importante comprender lo que se est\u00e1 aceptando.<\/p>\n\n\n\n<p>Supongamos que te lesionas al levantar cajas pesadas. La compa\u00f1\u00eda de seguros podr\u00eda ofrecerte un pago \u00fanico que cubra los salarios perdidos y los gastos m\u00e9dicos previstos, en lugar de pagos semanales. Sin embargo, una vez que firmes, eso ser\u00e1 todo. No podr\u00e1s volver atr\u00e1s y pedir m\u00e1s si tu lesi\u00f3n empeora.<\/p>\n\n\n\n<p>Los acuerdos de pago \u00fanico son comunes en Pensilvania, especialmente cuando ambas partes quieren evitar una larga batalla legal. Si su lesi\u00f3n es grave, o si hay dudas sobre los gastos m\u00e9dicos futuros, un&nbsp;<a href=\"https:\/\/www.myphillylawyer.com\/es\/zonas-atendidas\/jenkintown\/abogado-laboralista\/\" target=\"_blank\" rel=\"noreferrer noopener\">abogado de accidentes laborales<\/a>&nbsp;puede ayudarle a determinar si un acuerdo es conveniente o si debe seguir recibiendo prestaciones semanales.<\/p>\n\n\n\n<h2 class=\"wp-block-heading\" id=\"pros-of-taking-a-lump-sum-settlement\">Ventajas de aceptar un acuerdo de pago \u00fanico<\/h2>\n\n\n\n<p>Hay algunas ventajas importantes en recibir una indemnizaci\u00f3n \u00fanica tras un accidente laboral. La principal es el control. Recibes tu dinero ahora, de una sola vez. Esto puede ayudarte a pagar facturas, hacer frente a emergencias o planificar el futuro.<\/p>\n\n\n\n<p>Tampoco tendr\u00e1 que esperar cheques cada semana ni preguntarse si los pagos se detendr\u00e1n. Si desea seguir adelante, un acuerdo le puede dar tranquilidad. Podr\u00e1 elegir sus propios m\u00e9dicos, seleccionar sus tratamientos o incluso comenzar un nuevo trabajo sin tener que lidiar con las reglas de compensaci\u00f3n laboral.<\/p>\n\n\n\n<p>Llegar a un acuerdo sobre su reclamaci\u00f3n puede tener sentido si tiene pensado mudarse o cambiar de profesi\u00f3n. A algunas personas les preocupa que las compa\u00f1\u00edas de seguros las vigilen o las env\u00eden de un m\u00e9dico a otro. Con una suma global, eso suele terminar.<\/p>\n\n\n\n<p>A&nbsp;<a href=\"https:\/\/www.myphillylawyer.com\/es\/areas-de-practica\/lesiones-laborales\/\" target=\"_blank\" rel=\"noreferrer noopener\">Abogado especializado en accidentes laborales Philly<\/a>&nbsp;tambi\u00e9n puede ayudarle a conseguir el mejor acuerdo. Las compa\u00f1\u00edas de seguros a veces ofrecen indemnizaciones bajas al principio. Un abogado con experiencia luchar\u00e1 para asegurarse de que se le indemnice por todas sus p\u00e9rdidas: facturas m\u00e9dicas, salarios perdidos y cuidados futuros.<\/p>\n\n\n\n<h2 class=\"wp-block-heading\" id=\"cons-and-risks-of-lump-sum-settlements\">Inconvenientes y riesgos de los acuerdos de pago \u00fanico<\/h2>\n\n\n\n<p>Aunque los acuerdos de pago \u00fanico tienen ventajas, tambi\u00e9n existen riesgos reales. El mayor riesgo es que no se puede solicitar m\u00e1s dinero posteriormente. Si su estado empeora o necesita otra cirug\u00eda, es posible que tenga que pagar de su bolsillo.<\/p>\n\n\n\n<p>Tambi\u00e9n debe pensar en cu\u00e1nto tiempo le durar\u00e1 el dinero. Es f\u00e1cil gastar un cheque grande m\u00e1s r\u00e1pido de lo que espera. Las facturas m\u00e9dicas pueden acumularse, y necesitar\u00e1 planear para el futuro.<\/p>\n\n\n\n<p>Algunos acuerdos no cubren tratamientos m\u00e9dicos futuros. Si acepta un acuerdo y a\u00fan necesita atenci\u00f3n m\u00e9dica, es posible que tenga que utilizar su propio seguro m\u00e9dico, si lo tiene. Si se inscribe en Medicare, llegar a un acuerdo sobre su reclamaci\u00f3n puede afectar a sus prestaciones.<\/p>\n\n\n\n<p>Si su lesi\u00f3n es grave o no est\u00e1 seguro de su salud a largo plazo, hable con un&nbsp;<a href=\"https:\/\/www.myphillylawyer.com\/es\/zonas-atendidas\/wayne\/abogado-de-accidentes-laborales-2\/\" target=\"_blank\" rel=\"noreferrer noopener\">abogado especializado en indemnizaciones laborales<\/a>&nbsp;antes de firmar cualquier documento. Un abogado puede explicarle sus derechos y revisar la letra peque\u00f1a de los documentos del acuerdo.<\/p>\n\n\n\n<h2 class=\"wp-block-heading\" id=\"how-the-lump-sum-settlement-process-works-in-philadelphia\">C\u00f3mo funciona el proceso de liquidaci\u00f3n global en Philadelphia<\/h2>\n\n\n\n<p>El proceso comienza cuando usted o la compa\u00f1\u00eda de seguros sugieren un acuerdo. Por lo general, esto ocurre despu\u00e9s de que su lesi\u00f3n se haya estabilizado. Su m\u00e9dico y la compa\u00f1\u00eda de seguros deben ponerse de acuerdo sobre su estado y sus necesidades futuras.<\/p>\n\n\n\n<p>As\u00ed es como funciona:<\/p>\n\n\n\n<ol class=\"wp-block-list\">\n<li><strong>Negociaci\u00f3n:<\/strong>\u00a0Usted o su\u00a0<a href=\"https:\/\/www.myphillylawyer.com\/es\/zonas-atendidas\/doylestown\/abogado-de-accidentes-de-trabajo\/\" target=\"_blank\" rel=\"noreferrer noopener\">abogado especializado en accidentes laborales<\/a>\u00a0Negocie con el ajustador de seguros. Hablar\u00e1n sobre los salarios perdidos, las facturas m\u00e9dicas y los gastos futuros. No se sorprenda si la primera oferta es m\u00e1s baja de lo que esperaba.<\/li>\n\n\n\n<li><strong>Acuerdo:<\/strong>\u00a0Si est\u00e1 de acuerdo con una cifra, firmar\u00e1 un acuerdo denominado \u201cacuerdo y exenci\u00f3n\u201d. En \u00e9l se explica lo que cubre y a qu\u00e9 derechos renuncia.<\/li>\n\n\n\n<li><strong>Aprobaci\u00f3n:<\/strong>\u00a0En Pensilvania, un juez especializado en indemnizaciones laborales debe revisar y aprobar el acuerdo. El juez se asegurar\u00e1 de que usted comprenda el acuerdo y sus consecuencias. Hay una audiencia especial solo para esto.<\/li>\n\n\n\n<li><strong>Pago:<\/strong>\u00a0Una vez aprobada, recibir\u00e1s tu pago \u00fanico. Esto suele ocurrir en unas pocas semanas.<\/li>\n<\/ol>\n\n\n\n<p>Todo el proceso puede avanzar r\u00e1pidamente, pero no debe apresurarse. Tiene derecho a tomarse su tiempo y hablar con un abogado.&nbsp;<a href=\"https:\/\/www.myphillylawyer.com\/es\/\" target=\"_blank\" rel=\"noreferrer noopener\">Philadelphia abogados de lesiones personales<\/a>&nbsp;Veo a mucha gente que desear\u00eda haber prestado m\u00e1s atenci\u00f3n antes de firmar.<\/p>\n\n\n\n<h2 class=\"wp-block-heading\" id=\"should-you-take-a-lump-sum-settlement-questions-to-ask\">\u00bfDeber\u00eda aceptar un acuerdo de pago \u00fanico? Preguntas que debe hacerse<\/h2>\n\n\n\n<p>No todo el mundo deber\u00eda aceptar un acuerdo de pago \u00fanico. Antes de tomar una decisi\u00f3n, h\u00e1gase las siguientes preguntas:<\/p>\n\n\n\n<ul class=\"wp-block-list\">\n<li>\u00bfS\u00e9 cu\u00e1nto costar\u00e1 mi atenci\u00f3n m\u00e9dica en el futuro?<\/li>\n\n\n\n<li>\u00bfEstoy listo para administrar una gran cantidad de dinero por mi cuenta?<\/li>\n\n\n\n<li>\u00bfEs probable que mi lesi\u00f3n empeore?<\/li>\n\n\n\n<li>\u00bfEste acuerdo afectar\u00e1 mis prestaciones del Seguro Social o de Medicare?<\/li>\n\n\n\n<li>\u00bfHabl\u00e9 con un abogado que conoce las leyes de indemnizaci\u00f3n laboral en Philadelphia?<\/li>\n<\/ul>\n\n\n\n<p>Tambi\u00e9n debes pensar en los impuestos. La mayor\u00eda de los acuerdos de compensaci\u00f3n laboral est\u00e1n exentos de impuestos, pero si tambi\u00e9n recibes otros beneficios, la situaci\u00f3n puede complicarse.<\/p>\n\n\n\n<p>A muchas personas les resulta \u00fatil hablar con un&nbsp;<a href=\"https:\/\/www.myphillylawyer.com\/es\/zonas-atendidas\/norristown\/abogado-de-indemnizacion-laboral\/\" target=\"_blank\" rel=\"noreferrer noopener\">abogado de accidentes laborales<\/a>&nbsp;antes de tomar cualquier decisi\u00f3n. Los abogados saben lo que es justo y pueden detectar problemas en los documentos del acuerdo. Tambi\u00e9n pueden hablar con sus doctores y ayudarle a planificar su futuro.<\/p>\n\n\n\n<hr class=\"wp-block-separator has-alpha-channel-opacity\"\/>\n\n\n\n<h2 class=\"wp-block-heading\" id=\"fa-qs-about-lump-sum-settlements\">Preguntas frecuentes sobre los acuerdos de pago \u00fanico<\/h2>\n\n\n\n<p><strong>\u00bfPuedo obtener una indemnizaci\u00f3n \u00fanica y seguir conservando mi trabajo?<\/strong><\/p>\n\n\n\n<p>En muchos casos, s\u00ed. Algunas personas llegan a un acuerdo y regresan al trabajo si pueden. Otras encuentran un nuevo empleo. El acuerdo puede incluir cl\u00e1usulas sobre restricciones laborales, as\u00ed que rev\u00edsalo detenidamente con tu abogado. Si no est\u00e1s seguro, habla con un\u00a0<a href=\"https:\/\/www.myphillylawyer.com\/es\/areas-de-practica\/lesiones-laborales\/\" target=\"_blank\" rel=\"noreferrer noopener\">Abogado especializado en accidentes laborales Philly<\/a>\u00a0para obtener una orientaci\u00f3n clara.<\/p>\n\n\n\n<p><strong>\u00bfCu\u00e1nto tiempo se tarda en obtener una indemnizaci\u00f3n \u00fanica tras un accidente laboral?<\/strong><\/p>\n\n\n\n<p>El proceso puede tardar varios meses. Primero, hay que negociar con la compa\u00f1\u00eda de seguros. Una vez que ambas partes llegan a un acuerdo, un juez debe aprobarlo. Cuando esto ocurre, normalmente se recibe el pago en unas semanas.<\/p>\n\n\n\n<p><strong>\u00bfUna indemnizaci\u00f3n \u00fanica afectar\u00e1 a mi Seguro Social por discapacidad o a mi Medicare?<\/strong><\/p>\n\n\n\n<p>S\u00ed, puede suceder. En ocasiones, resolver su reclamaci\u00f3n de indemnizaci\u00f3n laboral puede modificar su elegibilidad para otros beneficios. Consulte siempre con un\u00a0<a href=\"https:\/\/www.myphillylawyer.com\/es\/zonas-atendidas\/upper-darby\/abogado-de-accidentes-laborales-2\/\" target=\"_blank\" rel=\"noreferrer noopener\">abogado especializado en indemnizaciones laborales<\/a>\u00a0antes de decidirse.<\/p>\n\n\n\n<p><strong>\u00bfQu\u00e9 sucede si mi estado empeora despu\u00e9s de cobrar una suma global?<\/strong><\/p>\n\n\n\n<p>Una vez que aceptas un acuerdo por una suma global, normalmente no puedes solicitar m\u00e1s dinero por la misma lesi\u00f3n. Est\u00e1s cerrando tu reclamaci\u00f3n, as\u00ed que aseg\u00farate de comprender el impacto a largo plazo antes de firmar. Si no est\u00e1s seguro, pide consejo a un\u00a0<a href=\"https:\/\/www.myphillylawyer.com\/es\/areas-de-practica\/lesiones-laborales\/\" target=\"_blank\" rel=\"noreferrer noopener\">Abogado especializado en indemnizaciones laborales Philadelphia<\/a>.<\/p>\n\n\n\n<h2 class=\"wp-block-heading\" id=\"other-resources-for-maximizing-your-benefits-financial-security\">Otros recursos para maximizar sus beneficios y seguridad financiera<\/h2>\n\n\n\n<ul class=\"wp-block-list\">\n<li><a href=\"https:\/\/www.myphillylawyer.com\/es\/areas-de-practica\/lesiones-laborales\/cobertura-de-gastos-medicos-que-incluye-la-ley-de-pensilvania\/\">Cobertura de gastos m\u00e9dicos: \u00bfqu\u00e9 incluye la ley de Pensilvania?<\/a><\/li>\n\n\n\n<li><a href=\"https:\/\/www.myphillylawyer.com\/es\/areas-de-practica\/lesiones-laborales\/indemnizacion-por-accidente-laboral-frente-a-incapacidad-de-la-seguridad-social\/\">Indemnizaci\u00f3n por accidente laboral frente a incapacidad de la Seguridad Social<\/a><\/li>\n\n\n\n<li><strong>Acuerdos de pago \u00fanico: ventajas, desventajas y proceso<\/strong><\/li>\n\n\n\n<li><a href=\"https:\/\/www.myphillylawyer.com\/es\/areas-de-practica\/lesiones-laborales\/explicacion-de-los-problemas-relacionados-con-el-regreso-al-trabajo-en-casos-de-trabajo-ligero\/\">Explicaci\u00f3n de los problemas relacionados con las tareas livianas y el regreso al trabajo<\/a><\/li>\n\n\n\n<li><a href=\"https:\/\/www.myphillylawyer.com\/es\/areas-de-practica\/lesiones-laborales\/calculo-de-los-salarios-perdidos-y-las-prestaciones-por-incapacidad-en-pensilvania\/\">C\u00e1lculo de salarios perdidos y pagos por discapacidad en Pensilvania<\/a><\/li>\n<\/ul>","protected":false},"excerpt":{"rendered":"<p>Acuerdos de pago \u00fanico: ventajas, desventajas y proceso Si ha sufrido un accidente laboral en Philadelphia, es posible que haya o\u00eddo hablar de los acuerdos de pago \u00fanico. Se trata de un pago \u00fanico por su reclamaci\u00f3n de indemnizaci\u00f3n laboral en lugar de cheques semanales. Decidir si esta opci\u00f3n es la adecuada para usted no es f\u00e1cil. En este art\u00edculo...<\/p>","protected":false},"author":17,"featured_media":0,"parent":29,"menu_order":0,"comment_status":"closed","ping_status":"closed","template":"","meta":{"_acf_changed":false,"jetpack_post_was_ever_published":false,"footnotes":""},"class_list":["post-15379","page","type-page","status-publish","hentry"],"acf":[],"jetpack_sharing_enabled":true,"_links":{"self":[{"href":"https:\/\/www.myphillylawyer.com\/es\/wp-json\/wp\/v2\/pages\/15379","targetHints":{"allow":["GET"]}}],"collection":[{"href":"https:\/\/www.myphillylawyer.com\/es\/wp-json\/wp\/v2\/pages"}],"about":[{"href":"https:\/\/www.myphillylawyer.com\/es\/wp-json\/wp\/v2\/types\/page"}],"author":[{"embeddable":true,"href":"https:\/\/www.myphillylawyer.com\/es\/wp-json\/wp\/v2\/users\/17"}],"replies":[{"embeddable":true,"href":"https:\/\/www.myphillylawyer.com\/es\/wp-json\/wp\/v2\/comments?post=15379"}],"version-history":[{"count":3,"href":"https:\/\/www.myphillylawyer.com\/es\/wp-json\/wp\/v2\/pages\/15379\/revisions"}],"predecessor-version":[{"id":15402,"href":"https:\/\/www.myphillylawyer.com\/es\/wp-json\/wp\/v2\/pages\/15379\/revisions\/15402"}],"up":[{"embeddable":true,"href":"https:\/\/www.myphillylawyer.com\/es\/wp-json\/wp\/v2\/pages\/29"}],"wp:attachment":[{"href":"https:\/\/www.myphillylawyer.com\/es\/wp-json\/wp\/v2\/media?parent=15379"}],"curies":[{"name":"wp","href":"https:\/\/api.w.org\/{rel}","templated":true}]}}