{"id":15432,"date":"2025-12-04T19:54:55","date_gmt":"2025-12-05T00:54:55","guid":{"rendered":"https:\/\/www.myphillylawyer.com\/?page_id=15432"},"modified":"2025-12-04T22:35:43","modified_gmt":"2025-12-05T03:35:43","slug":"formas-habituales-en-que-los-empleadores-impugnan-las-reclamaciones-por-lesiones","status":"publish","type":"page","link":"https:\/\/www.myphillylawyer.com\/es\/areas-de-practica\/lesiones-laborales\/formas-habituales-en-que-los-empleadores-impugnan-las-reclamaciones-por-lesiones\/","title":{"rendered":"Formas habituales en que los empleadores impugnan las reclamaciones por lesiones"},"content":{"rendered":"<h2 class=\"wp-block-heading\" id=\"common-ways-employers-dispute-injury-claims\">Formas habituales en que los empleadores impugnan las reclamaciones por lesiones<\/h2>\n\n\n\n<p>Cuando te lesionas en el trabajo, esperas que el seguro de tu empleador se haga cargo y cubra tus gastos m\u00e9dicos y salarios perdidos. Pero la realidad es que muchos trabajadores en Philadelphia se encuentran con problemas cuando sus reclamaciones son impugnadas. Si te preguntas por qu\u00e9 los empleadores se oponen a reclamaciones honestas, no eres el \u00fanico. Analicemos algunas de las t\u00e1cticas m\u00e1s comunes que utilizan los empleadores para combatir las reclamaciones por lesiones laborales y qu\u00e9 puedes hacer si te encuentras con estos obst\u00e1culos. Si tu reclamaci\u00f3n est\u00e1 siendo atacada, habla con un\u00a0<a href=\"https:\/\/www.myphillylawyer.com\/es\/areas-de-practica\/lesiones-laborales\/\" target=\"_blank\" rel=\"noreferrer noopener\">Abogado especializado en indemnizaciones laborales Philadelphia<\/a>\u00a0puede marcar la diferencia.<\/p>\n\n\n\n<div class=\"wp-block-rank-math-toc-block\" id=\"rank-math-toc\"><h2>\u00cdndice<\/h2><nav><ul><li><a href=\"#denying-the-injury-happened-at-work\">Negar que la lesi\u00f3n ocurri\u00f3 en el trabajo<\/a><\/li><li><a href=\"#claiming-the-injury-was-pre-existing\">Alegar que la lesi\u00f3n era preexistente<\/a><\/li><li><a href=\"#delaying-or-disputing-medical-treatment\">Retrasar o disputar el tratamiento m\u00e9dico<\/a><\/li><li><a href=\"#blaming-the-employee-for-misconduct-or-policy-violation\">Culpar al empleado por conducta indebida o violaci\u00f3n de la pol\u00edtica<\/a><\/li><li><a href=\"#arguing-the-injury-isnt-severe-or-doesnt-require-missed-work\">Argumentar que la lesi\u00f3n no es grave o que no requiere ausentarse del trabajo<\/a><\/li><li><a href=\"#fa-qs-about-common-ways-employers-dispute-injury-claims\">Preguntas frecuentes sobre las formas m\u00e1s comunes en que los empleadores impugnan las reclamaciones por lesiones<\/a><\/li><li><a href=\"#other-resources-about-employer-insurance-company-tactics\">Otros recursos sobre las t\u00e1cticas de los empleadores y las compa\u00f1\u00edas de seguros<\/a><\/li><\/ul><\/nav><\/div>\n\n\n\n<h2 class=\"wp-block-heading\" id=\"denying-the-injury-happened-at-work\">Negar que la lesi\u00f3n ocurri\u00f3 en el trabajo<\/h2>\n\n\n\n<p>Uno de los primeros argumentos que utilizan los empleadores es decir que su lesi\u00f3n no se produjo realmente mientras trabajaba. Pueden alegar que se lesion\u00f3 fuera del horario laboral o fuera del lugar de trabajo. Por ejemplo, si resbal\u00f3 en el estacionamiento al final de su turno, su jefe podr\u00eda argumentar que estaba \u201cfuera del trabajo\u201d y que no estaba cubierto.<\/p>\n\n\n\n<p>A veces, los empleadores insisten en que la lesi\u00f3n se produjo debido a actividades fuera del trabajo, como durante el trayecto al trabajo o en un partido deportivo durante el fin de semana. Este enfoque es especialmente com\u00fan cuando la lesi\u00f3n no ha sido presenciada por nadie o no hay im\u00e1genes de c\u00e1maras. Si su accidente se produjo de una forma menos obvia, como desarrollar el s\u00edndrome del t\u00fanel carpiano por tareas repetitivas, pueden alegar que no est\u00e1 relacionado con su trabajo.<\/p>\n\n\n\n<p>No dejes que esto te impida obtener lo que te corresponde. La ley de Pensilvania cubre la mayor\u00eda de las lesiones que ocurren en el \u201ccurso y \u00e1mbito\u201d del empleo, incluso si no est\u00e1s en tu lugar de trabajo. Si tu jefe utiliza esta excusa, toma notas detalladas sobre cu\u00e1ndo, d\u00f3nde y c\u00f3mo te lesionaste. Habla con los compa\u00f1eros de trabajo que presenciaron el accidente. Si no est\u00e1s seguro de lo que se considera una lesi\u00f3n laboral, un&nbsp;<a href=\"https:\/\/www.myphillylawyer.com\/es\/zonas-atendidas\/bensalem\/abogado-de-indemnizacion-laboral\/\" target=\"_blank\" rel=\"noreferrer noopener\">abogado especializado en indemnizaciones laborales<\/a>&nbsp;puede revisar su situaci\u00f3n y ayudarle a reunir pruebas.<\/p>\n\n\n\n<h2 class=\"wp-block-heading\" id=\"claiming-the-injury-was-pre-existing\">Alegar que la lesi\u00f3n era preexistente<\/h2>\n\n\n\n<p>Otra t\u00e1ctica muy utilizada es argumentar que su dolor o afecci\u00f3n exist\u00eda antes de que empezara a trabajar. Los empleadores o sus compa\u00f1\u00edas de seguros pueden indagar en su historial m\u00e9dico para encontrar cualquier dato que les sea \u00fatil. Por ejemplo, si se lesion\u00f3 la espalda levantando cajas en el trabajo, su empleador podr\u00eda se\u00f1alar que usted ya padec\u00eda dolor de espalda hace a\u00f1os, con la esperanza de eludir su responsabilidad.<\/p>\n\n\n\n<p>Tambi\u00e9n pueden sugerir que tu dolor actual es un \u201crebrote\u201d de una lesi\u00f3n antigua, no algo nuevo. Los trabajadores que sufren lesiones por esfuerzo repetitivo o dolor cr\u00f3nico son especialmente vulnerables a esta excusa.<\/p>\n\n\n\n<p>Tienes derecho a reclamar prestaciones por nuevas lesiones, incluso si has tenido un problema similar en el pasado. La clave est\u00e1 en demostrar que tu trabajo ha causado tu estado actual o lo ha empeorado. Los expedientes m\u00e9dicos, las notas del m\u00e9dico y las declaraciones de los profesionales sanitarios pueden ayudar a establecer una relaci\u00f3n clara entre tus tareas laborales y la lesi\u00f3n. Si te enfrentas a este tipo de rechazo, habla con un&nbsp;<a href=\"https:\/\/www.myphillylawyer.com\/es\/zonas-atendidas\/conshohocken\/abogado-de-indemnizacion-laboral\/\" target=\"_blank\" rel=\"noreferrer noopener\">abogado especializado en accidentes laborales<\/a>&nbsp;puede ayudarle a construir un caso s\u00f3lido.<\/p>\n\n\n\n<h2 class=\"wp-block-heading\" id=\"delaying-or-disputing-medical-treatment\">Retrasar o disputar el tratamiento m\u00e9dico<\/h2>\n\n\n\n<p>Los empleadores y sus aseguradoras a menudo tratan de controlar o retrasar su atenci\u00f3n m\u00e9dica. Pueden negarse a aprobar ciertos m\u00e9dicos o tratamientos, con la esperanza de que usted se frustre y renuncie a la reclamaci\u00f3n. A veces, dicen que su tratamiento no es \u201crazonable\u201d o \u201cnecesario\u201d, incluso si su m\u00e9dico dice que s\u00ed lo es.<\/p>\n\n\n\n<p>Tambi\u00e9n podr\u00eda tener problemas si no sigue las reglas de su empleador sobre c\u00f3mo reportar lesiones o usar su lista de proveedores preferidos. En Pensilvania, por lo general, debe acudir a un m\u00e9dico aprobado por la empresa durante los primeros 90 d\u00edas despu\u00e9s de su accidente, pero despu\u00e9s de eso, puede elegir el suyo propio.<\/p>\n\n\n\n<p>Las compa\u00f1\u00edas de seguros utilizan retrasos y denegaciones para presionarlo a aceptar menos dinero o a darse por vencido. No ceda. Guarde todos los registros de sus visitas m\u00e9dicas y recetas. Siga los consejos de su m\u00e9dico y cumpla con todos los plazos para presentar informes y acudir a citas. Si lo env\u00edan a ex\u00e1menes m\u00e9dicos repetidos o su atenci\u00f3n se est\u00e1 retrasando, un&nbsp;<a href=\"https:\/\/www.myphillylawyer.com\/es\/zonas-atendidas\/doylestown\/abogado-de-accidentes-de-trabajo\/\" target=\"_blank\" rel=\"noreferrer noopener\">abogado de accidentes laborales<\/a>&nbsp;puede luchar para que aprueben su tratamiento.<\/p>\n\n\n\n<h2 class=\"wp-block-heading\" id=\"blaming-the-employee-for-misconduct-or-policy-violation\">Culpar al empleado por conducta indebida o violaci\u00f3n de la pol\u00edtica<\/h2>\n\n\n\n<p>Algunos empleadores tratan de eludir su responsabilidad acusando al trabajador lesionado de infringir las normas, ser descuidado o incluso estar bajo los efectos del alcohol o las drogas. La legislaci\u00f3n de Pensilvania generalmente ofrece cobertura \u201csin culpa\u201d, pero hay excepciones. Si su empleador puede demostrar que su lesi\u00f3n se produjo porque usted estaba ebrio, infringi\u00f3 las normas de seguridad o actu\u00f3 de forma imprudente, puede rechazar su reclamaci\u00f3n.<\/p>\n\n\n\n<p>Por ejemplo, si te lesionaste por no usar el equipo de seguridad requerido o porque estabas haciendo tonter\u00edas, tu empleador podr\u00eda argumentar que no tienes derecho a recibir prestaciones. Aun as\u00ed, estos casos no siempre son tan claros. La ley impone al empleador la responsabilidad de demostrar que tu culpa fue determinante para la descalificaci\u00f3n.<\/p>\n\n\n\n<p>Si te enfrentas a acusaciones de conducta indebida, obt\u00e9n declaraciones de testigos y re\u00fane cualquier prueba que respalde tu versi\u00f3n de los hechos. Recuerda que un&nbsp;<a href=\"https:\/\/www.myphillylawyer.com\/es\/zonas-atendidas\/jenkintown\/abogado-laboralista\/\" target=\"_blank\" rel=\"noreferrer noopener\">abogado especializado en indemnizaciones laborales<\/a>&nbsp;puede ayudarle a defenderse contra reclamaciones injustas o exageradas de su empleador.<\/p>\n\n\n\n<h2 class=\"wp-block-heading\" id=\"arguing-the-injury-isnt-severe-or-doesnt-require-missed-work\">Argumentar que la lesi\u00f3n no es grave o que no requiere ausentarse del trabajo<\/h2>\n\n\n\n<p>Despu\u00e9s de un accidente laboral, algunos empleadores argumentan que realmente no est\u00e1s tan mal herido o que puedes realizar tareas livianas y que no deber\u00edas faltar al trabajo. Es posible que minimicen tu dolor o insistan en que deber\u00edas poder regresar r\u00e1pidamente, incluso si tu m\u00e9dico opina lo contrario.<\/p>\n\n\n\n<p>En ocasiones, los empleadores ofrecen trabajos alternativos que no se ajustan a tus habilidades o ignoran las restricciones establecidas por tu m\u00e9dico. Si rechazas el puesto, podr\u00edan acusarte de no cooperar e intentar suspender tus prestaciones.<\/p>\n\n\n\n<p>Tienes derecho a seguir los consejos de tu m\u00e9dico, no solo los deseos de tu empleador. Si te presionan para que regreses antes de estar listo, documenta todas las comunicaciones y guarda copias de las notas de tu m\u00e9dico. Un experimentado&nbsp;<a href=\"https:\/\/www.myphillylawyer.com\/es\/zonas-atendidas\/norristown\/abogado-de-indemnizacion-laboral\/\" target=\"_blank\" rel=\"noreferrer noopener\">abogado de accidentes laborales<\/a>&nbsp;puede proteger sus derechos y asegurarse de que no lo obliguen a volver al trabajo antes de que est\u00e9 m\u00e9dicamente autorizado.<\/p>\n\n\n\n<hr class=\"wp-block-separator has-alpha-channel-opacity\"\/>\n\n\n\n<h2 class=\"wp-block-heading\" id=\"fa-qs-about-common-ways-employers-dispute-injury-claims\">Preguntas frecuentes sobre las formas m\u00e1s comunes en que los empleadores impugnan las reclamaciones por lesiones<\/h2>\n\n\n\n<p><strong>\u00bfQu\u00e9 debo hacer si mi empleador rechaza mi reclamaci\u00f3n por accidente laboral?<\/strong><\/p>\n\n\n\n<p>Si rechazan su solicitud, no se preocupe. Informe del rechazo a su m\u00e9dico y guarde toda la documentaci\u00f3n. A continuaci\u00f3n, p\u00f3ngase en contacto con un\u00a0<a href=\"https:\/\/www.myphillylawyer.com\/es\/areas-de-practica\/lesiones-laborales\/\" target=\"_blank\" rel=\"noreferrer noopener\">Abogado especializado en accidentes laborales Philly<\/a>\u00a0que puede revisar su caso, reunir pruebas y presentar una petici\u00f3n ante la Oficina de Compensaci\u00f3n Laboral de Pensilvania en su nombre.<\/p>\n\n\n\n<p><strong>\u00bfPuedo obtener la indemnizaci\u00f3n por accidente laboral si el accidente fue culpa m\u00eda?<\/strong><\/p>\n\n\n\n<p>En la mayor\u00eda de los casos, s\u00ed. La indemnizaci\u00f3n por accidentes laborales de Pensilvania es \u2019sin culpa\u201c, por lo que puede recibir prestaciones incluso si cometi\u00f3 un error. Sin embargo, las reclamaciones pueden ser denegadas por lesiones causadas por intoxicaci\u00f3n, peleas o violaciones claras de las normas de seguridad.<\/p>\n\n\n\n<p><strong>\u00bfCu\u00e1nto tiempo tengo para reportar mi lesi\u00f3n laboral en Philadelphia?<\/strong><\/p>\n\n\n\n<p>Debe informar de su lesi\u00f3n a su empleador lo antes posible, idealmente en un plazo de 21 d\u00edas. Si espera m\u00e1s de 120 d\u00edas, podr\u00eda perder su derecho a las prestaciones. Informe siempre de los accidentes por escrito y guarde una copia para sus archivos.<\/p>\n\n\n\n<p><strong>\u00bfPuedo demandar a mi empleador por una lesi\u00f3n laboral en Philadelphia?<\/strong><\/p>\n\n\n\n<p>La indemnizaci\u00f3n por accidente laboral suele ser su \u00fanico recurso. Sin embargo, en casos excepcionales de da\u00f1o intencional o negligencia grave, puede demandar a su empleador. Tambi\u00e9n puede presentar una reclamaci\u00f3n contra los fabricantes de equipos u otros terceros. Si cree que su situaci\u00f3n cumple los requisitos, hable con un\u00a0<a href=\"https:\/\/www.myphillylawyer.com\/es\/\" target=\"_blank\" rel=\"noreferrer noopener\">Philadelphia abogado de lesiones personales<\/a>\u00a0para orientarse.<\/p>\n\n\n\n<h2 class=\"wp-block-heading\" id=\"other-resources-about-employer-insurance-company-tactics\">Otros recursos sobre las t\u00e1cticas de los empleadores y las compa\u00f1\u00edas de seguros<\/h2>\n\n\n\n<ul class=\"wp-block-list\">\n<li><a href=\"https:\/\/www.myphillylawyer.com\/es\/areas-de-practica\/lesiones-laborales\/cuando-tu-empleador-no-tiene-seguro-que-opciones-tienes\/\">Cuando tu empleador no tiene seguro: \u00bfcu\u00e1les son tus opciones?<\/a><\/li>\n\n\n\n<li><a href=\"https:\/\/www.myphillylawyer.com\/es\/areas-de-practica\/lesiones-laborales\/fmla-frente-a-indemnizacion-por-accidente-laboral-cual-es-la-diferencia\/\">FMLA frente a indemnizaci\u00f3n por accidente laboral: \u00bfcu\u00e1l es la diferencia?<\/a><\/li>\n\n\n\n<li><a href=\"https:\/\/www.myphillylawyer.com\/es\/areas-de-practica\/lesiones-laborales\/represalias-del-empleador-sus-protecciones-legales\/\">Represalias del empleador: sus protecciones legales<\/a><\/li>\n\n\n\n<li><a href=\"https:\/\/www.myphillylawyer.com\/es\/areas-de-practica\/lesiones-laborales\/tratar-con-los-ajustadores-de-seguros-de-compensacion-laboral\/\">Tratar con los ajustadores de seguros de compensaci\u00f3n laboral<\/a><\/li>\n\n\n\n<li><strong>Formas habituales en que los empleadores impugnan las reclamaciones por lesiones<\/strong><\/li>\n<\/ul>","protected":false},"excerpt":{"rendered":"<p>Formas habituales en que los empleadores impugnan las reclamaciones por lesiones Cuando te lesionas en el trabajo, esperas que el seguro de tu empleador se haga cargo y cubra tus gastos m\u00e9dicos y la p\u00e9rdida de ingresos. Pero la realidad es que muchos trabajadores en Philadelphia se encuentran con problemas cuando sus reclamaciones son impugnadas. Si te preguntas por qu\u00e9 los empleadores se oponen a reclamaciones honestas, est\u00e1s...<\/p>","protected":false},"author":17,"featured_media":0,"parent":29,"menu_order":0,"comment_status":"closed","ping_status":"closed","template":"","meta":{"_acf_changed":false,"jetpack_post_was_ever_published":false,"footnotes":""},"class_list":["post-15432","page","type-page","status-publish","hentry"],"acf":[],"jetpack_sharing_enabled":true,"_links":{"self":[{"href":"https:\/\/www.myphillylawyer.com\/es\/wp-json\/wp\/v2\/pages\/15432","targetHints":{"allow":["GET"]}}],"collection":[{"href":"https:\/\/www.myphillylawyer.com\/es\/wp-json\/wp\/v2\/pages"}],"about":[{"href":"https:\/\/www.myphillylawyer.com\/es\/wp-json\/wp\/v2\/types\/page"}],"author":[{"embeddable":true,"href":"https:\/\/www.myphillylawyer.com\/es\/wp-json\/wp\/v2\/users\/17"}],"replies":[{"embeddable":true,"href":"https:\/\/www.myphillylawyer.com\/es\/wp-json\/wp\/v2\/comments?post=15432"}],"version-history":[{"count":3,"href":"https:\/\/www.myphillylawyer.com\/es\/wp-json\/wp\/v2\/pages\/15432\/revisions"}],"predecessor-version":[{"id":15454,"href":"https:\/\/www.myphillylawyer.com\/es\/wp-json\/wp\/v2\/pages\/15432\/revisions\/15454"}],"up":[{"embeddable":true,"href":"https:\/\/www.myphillylawyer.com\/es\/wp-json\/wp\/v2\/pages\/29"}],"wp:attachment":[{"href":"https:\/\/www.myphillylawyer.com\/es\/wp-json\/wp\/v2\/media?parent=15432"}],"curies":[{"name":"wp","href":"https:\/\/api.w.org\/{rel}","templated":true}]}}