{"id":15433,"date":"2025-12-04T19:55:28","date_gmt":"2025-12-05T00:55:28","guid":{"rendered":"https:\/\/www.myphillylawyer.com\/?page_id=15433"},"modified":"2025-12-04T22:39:16","modified_gmt":"2025-12-05T03:39:16","slug":"tratar-con-los-ajustadores-de-seguros-de-compensacion-laboral","status":"publish","type":"page","link":"https:\/\/www.myphillylawyer.com\/es\/areas-de-practica\/lesiones-laborales\/tratar-con-los-ajustadores-de-seguros-de-compensacion-laboral\/","title":{"rendered":"Tratar con los ajustadores de seguros de compensaci\u00f3n laboral"},"content":{"rendered":"<h2 class=\"wp-block-heading\" id=\"dealing-with-workers-comp-insurance-adjusters\">Tratar con los ajustadores de seguros de compensaci\u00f3n laboral<\/h2>\n\n\n\n<p>Cuando usted sufre una lesi\u00f3n en el trabajo, no tarda mucho en intervenir un ajustador del seguro de compensaci\u00f3n laboral. Estos ajustadores gestionan su reclamaci\u00f3n desde el lado de la compa\u00f1\u00eda de seguros. Su trabajo consiste en controlar los costos para la compa\u00f1\u00eda de seguros, no en proteger sus intereses. Si desea proteger sus derechos y obtener las prestaciones que le corresponden, necesita saber c\u00f3mo tratar con estos ajustadores, qu\u00e9 decir y cu\u00e1ndo llamar a un&nbsp;<a href=\"https:\/\/www.myphillylawyer.com\/es\/zonas-atendidas\/upper-darby\/abogado-de-accidentes-laborales-2\/\" target=\"_blank\" rel=\"noreferrer noopener\">abogado especializado en accidentes laborales<\/a>. Esto es lo que necesita saber al tratar con los ajustadores de seguros despu\u00e9s de un accidente laboral en Philadelphia.<\/p>\n\n\n\n<div class=\"wp-block-rank-math-toc-block\" id=\"rank-math-toc\"><h2>\u00cdndice<\/h2><nav><ul><li><a href=\"#understanding-the-role-of-a-workers-comp-insurance-adjuster\">Comprender el papel de un ajustador de seguros de compensaci\u00f3n laboral<\/a><\/li><li><a href=\"#common-tactics-insurance-adjusters-use\">T\u00e1cticas comunes que utilizan los ajustadores de seguros<\/a><\/li><li><a href=\"#tips-for-talking-to-a-workers-comp-insurance-adjuster\">Consejos para hablar con un ajustador de seguros de compensaci\u00f3n laboral<\/a><\/li><li><a href=\"#why-you-need-a-work-injury-lawyer-on-your-side\">Por qu\u00e9 necesita un abogado especializado en lesiones laborales de su lado<\/a><\/li><li><a href=\"#what-to-do-if-your-workers-comp-claim-is-denied\">Qu\u00e9 hacer si rechazan su reclamaci\u00f3n de indemnizaci\u00f3n laboral<\/a><\/li><li><a href=\"#fa-qs-about-dealing-with-workers-comp-insurance-adjusters\">Preguntas frecuentes sobre c\u00f3mo lidiar con los ajustadores de seguros de compensaci\u00f3n laboral<\/a><\/li><li><a href=\"#other-resources-about-employer-insurance-company-tactics\">Otros recursos sobre las t\u00e1cticas de los empleadores y las compa\u00f1\u00edas de seguros<\/a><\/li><\/ul><\/nav><\/div>\n\n\n\n<h2 class=\"wp-block-heading\" id=\"understanding-the-role-of-a-workers-comp-insurance-adjuster\">Comprender el papel de un ajustador de seguros de compensaci\u00f3n laboral<\/h2>\n\n\n\n<p>Cuando reportas una lesi\u00f3n laboral, la compa\u00f1\u00eda de seguros de tu empleador asigna un ajustador. Esta persona se comunicar\u00e1 contigo r\u00e1pidamente, a menudo cuando a\u00fan sientes dolor o est\u00e1s tratando de procesar lo que sucedi\u00f3. Su funci\u00f3n principal es recopilar informaci\u00f3n sobre tu lesi\u00f3n, tus tareas laborales y tu tratamiento m\u00e9dico. Te har\u00e1n preguntas sobre c\u00f3mo te lesionaste y cu\u00e1l es tu situaci\u00f3n m\u00e9dica. Incluso pueden sugerirte ciertos m\u00e9dicos o solicitar que consultes a uno de sus proveedores m\u00e9dicos aprobados.<\/p>\n\n\n\n<p>Recuerde que el ajustador no es su defensor. Est\u00e1n capacitados para hacer preguntas que podr\u00edan limitar lo que la compa\u00f1\u00eda de seguros tiene que pagar. Por ejemplo, podr\u00edan buscar razones para decir que su lesi\u00f3n no ocurri\u00f3 en el trabajo o que no es tan grave como usted dice. Algunos pueden parecer amables y comprensivos, pero su objetivo siempre es ahorrarle dinero a la compa\u00f1\u00eda.<\/p>\n\n\n\n<p>Si no te sientes c\u00f3modo con las preguntas o no est\u00e1s seguro de qu\u00e9 compartir, ponte en contacto con un\u00a0<a href=\"https:\/\/www.myphillylawyer.com\/es\/areas-de-practica\/lesiones-laborales\/\" target=\"_blank\" rel=\"noreferrer noopener\">Abogado especializado en indemnizaciones laborales Philadelphia<\/a>. Ellos pueden orientarte sobre qu\u00e9 detalles favorecen tu reclamaci\u00f3n y cu\u00e1les podr\u00edan perjudicarla.<\/p>\n\n\n\n<h2 class=\"wp-block-heading\" id=\"common-tactics-insurance-adjusters-use\">T\u00e1cticas comunes que utilizan los ajustadores de seguros<\/h2>\n\n\n\n<p>Los ajustadores de seguros utilizan estrategias probadas para pagar lo menos posible. Esto es lo que hay que tener en cuenta:<\/p>\n\n\n\n<p><strong>Ofertas de liquidaci\u00f3n r\u00e1pida<\/strong><br>A veces, los ajustadores ofrecen r\u00e1pidamente una peque\u00f1a suma global, con la esperanza de que usted acepte antes de conocer el alcance total de sus lesiones. Una vez que acepta, normalmente renuncia a su derecho a recibir prestaciones futuras. Si su lesi\u00f3n es m\u00e1s grave de lo que se pensaba inicialmente, se quedar\u00e1 sin ayuda.<\/p>\n\n\n\n<p><strong>Declaraciones grabadas<\/strong><br>Los ajustadores suelen solicitar una declaraci\u00f3n grabada sobre su accidente. Es posible que le digan que es obligatorio, pero en Pensilvania no est\u00e1 obligado a proporcionar una declaraci\u00f3n grabada sin asesoramiento legal. Pueden utilizar lo que diga en su contra, especialmente si su memoria es confusa o si da respuestas aproximadas.<\/p>\n\n\n\n<p><strong>Retrasar el tratamiento o los pagos<\/strong><br>Otro truco es alargar el proceso. Pueden retrasar la aprobaci\u00f3n del tratamiento m\u00e9dico o los cheques de sustituci\u00f3n salarial, con la esperanza de que te rindas o regreses al trabajo demasiado pronto.<\/p>\n\n\n\n<p><strong>Solicitud de autorizaciones m\u00e9dicas<\/strong><br>Un ajustador podr\u00eda pedirle que firme formularios de autorizaci\u00f3n m\u00e9dica generales. Esto les permite revisar todo su historial m\u00e9dico en busca de lesiones pasadas a las que puedan atribuir sus problemas actuales.<\/p>\n\n\n\n<p>Si detectas estas t\u00e1cticas o te sientes presionado, un&nbsp;<a href=\"https:\/\/www.myphillylawyer.com\/es\/zonas-atendidas\/conshohocken\/abogado-de-indemnizacion-laboral\/\" target=\"_blank\" rel=\"noreferrer noopener\">abogado de accidentes laborales<\/a>&nbsp;pueden intervenir. Conocen estas t\u00e1cticas y luchar\u00e1n por tus derechos.<\/p>\n\n\n\n<h2 class=\"wp-block-heading\" id=\"tips-for-talking-to-a-workers-comp-insurance-adjuster\">Consejos para hablar con un ajustador de seguros de compensaci\u00f3n laboral<\/h2>\n\n\n\n<p>No tiene por qu\u00e9 enfrentarse solo a la compa\u00f1\u00eda de seguros. Estos son los pasos que debe seguir para protegerse:<\/p>\n\n\n\n<p><strong>Mantenga la comunicaci\u00f3n breve y objetiva.<\/strong><br>C\u00ed\u00f1ete a los hechos b\u00e1sicos: cu\u00e1ndo, d\u00f3nde y c\u00f3mo te lesionaste. Evita hacer conjeturas, exagerar o restar importancia a tus lesiones. Si no sabes la respuesta, no pasa nada por decirlo.<\/p>\n\n\n\n<p><strong>No firme nada sin revisarlo primero.<\/strong><br>Nunca firme formularios o autorizaciones de la compa\u00f1\u00eda de seguros antes de que un abogado los revise, especialmente autorizaciones m\u00e9dicas amplias o acuerdos de liquidaci\u00f3n.<\/p>\n\n\n\n<p><strong>Documentarlo todo<\/strong><br>Anote la fecha, la hora y el contenido de cada llamada o reuni\u00f3n con el ajustador. Guarde copias de todas las cartas, correos electr\u00f3nicos y formularios que se env\u00eden. Este registro puede ser valioso si su reclamaci\u00f3n se retrasa o se rechaza.<\/p>\n\n\n\n<p><strong>Ten cuidado con las redes sociales<\/strong><br>Los ajustadores a veces revisan su actividad en l\u00ednea. Evite publicar informaci\u00f3n sobre su lesi\u00f3n o actividades que puedan malinterpretarse y utilizarse para rechazar su reclamaci\u00f3n.<\/p>\n\n\n\n<p>Si el proceso te parece abrumador, un&nbsp;<a href=\"https:\/\/www.myphillylawyer.com\/es\/areas-de-practica\/lesiones-laborales\/\" target=\"_blank\" rel=\"noreferrer noopener\">Abogado especializado en accidentes laborales Philly<\/a>&nbsp;puede encargarse de todas las comunicaciones con el perito por usted.<\/p>\n\n\n\n<h2 class=\"wp-block-heading\" id=\"why-you-need-a-work-injury-lawyer-on-your-side\">Por qu\u00e9 necesita un abogado especializado en lesiones laborales de su lado<\/h2>\n\n\n\n<p>Las leyes de compensaci\u00f3n laboral en Pensilvania pueden ser complicadas. Los ajustadores cuentan con capacitaci\u00f3n y recursos que usted tal vez no tenga. Contar con un&nbsp;<a href=\"https:\/\/www.myphillylawyer.com\/es\/zonas-atendidas\/arboleda-de-sauces\/abogados-de-accidentes-laborales\/\" target=\"_blank\" rel=\"noreferrer noopener\">abogado especializado en indemnizaciones laborales<\/a>&nbsp;a tu lado nivela el campo de juego.<\/p>\n\n\n\n<p>Un abogado:<\/p>\n\n\n\n<ul class=\"wp-block-list\">\n<li>Explique sus derechos y los beneficios que le corresponden.<\/li>\n\n\n\n<li>Protegerte de decir o hacer cosas que puedan perjudicar tu caso.<\/li>\n\n\n\n<li>Re\u00fana los registros m\u00e9dicos y las pruebas que respalden su reclamaci\u00f3n.<\/li>\n\n\n\n<li>Negocia con la compa\u00f1\u00eda de seguros para obtener el mejor resultado.<\/li>\n\n\n\n<li>Representarlo en las audiencias si su reclamo es rechazado o impugnado.<\/li>\n<\/ul>\n\n\n\n<p>Muchos trabajadores lesionados descubren que, despu\u00e9s de contratar asistencia legal, la compa\u00f1\u00eda de seguros se toma su reclamaci\u00f3n m\u00e1s en serio. Un abogado puede detener las denegaciones o retrasos injustos y ayudarle a obtener el tratamiento m\u00e9dico y las prestaciones salariales que necesita.<\/p>\n\n\n\n<p>Si se encuentra ante una reclamaci\u00f3n complicada, un caso denegado o est\u00e1 siendo presionado para llegar a un acuerdo, p\u00f3ngase en contacto con un&nbsp;<a href=\"https:\/\/www.myphillylawyer.com\/es\/zonas-atendidas\/wayne\/abogado-de-accidentes-laborales-2\/\" target=\"_blank\" rel=\"noreferrer noopener\">abogado especializado en accidentes laborales<\/a>&nbsp;enseguida.<\/p>\n\n\n\n<h2 class=\"wp-block-heading\" id=\"what-to-do-if-your-workers-comp-claim-is-denied\">Qu\u00e9 hacer si rechazan su reclamaci\u00f3n de indemnizaci\u00f3n laboral<\/h2>\n\n\n\n<p>Las denegaciones pueden producirse por muchas razones, como el incumplimiento de plazos, disputas sobre si la lesi\u00f3n est\u00e1 relacionada con el trabajo o acusaciones de no seguir los procedimientos. Si su reclamaci\u00f3n es denegada, no se preocupe. Usted tiene derechos y la posibilidad de apelar.<\/p>\n\n\n\n<p>El proceso de apelaci\u00f3n en Philadelphia implica plazos y reglas estrictos. Es posible que tenga que recopilar m\u00e1s pruebas m\u00e9dicas o comparecer ante un juez de compensaci\u00f3n laboral. Aqu\u00ed es donde tener un&nbsp;<a href=\"https:\/\/www.myphillylawyer.com\/es\/\" target=\"_blank\" rel=\"noreferrer noopener\">Philadelphia abogado de lesiones personales<\/a>&nbsp;con experiencia en compensaci\u00f3n laboral puede marcar la diferencia.<\/p>\n\n\n\n<p>Su abogado puede presentar su apelaci\u00f3n, preparar un caso s\u00f3lido y representarlo en las audiencias. El proceso puede ser estresante, pero con la ayuda adecuada, muchos trabajadores lesionados obtienen las prestaciones que merecen.<\/p>\n\n\n\n<hr class=\"wp-block-separator has-alpha-channel-opacity\"\/>\n\n\n\n<h2 class=\"wp-block-heading\" id=\"fa-qs-about-dealing-with-workers-comp-insurance-adjusters\">Preguntas frecuentes sobre c\u00f3mo lidiar con los ajustadores de seguros de compensaci\u00f3n laboral<\/h2>\n\n\n\n<p><strong>\u00bfTengo que dar una declaraci\u00f3n grabada a un ajustador de seguros despu\u00e9s de un accidente laboral?<\/strong><\/p>\n\n\n\n<p>No, la ley de Pensilvania no exige que usted d\u00e9 una declaraci\u00f3n grabada a un ajustador de seguros. Debe ser cauteloso y hablar con un\u00a0<a href=\"https:\/\/www.myphillylawyer.com\/es\/zonas-atendidas\/bensalem\/abogado-de-indemnizacion-laboral\/\" target=\"_blank\" rel=\"noreferrer noopener\">abogado de accidentes laborales<\/a>\u00a0antes de hacer cualquier declaraci\u00f3n, ya que sus palabras pueden utilizarse en contra de su reclamaci\u00f3n.<\/p>\n\n\n\n<p><strong>\u00bfQu\u00e9 pasa si el ajustador de seguros rechaza mi reclamaci\u00f3n?<\/strong><\/p>\n\n\n\n<p>Si su reclamaci\u00f3n es denegada, tiene derecho a apelar. Debe actuar con rapidez para cumplir con los plazos. A\u00a0<a href=\"https:\/\/www.myphillylawyer.com\/es\/zonas-atendidas\/wayne\/abogado-de-accidentes-laborales-2\/\" target=\"_blank\" rel=\"noreferrer noopener\">abogado especializado en accidentes laborales<\/a>\u00a0puede ayudarle a presentar una apelaci\u00f3n y reunir las pruebas necesarias para respaldar su caso.<\/p>\n\n\n\n<p><strong>\u00bfPuedo elegir mi propio m\u00e9dico para una lesi\u00f3n laboral en Philadelphia?<\/strong><\/p>\n\n\n\n<p>En Pensilvania, si su empleador ha publicado una lista de m\u00e9dicos aprobados, es posible que deba acudir a uno de ellos durante los primeros 90 d\u00edas. Despu\u00e9s de ese periodo, podr\u00e1 elegir su propio m\u00e9dico. Consulte con un\u00a0<a href=\"https:\/\/www.myphillylawyer.com\/es\/areas-de-practica\/lesiones-laborales\/\" target=\"_blank\" rel=\"noreferrer noopener\">Abogado especializado en accidentes laborales Philly<\/a>\u00a0si no est\u00e1 seguro de sus derechos.<\/p>\n\n\n\n<p><strong>\u00bfQu\u00e9 tipos de prestaciones puedo recibir a trav\u00e9s de la indemnizaci\u00f3n por accidente laboral?<\/strong><\/p>\n\n\n\n<p>Podr\u00eda recibir atenci\u00f3n m\u00e9dica, prestaciones por p\u00e9rdida de salario, prestaciones espec\u00edficas por lesiones permanentes y, en ocasiones, reciclaje profesional. Cada caso es diferente, por lo que un\u00a0<a href=\"https:\/\/www.myphillylawyer.com\/es\/areas-de-practica\/lesiones-laborales\/\" target=\"_blank\" rel=\"noreferrer noopener\">Abogado especializado en indemnizaciones laborales Philadelphia<\/a>\u00a0puede ayudarle a comprender a qu\u00e9 tiene derecho.<\/p>\n\n\n\n<h2 class=\"wp-block-heading\" id=\"other-resources-about-employer-insurance-company-tactics\">Otros recursos sobre las t\u00e1cticas de los empleadores y las compa\u00f1\u00edas de seguros<\/h2>\n\n\n\n<ul class=\"wp-block-list\">\n<li><a href=\"https:\/\/www.myphillylawyer.com\/es\/areas-de-practica\/lesiones-laborales\/cuando-tu-empleador-no-tiene-seguro-que-opciones-tienes\/\">Cuando tu empleador no tiene seguro: \u00bfcu\u00e1les son tus opciones?<\/a><\/li>\n\n\n\n<li><a href=\"https:\/\/www.myphillylawyer.com\/es\/areas-de-practica\/lesiones-laborales\/fmla-frente-a-indemnizacion-por-accidente-laboral-cual-es-la-diferencia\/\">FMLA frente a indemnizaci\u00f3n por accidente laboral: \u00bfcu\u00e1l es la diferencia?<\/a><\/li>\n\n\n\n<li><a href=\"https:\/\/www.myphillylawyer.com\/es\/areas-de-practica\/lesiones-laborales\/represalias-del-empleador-sus-protecciones-legales\/\">Represalias del empleador: sus protecciones legales<\/a><\/li>\n\n\n\n<li><strong>Tratar con los ajustadores de seguros de compensaci\u00f3n laboral<\/strong><\/li>\n\n\n\n<li><a href=\"https:\/\/www.myphillylawyer.com\/es\/areas-de-practica\/lesiones-laborales\/formas-habituales-en-que-los-empleadores-impugnan-las-reclamaciones-por-lesiones\/\">Formas habituales en que los empleadores impugnan las reclamaciones por lesiones<\/a><\/li>\n<\/ul>","protected":false},"excerpt":{"rendered":"<p>C\u00f3mo lidiar con los ajustadores de seguros de compensaci\u00f3n laboral Cuando usted se lesiona en el trabajo, no pasa mucho tiempo antes de que intervenga un ajustador de seguros de compensaci\u00f3n laboral. Estos ajustadores gestionan su reclamaci\u00f3n desde el lado de la compa\u00f1\u00eda de seguros. Su trabajo consiste en controlar los costos para la compa\u00f1\u00eda de seguros, no en proteger sus intereses. Si desea proteger...<\/p>","protected":false},"author":17,"featured_media":0,"parent":29,"menu_order":0,"comment_status":"closed","ping_status":"closed","template":"","meta":{"_acf_changed":false,"footnotes":""},"class_list":["post-15433","page","type-page","status-publish","hentry"],"acf":[],"jetpack_sharing_enabled":true,"_links":{"self":[{"href":"https:\/\/www.myphillylawyer.com\/es\/wp-json\/wp\/v2\/pages\/15433","targetHints":{"allow":["GET"]}}],"collection":[{"href":"https:\/\/www.myphillylawyer.com\/es\/wp-json\/wp\/v2\/pages"}],"about":[{"href":"https:\/\/www.myphillylawyer.com\/es\/wp-json\/wp\/v2\/types\/page"}],"author":[{"embeddable":true,"href":"https:\/\/www.myphillylawyer.com\/es\/wp-json\/wp\/v2\/users\/17"}],"replies":[{"embeddable":true,"href":"https:\/\/www.myphillylawyer.com\/es\/wp-json\/wp\/v2\/comments?post=15433"}],"version-history":[{"count":3,"href":"https:\/\/www.myphillylawyer.com\/es\/wp-json\/wp\/v2\/pages\/15433\/revisions"}],"predecessor-version":[{"id":15458,"href":"https:\/\/www.myphillylawyer.com\/es\/wp-json\/wp\/v2\/pages\/15433\/revisions\/15458"}],"up":[{"embeddable":true,"href":"https:\/\/www.myphillylawyer.com\/es\/wp-json\/wp\/v2\/pages\/29"}],"wp:attachment":[{"href":"https:\/\/www.myphillylawyer.com\/es\/wp-json\/wp\/v2\/media?parent=15433"}],"curies":[{"name":"wp","href":"https:\/\/api.w.org\/{rel}","templated":true}]}}