{"id":15436,"date":"2025-12-04T19:56:27","date_gmt":"2025-12-05T00:56:27","guid":{"rendered":"https:\/\/www.myphillylawyer.com\/?page_id=15436"},"modified":"2025-12-04T22:39:47","modified_gmt":"2025-12-05T03:39:47","slug":"cuando-tu-empleador-no-tiene-seguro-que-opciones-tienes","status":"publish","type":"page","link":"https:\/\/www.myphillylawyer.com\/es\/areas-de-practica\/lesiones-laborales\/cuando-tu-empleador-no-tiene-seguro-que-opciones-tienes\/","title":{"rendered":"Cuando tu empleador no tiene seguro: \u00bfcu\u00e1les son tus opciones?"},"content":{"rendered":"<h2 class=\"wp-block-heading\" id=\"when-your-employer-is-uninsured-what-are-your-options\">Cuando tu empleador no tiene seguro: \u00bfcu\u00e1les son tus opciones?<\/h2>\n\n\n\n<p>Una lesi\u00f3n laboral puede cambiar tu vida por completo. Las facturas m\u00e9dicas comienzan a acumularse y, si no puedes trabajar, el dinero escasea. En la mayor\u00eda de los casos, el seguro de compensaci\u00f3n laboral ayuda a cubrir esos costos. Pero, \u00bfqu\u00e9 pasa si tu empleador no tiene seguro de compensaci\u00f3n laboral? Esto ocurre con m\u00e1s frecuencia de lo que crees. Si te lesionas en el trabajo en Philadelphia y tu jefe no tiene seguro, a\u00fan tienes opciones. Conocer tus derechos puede ayudarte a obtener el apoyo que necesitas cuando m\u00e1s lo necesitas.<\/p>\n\n\n\n<div class=\"wp-block-rank-math-toc-block\" id=\"rank-math-toc\"><h2>\u00cdndice<\/h2><nav><ul><li><a href=\"#understanding-workers-compensation-requirements-in-pennsylvania\">Comprender los requisitos de indemnizaci\u00f3n laboral en Pensilvania<\/a><\/li><li><a href=\"#steps-to-take-after-a-work-injury-with-an-uninsured-employer\">Pasos a seguir despu\u00e9s de un accidente laboral con un empleador sin seguro<\/a><\/li><li><a href=\"#the-uninsured-employers-guaranty-fund-your-safety-net\">El Fondo de Garant\u00eda para Empleadores sin Seguro: su red de seguridad<\/a><\/li><li><a href=\"#suing-your-employer-for-a-work-injury-in-philadelphia\">Demandar a tu empleador por una lesi\u00f3n laboral en Philadelphia<\/a><\/li><li><a href=\"#how-a-work-injury-lawyer-can-help-you\">C\u00f3mo puede ayudarle un abogado especializado en lesiones laborales<\/a><\/li><li><a href=\"#fa-qs-about-your-options-when-your-employer-is-uninsured\">Preguntas frecuentes sobre sus opciones cuando su empleador no tiene seguro<\/a><\/li><li><a href=\"#other-resources-about-employer-insurance-company-tactics\">Otros recursos sobre las t\u00e1cticas de los empleadores y las compa\u00f1\u00edas de seguros<\/a><\/li><\/ul><\/nav><\/div>\n\n\n\n<hr class=\"wp-block-separator has-alpha-channel-opacity\"\/>\n\n\n\n<h2 class=\"wp-block-heading\" id=\"understanding-workers-compensation-requirements-in-pennsylvania\">Comprender los requisitos de indemnizaci\u00f3n laboral en Pensilvania<\/h2>\n\n\n\n<p>La ley de Pensilvania exige que casi todos los empleadores cuenten con un seguro de compensaci\u00f3n laboral. Esta norma protege a los trabajadores y garantiza que, si alguien sufre un accidente, se cubran los gastos m\u00e9dicos y los salarios perdidos. La ley se aplica incluso si el empleador solo tiene un empleado. Sin embargo, a pesar de estas normas, algunos empleadores de Philadelphia y de todo el estado toman atajos. Pueden dejar que su seguro caduque o ni siquiera contratarlo.<\/p>\n\n\n\n<p>Si descubre que su empresa no tiene seguro despu\u00e9s de sufrir un accidente laboral, es normal que se sienta preocupado. Quiz\u00e1s se pregunte qui\u00e9n pagar\u00e1 sus facturas del hospital o c\u00f3mo va a llegar a fin de mes. Ah\u00ed es donde entran en juego recursos como el Fondo de Garant\u00eda para Empleadores sin Seguro (UEGF, por sus siglas en ingl\u00e9s). Este programa estatal especial puede intervenir cuando su empleador no ha cumplido con la ley. Aunque el proceso es diferente al de presentar una reclamaci\u00f3n normal, puede proporcionarle el salvavidas que necesita.<\/p>\n\n\n\n<p>Si no est\u00e1 seguro de si su empleador tiene un seguro adecuado, o si tiene dificultades despu\u00e9s de una lesi\u00f3n, hable con un\u00a0<a href=\"https:\/\/www.myphillylawyer.com\/es\/areas-de-practica\/lesiones-laborales\/\" target=\"_blank\" rel=\"noreferrer noopener\">Abogado especializado en indemnizaciones laborales Philadelphia<\/a>\u00a0es un primer paso inteligente. Pueden ayudarte a decidir cu\u00e1l ser\u00e1 tu pr\u00f3ximo paso.<\/p>\n\n\n\n<hr class=\"wp-block-separator has-alpha-channel-opacity\"\/>\n\n\n\n<h2 class=\"wp-block-heading\" id=\"steps-to-take-after-a-work-injury-with-an-uninsured-employer\">Pasos a seguir despu\u00e9s de un accidente laboral con un empleador sin seguro<\/h2>\n\n\n\n<p>Sus acciones despu\u00e9s de un accidente laboral son importantes, especialmente si su jefe no tiene seguro. En primer lugar, informe siempre de su lesi\u00f3n a su empleador de inmediato. Incluso si cree que su empleador no tiene seguro, aseg\u00farese de notificarlo por escrito. La ley de Pensilvania le da 120 d\u00edas desde la fecha de su lesi\u00f3n para informarla, pero cuanto antes lo haga, mejor.<\/p>\n\n\n\n<p>A continuaci\u00f3n, busque ayuda m\u00e9dica lo antes posible. Acuda al m\u00e9dico o al hospital y guarde todos los documentos. Estos documentos ser\u00e1n importantes para cualquier reclamaci\u00f3n que presente. Recopile pruebas sobre su lesi\u00f3n y su situaci\u00f3n laboral: fotos, nombres de testigos, recibos de sueldo y cualquier cosa que demuestre que estaba trabajando para su empleador en el momento del accidente.<\/p>\n\n\n\n<p>Lo m\u00e1s importante es presentar una reclamaci\u00f3n ante el Fondo de Garant\u00eda para Empleadores sin Seguro (UEGF) tan pronto como se entere de que su jefe carec\u00eda de cobertura. Solo dispone de 45 d\u00edas desde la fecha en que se entera de la falta de seguro para notificarlo al Fondo. Si no cumple este plazo, sus prestaciones pueden correr peligro. El proceso es detallado y los errores en el papeleo pueden ralentizarlo. A&nbsp;<a href=\"https:\/\/www.myphillylawyer.com\/es\/zonas-atendidas\/norristown\/abogado-de-indemnizacion-laboral\/\" target=\"_blank\" rel=\"noreferrer noopener\">abogado especializado en accidentes laborales<\/a>&nbsp;le ayuda a evitar errores comunes y mantiene su reclamaci\u00f3n en marcha.<\/p>\n\n\n\n<hr class=\"wp-block-separator has-alpha-channel-opacity\"\/>\n\n\n\n<h2 class=\"wp-block-heading\" id=\"the-uninsured-employers-guaranty-fund-your-safety-net\">El Fondo de Garant\u00eda para Empleadores sin Seguro: su red de seguridad<\/h2>\n\n\n\n<p>Si su empleador no tiene seguro de compensaci\u00f3n laboral, el Fondo de Garant\u00eda para Empleadores sin Seguro (UEGF) est\u00e1 ah\u00ed para ayudar a los trabajadores lesionados en Pensilvania. El UEGF es un programa estatal que paga los gastos m\u00e9dicos y las prestaciones por p\u00e9rdida de salario cuando su empleador no lo hace. Para tener derecho a ello, deber\u00e1 demostrar que era empleado, que se lesion\u00f3 en el trabajo y que su empleador, de hecho, no ten\u00eda seguro.<\/p>\n\n\n\n<p>Despu\u00e9s de presentar su reclamaci\u00f3n ante el UEGF, el proceso suele incluir una investigaci\u00f3n. El Fondo verificar\u00e1 si su empleador realmente carec\u00eda de seguro y si su lesi\u00f3n est\u00e1 relacionada con el trabajo. Si el Fondo acepta su reclamaci\u00f3n, se pone en el lugar de su empleador y le paga prestaciones similares a las que obtendr\u00eda con una reclamaci\u00f3n normal de compensaci\u00f3n laboral.<\/p>\n\n\n\n<p>Trabajar con un&nbsp;<a href=\"https:\/\/www.myphillylawyer.com\/es\/zonas-atendidas\/arboleda-de-sauces\/abogados-de-accidentes-laborales\/\" target=\"_blank\" rel=\"noreferrer noopener\">abogado de accidentes laborales<\/a>&nbsp;es \u00fatil durante este proceso. Las reglas son estrictas y las compa\u00f1\u00edas de seguros pueden intentar utilizar cualquier error para rechazar su reclamaci\u00f3n. Un abogado se asegurar\u00e1 de que no se pierda plazos importantes, le ayudar\u00e1 a reunir pruebas y luchar\u00e1 por sus derechos si la UEGF rechaza su reclamaci\u00f3n por error.<\/p>\n\n\n\n<hr class=\"wp-block-separator has-alpha-channel-opacity\"\/>\n\n\n\n<h2 class=\"wp-block-heading\" id=\"suing-your-employer-for-a-work-injury-in-philadelphia\">Demandar a tu empleador por una lesi\u00f3n laboral en Philadelphia<\/h2>\n\n\n\n<p>En la mayor\u00eda de los casos de lesiones laborales, no se puede demandar al empleador si este cuenta con un seguro de compensaci\u00f3n laboral. El sistema tiene como objetivo proteger tanto a los trabajadores como a las empresas de las demandas judiciales. Sin embargo, si el empleador no cuenta con seguro, la ley de Pensilvania permite presentar una demanda por lesiones personales.<\/p>\n\n\n\n<p>Si opta por esta v\u00eda, deber\u00e1 demostrar que su lesi\u00f3n se produjo en el trabajo y que su empleador fue negligente o no le proporcion\u00f3 un lugar de trabajo seguro. A diferencia de los casos de indemnizaci\u00f3n laboral, en los que solo es necesario demostrar que se lesion\u00f3 en el trabajo, las demandas requieren pruebas de que su empleador fue culpable. Este proceso es m\u00e1s largo y puede resultar complicado, pero le puede permitir obtener una mayor indemnizaci\u00f3n por da\u00f1os y perjuicios, como el dolor y el sufrimiento.<\/p>\n\n\n\n<p>Incluso si ganas el juicio, a veces puede resultar dif\u00edcil cobrar el dinero si tu empleador no dispone de fondos. Por eso, la mayor\u00eda de las personas comienzan por presentar una solicitud ante el UEGF. Pero si quieres explorar todas tus opciones, habla con un&nbsp;<a href=\"https:\/\/www.myphillylawyer.com\/es\/zonas-atendidas\/upper-darby\/abogado-de-accidentes-laborales-2\/\" target=\"_blank\" rel=\"noreferrer noopener\">Abogado especializado en accidentes laborales Philly<\/a>&nbsp;que entiende tanto de indemnizaciones por accidentes laborales como de lesiones personales.<\/p>\n\n\n\n<hr class=\"wp-block-separator has-alpha-channel-opacity\"\/>\n\n\n\n<h2 class=\"wp-block-heading\" id=\"how-a-work-injury-lawyer-can-help-you\">C\u00f3mo puede ayudarle un abogado especializado en lesiones laborales<\/h2>\n\n\n\n<p>Hacer frente a las facturas m\u00e9dicas y a la p\u00e9rdida de ingresos tras un accidente laboral puede resultar abrumador, especialmente cuando tu empleador no tiene seguro. A&nbsp;<a href=\"https:\/\/www.myphillylawyer.com\/es\/zonas-atendidas\/wayne\/abogado-de-accidentes-laborales-2\/\" target=\"_blank\" rel=\"noreferrer noopener\">abogado especializado en accidentes laborales<\/a>&nbsp;ofrece orientaci\u00f3n, responde a sus preguntas y se encarga del papeleo por usted. Esto es lo que un abogado puede hacer para ayudarle en su caso:<\/p>\n\n\n\n<ul class=\"wp-block-list\">\n<li><strong>Investiga el estado del seguro de tu empleador.<\/strong>: Verificar\u00e1n si tu jefe realmente carece de cobertura y recopilar\u00e1n pruebas.<\/li>\n\n\n\n<li><strong>Presentar reclamaciones ante la UEGF<\/strong>: Conocen los plazos y los documentos necesarios.<\/li>\n\n\n\n<li><strong>Re\u00fana pruebas m\u00e9dicas.<\/strong>Los abogados recopilan informes m\u00e9dicos, registros laborales y declaraciones de testigos para demostrar su reclamo.<\/li>\n\n\n\n<li><strong>Lucha por las reclamaciones denegadas<\/strong>: Si la UEGF o su empleador intentan negarle sus prestaciones, su abogado lo representar\u00e1 en las audiencias.<\/li>\n\n\n\n<li><strong>Considerar todas las opciones legales.<\/strong>Si una demanda es la mejor opci\u00f3n, su abogado le ayudar\u00e1 a preparar su caso.<\/li>\n<\/ul>\n\n\n\n<p>Es importante elegir al equipo legal adecuado. A&nbsp;<a href=\"https:\/\/www.myphillylawyer.com\/es\/\" target=\"_blank\" rel=\"noreferrer noopener\">Philadelphia abogado de lesiones personales<\/a>&nbsp;Un abogado que entienda las leyes sobre compensaci\u00f3n laboral y lesiones puede brindarle tranquilidad. Le ayudar\u00e1 a obtener la compensaci\u00f3n que se merece, incluso si su empleador intent\u00f3 eludir su responsabilidad.<\/p>\n\n\n\n<hr class=\"wp-block-separator has-alpha-channel-opacity\"\/>\n\n\n\n<h2 class=\"wp-block-heading\" id=\"fa-qs-about-your-options-when-your-employer-is-uninsured\">Preguntas frecuentes sobre sus opciones cuando su empleador no tiene seguro<\/h2>\n\n\n\n<p><strong>\u00bfQu\u00e9 pasa si mi empleador afirma que yo era un contratista independiente, no un empleado?<\/strong><\/p>\n\n\n\n<p>La ley de Pensilvania utiliza muchos factores para decidir si realmente eres un empleado o un contratista. A menudo, las empresas clasifican err\u00f3neamente a los trabajadores. Si te lesionas y tu jefe intenta esta defensa, un\u00a0<a href=\"https:\/\/www.myphillylawyer.com\/es\/zonas-atendidas\/bensalem\/abogado-de-indemnizacion-laboral\/\" target=\"_blank\" rel=\"noreferrer noopener\">abogado de accidentes laborales<\/a>\u00a0puede revisar su situaci\u00f3n laboral y ayudarle a demostrar su verdadero estatus.<\/p>\n\n\n\n<p><strong>\u00bfEn qu\u00e9 plazo debo presentar una reclamaci\u00f3n ante el Fondo de Garant\u00eda para Empleadores sin Seguro?<\/strong><\/p>\n\n\n\n<p>Debe notificarlo a la UEGF en un plazo de 45 d\u00edas despu\u00e9s de saber que su jefe no tiene seguro. No cumplir este plazo puede perjudicar su caso, as\u00ed que act\u00fae r\u00e1pido y busque ayuda si no est\u00e1 seguro del proceso.<\/p>\n\n\n\n<p><strong>\u00bfPuedo recibir tratamiento m\u00e9dico si mi empleador no tiene seguro?<\/strong><\/p>\n\n\n\n<p>S\u00ed. Debe buscar atenci\u00f3n m\u00e9dica de inmediato. Guarde todos los registros e informe a su proveedor que la lesi\u00f3n se produjo en el trabajo. Su abogado puede ayudarle a asegurarse de que sus facturas m\u00e9dicas formen parte de su reclamaci\u00f3n o demanda ante la UEGF.<\/p>\n\n\n\n<p><strong>\u00bfPerder\u00e9 mi trabajo si denuncio a mi empleador por no tener seguro?<\/strong><\/p>\n\n\n\n<p>Es ilegal que su empleador lo despida o tome represalias contra usted por haber solicitado prestaciones de compensaci\u00f3n laboral o por haberlo denunciado por no tener seguro. Si sufre represalias, informe a su abogado de inmediato. Usted tiene derechos y protecciones seg\u00fan la ley de Pensilvania.<\/p>\n\n\n\n<h2 class=\"wp-block-heading\" id=\"other-resources-about-employer-insurance-company-tactics\">Otros recursos sobre las t\u00e1cticas de los empleadores y las compa\u00f1\u00edas de seguros<\/h2>\n\n\n\n<ul class=\"wp-block-list\">\n<li><strong>Cuando tu empleador no tiene seguro: \u00bfcu\u00e1les son tus opciones?<\/strong><\/li>\n\n\n\n<li><a href=\"https:\/\/www.myphillylawyer.com\/es\/areas-de-practica\/lesiones-laborales\/fmla-frente-a-indemnizacion-por-accidente-laboral-cual-es-la-diferencia\/\">FMLA frente a indemnizaci\u00f3n por accidente laboral: \u00bfcu\u00e1l es la diferencia?<\/a><\/li>\n\n\n\n<li><a href=\"https:\/\/www.myphillylawyer.com\/es\/areas-de-practica\/lesiones-laborales\/represalias-del-empleador-sus-protecciones-legales\/\">Represalias del empleador: sus protecciones legales<\/a><\/li>\n\n\n\n<li><a href=\"https:\/\/www.myphillylawyer.com\/es\/areas-de-practica\/lesiones-laborales\/tratar-con-los-ajustadores-de-seguros-de-compensacion-laboral\/\">Tratar con los ajustadores de seguros de compensaci\u00f3n laboral<\/a><\/li>\n\n\n\n<li><a href=\"https:\/\/www.myphillylawyer.com\/es\/areas-de-practica\/lesiones-laborales\/formas-habituales-en-que-los-empleadores-impugnan-las-reclamaciones-por-lesiones\/\">Formas habituales en que los empleadores impugnan las reclamaciones por lesiones<\/a><\/li>\n<\/ul>","protected":false},"excerpt":{"rendered":"<p>Cuando tu empleador no tiene seguro: \u00bfcu\u00e1les son tus opciones? Una lesi\u00f3n laboral puede cambiar tu vida por completo. Las facturas m\u00e9dicas comienzan a acumularse y, si no puedes trabajar, el dinero escasea. En la mayor\u00eda de los casos, el seguro de compensaci\u00f3n laboral ayuda a cubrir esos costos. Pero, \u00bfqu\u00e9 pasa si tu empleador no tiene seguro de compensaci\u00f3n laboral? Esto ocurre con mayor frecuencia...<\/p>","protected":false},"author":17,"featured_media":0,"parent":29,"menu_order":0,"comment_status":"closed","ping_status":"closed","template":"","meta":{"_acf_changed":false,"footnotes":""},"class_list":["post-15436","page","type-page","status-publish","hentry"],"acf":[],"jetpack_sharing_enabled":true,"_links":{"self":[{"href":"https:\/\/www.myphillylawyer.com\/es\/wp-json\/wp\/v2\/pages\/15436","targetHints":{"allow":["GET"]}}],"collection":[{"href":"https:\/\/www.myphillylawyer.com\/es\/wp-json\/wp\/v2\/pages"}],"about":[{"href":"https:\/\/www.myphillylawyer.com\/es\/wp-json\/wp\/v2\/types\/page"}],"author":[{"embeddable":true,"href":"https:\/\/www.myphillylawyer.com\/es\/wp-json\/wp\/v2\/users\/17"}],"replies":[{"embeddable":true,"href":"https:\/\/www.myphillylawyer.com\/es\/wp-json\/wp\/v2\/comments?post=15436"}],"version-history":[{"count":3,"href":"https:\/\/www.myphillylawyer.com\/es\/wp-json\/wp\/v2\/pages\/15436\/revisions"}],"predecessor-version":[{"id":15461,"href":"https:\/\/www.myphillylawyer.com\/es\/wp-json\/wp\/v2\/pages\/15436\/revisions\/15461"}],"up":[{"embeddable":true,"href":"https:\/\/www.myphillylawyer.com\/es\/wp-json\/wp\/v2\/pages\/29"}],"wp:attachment":[{"href":"https:\/\/www.myphillylawyer.com\/es\/wp-json\/wp\/v2\/media?parent=15436"}],"curies":[{"name":"wp","href":"https:\/\/api.w.org\/{rel}","templated":true}]}}