{"id":168,"date":"2016-11-14T11:51:05","date_gmt":"2016-11-14T16:51:05","guid":{"rendered":"http:\/\/myphillylawyer.adviadev.com\/?page_id=168"},"modified":"2024-04-29T18:23:55","modified_gmt":"2024-04-29T23:23:55","slug":"delitos-de-drogas","status":"publish","type":"page","link":"https:\/\/www.myphillylawyer.com\/es\/areas-de-practica\/defensa-penal\/delitos-de-drogas\/","title":{"rendered":"Delitos de drogas"},"content":{"rendered":"<h4 class=\"wp-block-heading\">D\u00f3nde acudir en defensa de delitos de drogas<\/h4>\n\n\n\n<p>Si usted ha sido arrestado por un delito de drogas, desde posesi\u00f3n de marihuana hasta tr\u00e1fico de coca\u00edna o cualquier otro cargo criminal, usted necesita representaci\u00f3n legal efectiva.<\/p>\n\n\n\n<p>Los abogados de MyPhillyLawyer pueden ayudarle. Adaptamos nuestros servicios legales para que coincida con los hechos de su situaci\u00f3n espec\u00edfica. No tomamos un enfoque de l\u00ednea de montaje para la defensa penal, simplemente pasando por las mociones. Nuestro abogado de defensa de delitos de drogas toma su caso en serio. Revisaremos su caso, buscando todas las estrategias posibles para reducir las consecuencias negativas para usted. Entonces lucharemos para lograr un resultado positivo.<\/p>\n\n\n\n<p><strong>\u00bfHubo registro e incautaci\u00f3n ilegales?<\/strong><\/p>\n\n\n\n<p>En todos los delitos relacionados con drogas, examinaremos si las pruebas contra usted se obtuvieron legalmente. Si la polic\u00eda u otras autoridades realizaron un registro e incautaci\u00f3n ilegales, pediremos que se supriman las pruebas contra usted y que se desestime el caso.<\/p>\n\n\n\n<p>Nuestro abogado defensor de delitos de drogas le explicar\u00e1 los cargos en su contra, las posibles consecuencias y lo que podemos hacer para ayudar. Si nos contrata como su representante legal, puede confiar en nuestra experiencia, conocimiento y dedicaci\u00f3n para lograr resultados positivos para nuestros clientes.<\/p>\n\n\n\n<p>Nuestros abogados representan a clientes que se enfrentan a una amplia gama de cargos de drogas, incluidos los que implican:<\/p>\n\n\n\n<ul class=\"wp-block-list\">\n<li>Delitos de drogas cometidos por menores<\/li>\n\n\n\n<li>Delitos relacionados con medicamentos sujetos a receta m\u00e9dica<\/li>\n\n\n\n<li>Posesi\u00f3n de drogas<\/li>\n\n\n\n<li>Distribuci\u00f3n o tr\u00e1fico de drogas<\/li>\n\n\n\n<li>Fabricaci\u00f3n de medicamentos<\/li>\n\n\n\n<li>Importaci\u00f3n<\/li>\n<\/ul>\n\n\n\n<p>En <a href=\"https:\/\/www.myphillylawyer.com\/es\/areas-de-practica\/defensa-penal\/\">abogados penalistas<\/a> en MyPhillyLawyer est\u00e1n aqu\u00ed para ayudar. No hable con la polic\u00eda sin antes llamarnos para una consulta inicial gratuita y evaluaci\u00f3n de su caso.<\/p>\n\n\n\n<h2 class=\"wp-block-heading\">Philly Abogados defensores de delitos de drogas<\/h2>\n\n\n\n<p><strong>Llame al MyPhillyLawyer al 215-227-2727 para hablar de su caso<\/strong><\/p>\n\n\n\n<p>Para concertar una consulta gratuita y evaluar su caso, <a href=\"\/es\/pongase-en-contacto-con\/\">p\u00f3ngase en contacto con<\/a> los abogados de defensa criminal de MyPhillyLawyer. Nuestros abogados representan a clientes acusados de delitos de drogas en Philadelphia, el sur de Nueva Jersey y sus alrededores.<\/p>","protected":false},"excerpt":{"rendered":"<p>Donde acudir para la defensa de delitos de drogas Si usted ha sido arrestado por un delito de drogas, de la posesi\u00f3n de marihuana al tr\u00e1fico de coca\u00edna o cualquier otro cargo criminal, usted necesita representaci\u00f3n legal efectiva. Los abogados de MyPhillyLawyer pueden ayudarle. Adaptamos nuestros servicios legales para que coincida con los hechos de su situaci\u00f3n espec\u00edfica. Nosotros no...<\/p>","protected":false},"author":9,"featured_media":10993,"parent":31,"menu_order":0,"comment_status":"closed","ping_status":"closed","template":"","meta":{"_acf_changed":false,"jetpack_post_was_ever_published":false,"footnotes":""},"class_list":["post-168","page","type-page","status-publish","has-post-thumbnail","hentry"],"acf":[],"jetpack_sharing_enabled":true,"_links":{"self":[{"href":"https:\/\/www.myphillylawyer.com\/es\/wp-json\/wp\/v2\/pages\/168","targetHints":{"allow":["GET"]}}],"collection":[{"href":"https:\/\/www.myphillylawyer.com\/es\/wp-json\/wp\/v2\/pages"}],"about":[{"href":"https:\/\/www.myphillylawyer.com\/es\/wp-json\/wp\/v2\/types\/page"}],"author":[{"embeddable":true,"href":"https:\/\/www.myphillylawyer.com\/es\/wp-json\/wp\/v2\/users\/9"}],"replies":[{"embeddable":true,"href":"https:\/\/www.myphillylawyer.com\/es\/wp-json\/wp\/v2\/comments?post=168"}],"version-history":[{"count":5,"href":"https:\/\/www.myphillylawyer.com\/es\/wp-json\/wp\/v2\/pages\/168\/revisions"}],"predecessor-version":[{"id":11497,"href":"https:\/\/www.myphillylawyer.com\/es\/wp-json\/wp\/v2\/pages\/168\/revisions\/11497"}],"up":[{"embeddable":true,"href":"https:\/\/www.myphillylawyer.com\/es\/wp-json\/wp\/v2\/pages\/31"}],"wp:featuredmedia":[{"embeddable":true,"href":"https:\/\/www.myphillylawyer.com\/es\/wp-json\/wp\/v2\/media\/10993"}],"wp:attachment":[{"href":"https:\/\/www.myphillylawyer.com\/es\/wp-json\/wp\/v2\/media?parent=168"}],"curies":[{"name":"wp","href":"https:\/\/api.w.org\/{rel}","templated":true}]}}