{"id":207,"date":"2016-11-14T12:27:04","date_gmt":"2016-11-14T17:27:04","guid":{"rendered":"http:\/\/myphillylawyer.adviadev.com\/?page_id=207"},"modified":"2024-04-29T23:08:25","modified_gmt":"2024-04-30T04:08:25","slug":"testamentos-vitales","status":"publish","type":"page","link":"https:\/\/www.myphillylawyer.com\/es\/areas-de-practica\/planificacion-patrimonial\/testamentos-vitales\/","title":{"rendered":"Philadelphia Abogados de testamentos vitales"},"content":{"rendered":"<h1 class=\"wp-block-heading\">Philadelphia Abogados de testamentos vitales<\/h1>\n\n\n\n<h4 class=\"wp-block-heading\">Garantizar el cumplimiento de sus deseos<\/h4>\n\n\n\n<p>A nadie le gusta tener que tomar decisiones sobre los cuidados de mantenimiento de la vida si a \u00e9l o a su familia se les pone en la tesitura de tomarlas. Pero si quiere que se cumplan sus deseos, es esencial que su m\u00e9dico y sus familiares cercanos conozcan sus deseos y que \u00e9stos queden debidamente documentados. La directiva anticipada para la atenci\u00f3n sanitaria de Pensilvania, tambi\u00e9n conocida como testamento vital, es el documento que permite a las personas declarar sus deseos de recibir o negarse a recibir cuidados de soporte vital.<\/p>\n\n\n\n<p>En <a href=\"https:\/\/www.myphillylawyer.com\/es\/areas-de-practica\/planificacion-patrimonial\/\">abogados de planificaci\u00f3n patrimonial<\/a> de MyPhillyLawyer puede ayudarle a redactar su testamento vital para cumplir con las leyes de Pennsylvania para asegurar que sus declaraciones sean anotadas y seguidas. P\u00f3ngase en contacto con nosotros para discutir sus necesidades de planificaci\u00f3n patrimonial con un abogado experto en nuestro bufete de abogados.<\/p>\n\n\n\n<h4 class=\"wp-block-heading\">Orientaci\u00f3n personalizada con sus declaraciones de testamento vital<\/h4>\n\n\n\n<p>Es su testamento vital. Por lo tanto, debe reflejar plenamente sus elecciones. Aunque hay muchos tipos de cuidados que suelen incluirse en un documento de testamento vital, es usted quien decide qu\u00e9 tipo de cuidados aceptar o denegar si su m\u00e9dico determina que se encuentra en una situaci\u00f3n terminal o en un estado de inconsciencia permanente. Sin embargo, si no se incluyen ciertos tipos de cuidados, puede que los m\u00e9dicos no tengan m\u00e1s remedio que proporcion\u00e1rselos.<\/p>\n\n\n\n<p>Aunque no es necesario utilizar el formulario legal para sus instrucciones anticipadas de asistencia sanitaria (o testamento vital), los siguientes son ejemplos de cuidados para prolongar la vida que se abordan en el formulario de declaraci\u00f3n estatal.<\/p>\n\n\n\n<ul class=\"wp-block-list\">\n<li>Reanimaci\u00f3n cardiaca<\/li>\n\n\n\n<li>Respiraci\u00f3n<\/li>\n\n\n\n<li>Sondas de alimentaci\u00f3n o l\u00edquidos intravenosos<\/li>\n\n\n\n<li>Transfusi\u00f3n sangu\u00ednea<\/li>\n\n\n\n<li>Pruebas diagn\u00f3sticas<\/li>\n\n\n\n<li>Cirug\u00eda o procedimientos invasivos<\/li>\n\n\n\n<li>Di\u00e1lisis<\/li>\n\n\n\n<li>Antibi\u00f3ticos<\/li>\n<\/ul>\n\n\n\n<p><strong>\u00bfCu\u00e1ndo entra en vigor un testamento vital?<\/strong><\/p>\n\n\n\n<p>Para que su testamento vital sea v\u00e1lido, debe firmarlo y entregar una copia a su m\u00e9dico. Entrar\u00e1 en vigor cuando su m\u00e9dico determine que usted se encuentra en estado terminal o en estado de inconsciencia permanente Y otro m\u00e9dico haya confirmado esta valoraci\u00f3n. En ese momento, los m\u00e9dicos deben seguir las declaraciones contenidas en su testamento vital, a menos que usted las revoque de alguna manera.<\/p>\n\n\n\n<h2 class=\"wp-block-heading\">Philly Abogados de testamentos vitales<\/h2>\n\n\n\n<p><strong><a href=\"\/es\/pongase-en-contacto-con\/\">Contacte con nosotros<\/a> para un asesoramiento y un servicio de calidad al 215-227-2727<\/strong><\/p>\n\n\n\n<p>En MyPhillyLawyer.com, usted puede esperar recibir atenci\u00f3n de calidad y orientaci\u00f3n legal en todo momento - es nuestra prioridad n\u00famero uno. Para discutir sus declaraciones de testamento vital con un abogado o para obtener m\u00e1s informaci\u00f3n sobre Pennsylvania directivas avanzadas, p\u00f3ngase en contacto con nuestro bufete de abogados Philadelphia y programar una consulta.<\/p>","protected":false},"excerpt":{"rendered":"<p>Philadelphia Abogados especializados en testamentos vitales Garantizan el cumplimiento de sus deseos A nadie le gusta tener que tomar decisiones sobre cuidados para mantenerle con vida si a \u00e9l o a su familia les toca hacerlo. Pero si quiere que se cumplan sus deseos, es esencial que su m\u00e9dico y sus familiares cercanos conozcan su...<\/p>","protected":false},"author":9,"featured_media":11009,"parent":33,"menu_order":0,"comment_status":"closed","ping_status":"closed","template":"","meta":{"_acf_changed":false,"footnotes":""},"class_list":["post-207","page","type-page","status-publish","has-post-thumbnail","hentry"],"acf":[],"jetpack_sharing_enabled":true,"_links":{"self":[{"href":"https:\/\/www.myphillylawyer.com\/es\/wp-json\/wp\/v2\/pages\/207","targetHints":{"allow":["GET"]}}],"collection":[{"href":"https:\/\/www.myphillylawyer.com\/es\/wp-json\/wp\/v2\/pages"}],"about":[{"href":"https:\/\/www.myphillylawyer.com\/es\/wp-json\/wp\/v2\/types\/page"}],"author":[{"embeddable":true,"href":"https:\/\/www.myphillylawyer.com\/es\/wp-json\/wp\/v2\/users\/9"}],"replies":[{"embeddable":true,"href":"https:\/\/www.myphillylawyer.com\/es\/wp-json\/wp\/v2\/comments?post=207"}],"version-history":[{"count":5,"href":"https:\/\/www.myphillylawyer.com\/es\/wp-json\/wp\/v2\/pages\/207\/revisions"}],"predecessor-version":[{"id":11536,"href":"https:\/\/www.myphillylawyer.com\/es\/wp-json\/wp\/v2\/pages\/207\/revisions\/11536"}],"up":[{"embeddable":true,"href":"https:\/\/www.myphillylawyer.com\/es\/wp-json\/wp\/v2\/pages\/33"}],"wp:featuredmedia":[{"embeddable":true,"href":"https:\/\/www.myphillylawyer.com\/es\/wp-json\/wp\/v2\/media\/11009"}],"wp:attachment":[{"href":"https:\/\/www.myphillylawyer.com\/es\/wp-json\/wp\/v2\/media?parent=207"}],"curies":[{"name":"wp","href":"https:\/\/api.w.org\/{rel}","templated":true}]}}