{"id":249,"date":"2016-11-14T14:17:39","date_gmt":"2016-11-14T19:17:39","guid":{"rendered":"http:\/\/myphillylawyer.adviadev.com\/?page_id=249"},"modified":"2024-04-29T17:14:23","modified_gmt":"2024-04-29T22:14:23","slug":"accidentes-de-vehiculos-comerciales","status":"publish","type":"page","link":"https:\/\/www.myphillylawyer.com\/es\/areas-de-practica\/accidentes-de-trafico-2\/accidentes-de-camion\/accidentes-de-vehiculos-comerciales\/","title":{"rendered":"Philadelphia Abogados de accidentes de veh\u00edculos comerciales"},"content":{"rendered":"<h1 class=\"wp-block-heading\">Philadelphia Abogados de accidentes de veh\u00edculos comerciales<\/h1>\n\n\n\n<p>\u00bfHa sufrido lesiones en un accidente de cami\u00f3n en una carretera muy transitada? Usted puede tener derecho a miles, si no millones, de d\u00f3lares en compensaci\u00f3n por sus lesiones y sufrimiento.<\/p>\n\n\n\n<p>En MyPhillyLawyer, nos dedicamos a la tramitaci\u00f3n de casos de lesiones personales. Este enfoque estrecho, combinado con nuestro \u00e9nfasis particular en el manejo de <a href=\"https:\/\/www.myphillylawyer.com\/es\/areas-de-practica\/accidentes-de-trafico-2\/car-accidents\/\">accidentes de tr\u00e1fico<\/a>nos ha dado los conocimientos, habilidades y experiencia en juicios necesarios para proteger plenamente sus intereses durante todo el proceso. Podemos ayudarle a usted y a su familia a recuperar la compensaci\u00f3n que merece por su caso de accidente de veh\u00edculo comercial. Ll\u00e1menos al 215-227-2727.<\/p>\n\n\n\n<p><strong>Manejo de todo tipo de accidentes de veh\u00edculos comerciales<\/strong><\/p>\n\n\n\n<p>Las colisiones que involucran veh\u00edculos comerciales incluyen m\u00e1s que accidentes de camiones interestatales. Por definici\u00f3n, los veh\u00edculos comerciales incluyen:<\/p>\n\n\n\n<ul class=\"wp-block-list\">\n<li>Camiones y autom\u00f3viles de reparto<\/li>\n\n\n\n<li>Furgonetas de carga<\/li>\n\n\n\n<li>Veh\u00edculos de transporte p\u00fablico<\/li>\n\n\n\n<li>Trenes, autobuses, trolebuses y metros de la Autoridad de Transporte del Sureste de Pensilvania (SEPTA)<\/li>\n\n\n\n<li>Autom\u00f3viles de empresa<\/li>\n<\/ul>\n\n\n\n<p>Si bien hay algunas diferencias, muchas de las mismas leyes y reglamentos que se aplican a los camiones semi tambi\u00e9n se aplican a otros tipos de accidentes de veh\u00edculos comerciales. Los conductores deben estar libres de alcohol y otras sustancias ilegales, los camiones necesitan ser mantenidos, y las horas de conducci\u00f3n apropiadas deben ser aplicadas.<\/p>\n\n\n\n<p>Con m\u00e1s de 100 a\u00f1os de experiencia legal combinada, nuestros abogados de accidentes saben c\u00f3mo armar un caso s\u00f3lido para usted. La red de investigadores, especialistas en reconstrucci\u00f3n de accidentes, personal m\u00e9dico y otros profesionales que hemos desarrollado es grande. Trabajamos con estas personas para investigar a fondo, investigar y preparar cada detalle del caso para el juicio. Esto ayuda a asegurar que nunca nos pillan desprevenidos y para maximizar su recuperaci\u00f3n.<\/p>\n\n\n\n<h2 class=\"wp-block-heading\">P\u00f3ngase en contacto con un abogado de accidentes de camiones comerciales Philly. Llame al 215-227-2727.<\/h2>\n\n\n\n<p>Para una consulta gratuita para discutir su caso, llame o <a href=\"\/es\/pongase-en-contacto-con\/\">correo electr\u00f3nico<\/a> un abogado de accidentes de veh\u00edculos comerciales Philadelphia en MyPhillyLawyer hoy. Podemos ayudarle a presentar una demanda s\u00f3lida y persuasiva por negligencia de la empresa de camiones o del conductor.<\/p>","protected":false},"excerpt":{"rendered":"<p>Philadelphia Abogados de accidentes de veh\u00edculos comerciales \u00bfResult\u00f3 herido en un accidente de cami\u00f3n en una carretera muy transitada? Usted puede tener derecho a miles, si no millones, de d\u00f3lares en compensaci\u00f3n por sus lesiones y sufrimiento. En MyPhillyLawyer, nos dedicamos a tratar casos de lesiones personales. Este enfoque estrecho, combinado con nuestro \u00e9nfasis particular...<\/p>","protected":false},"author":9,"featured_media":10997,"parent":247,"menu_order":0,"comment_status":"closed","ping_status":"closed","template":"","meta":{"_acf_changed":false,"jetpack_post_was_ever_published":false,"footnotes":""},"class_list":["post-249","page","type-page","status-publish","has-post-thumbnail","hentry"],"acf":[],"jetpack_sharing_enabled":true,"_links":{"self":[{"href":"https:\/\/www.myphillylawyer.com\/es\/wp-json\/wp\/v2\/pages\/249","targetHints":{"allow":["GET"]}}],"collection":[{"href":"https:\/\/www.myphillylawyer.com\/es\/wp-json\/wp\/v2\/pages"}],"about":[{"href":"https:\/\/www.myphillylawyer.com\/es\/wp-json\/wp\/v2\/types\/page"}],"author":[{"embeddable":true,"href":"https:\/\/www.myphillylawyer.com\/es\/wp-json\/wp\/v2\/users\/9"}],"replies":[{"embeddable":true,"href":"https:\/\/www.myphillylawyer.com\/es\/wp-json\/wp\/v2\/comments?post=249"}],"version-history":[{"count":5,"href":"https:\/\/www.myphillylawyer.com\/es\/wp-json\/wp\/v2\/pages\/249\/revisions"}],"predecessor-version":[{"id":11467,"href":"https:\/\/www.myphillylawyer.com\/es\/wp-json\/wp\/v2\/pages\/249\/revisions\/11467"}],"up":[{"embeddable":true,"href":"https:\/\/www.myphillylawyer.com\/es\/wp-json\/wp\/v2\/pages\/247"}],"wp:featuredmedia":[{"embeddable":true,"href":"https:\/\/www.myphillylawyer.com\/es\/wp-json\/wp\/v2\/media\/10997"}],"wp:attachment":[{"href":"https:\/\/www.myphillylawyer.com\/es\/wp-json\/wp\/v2\/media?parent=249"}],"curies":[{"name":"wp","href":"https:\/\/api.w.org\/{rel}","templated":true}]}}