{"id":275,"date":"2016-11-14T14:22:05","date_gmt":"2016-11-14T19:22:05","guid":{"rendered":"http:\/\/myphillylawyer.adviadev.com\/?page_id=275"},"modified":"2024-04-26T17:33:04","modified_gmt":"2024-04-26T22:33:04","slug":"accidentes-de-peatones","status":"publish","type":"page","link":"https:\/\/www.myphillylawyer.com\/es\/areas-de-practica\/accidentes-de-trafico-2\/accidentes-de-peatones\/","title":{"rendered":"Philadelphia Abogados de accidentes de peatones"},"content":{"rendered":"<h1 class=\"wp-block-heading\">Philadelphia Abogados de accidentes de peatones<\/h1>\n\n\n\n<p>Los peatones y ciclistas corren un riesgo al compartir la calzada con coches, camiones y otros veh\u00edculos de motor. Las leyes de tr\u00e1fico y las v\u00edas peatonales designadas existen para reducir estos riesgos. Sin embargo, con demasiada frecuencia los peatones resultan gravemente heridos o mueren atropellados.<\/p>\n\n\n\n<p><strong>Representaci\u00f3n de peatones lesionados en toda la zona Philadelphia<\/strong><\/p>\n\n\n\n<p>El bufete de abogados Philadelphia de MyPhillyLawyer representa a las v\u00edctimas y las familias de los accidentes de ciclistas y peatones. Servimos como sus defensores en la presentaci\u00f3n de una demanda por lesiones personales, ayudando a maximizar la compensaci\u00f3n que reciben por su sufrimiento financiero y emocional.<\/p>\n\n\n\n<p>Con m\u00e1s de 100 a\u00f1os de experiencia jur\u00eddica combinada, nuestra Pennsylvania <a href=\"https:\/\/www.myphillylawyer.com\/es\/\">abogados de accidentes de peatones<\/a> saben lo que se necesita para responsabilizar al conductor negligente y obtener un acuerdo o veredicto exitoso para usted. P\u00f3ngase en contacto con un abogado de nuestra firma para discutir su caso de accidente en una consulta inicial gratuita.<\/p>\n\n\n\n<h4 class=\"wp-block-heading\">Ejemplos de lesiones de peatones<\/h4>\n\n\n\n<p>Llevamos casos de accidentes de peatones para los clientes que sufrieron:<\/p>\n\n\n\n<ul class=\"wp-block-list\">\n<li>Amputaciones<\/li>\n\n\n\n<li>Lesiones en la cabeza<\/li>\n\n\n\n<li>Lesiones de espalda y de m\u00e9dula espinal<\/li>\n\n\n\n<li>Huesos rotos<\/li>\n\n\n\n<li>Muerte por negligencia<\/li>\n\n\n\n<li>Laceraciones graves<\/li>\n<\/ul>\n\n\n\n<p>Tambi\u00e9n representamos a v\u00edctimas de accidentes de coche, accidentes de cami\u00f3n y accidentes de motocicleta. Somos firmes defensores de las v\u00edctimas atropelladas por conductores ebrios y conductores que abandonaron la escena del accidente. No importa cu\u00e1l sea su situaci\u00f3n, ayudamos a recuperar la compensaci\u00f3n que necesita y merece.<\/p>\n\n\n\n<p><strong>Comprender su reclamaci\u00f3n por lesiones<\/strong><\/p>\n\n\n\n<p>Nuestra <a href=\"https:\/\/www.myphillylawyer.com\/es\/areas-de-practica\/danos-personales\/\">abogados de lesiones personales<\/a> nos tomamos el tiempo necesario para comprender a fondo su reclamaci\u00f3n por lesiones. Consultamos con sus m\u00e9dicos y trabajamos estrechamente con otros expertos, seg\u00fan sea necesario, para obtener una imagen clara de sus lesiones y sus efectos a corto y largo plazo. Nos aseguramos de conocer su accidente por dentro y por fuera para determinar qui\u00e9nes son los responsables y elaborar una reclamaci\u00f3n eficaz.<\/p>\n\n\n\n<p>Tambi\u00e9n nos aseguramos de que usted tenga una comprensi\u00f3n clara de los aspectos legales detr\u00e1s de su caso. Nuestros abogados expertos en peatones Philadelphia le explicar\u00e1n en detalle su caso y opciones para que pueda tomar decisiones informadas sobre c\u00f3mo seguir adelante.<\/p>\n\n\n\n<h2 class=\"wp-block-heading\">Programe hoy mismo una consulta gratuita con un abogado especializado en accidentes de peatones Philly. Llame al 215-227-2727.<\/h2>\n\n\n\n<p>Si usted o alguien que conoce ha resultado herido en un accidente de peat\u00f3n, <a href=\"\/es\/pongase-en-contacto-con\/\">Contacto<\/a> para programar una consulta inicial gratuita. Usted no nos pagar\u00e1 nada a menos que recupere los da\u00f1os por sus demandas por lesiones. Ll\u00e1menos gratis al (866) 352-4572.<\/p>","protected":false},"excerpt":{"rendered":"<p>Philadelphia Abogados de accidentes de peatones Los peatones y ciclistas corren un riesgo al compartir la carretera con coches, camiones y otros veh\u00edculos de motor. Las leyes de tr\u00e1fico y las v\u00edas peatonales designadas est\u00e1n en su lugar con el fin de reducir estos riesgos. Sin embargo, con demasiada frecuencia, los peatones resultan gravemente heridos o muertos cuando son atropellados por un coche. Representamos a peatones lesionados en todo el...<\/p>","protected":false},"author":9,"featured_media":0,"parent":23,"menu_order":0,"comment_status":"closed","ping_status":"closed","template":"","meta":{"_acf_changed":false,"jetpack_post_was_ever_published":false,"footnotes":""},"class_list":["post-275","page","type-page","status-publish","hentry"],"acf":[],"jetpack_sharing_enabled":true,"_links":{"self":[{"href":"https:\/\/www.myphillylawyer.com\/es\/wp-json\/wp\/v2\/pages\/275","targetHints":{"allow":["GET"]}}],"collection":[{"href":"https:\/\/www.myphillylawyer.com\/es\/wp-json\/wp\/v2\/pages"}],"about":[{"href":"https:\/\/www.myphillylawyer.com\/es\/wp-json\/wp\/v2\/types\/page"}],"author":[{"embeddable":true,"href":"https:\/\/www.myphillylawyer.com\/es\/wp-json\/wp\/v2\/users\/9"}],"replies":[{"embeddable":true,"href":"https:\/\/www.myphillylawyer.com\/es\/wp-json\/wp\/v2\/comments?post=275"}],"version-history":[{"count":6,"href":"https:\/\/www.myphillylawyer.com\/es\/wp-json\/wp\/v2\/pages\/275\/revisions"}],"predecessor-version":[{"id":12761,"href":"https:\/\/www.myphillylawyer.com\/es\/wp-json\/wp\/v2\/pages\/275\/revisions\/12761"}],"up":[{"embeddable":true,"href":"https:\/\/www.myphillylawyer.com\/es\/wp-json\/wp\/v2\/pages\/23"}],"wp:attachment":[{"href":"https:\/\/www.myphillylawyer.com\/es\/wp-json\/wp\/v2\/media?parent=275"}],"curies":[{"name":"wp","href":"https:\/\/api.w.org\/{rel}","templated":true}]}}