{"id":281,"date":"2016-11-14T14:23:12","date_gmt":"2016-11-14T19:23:12","guid":{"rendered":"http:\/\/myphillylawyer.adviadev.com\/?page_id=281"},"modified":"2024-04-26T17:43:03","modified_gmt":"2024-04-26T22:43:03","slug":"accidentes-de-tren-y-autobus-de-septa","status":"publish","type":"page","link":"https:\/\/www.myphillylawyer.com\/es\/areas-de-practica\/accidentes-de-trafico-2\/accidentes-de-tren-y-autobus-de-septa\/","title":{"rendered":"Philadelphia SEPTA Abogados de accidentes ferroviarios"},"content":{"rendered":"<h1 class=\"wp-block-heading\">Philadelphia SEPTA Abogados de accidentes ferroviarios<\/h1>\n\n\n\n<p>Proporcionando transporte p\u00fablico a m\u00e1s de 5 millones de personas y servicio a cinco condados alrededor de Philadelphia, la Autoridad de Transporte del Sureste de Pensilvania (SEPTA) es una parte integral de la vida de muchos residentes de Pensilvania. Cuando un autob\u00fas se detiene repentinamente, un tren o un troleb\u00fas descarrila o se produce cualquier otro accidente de transporte p\u00fablico, SEPTA puede ser considerada responsable.<\/p>\n\n\n\n<p><strong>Presentar una demanda por lesiones en un accidente de autob\u00fas o tren de SEPTA requiere rapidez y conocimientos especializados.<\/strong><\/p>\n\n\n\n<p>En MyPhillyLawyer, nuestro <a href=\"https:\/\/www.myphillylawyer.com\/es\/\">Philadelphia SEPTA abogados de accidentes ferroviarios<\/a> han gestionado cientos de reclamaciones por accidentes de transporte p\u00fablico. Estamos especialmente familiarizados con el personal de reclamaciones y litigios que se oponen a una indemnizaci\u00f3n justa. P\u00f3ngase en contacto con nuestro Philadelphia SEPTA accidente ferroviario bufete de abogados para aprender c\u00f3mo podemos proteger sus derechos.<\/p>\n\n\n\n<h4 class=\"wp-block-heading\">\u00a1Pida ayuda ya! Esperar demasiado podr\u00eda afectar a su capacidad para obtener una indemnizaci\u00f3n.<\/h4>\n\n\n\n<p><strong>Comprender los l\u00edmites de compensaci\u00f3n de SEPTA<\/strong><\/p>\n\n\n\n<p>En los casos de accidentes de autob\u00fas, tren, metro, ferrocarril y troleb\u00fas de SEPTA, existen severos l\u00edmites a la cuant\u00eda de la indemnizaci\u00f3n disponible para las v\u00edctimas. SEPTA es una agencia de la Commonwealth protegida por la Ley de Inmunidad Soberana y sus da\u00f1os est\u00e1n limitados a $250.000 a favor de cualquier reclamaci\u00f3n y $1 mill\u00f3n en total por accidente, independientemente del n\u00famero de v\u00edctimas del accidente.<\/p>\n\n\n\n<p>Una vez repartido este dinero, no se pueden pagar m\u00e1s reclamaciones, aunque el accidente haya provocado docenas o cientos de lesiones catastr\u00f3ficas o v\u00edctimas mortales. Usted necesita un abogado que pueda actuar con rapidez para asegurarse de que su reclamaci\u00f3n sea una de las primeras que se tengan en cuenta para la indemnizaci\u00f3n.<\/p>\n\n\n\n<p>Existen otras limitaciones en las reclamaciones contra SEPTA que no se aplican a otros propietarios. La Ley de Inmunidad Soberana es diferente de la Ley de Reclamaciones por Agravios de Subdivisi\u00f3n Pol\u00edtica, que se aplica a la ciudad de Philadelphia, y establece un l\u00edmite de $500.000 en los da\u00f1os de las ciudades. Su abogado debe entender las diferencias entre estas leyes y asegurarse de que se presentan las demandas correctas contra las partes adecuadas.<\/p>\n\n\n\n<p>En MyPhillyLawyer, tenemos experiencia sirviendo a personas que resultaron heridas en accidentes de SEPTA en toda el \u00e1rea de Philadelphia, incluyendo el condado de Bucks, el condado de Chester, el condado de Delaware, el condado de Montgomery y el condado de Philadelphia. Tenemos un amplio conocimiento de las leyes. Podemos ayudar a asegurar que usted reciba da\u00f1os financieros por sus lesiones y sufrimiento.<\/p>\n\n\n\n<h2 class=\"wp-block-heading\">P\u00f3ngase en contacto con un abogado de accidentes de autob\u00fas Philly. Llame al 215-227-2727.<\/h2>\n\n\n\n<p>Llame hoy gratis al MyPhillyLawyer al (866) 352-4572 o <a href=\"\/es\/pongase-en-contacto-con\/\">p\u00f3ngase en contacto con<\/a> nuestros abogados de accidentes ferroviarios Philadelphia SEPTA directamente para programar una consulta gratuita. Aprenda c\u00f3mo podemos ayudarle a presentar una demanda fuerte y persuasiva contra SEPTA.<\/p>\n\n\n\n<p>Si no logramos obtener una indemnizaci\u00f3n en su demanda por accidente de autob\u00fas, troleb\u00fas, ferrocarril, tren o metro de SEPTA, no nos debe nada.<\/p>","protected":false},"excerpt":{"rendered":"<p>Philadelphia SEPTA Abogados de Accidentes Ferroviarios Proporcionando transporte p\u00fablico a m\u00e1s de 5 millones de personas y servicio a cinco condados alrededor de Philadelphia, la Autoridad de Transporte del Sureste de Pensilvania (SEPTA) es una parte integral de la vida de muchos residentes de Pensilvania. Cuando un autob\u00fas hace una parada repentina, un tren o troleb\u00fas descarrila, o cualquier otro accidente de transporte masivo sucede,...<\/p>","protected":false},"author":9,"featured_media":10801,"parent":23,"menu_order":0,"comment_status":"closed","ping_status":"closed","template":"","meta":{"_acf_changed":false,"jetpack_post_was_ever_published":false,"footnotes":""},"class_list":["post-281","page","type-page","status-publish","has-post-thumbnail","hentry"],"acf":[],"jetpack_sharing_enabled":true,"_links":{"self":[{"href":"https:\/\/www.myphillylawyer.com\/es\/wp-json\/wp\/v2\/pages\/281","targetHints":{"allow":["GET"]}}],"collection":[{"href":"https:\/\/www.myphillylawyer.com\/es\/wp-json\/wp\/v2\/pages"}],"about":[{"href":"https:\/\/www.myphillylawyer.com\/es\/wp-json\/wp\/v2\/types\/page"}],"author":[{"embeddable":true,"href":"https:\/\/www.myphillylawyer.com\/es\/wp-json\/wp\/v2\/users\/9"}],"replies":[{"embeddable":true,"href":"https:\/\/www.myphillylawyer.com\/es\/wp-json\/wp\/v2\/comments?post=281"}],"version-history":[{"count":5,"href":"https:\/\/www.myphillylawyer.com\/es\/wp-json\/wp\/v2\/pages\/281\/revisions"}],"predecessor-version":[{"id":11454,"href":"https:\/\/www.myphillylawyer.com\/es\/wp-json\/wp\/v2\/pages\/281\/revisions\/11454"}],"up":[{"embeddable":true,"href":"https:\/\/www.myphillylawyer.com\/es\/wp-json\/wp\/v2\/pages\/23"}],"wp:featuredmedia":[{"embeddable":true,"href":"https:\/\/www.myphillylawyer.com\/es\/wp-json\/wp\/v2\/media\/10801"}],"wp:attachment":[{"href":"https:\/\/www.myphillylawyer.com\/es\/wp-json\/wp\/v2\/media?parent=281"}],"curies":[{"name":"wp","href":"https:\/\/api.w.org\/{rel}","templated":true}]}}