{"id":283,"date":"2016-11-14T14:23:54","date_gmt":"2016-11-14T19:23:54","guid":{"rendered":"http:\/\/myphillylawyer.adviadev.com\/?page_id=283"},"modified":"2026-03-11T17:12:12","modified_gmt":"2026-03-11T22:12:12","slug":"accidentes-por-exceso-de-velocidad","status":"publish","type":"page","link":"https:\/\/www.myphillylawyer.com\/es\/areas-de-practica\/accidentes-de-trafico-2\/accidentes-por-exceso-de-velocidad\/","title":{"rendered":"Abogado especializado en accidentes automovil\u00edsticos a alta velocidad Philadelphia"},"content":{"rendered":"<p><strong>\u00bfTe has lesionado porque otro conductor circulaba con exceso de velocidad?<\/strong><\/p>\n<p>A pesar de las leyes que lo proh\u00edben y de la insistencia en poner multas, el exceso de velocidad es un problema com\u00fan entre los automovilistas. No es de extra\u00f1ar que el exceso de velocidad sea a menudo la causa de accidentes de tr\u00e1fico graves y mortales cada a\u00f1o.<\/p>\n<p>En MyPhillyLawyer, nuestros abogados de accidentes por exceso de velocidad Philadelphia tienen m\u00e1s de 100 a\u00f1os de experiencia legal combinada responsabilizando a los conductores negligentes por sus acciones. Nuestra firma maneja principalmente casos de lesiones personales, as\u00ed que usted sabe que somos competentes y capaces de representarlo eficazmente.<\/p>\n<p>\u00bfSufri\u00f3 lesiones graves o la muerte de un ser querido en un <a href=\"https:\/\/www.myphillylawyer.com\/es\/cuando-llamar-a-un-abogado-de-accidentes-de-coche-en-filadelfia\/\">accidente de tr\u00e1fico por exceso de velocidad<\/a>? Ll\u00e1menos hoy mismo al n\u00famero gratuito (866) 352-4572 para una consulta gratuita.<\/p>\n<h4>Los peligrosos efectos del exceso de velocidad<\/h4>\n<p>Cuando los conductores aceleran, pierden parte de la capacidad de controlar el coche. Tardan m\u00e1s tiempo en reducir la velocidad y, si tienen que dar un volantazo, es f\u00e1cil que corrijan en exceso. El exceso de velocidad puede parecer una infracci\u00f3n menor, pero cuando estas acciones causan un accidente de coche, su vida puede cambiar para siempre.<\/p>\n<p>Nuestra <a href=\"https:\/\/www.myphillylawyer.com\/es\/areas-de-practica\/danos-personales\/\">abogados de da\u00f1os personales<\/a> puede ayudarle a obtener una indemnizaci\u00f3n por el sufrimiento causado por un conductor con exceso de velocidad:<\/p>\n<ul>\n<li>Choc\u00f3 por detr\u00e1s con su veh\u00edculo<\/li>\n<li>Caus\u00f3 la muerte por negligencia de un ser querido<\/li>\n<li>Se desvi\u00f3 hacia su coche<\/li>\n<li>Provoc\u00f3 un accidente huyendo de la polic\u00eda<\/li>\n<li>No redujo la velocidad en un paso de peatones y le lesion\u00f3 gravemente a usted o a un ser querido.<\/li>\n<\/ul>\n<h4>Abogados de Responsabilidad del Conductor de Pennsylvania: Preparados para luchar por sus derechos<\/h4>\n<p>Siempre preparamos las reclamaciones de accidentes de coche como si fu\u00e9ramos a juicio. Las compa\u00f1\u00edas de seguros reconocen que estamos preparados para luchar y a menudo est\u00e1n m\u00e1s dispuestos a ofrecerle un acuerdo justo de inmediato. Si a\u00fan as\u00ed se niegan a ofrecer una compensaci\u00f3n justa, entonces estamos listos para presentar su caso frente a un jurado.<\/p>\n<h2>Top Rated Philly exceso de velocidad accidente de coche abogados<\/h2>\n<p><strong>Conozca sus opciones despu\u00e9s de un accidente por exceso de velocidad. Llame al 215-227-2727.<\/strong><\/p>\n<p>Para una consulta gratuita para discutir su caso con un abogado de Pennsylvania accidente de alta velocidad, <a href=\"\/es\/pongase-en-contacto-con\/\">p\u00f3ngase en contacto con<\/a> nuestro bufete de lesiones personales hoy mismo. Si no recuperamos la compensaci\u00f3n, usted no pagar\u00e1 honorarios de abogados en absoluto.<\/p>","protected":false},"excerpt":{"rendered":"<p>\u00bfHa resultado herido porque otro conductor circulaba con exceso de velocidad? A pesar de las leyes que lo proh\u00edben y del \u00e9nfasis que se pone en multar, el exceso de velocidad es un problema com\u00fan entre los automovilistas. No es de extra\u00f1ar que el exceso de velocidad es a menudo la causa de accidentes automovil\u00edsticos graves y mortales cada a\u00f1o. En MyPhillyLawyer, nuestros abogados de accidentes por exceso de velocidad Philadelphia tienen m\u00e1s de 100...<\/p>","protected":false},"author":9,"featured_media":0,"parent":23,"menu_order":0,"comment_status":"closed","ping_status":"closed","template":"","meta":{"_acf_changed":false,"footnotes":""},"class_list":["post-283","page","type-page","status-publish","hentry"],"acf":[],"jetpack_sharing_enabled":true,"_links":{"self":[{"href":"https:\/\/www.myphillylawyer.com\/es\/wp-json\/wp\/v2\/pages\/283","targetHints":{"allow":["GET"]}}],"collection":[{"href":"https:\/\/www.myphillylawyer.com\/es\/wp-json\/wp\/v2\/pages"}],"about":[{"href":"https:\/\/www.myphillylawyer.com\/es\/wp-json\/wp\/v2\/types\/page"}],"author":[{"embeddable":true,"href":"https:\/\/www.myphillylawyer.com\/es\/wp-json\/wp\/v2\/users\/9"}],"replies":[{"embeddable":true,"href":"https:\/\/www.myphillylawyer.com\/es\/wp-json\/wp\/v2\/comments?post=283"}],"version-history":[{"count":7,"href":"https:\/\/www.myphillylawyer.com\/es\/wp-json\/wp\/v2\/pages\/283\/revisions"}],"predecessor-version":[{"id":15562,"href":"https:\/\/www.myphillylawyer.com\/es\/wp-json\/wp\/v2\/pages\/283\/revisions\/15562"}],"up":[{"embeddable":true,"href":"https:\/\/www.myphillylawyer.com\/es\/wp-json\/wp\/v2\/pages\/23"}],"wp:attachment":[{"href":"https:\/\/www.myphillylawyer.com\/es\/wp-json\/wp\/v2\/media?parent=283"}],"curies":[{"name":"wp","href":"https:\/\/api.w.org\/{rel}","templated":true}]}}