{"id":285,"date":"2016-11-14T14:24:29","date_gmt":"2016-11-14T19:24:29","guid":{"rendered":"http:\/\/myphillylawyer.adviadev.com\/?page_id=285"},"modified":"2024-04-26T17:43:56","modified_gmt":"2024-04-26T22:43:56","slug":"vuelco-de-suv","status":"publish","type":"page","link":"https:\/\/www.myphillylawyer.com\/es\/areas-de-practica\/accidentes-de-trafico-2\/vuelco-de-suv\/","title":{"rendered":"Philadelphia SUV Rollover Abogados"},"content":{"rendered":"<p>Philadelphia SUV Rollover Abogados<\/p>\n\n\n\n<p>A pesar de su dise\u00f1o mejorado y las medidas de seguridad, los veh\u00edculos utilitarios deportivos (SUV) siguen siendo m\u00e1s propensos a volcar y causar lesiones graves o la muerte que otros veh\u00edculos. Si usted ha sufrido lesiones catastr\u00f3ficas o la muerte de un ser querido en un vuelco de SUV, no dude en ponerse en contacto con un abogado con experiencia en el manejo de este tipo de casos.<\/p>\n\n\n\n<p>En MyPhillyLawyer, nos centramos en representar a las v\u00edctimas de accidentes de coche en toda la zona de Philadelphia. Nuestro Philadelphia <a href=\"https:\/\/www.myphillylawyer.com\/es\/\">SUV vuelco abogados<\/a> tienen m\u00e1s de 100 a\u00f1os de experiencia legal combinada ayudando a clientes lesionados y a sus familias a recuperar la compensaci\u00f3n por su sufrimiento.<\/p>\n\n\n\n<p><strong>Lesiones causadas por el vuelco de un todoterreno<\/strong><\/p>\n\n\n\n<p>Representamos a clientes que sufrieron lesiones cuando su Ford Explorer, Chevy Tahoe, Chevy Suburban, Honda Pilot, Jeep u otro SUV grande se volc\u00f3 en un accidente. Muchos de nuestros clientes sufren de lesiones graves, incluyendo:<\/p>\n\n\n\n<ul class=\"wp-block-list\">\n<li>Traumatismos craneoencef\u00e1licos<\/li>\n\n\n\n<li>Lesiones de espalda y cuello<\/li>\n\n\n\n<li>Lesiones medulares<\/li>\n\n\n\n<li>Lesiones articulares<\/li>\n\n\n\n<li>Lesiones de hombro<\/li>\n\n\n\n<li>Otras lesiones causadas por el vuelco del todoterreno<\/li>\n\n\n\n<li>Muerte por negligencia<\/li>\n<\/ul>\n\n\n\n<p><strong>Identificaci\u00f3n de la causa del accidente<\/strong><\/p>\n\n\n\n<p>Un mal dise\u00f1o del autom\u00f3vil no provoca por s\u00ed solo el vuelco de un todoterreno. Tiene que haber un factor desencadenante que altere la estabilidad del coche y provoque su vuelco. \u00bfEstaban defectuosos los neum\u00e1ticos? \u00bfUn conductor negligente sac\u00f3 el coche de la carretera? \u00bfEstaba la carretera en mal estado o mal mantenida?<\/p>\n\n\n\n<p>Si usted nos contrata para manejar su demanda por lesiones personales, nos fijamos en todos los factores para determinar la causa de su lesi\u00f3n colisi\u00f3n SUV. Si hay m\u00faltiples partes responsables, podemos presentar una demanda contra todos ellos para asegurar una compensaci\u00f3n completa y justa.<\/p>\n\n\n\n<h2 class=\"wp-block-heading\">P\u00f3ngase en contacto con un abogado especializado en lesiones y muertes causadas por veh\u00edculos SUV Philly. Llame al 215-227-2727.<\/h2>\n\n\n\n<p>\u00bfFue usted o un ser querido herido en un accidente de vuelco SUV? Obtenga la asistencia legal que necesita hoy por <a href=\"\/es\/pongase-en-contacto-con\/\">contactar con<\/a> un abogado Philadelphia SUV vuelco en MyPhillyLawyer para una consulta gratuita. Cuando se necesita una indemnizaci\u00f3n, no nos detenemos ante nada para ayudarle a conseguirlo.<\/p>","protected":false},"excerpt":{"rendered":"<p>Philadelphia SUV Rollover Lawyers A pesar de su dise\u00f1o mejorado y las medidas de seguridad, veh\u00edculos utilitarios deportivos (SUV) siguen siendo m\u00e1s propensos a volcar y causar lesiones graves o la muerte que otros veh\u00edculos. Si usted ha sufrido lesiones catastr\u00f3ficas o la muerte de un ser querido en un vuelco de SUV, no dude en ponerse en contacto con un abogado...<\/p>","protected":false},"author":9,"featured_media":0,"parent":23,"menu_order":0,"comment_status":"closed","ping_status":"closed","template":"","meta":{"_acf_changed":false,"jetpack_post_was_ever_published":false,"footnotes":""},"class_list":["post-285","page","type-page","status-publish","hentry"],"acf":[],"jetpack_sharing_enabled":true,"_links":{"self":[{"href":"https:\/\/www.myphillylawyer.com\/es\/wp-json\/wp\/v2\/pages\/285","targetHints":{"allow":["GET"]}}],"collection":[{"href":"https:\/\/www.myphillylawyer.com\/es\/wp-json\/wp\/v2\/pages"}],"about":[{"href":"https:\/\/www.myphillylawyer.com\/es\/wp-json\/wp\/v2\/types\/page"}],"author":[{"embeddable":true,"href":"https:\/\/www.myphillylawyer.com\/es\/wp-json\/wp\/v2\/users\/9"}],"replies":[{"embeddable":true,"href":"https:\/\/www.myphillylawyer.com\/es\/wp-json\/wp\/v2\/comments?post=285"}],"version-history":[{"count":5,"href":"https:\/\/www.myphillylawyer.com\/es\/wp-json\/wp\/v2\/pages\/285\/revisions"}],"predecessor-version":[{"id":11455,"href":"https:\/\/www.myphillylawyer.com\/es\/wp-json\/wp\/v2\/pages\/285\/revisions\/11455"}],"up":[{"embeddable":true,"href":"https:\/\/www.myphillylawyer.com\/es\/wp-json\/wp\/v2\/pages\/23"}],"wp:attachment":[{"href":"https:\/\/www.myphillylawyer.com\/es\/wp-json\/wp\/v2\/media?parent=285"}],"curies":[{"name":"wp","href":"https:\/\/api.w.org\/{rel}","templated":true}]}}