{"id":308,"date":"2016-11-14T15:04:18","date_gmt":"2016-11-14T20:04:18","guid":{"rendered":"http:\/\/myphillylawyer.adviadev.com\/?page_id=308"},"modified":"2024-04-30T16:12:49","modified_gmt":"2024-04-30T21:12:49","slug":"ahogamiento-accidental","status":"publish","type":"page","link":"https:\/\/www.myphillylawyer.com\/es\/areas-de-practica\/danos-personales\/responsabilidad-de-las-instalaciones\/ahogamiento-accidental\/","title":{"rendered":"Philadelphia Abogado de v\u00edctima de ahogamiento accidental"},"content":{"rendered":"<h1 class=\"wp-block-heading\">Representaci\u00f3n de familias de v\u00edctimas de ahogamiento accidental<\/h1>\n\n\n\n<p>Los ahogamientos accidentales no ocurren porque s\u00ed. Por lo general, hay alguna explicaci\u00f3n de por qu\u00e9 un ni\u00f1o se cay\u00f3 en una piscina, o c\u00f3mo un adulto no pod\u00eda nadar. Si esa explicaci\u00f3n se debe al descuido o negligencia de otra persona, es posible que tenga una demanda v\u00e1lida por homicidio culposo.<\/p>\n\n\n\n<p>En MyPhillyLawyer, representamos a familias que perdieron a un ser querido debido a un ahogamiento accidental. Hacemos responsables a las partes negligentes por no poner una valla alrededor de una piscina, por no advertir de superficies resbaladizas, por no tener un socorrista de guardia y por otras acciones negligentes. P\u00f3ngase en contacto con nosotros hoy mismo para tratar su reclamaci\u00f3n con un abogado experto en homicidio culposo.<\/p>\n\n\n\n<p>Nuestros casos var\u00edan desde el ni\u00f1o que corri\u00f3 en la piscina sin vigilancia de un vecino a la persona que se resbal\u00f3 en el lado de la piscina p\u00fablica y cay\u00f3 al agua. Cualquiera que sea el accidente, entendemos la carga emocional que tiene sobre usted y su familia. Proporcionamos el apoyo legal diligente que requiere su reclamaci\u00f3n para que pueda centrarse en lo que es realmente importante: llorar la p\u00e9rdida de su ser querido.<\/p>\n\n\n\n<p><strong>Maximizar la recuperaci\u00f3n de nuestros clientes<\/strong><\/p>\n\n\n\n<p>Nuestra <a href=\"https:\/\/www.myphillylawyer.com\/es\/\">Philadelphia abogados de v\u00edctimas de ahogamiento accidental<\/a> est\u00e1n comprometidos a maximizar su recuperaci\u00f3n por la p\u00e9rdida de la vida, da\u00f1os emocionales, gastos funerarios, p\u00e9rdida de salarios y otros costos asociados. Ninguna cantidad de dinero podr\u00e1 reemplazar a su ser querido. Pero puede darle la seguridad financiera que necesita para seguir adelante. Adem\u00e1s, ganar su caso puede traer alg\u00fan sentido de cierre despu\u00e9s del tr\u00e1gico accidente.<\/p>\n\n\n\n<p><strong>Llame al Philly Abogado de V\u00edctima de Ahogamiento Accidental al 215-227-2727 para Discutir su Caso<\/strong><\/p>\n\n\n\n<p><a href=\"\/es\/pongase-en-contacto-con\/\">P\u00f3ngase en contacto con<\/a> el <a href=\"https:\/\/www.myphillylawyer.com\/es\/areas-de-practica\/danos-personales\/lesiones-graves\/muerte-por-negligencia\/\">abogados de muerte por negligencia<\/a> en el MyPhillyLawyer para concertar una consulta gratuita sobre su demanda por ahogamiento accidental. Ofrecemos la representaci\u00f3n compasiva que necesita para proteger sus derechos y recuperar la compensaci\u00f3n que se merece.<\/p>","protected":false},"excerpt":{"rendered":"<p>Representaci\u00f3n de Familias de V\u00edctimas de Ahogamiento Accidental El ahogamiento accidental no ocurre porque s\u00ed. Por lo general, hay alguna explicaci\u00f3n de por qu\u00e9 un ni\u00f1o se cay\u00f3 en una piscina, o c\u00f3mo un adulto no pod\u00eda nadar. Si esa explicaci\u00f3n se debe al descuido o negligencia de otra persona, es posible que tenga una demanda v\u00e1lida por homicidio culposo. En MyPhillyLawyer, representamos...<\/p>","protected":false},"author":9,"featured_media":0,"parent":304,"menu_order":0,"comment_status":"closed","ping_status":"closed","template":"","meta":{"_acf_changed":false,"jetpack_post_was_ever_published":false,"footnotes":""},"class_list":["post-308","page","type-page","status-publish","hentry"],"acf":[],"jetpack_sharing_enabled":true,"_links":{"self":[{"href":"https:\/\/www.myphillylawyer.com\/es\/wp-json\/wp\/v2\/pages\/308","targetHints":{"allow":["GET"]}}],"collection":[{"href":"https:\/\/www.myphillylawyer.com\/es\/wp-json\/wp\/v2\/pages"}],"about":[{"href":"https:\/\/www.myphillylawyer.com\/es\/wp-json\/wp\/v2\/types\/page"}],"author":[{"embeddable":true,"href":"https:\/\/www.myphillylawyer.com\/es\/wp-json\/wp\/v2\/users\/9"}],"replies":[{"embeddable":true,"href":"https:\/\/www.myphillylawyer.com\/es\/wp-json\/wp\/v2\/comments?post=308"}],"version-history":[{"count":6,"href":"https:\/\/www.myphillylawyer.com\/es\/wp-json\/wp\/v2\/pages\/308\/revisions"}],"predecessor-version":[{"id":11612,"href":"https:\/\/www.myphillylawyer.com\/es\/wp-json\/wp\/v2\/pages\/308\/revisions\/11612"}],"up":[{"embeddable":true,"href":"https:\/\/www.myphillylawyer.com\/es\/wp-json\/wp\/v2\/pages\/304"}],"wp:attachment":[{"href":"https:\/\/www.myphillylawyer.com\/es\/wp-json\/wp\/v2\/media?parent=308"}],"curies":[{"name":"wp","href":"https:\/\/api.w.org\/{rel}","templated":true}]}}