{"id":33,"date":"2016-10-24T04:48:26","date_gmt":"2016-10-24T04:48:26","guid":{"rendered":"http:\/\/myphillylawyer.adviadev.com\/?page_id=33"},"modified":"2024-04-29T19:31:31","modified_gmt":"2024-04-30T00:31:31","slug":"planificacion-patrimonial","status":"publish","type":"page","link":"https:\/\/www.myphillylawyer.com\/es\/areas-de-practica\/planificacion-patrimonial\/","title":{"rendered":"Philadelphia Abogados Planificaci\u00f3n Patrimonial"},"content":{"rendered":"<h1 class=\"wp-block-heading\">Philadelphia Abogados Planificaci\u00f3n Patrimonial<\/h1>\n\n\n\n<p>En el bufete de abogados Philadelphia de MyPhillyLawyer, ofrecer un servicio de calidad a nuestros clientes es una de nuestras principales prioridades. Reconocemos que muchas personas prefieren no contemplar las cuestiones relacionadas con la muerte o la incapacidad. Tambi\u00e9n somos conscientes de las consecuencias de ignorar estas cuestiones por completo. Por lo tanto, adoptamos un enfoque proactivo para explicar la ley, informar a nuestros clientes de sus opciones y permitirles tomar decisiones inteligentes.<\/p>\n\n\n\n<p>Para hablar con un abogado especializado en planificaci\u00f3n patrimonial del Philadelphia sobre sus necesidades de protecci\u00f3n de activos, ll\u00e1menos gratis al (866) 352-4572 hoy mismo.<\/p>\n\n\n\n<h4 class=\"wp-block-heading\">Elaboraci\u00f3n de planes inmobiliarios de alta calidad en Philadelphia<\/h4>\n\n\n\n<p>Nuestros abogados de planificaci\u00f3n patrimonial Philadelphia ayudan a los clientes a transmitir sus deseos a sus seres queridos a trav\u00e9s de planes patrimoniales cuidadosamente redactados. Estos planes pueden ser tan simples o tan complejos como el cliente necesite o elija. Nuestra pr\u00e1ctica de planificaci\u00f3n patrimonial incluye:<\/p>\n\n\n\n<p><strong><a href=\"\/es\/areas-de-practica\/planificacion-patrimonial\/testamentos-e-impugnacion-de-testamentos\/\">Testamentos e impugnaciones de testamentos<\/a><\/strong>: Podemos ayudarle a expresar sus deseos con respecto a la distribuci\u00f3n de la propiedad a trav\u00e9s de una \u00faltima voluntad y testamento. Podemos ayudarle a evitar impugnaciones de testamento entre los miembros de la familia asegur\u00e1ndonos de que el proceso de cumplimentaci\u00f3n y ejecuci\u00f3n de su testamento sea v\u00e1lido.<\/p>\n\n\n\n<p><strong><a href=\"\/es\/areas-de-practica\/planificacion-patrimonial\/testamentos-vitales\/\">Testamentos vitales<\/a><\/strong>: Exprese sus decisiones sobre el final de la vida a sus seres queridos y a los profesionales m\u00e9dicos mediante un testamento vital (tambi\u00e9n conocido como instrucciones anticipadas de asistencia sanitaria).<\/p>\n\n\n\n<p><strong><a href=\"\/es\/areas-de-practica\/planificacion-patrimonial\/poder-notarial\/\">Poder de representaci\u00f3n<\/a><\/strong>: Un poder notarial para la atenci\u00f3n sanitaria le permite designar a alguien para que tome decisiones sobre su atenci\u00f3n sanitaria en caso de que usted quede incapacitado para tomarlas.<\/p>\n\n\n\n<p><strong><a href=\"\/es\/areas-de-practica\/planificacion-patrimonial\/necesita-un-fideicomiso\/\">Fideicomisos<\/a><\/strong>: Las personas tienen diferentes razones para utilizar fideicomisos en su plan sucesorio: donaciones ben\u00e9ficas, control, evitar la sucesi\u00f3n y muchos otros factores. Le ayudamos a evaluar sus necesidades y a determinar si un fideicomiso es un instrumento adecuado para su plan sucesorio.<\/p>\n\n\n\n<p><strong><a href=\"\/es\/areas-de-practica\/planificacion-patrimonial\/servicios-de-planificacion-patrimonial-tras-el-divorcio\/\">Servicios de planificaci\u00f3n patrimonial tras el divorcio<\/a><\/strong>: Un testamento o plan de sucesi\u00f3n que se estableci\u00f3 hace a\u00f1os puede no reflejar sus deseos actuales, especialmente despu\u00e9s de un divorcio. Podemos ayudarle a modificar los planes de sucesi\u00f3n o a establecer nuevos planes de sucesi\u00f3n tras cambios familiares.<\/p>","protected":false},"excerpt":{"rendered":"<p>Philadelphia Abogados de Planificaci\u00f3n Patrimonial En el bufete de abogados Philadelphia de MyPhillyLawyer, proporcionar un servicio de calidad a nuestros clientes es una prioridad. Reconocemos que muchas personas prefieren no contemplar las cuestiones relacionadas con la muerte o la incapacidad. Tambi\u00e9n reconocemos las consecuencias de ignorar estas cuestiones por completo. Por lo tanto, adoptamos un enfoque proactivo para explicar la ley,...<\/p>","protected":false},"author":9,"featured_media":10993,"parent":6,"menu_order":0,"comment_status":"closed","ping_status":"closed","template":"","meta":{"_acf_changed":false,"jetpack_post_was_ever_published":false,"footnotes":""},"class_list":["post-33","page","type-page","status-publish","has-post-thumbnail","hentry"],"acf":[],"jetpack_sharing_enabled":true,"_links":{"self":[{"href":"https:\/\/www.myphillylawyer.com\/es\/wp-json\/wp\/v2\/pages\/33","targetHints":{"allow":["GET"]}}],"collection":[{"href":"https:\/\/www.myphillylawyer.com\/es\/wp-json\/wp\/v2\/pages"}],"about":[{"href":"https:\/\/www.myphillylawyer.com\/es\/wp-json\/wp\/v2\/types\/page"}],"author":[{"embeddable":true,"href":"https:\/\/www.myphillylawyer.com\/es\/wp-json\/wp\/v2\/users\/9"}],"replies":[{"embeddable":true,"href":"https:\/\/www.myphillylawyer.com\/es\/wp-json\/wp\/v2\/comments?post=33"}],"version-history":[{"count":6,"href":"https:\/\/www.myphillylawyer.com\/es\/wp-json\/wp\/v2\/pages\/33\/revisions"}],"predecessor-version":[{"id":11532,"href":"https:\/\/www.myphillylawyer.com\/es\/wp-json\/wp\/v2\/pages\/33\/revisions\/11532"}],"up":[{"embeddable":true,"href":"https:\/\/www.myphillylawyer.com\/es\/wp-json\/wp\/v2\/pages\/6"}],"wp:featuredmedia":[{"embeddable":true,"href":"https:\/\/www.myphillylawyer.com\/es\/wp-json\/wp\/v2\/media\/10993"}],"wp:attachment":[{"href":"https:\/\/www.myphillylawyer.com\/es\/wp-json\/wp\/v2\/media?parent=33"}],"curies":[{"name":"wp","href":"https:\/\/api.w.org\/{rel}","templated":true}]}}