{"id":339,"date":"2016-11-14T15:10:23","date_gmt":"2016-11-14T20:10:23","guid":{"rendered":"http:\/\/myphillylawyer.adviadev.com\/?page_id=339"},"modified":"2024-05-01T10:55:19","modified_gmt":"2024-05-01T15:55:19","slug":"malla-transvaginal-faq","status":"publish","type":"page","link":"https:\/\/www.myphillylawyer.com\/es\/areas-de-practica\/danos-personales\/responsabilidad-del-producto\/malla-transvaginal-faq\/","title":{"rendered":"Preguntas frecuentes sobre la malla transvaginal"},"content":{"rendered":"<h1 class=\"wp-block-heading\">Preguntas frecuentes sobre la malla transvaginal<\/h1>\n\n\n\n<h4 class=\"wp-block-heading\">\u00bfQu\u00e9 es la malla transvaginal?<\/h4>\n\n\n\n<p>La malla transvaginal (MTV) es una malla sint\u00e9tica que se implanta en las mujeres para tratar el prolapso de \u00f3rganos p\u00e9lvicos (cuando los \u00f3rganos p\u00e9lvicos se salen de su sitio) y la incontinencia urinaria de esfuerzo (p\u00e9rdidas involuntarias de orina).<\/p>\n\n\n\n<p>En todo el mundo, cientos de miles de mujeres se han sometido a cirug\u00eda para implantar mallas transvaginales. Por desgracia, decenas de miles de esas mujeres han sufrido lesiones inesperadas por la malla transvaginal.<\/p>\n\n\n\n<h4 class=\"wp-block-heading\">\u00bfQu\u00e9 lesiones provocan los implantes de malla transvaginal?<\/h4>\n\n\n\n<p>Se ha demostrado que las mallas transvaginales causan numerosas lesiones, entre ellas:<\/p>\n\n\n\n<ul class=\"wp-block-list\">\n<li>Infecciones<\/li>\n\n\n\n<li>Hemorragia interna<\/li>\n\n\n\n<li>Da\u00f1o nervioso<\/li>\n\n\n\n<li>Perforaci\u00f3n de otros \u00f3rganos y vasos sangu\u00edneos<\/li>\n\n\n\n<li>Erosi\u00f3n de la malla vaginal<\/li>\n\n\n\n<li>Problemas\/dolor al orinar<\/li>\n\n\n\n<li>Reaparici\u00f3n de la afecci\u00f3n tratada (incontinencia o recidiva p\u00e9lvica)<\/li>\n\n\n\n<li>Dolor durante las relaciones sexuales<\/li>\n<\/ul>\n\n\n\n<h4 class=\"wp-block-heading\">\u00bfPuedo presentar una demanda por mis lesiones causadas por la malla vaginal?<\/h4>\n\n\n\n<p>Lo m\u00e1s probable. De hecho, miles de mujeres ya han presentado demandas contra empresas de MTV por sus lesiones causadas por mallas vaginales. Por ejemplo, una mujer recuper\u00f3 m\u00e1s de $11 millones, incluidos $7,76 millones en da\u00f1os punitivos, despu\u00e9s de que su malla transvaginal Gynecare Prolift se erosionara y le obligara a someterse al menos a 18 intervenciones quir\u00fargicas para reparar los da\u00f1os.<\/p>\n\n\n\n<p>Cada caso de malla transvaginal ser\u00e1 \u00fanico y conducir\u00e1 a resultados diferentes. Sin embargo, si usted ha sufrido lesiones a causa de su malla transvaginal, puede y debe exigir responsabilidades a su compa\u00f1\u00eda de TVM.<\/p>\n\n\n\n<p>Llame al MyPhillyLawyer, al (866) 352-4572 para hablar de su caso con un abogado experto en mallas vaginales en el Philadelphia.<\/p>\n\n\n\n<p>Nota sobre las mallas abdominales: No representamos a clientes que hayan sufrido lesiones por mallas instaladas abdominalmente.<\/p>\n\n\n\n<h4 class=\"wp-block-heading\">\u00bfCu\u00e1nto dinero recibir\u00e9 por mis lesiones causadas por la malla transvaginal?<\/h4>\n\n\n\n<p>La cantidad de dinero que puede recuperar demandando a su empresa de mallas transvaginales depender\u00e1 de varios factores, entre ellos:<\/p>\n\n\n\n<ul class=\"wp-block-list\">\n<li>La gravedad de sus lesiones<\/li>\n\n\n\n<li>La permanencia de sus lesiones<\/li>\n\n\n\n<li>El coste de las cirug\u00edas de revisi\u00f3n y la rehabilitaci\u00f3n<\/li>\n\n\n\n<li>La cantidad de dolor y sufrimiento que ha experimentado<\/li>\n\n\n\n<li>La p\u00e9rdida de ingresos que ha sufrido como consecuencia de sus lesiones por malla<\/li>\n\n\n\n<li>\u00bfQu\u00e9 empresa fabric\u00f3 su malla transvaginal?<\/li>\n\n\n\n<li>Las advertencias que recibi\u00f3 antes de la cirug\u00eda de malla vaginal<\/li>\n<\/ul>\n\n\n\n<p>Incluso el abogado que contrate y el juez que supervise su caso pueden afectar al resultado. Por eso es importante contratar a un abogado experto en mallas transvaginales que descubra las pruebas de todas sus lesiones, no solo las f\u00edsicas, sino tambi\u00e9n las econ\u00f3micas y psicol\u00f3gicas.<\/p>\n\n\n\n<h4 class=\"wp-block-heading\">\u00bfCu\u00e1ntas mujeres han resultado heridas por mallas transvaginales?<\/h4>\n\n\n\n<p>Si ha sufrido lesiones por un implante de malla transvaginal, no est\u00e1 sola. M\u00e1s de 4.000 mujeres han presentado quejas ante la Food and Drug Administration (FDA) en relaci\u00f3n con sus mallas transvaginales, y hay m\u00e1s de 20.000 casos en los tribunales federales.<\/p>\n\n\n\n<h4 class=\"wp-block-heading\">\u00bfQu\u00e9 dice la FDA sobre los implantes de malla transvaginal?<\/h4>\n\n\n\n<p>La FDA ha emitido m\u00faltiples notificaciones de salud p\u00fablica destacando las complicaciones causadas por los implantes de malla transvaginal, afirmando que \"la malla quir\u00fargica para la reparaci\u00f3n transvaginal del POP [es] un \u00e1rea de continua y seria preocupaci\u00f3n. ... Las complicaciones graves asociadas a la malla quir\u00fargica para la reparaci\u00f3n transvaginal del POP no son raras\". Ofreci\u00f3 una serie de recomendaciones para los profesionales sanitarios y las pacientes y persuadi\u00f3 a algunos fabricantes para que retiraran del mercado sus productos de malla transvaginal.<\/p>\n\n\n\n<p>En 2012, la FDA emiti\u00f3 \"522 \u00f3rdenes\" a las empresas, exigi\u00e9ndoles que estudiaran los riesgos de los implantes de malla transvaginal.<\/p>\n\n\n\n<h4 class=\"wp-block-heading\">\u00bfPor qu\u00e9 siguen en el mercado las mallas transvaginales?<\/h4>\n\n\n\n<p>Mientras que algunas empresas de mallas vaginales han retirado sus productos del mercado, otras sostienen que las mallas no son defectuosas y se\u00f1alan a los cirujanos que las instalaron. Tambi\u00e9n sostienen que las mallas han beneficiado o \"curado\" a miles de mujeres que sufr\u00edan prolapso de \u00f3rganos p\u00e9lvicos e incontinencia urinaria de esfuerzo.<\/p>\n\n\n\n<p>Los resultados de los estudios ordenados por la FDA en 2012 pueden dar lugar a retiradas adicionales.<\/p>\n\n\n\n<h4 class=\"wp-block-heading\">\u00bfQu\u00e9 empresas son responsables de las lesiones causadas por las mallas transvaginales?<\/h4>\n\n\n\n<p>Las siguientes empresas est\u00e1n implicadas actualmente en litigios multidistrito sobre mallas transvaginales:<\/p>\n\n\n\n<ul class=\"wp-block-list\">\n<li>American Medical Systems Inc.<\/li>\n\n\n\n<li>Boston Scientific Corp.<\/li>\n\n\n\n<li>C.R. Bard Inc.<\/li>\n\n\n\n<li>Colopast Corp.<\/li>\n\n\n\n<li>Cook Medical Inc.<\/li>\n\n\n\n<li>Ethicon Inc.<\/li>\n<\/ul>\n\n\n\n<h4 class=\"wp-block-heading\">\u00bfCon qui\u00e9n debes hablar sobre tus lesiones por mallas vaginales?<\/h4>\n\n\n\n<p>Un abogado con experiencia en la ley de defectos de productos puede ayudarle a discutir sus opciones para recuperar la compensaci\u00f3n por sus lesiones de malla vaginal. Llame hoy al MyPhillyLawyer al (866) 352-4572 o al <a href=\"\/es\/pongase-en-contacto-con\/\">env\u00edenos un correo electr\u00f3nico<\/a> para una consulta gratuita.<\/p>\n\n\n\n<p>Si decidimos trabajar juntos, no nos pagar\u00e1 hasta que recuperemos una indemnizaci\u00f3n para usted. \u00bfSin indemnizaci\u00f3n? Sin honorarios. Estamos dispuestos a arriesgar tanto como usted porque queremos que estas empresas respondan por las lesiones que han causado.<\/p>","protected":false},"excerpt":{"rendered":"<p>Preguntas frecuentes sobre la malla transvaginal \u00bfQu\u00e9 es la malla transvaginal? La malla transvaginal (MTV) es una malla sint\u00e9tica que se implanta en las mujeres para tratar el prolapso de \u00f3rganos p\u00e9lvicos (cuando los \u00f3rganos p\u00e9lvicos se salen de su sitio) y la incontinencia urinaria de esfuerzo (p\u00e9rdidas involuntarias de orina). En todo el mundo, cientos de miles de mujeres se han sometido a cirug\u00eda para implantar mallas transvaginales. Por desgracia, decenas de miles de esas...<\/p>","protected":false},"author":9,"featured_media":11009,"parent":322,"menu_order":0,"comment_status":"closed","ping_status":"closed","template":"","meta":{"_acf_changed":false,"jetpack_post_was_ever_published":false,"footnotes":""},"class_list":["post-339","page","type-page","status-publish","has-post-thumbnail","hentry"],"acf":[],"jetpack_sharing_enabled":true,"_links":{"self":[{"href":"https:\/\/www.myphillylawyer.com\/es\/wp-json\/wp\/v2\/pages\/339","targetHints":{"allow":["GET"]}}],"collection":[{"href":"https:\/\/www.myphillylawyer.com\/es\/wp-json\/wp\/v2\/pages"}],"about":[{"href":"https:\/\/www.myphillylawyer.com\/es\/wp-json\/wp\/v2\/types\/page"}],"author":[{"embeddable":true,"href":"https:\/\/www.myphillylawyer.com\/es\/wp-json\/wp\/v2\/users\/9"}],"replies":[{"embeddable":true,"href":"https:\/\/www.myphillylawyer.com\/es\/wp-json\/wp\/v2\/comments?post=339"}],"version-history":[{"count":4,"href":"https:\/\/www.myphillylawyer.com\/es\/wp-json\/wp\/v2\/pages\/339\/revisions"}],"predecessor-version":[{"id":11690,"href":"https:\/\/www.myphillylawyer.com\/es\/wp-json\/wp\/v2\/pages\/339\/revisions\/11690"}],"up":[{"embeddable":true,"href":"https:\/\/www.myphillylawyer.com\/es\/wp-json\/wp\/v2\/pages\/322"}],"wp:featuredmedia":[{"embeddable":true,"href":"https:\/\/www.myphillylawyer.com\/es\/wp-json\/wp\/v2\/media\/11009"}],"wp:attachment":[{"href":"https:\/\/www.myphillylawyer.com\/es\/wp-json\/wp\/v2\/media?parent=339"}],"curies":[{"name":"wp","href":"https:\/\/api.w.org\/{rel}","templated":true}]}}