{"id":351,"date":"2016-11-15T11:51:38","date_gmt":"2016-11-15T16:51:38","guid":{"rendered":"http:\/\/myphillylawyer.adviadev.com\/?page_id=351"},"modified":"2024-05-01T10:59:51","modified_gmt":"2024-05-01T15:59:51","slug":"lesiones-de-espalda-y-cuello","status":"publish","type":"page","link":"https:\/\/www.myphillylawyer.com\/es\/areas-de-practica\/danos-personales\/lesiones-graves\/lesiones-de-espalda-y-cuello\/","title":{"rendered":"Philadelphia Abogados de lesiones de espalda"},"content":{"rendered":"<h1 class=\"wp-block-heading\">Philadelphia Abogados de lesiones de espalda<\/h1>\n\n\n\n<p>Las fuerzas ejercidas sobre el cuerpo humano en un accidente suelen provocar lesiones catastr\u00f3ficas o la muerte. Despu\u00e9s, las compa\u00f1\u00edas de seguros ejercen un segundo tipo de fuerza al intentar eludir su responsabilidad o presionar a los demandantes para que acepten condiciones de liquidaci\u00f3n menos justas.<\/p>\n\n\n\n<p>No se lo permitas.<\/p>\n\n\n\n<p><strong>La experiencia cuenta en las lesiones de espalda<\/strong><\/p>\n\n\n\n<p>En MyPhillyLawyer, representamos a clientes de toda Pennsylvania que han sufrido graves lesiones en el cuello y la espalda en accidentes automovil\u00edsticos y otros actos de negligencia. Estas lesiones pueden conducir a una vida de dolor y la p\u00e9rdida de su capacidad para disfrutar de la vida. Ponemos m\u00e1s de 100 a\u00f1os de experiencia combinada a trabajar para ayudarle a recuperar una compensaci\u00f3n completa y justa por su sufrimiento.<\/p>\n\n\n\n<h4 class=\"wp-block-heading\">Casos de lesiones de espalda y cuello que llevamos<\/h4>\n\n\n\n<p>Ll\u00e1menos gratis al (866) 352-4572 para discutir su demanda por accidente. Manejamos la espalda y el cuello reclamaciones por lesiones que implican:<\/p>\n\n\n\n<ul class=\"wp-block-list\">\n<li>Fracturas cervicales en la zona del cuello<\/li>\n\n\n\n<li>Luxaci\u00f3n cervical en la zona del cuello<\/li>\n\n\n\n<li>Lesiones discales cervicales<\/li>\n\n\n\n<li>Discos abultados<\/li>\n\n\n\n<li>Discos salientes<\/li>\n\n\n\n<li>Hernias discales<\/li>\n\n\n\n<li>Lesiones de la m\u00e9dula espinal<\/li>\n<\/ul>\n\n\n\n<p>Algunas personas tienden a descartar una distensi\u00f3n de hombro o un dolor de cuello como una lesi\u00f3n \"menor\" y demasiado insignificante para presentar una demanda. No cometa este error. Las lesiones de espalda y cuello pueden provocar un dolor cr\u00f3nico que puede afectar a otros movimientos musculares. Pueden impedirle ir a trabajar. En MyPhillyLawyer, ninguna lesi\u00f3n es demasiado leve para que consideremos una demanda por lesiones personales.<\/p>\n\n\n\n<h2 class=\"wp-block-heading\">\u00bfPor qu\u00e9 contratar a nuestros abogados de lesiones de espalda Philly?<\/h2>\n\n\n\n<p>En todos nuestros casos de lesiones graves, la planificaci\u00f3n adecuada de los cuidados de por vida es una preocupaci\u00f3n fundamental. Como empresa, trabajamos con profesionales m\u00e9dicos y otros para analizar y evaluar con precisi\u00f3n el alcance total de sus necesidades de por vida en el tratamiento de estas lesiones. Nuestra experiencia en el desarrollo de planes de atenci\u00f3n de vida es un gran beneficio para nuestros clientes, porque una vez que un caso se ha resuelto o ha ido a veredicto, la obtenci\u00f3n de una indemnizaci\u00f3n para cubrir las necesidades que no se consideraron adecuadamente de antemano ya no es una opci\u00f3n.<\/p>\n\n\n\n<p>Tambi\u00e9n ofrecemos:<\/p>\n\n\n\n<ul class=\"wp-block-list\">\n<li>Visitas a domicilio, hospitalarias y fuera de las instalaciones<\/li>\n\n\n\n<li>Citas por la tarde y los fines de semana<\/li>\n\n\n\n<li>Servicio telef\u00f3nico 24 horas<\/li>\n<\/ul>\n\n\n\n<p>Nuestros servicios no conllevan obligaciones financieras ocultas para usted. Cubrimos todos los costos relacionados con el desarrollo de su caso y no buscamos ning\u00fan reembolso u honorarios de abogados a menos que seamos capaces de obtener una indemnizaci\u00f3n por lesiones o veredicto en su nombre.<\/p>\n\n\n\n<p><strong>Llame a MiPhillyLawayer al 215-227-2727 para una consulta gratuita<\/strong><\/p>\n\n\n\n<p>Para su consulta gratuita y sin riesgos, <a href=\"\/es\/pongase-en-contacto-con\/\">p\u00f3ngase en contacto con<\/a> un abogado de lesiones de espalda Philadelphia en MyPhillyLawyer hoy.<\/p>","protected":false},"excerpt":{"rendered":"<p>Philadelphia Abogados especialistas en lesiones de espalda Las fuerzas ejercidas sobre el cuerpo humano en un accidente suelen provocar lesiones catastr\u00f3ficas o la muerte. En las secuelas, las compa\u00f1\u00edas de seguros ejercen un segundo tipo de fuerza, ya que tratan de eludir la responsabilidad o de obligar a los demandantes a aceptar condiciones de liquidaci\u00f3n menos justas. No se lo permita. La experiencia cuenta a la hora de...<\/p>","protected":false},"author":9,"featured_media":11009,"parent":347,"menu_order":0,"comment_status":"closed","ping_status":"closed","template":"","meta":{"_acf_changed":false,"jetpack_post_was_ever_published":false,"footnotes":""},"class_list":["post-351","page","type-page","status-publish","has-post-thumbnail","hentry"],"acf":[],"jetpack_sharing_enabled":true,"_links":{"self":[{"href":"https:\/\/www.myphillylawyer.com\/es\/wp-json\/wp\/v2\/pages\/351","targetHints":{"allow":["GET"]}}],"collection":[{"href":"https:\/\/www.myphillylawyer.com\/es\/wp-json\/wp\/v2\/pages"}],"about":[{"href":"https:\/\/www.myphillylawyer.com\/es\/wp-json\/wp\/v2\/types\/page"}],"author":[{"embeddable":true,"href":"https:\/\/www.myphillylawyer.com\/es\/wp-json\/wp\/v2\/users\/9"}],"replies":[{"embeddable":true,"href":"https:\/\/www.myphillylawyer.com\/es\/wp-json\/wp\/v2\/comments?post=351"}],"version-history":[{"count":5,"href":"https:\/\/www.myphillylawyer.com\/es\/wp-json\/wp\/v2\/pages\/351\/revisions"}],"predecessor-version":[{"id":11699,"href":"https:\/\/www.myphillylawyer.com\/es\/wp-json\/wp\/v2\/pages\/351\/revisions\/11699"}],"up":[{"embeddable":true,"href":"https:\/\/www.myphillylawyer.com\/es\/wp-json\/wp\/v2\/pages\/347"}],"wp:featuredmedia":[{"embeddable":true,"href":"https:\/\/www.myphillylawyer.com\/es\/wp-json\/wp\/v2\/media\/11009"}],"wp:attachment":[{"href":"https:\/\/www.myphillylawyer.com\/es\/wp-json\/wp\/v2\/media?parent=351"}],"curies":[{"name":"wp","href":"https:\/\/api.w.org\/{rel}","templated":true}]}}