{"id":355,"date":"2016-11-15T11:52:05","date_gmt":"2016-11-15T16:52:05","guid":{"rendered":"http:\/\/myphillylawyer.adviadev.com\/?page_id=355"},"modified":"2024-05-01T11:01:40","modified_gmt":"2024-05-01T16:01:40","slug":"quemaduras","status":"publish","type":"page","link":"https:\/\/www.myphillylawyer.com\/es\/areas-de-practica\/danos-personales\/lesiones-graves\/quemaduras\/","title":{"rendered":"Philadelphia Abogado de v\u00edctimas de quemaduras"},"content":{"rendered":"<h1 class=\"wp-block-heading\">Abogados en busca de compensaci\u00f3n para las v\u00edctimas de lesiones por quemaduras<\/h1>\n\n\n\n<p>Los Philadelphia abogados de v\u00edctimas de lesiones por quemaduras de MyPhillyLawyer comprenden las graves consecuencias f\u00edsicas, emocionales y financieras de las lesiones por quemaduras. Nuestro bufete de abogados, MyPhillyLawyer, ha obtenido cantidades sustanciales de compensaci\u00f3n financiera para las personas que sufrieron graves lesiones por quemaduras causadas por la negligencia de otros.<\/p>\n\n\n\n<p><strong>Ejemplos de casos de lesiones por quemaduras que manejamos<\/strong><\/p>\n\n\n\n<p>Representamos a las personas que han sufrido muchos tipos diferentes de lesiones por quemaduras, incluyendo:<\/p>\n\n\n\n<ul class=\"wp-block-list\">\n<li>Quemaduras t\u00e9rmicas por fuego o contacto con objetos calientes<\/li>\n\n\n\n<li>Escaldaduras por l\u00edquidos calientes o vapor<\/li>\n\n\n\n<li>Quemaduras qu\u00edmicas por contacto con sustancias c\u00e1usticas<\/li>\n\n\n\n<li>Quemaduras el\u00e9ctricas producidas por fuentes de energ\u00eda de baja o alta tensi\u00f3n, incluido el contacto con cables de alta tensi\u00f3n.<\/li>\n\n\n\n<li>Explosiones, desde explosiones de tuber\u00edas de gas a lesiones por arco el\u00e9ctrico, pasando por explosiones causadas por accidentes de tr\u00e1fico.<\/li>\n\n\n\n<li>Estad\u00edsticas sobre lesiones por quemaduras<\/li>\n<\/ul>\n\n\n\n<p>Estad\u00edsticas sobre lesiones por quemaduras: En Estados Unidos se registran aproximadamente 2,4 millones de quemaduras al a\u00f1o. Entre 8.000 y 12.000 de los pacientes con quemaduras mueren y aproximadamente un mill\u00f3n sufrir\u00e1n discapacidades importantes o permanentes como consecuencia de su lesi\u00f3n por quemadura. (Journal of Burn Care &amp; Rehabilitation, mayo\/junio de 1992).<\/p>\n\n\n\n<p><strong>Las quemaduras graves requieren una indemnizaci\u00f3n grave<\/strong><\/p>\n\n\n\n<p>Extremadamente dolorosas y debilitantes, las lesiones graves por quemaduras pueden requerir tratamiento especializado en una unidad de quemados y m\u00faltiples intervenciones quir\u00fargicas, incluidos injertos de piel y cirug\u00eda pl\u00e1stica. Incluso con los mejores cuidados, las v\u00edctimas de quemaduras pueden quedar con cicatrices f\u00edsicas y emocionales que duran toda la vida.<\/p>\n\n\n\n<p>Nuestros abogados de v\u00edctimas de lesiones por quemaduras Philadelphia determinar\u00e1n una estrategia para recuperar la compensaci\u00f3n total por todos los da\u00f1os causados por la parte o partes negligentes. Esto puede incluir dolor y sufrimiento, gastos m\u00e9dicos actuales y futuros relacionados con la lesi\u00f3n, salarios perdidos, p\u00e9rdida de potencial de ingresos futuros y mucho m\u00e1s.<\/p>\n\n\n\n<h2 class=\"wp-block-heading\">Llame a los abogados de lesiones por quemaduras Philly para una consulta gratuita: 215-227-2727<\/h2>\n\n\n\n<p><a href=\"\/es\/pongase-en-contacto-con\/\">P\u00f3ngase en contacto con<\/a> los abogados de lesiones por quemaduras de Philadelphia en MyPhillyLawyer para concertar una consulta gratuita sobre su caso. Nuestros abogados de lesiones personales representan a clientes en Philadelphia y en toda la zona circundante.<\/p>","protected":false},"excerpt":{"rendered":"<p>Abogados en busca de compensaci\u00f3n para v\u00edctimas de lesiones por quemaduras Los abogados de v\u00edctimas de lesiones por quemaduras de Philadelphia en MyPhillyLawyer entienden las graves consecuencias f\u00edsicas, emocionales y financieras de las lesiones por quemaduras. Nuestro bufete de abogados, MyPhillyLawyer, ha obtenido importantes cantidades de compensaci\u00f3n financiera para personas que sufrieron graves lesiones por quemaduras causadas por la negligencia de otros. Ejemplos de casos de lesiones por quemaduras...<\/p>","protected":false},"author":9,"featured_media":10815,"parent":347,"menu_order":0,"comment_status":"closed","ping_status":"closed","template":"","meta":{"_acf_changed":false,"footnotes":""},"class_list":["post-355","page","type-page","status-publish","has-post-thumbnail","hentry"],"acf":[],"jetpack_sharing_enabled":true,"_links":{"self":[{"href":"https:\/\/www.myphillylawyer.com\/es\/wp-json\/wp\/v2\/pages\/355","targetHints":{"allow":["GET"]}}],"collection":[{"href":"https:\/\/www.myphillylawyer.com\/es\/wp-json\/wp\/v2\/pages"}],"about":[{"href":"https:\/\/www.myphillylawyer.com\/es\/wp-json\/wp\/v2\/types\/page"}],"author":[{"embeddable":true,"href":"https:\/\/www.myphillylawyer.com\/es\/wp-json\/wp\/v2\/users\/9"}],"replies":[{"embeddable":true,"href":"https:\/\/www.myphillylawyer.com\/es\/wp-json\/wp\/v2\/comments?post=355"}],"version-history":[{"count":5,"href":"https:\/\/www.myphillylawyer.com\/es\/wp-json\/wp\/v2\/pages\/355\/revisions"}],"predecessor-version":[{"id":11703,"href":"https:\/\/www.myphillylawyer.com\/es\/wp-json\/wp\/v2\/pages\/355\/revisions\/11703"}],"up":[{"embeddable":true,"href":"https:\/\/www.myphillylawyer.com\/es\/wp-json\/wp\/v2\/pages\/347"}],"wp:featuredmedia":[{"embeddable":true,"href":"https:\/\/www.myphillylawyer.com\/es\/wp-json\/wp\/v2\/media\/10815"}],"wp:attachment":[{"href":"https:\/\/www.myphillylawyer.com\/es\/wp-json\/wp\/v2\/media?parent=355"}],"curies":[{"name":"wp","href":"https:\/\/api.w.org\/{rel}","templated":true}]}}