{"id":359,"date":"2016-11-15T11:52:33","date_gmt":"2016-11-15T16:52:33","guid":{"rendered":"http:\/\/myphillylawyer.adviadev.com\/?page_id=359"},"modified":"2024-09-23T18:02:28","modified_gmt":"2024-09-23T23:02:28","slug":"fracturas","status":"publish","type":"page","link":"https:\/\/www.myphillylawyer.com\/es\/areas-de-practica\/danos-personales\/lesiones-graves\/fracturas\/","title":{"rendered":"Philadelphia Abogado de lesiones por fractura \u00f3sea"},"content":{"rendered":"<h1 class=\"wp-block-heading\">Philadelphia Abogado de lesiones por fractura \u00f3sea<\/h1>\n\n\n\n<p>El tratamiento de algunos tipos de fracturas \u00f3seas no es tan sencillo como llevar una escayola durante unos meses y hacer un poco de rehabilitaci\u00f3n. Las fracturas compuestas, conminutas y por avulsi\u00f3n son extremadamente graves y pueden afectar a las personas de forma permanente. Si usted ha sufrido una fractura grave de esta naturaleza como resultado de un accidente de veh\u00edculo de motor, llame a MyPhillyLawyer al (866) 352-4572 para discutir su caso.<\/p>\n\n\n\n<h4 class=\"wp-block-heading\">Ejemplos de fracturas<\/h4>\n\n\n\n<p>Entre los tipos espec\u00edficos de fracturas que pueden causar efectos debilitantes a largo plazo se incluyen:<\/p>\n\n\n\n<ul class=\"wp-block-list\">\n<li>V\u00e9rtebras rotas en el cuello o la espalda<\/li>\n\n\n\n<li>Rotura de huesos p\u00e9lvicos o de la cadera<\/li>\n\n\n\n<li>R\u00f3tulas rotas<\/li>\n\n\n\n<li>Mu\u00f1ecas rotas<\/li>\n\n\n\n<li>Rotura de tobillos<\/li>\n\n\n\n<li>Rotura de los huesos tarsianos (pies)<\/li>\n<\/ul>\n\n\n\n<p>Nuestra <a href=\"https:\/\/www.myphillylawyer.com\/es\/areas-de-practica\/accidentes-de-trafico-2\/\">Philadelphia abogados de accidentes de tr\u00e1fico y lesiones<\/a> tienen m\u00e1s de 100 a\u00f1os de experiencia combinada. Su atenci\u00f3n se centra en la ley de lesiones personales, y han recuperado millones de d\u00f3lares en veredictos y acuerdos para nuestros clientes lesionados. Ponga esta experiencia de su lado.<\/p>\n\n\n\n<p><strong>Un bufete de abogados con los recursos para recuperar la m\u00e1xima indemnizaci\u00f3n para usted<\/strong><\/p>\n\n\n\n<p>En todos nuestros casos de reclamaciones por lesiones por fractura, trabajamos con profesionales m\u00e9dicos y otras personas para analizar y evaluar con precisi\u00f3n el alcance total de sus necesidades futuras para hacer frente a estas lesiones. Esto es de vital importancia porque una vez que un caso se ha resuelto o se ha llegado a un veredicto, obtener una indemnizaci\u00f3n para cubrir las necesidades que no se consideraron adecuadamente de antemano ya no es una opci\u00f3n. Creamos planes de atenci\u00f3n vitalicia para evaluar todas sus necesidades financieras y trabajamos para recuperar esta cantidad en su demanda por lesiones personales. Nos comprometemos a ayudarle a usted y a su familia a recuperarse despu\u00e9s de un <a href=\"https:\/\/www.myphillylawyer.com\/es\/por-que-las-mujeres-tienen-mas-probabilidades-de-sufrir-lesiones-graves-o-fallecer-en-accidentes-de-trafico\/\">lesiones graves<\/a>.<\/p>\n\n\n\n<h2 class=\"wp-block-heading\">P\u00f3ngase en contacto con un abogado especializado en lesiones por fractura \u00f3sea Philly<\/h2>\n\n\n\n<p><strong>\u00bfSufri\u00f3 una fractura \u00f3sea debido a la negligencia de otra persona? Llame al 215-227-2727.<\/strong><\/p>\n\n\n\n<p>\u00bfSufri\u00f3 una fractura grave en una ca\u00edda en el trabajo o en un accidente de coche? \u00bfFue asaltado en un aparcamiento con iluminaci\u00f3n y seguridad limitadas? Si la negligencia contribuy\u00f3 a su fractura \u00f3sea, tiene derecho a presentar una demanda y solicitar una indemnizaci\u00f3n econ\u00f3mica completa y justa.<\/p>\n\n\n\n<p>Hemos ayudado a muchas personas en el \u00e1rea de Philadelphia y en toda Pennsylvania recuperar una compensaci\u00f3n justa por sus lesiones. <a href=\"\/es\/pongase-en-contacto-con\/\">P\u00f3ngase en contacto con<\/a> nuestros abogados de lesiones personales y aprender c\u00f3mo podemos ser capaces de ayudarle, tambi\u00e9n. Ofrecemos consultas iniciales gratuitas.<\/p>","protected":false},"excerpt":{"rendered":"<p>Philadelphia Abogado de lesiones por fractura \u00f3sea El tratamiento de algunos tipos de fracturas \u00f3seas no es tan sencillo como llevar una escayola durante unos meses y hacer un poco de rehabilitaci\u00f3n. Las fracturas compuestas, conminutas y por avulsi\u00f3n son extremadamente graves y pueden afectar a las personas de forma permanente. Si ha sufrido una fractura grave de esta naturaleza como consecuencia...<\/p>","protected":false},"author":9,"featured_media":10816,"parent":347,"menu_order":0,"comment_status":"closed","ping_status":"closed","template":"","meta":{"_acf_changed":false,"footnotes":""},"class_list":["post-359","page","type-page","status-publish","has-post-thumbnail","hentry"],"acf":[],"jetpack_sharing_enabled":true,"_links":{"self":[{"href":"https:\/\/www.myphillylawyer.com\/es\/wp-json\/wp\/v2\/pages\/359","targetHints":{"allow":["GET"]}}],"collection":[{"href":"https:\/\/www.myphillylawyer.com\/es\/wp-json\/wp\/v2\/pages"}],"about":[{"href":"https:\/\/www.myphillylawyer.com\/es\/wp-json\/wp\/v2\/types\/page"}],"author":[{"embeddable":true,"href":"https:\/\/www.myphillylawyer.com\/es\/wp-json\/wp\/v2\/users\/9"}],"replies":[{"embeddable":true,"href":"https:\/\/www.myphillylawyer.com\/es\/wp-json\/wp\/v2\/comments?post=359"}],"version-history":[{"count":6,"href":"https:\/\/www.myphillylawyer.com\/es\/wp-json\/wp\/v2\/pages\/359\/revisions"}],"predecessor-version":[{"id":12466,"href":"https:\/\/www.myphillylawyer.com\/es\/wp-json\/wp\/v2\/pages\/359\/revisions\/12466"}],"up":[{"embeddable":true,"href":"https:\/\/www.myphillylawyer.com\/es\/wp-json\/wp\/v2\/pages\/347"}],"wp:featuredmedia":[{"embeddable":true,"href":"https:\/\/www.myphillylawyer.com\/es\/wp-json\/wp\/v2\/media\/10816"}],"wp:attachment":[{"href":"https:\/\/www.myphillylawyer.com\/es\/wp-json\/wp\/v2\/media?parent=359"}],"curies":[{"name":"wp","href":"https:\/\/api.w.org\/{rel}","templated":true}]}}