{"id":363,"date":"2016-11-15T11:53:37","date_gmt":"2016-11-15T16:53:37","guid":{"rendered":"http:\/\/myphillylawyer.adviadev.com\/?page_id=363"},"modified":"2024-05-01T11:03:15","modified_gmt":"2024-05-01T16:03:15","slug":"lesiones-en-la-cabeza","status":"publish","type":"page","link":"https:\/\/www.myphillylawyer.com\/es\/areas-de-practica\/danos-personales\/lesiones-graves\/lesiones-en-la-cabeza\/","title":{"rendered":"Philadelphia Abogados de lesiones en la cabeza"},"content":{"rendered":"<p>Los abogados de lesiones personales Philadelphia en MyPhillyLawyer tienen una amplia experiencia en la representaci\u00f3n de las v\u00edctimas de lesiones en la cabeza.<\/p>\n\n\n\n<figure class=\"wp-block-image\"><img loading=\"lazy\" decoding=\"async\" width=\"725\" height=\"233\" src=\"[uploadurl]\/2016\/11\/random-1.jpg\" alt=\"\" class=\"wp-image-3667\" title=\"\" srcset=\"https:\/\/www.myphillylawyer.com\/wp-content\/uploads\/2016\/11\/random-1.jpg 725w, https:\/\/www.myphillylawyer.com\/wp-content\/uploads\/2016\/11\/random-1-300x96.jpg 300w\" sizes=\"auto, (max-width: 725px) 100vw, 725px\" \/><\/figure>\n\n\n\n<h4 class=\"wp-block-heading\">Tipos de casos que llevamos<\/h4>\n\n\n\n<p>Hemos obtenido importantes indemnizaciones y acuerdos para personas que sufrieron traumatismos craneoencef\u00e1licos en:<\/p>\n\n\n\n<ul class=\"wp-block-list\">\n<li><a href=\"\/es\/areas-de-practica\/accidentes-de-trafico-2\/car-accidents\/\">Accidentes de tr\u00e1fico<\/a><\/li>\n\n\n\n<li><a href=\"\/es\/areas-de-practica\/accidentes-de-trafico-2\/accidentes-de-camion\/\">Accidentes de camiones<\/a><\/li>\n\n\n\n<li>Ca\u00eddas en el trabajo<\/li>\n\n\n\n<li><a href=\"\/es\/areas-de-practica\/accidentes-de-trafico-2\/accidentes-de-moto\/\">Accidentes de moto<\/a><\/li>\n\n\n\n<li>Accidentes de ciclistas y peatones<\/li>\n\n\n\n<li>Casos de agresi\u00f3n y violencia dom\u00e9stica<\/li>\n\n\n\n<li>Y otros accidentes<\/li>\n\n\n\n<li>Lesiones graves en la cabeza<\/li>\n<\/ul>\n\n\n\n<p>Los traumatismos craneoencef\u00e1licos pueden ser desde conmociones cerebrales hasta traumatismos craneoencef\u00e1licos. Sea cual sea el diagn\u00f3stico, hay un factor com\u00fan: Los traumatismos craneoencef\u00e1licos son graves. Incluso las lesiones aparentemente menores pueden afectar a su trabajo y a su capacidad para recordar informaci\u00f3n. Las conmociones cerebrales y otros golpes en la cabeza tambi\u00e9n pueden provocar problemas m\u00e1s graves m\u00e1s adelante, como hemorragias cerebrales.<\/p>\n\n\n\n<p>Si usted o un ser querido sufrieron un accidente y se lesionaron la cabeza, busque atenci\u00f3n m\u00e9dica de inmediato. Aseg\u00farese de que el m\u00e9dico sabe que ha sufrido un accidente y de que documenta todas las visitas relacionadas con su lesi\u00f3n en la cabeza. Estas notas m\u00e9dicas desempe\u00f1ar\u00e1n un papel esencial a la hora de recuperar la indemnizaci\u00f3n m\u00e1xima o las prestaciones de compensaci\u00f3n de los trabajadores si se lesion\u00f3 en el trabajo.<\/p>\n\n\n\n<h2 class=\"wp-block-heading\">Llame a los abogados de lesiones en la cabeza Philly en 215-227-2727 para discutir su caso<\/h2>\n\n\n\n<p>En MyPhillyLawyer, entendemos la importancia de recuperar la compensaci\u00f3n por los gastos m\u00e9dicos, la p\u00e9rdida de salario del trabajo, y el dolor general y el sufrimiento de su lesi\u00f3n en la cabeza. Cuando tomamos su caso de lesiones personales, actuamos de inmediato para preservar las pruebas, entrevistar a testigos y tomar otras medidas para formar un caso fuerte y eficaz en su nombre. <a href=\"\/es\/pongase-en-contacto-con\/\">P\u00f3ngase en contacto con<\/a> los Philadelphia abogados de lesiones en la cabeza en MyPhillyLawyer hoy para una consulta gratuita y evaluaci\u00f3n de su caso. Representamos a clientes en toda Pennsylvania.<\/p>","protected":false},"excerpt":{"rendered":"<p>Los abogados de lesiones personales de Philadelphia en MyPhillyLawyer tienen amplia experiencia representando a v\u00edctimas de lesiones en la cabeza. Tipos de casos que manejamos Hemos obtenido importantes premios y asentamientos para las personas que sufrieron lesiones en la cabeza en: Las lesiones en la cabeza pueden ir desde conmociones cerebrales hasta lesiones cerebrales traum\u00e1ticas. No importa cu\u00e1l sea el diagn\u00f3stico, hay un factor com\u00fan: Las lesiones en la cabeza...<\/p>","protected":false},"author":9,"featured_media":10993,"parent":347,"menu_order":0,"comment_status":"closed","ping_status":"closed","template":"","meta":{"_acf_changed":false,"footnotes":""},"class_list":["post-363","page","type-page","status-publish","has-post-thumbnail","hentry"],"acf":[],"jetpack_sharing_enabled":true,"_links":{"self":[{"href":"https:\/\/www.myphillylawyer.com\/es\/wp-json\/wp\/v2\/pages\/363","targetHints":{"allow":["GET"]}}],"collection":[{"href":"https:\/\/www.myphillylawyer.com\/es\/wp-json\/wp\/v2\/pages"}],"about":[{"href":"https:\/\/www.myphillylawyer.com\/es\/wp-json\/wp\/v2\/types\/page"}],"author":[{"embeddable":true,"href":"https:\/\/www.myphillylawyer.com\/es\/wp-json\/wp\/v2\/users\/9"}],"replies":[{"embeddable":true,"href":"https:\/\/www.myphillylawyer.com\/es\/wp-json\/wp\/v2\/comments?post=363"}],"version-history":[{"count":5,"href":"https:\/\/www.myphillylawyer.com\/es\/wp-json\/wp\/v2\/pages\/363\/revisions"}],"predecessor-version":[{"id":11707,"href":"https:\/\/www.myphillylawyer.com\/es\/wp-json\/wp\/v2\/pages\/363\/revisions\/11707"}],"up":[{"embeddable":true,"href":"https:\/\/www.myphillylawyer.com\/es\/wp-json\/wp\/v2\/pages\/347"}],"wp:featuredmedia":[{"embeddable":true,"href":"https:\/\/www.myphillylawyer.com\/es\/wp-json\/wp\/v2\/media\/10993"}],"wp:attachment":[{"href":"https:\/\/www.myphillylawyer.com\/es\/wp-json\/wp\/v2\/media?parent=363"}],"curies":[{"name":"wp","href":"https:\/\/api.w.org\/{rel}","templated":true}]}}