{"id":382,"date":"2016-11-15T11:55:20","date_gmt":"2016-11-15T16:55:20","guid":{"rendered":"http:\/\/myphillylawyer.adviadev.com\/?page_id=382"},"modified":"2024-09-23T18:03:43","modified_gmt":"2024-09-23T23:03:43","slug":"lesion-cerebral-traumatica","status":"publish","type":"page","link":"https:\/\/www.myphillylawyer.com\/es\/areas-de-practica\/danos-personales\/lesiones-graves\/lesion-cerebral-traumatica\/","title":{"rendered":"Philadelphia Abogados de lesiones cerebrales traum\u00e1ticas"},"content":{"rendered":"<h1 class=\"wp-block-heading\">Philadelphia Abogados de lesiones cerebrales traum\u00e1ticas<\/h1>\n\n\n\n<p>Alrededor de 1,4 millones de personas sufren una lesi\u00f3n cerebral traum\u00e1tica cada a\u00f1o. Si usted es una de estas personas y su lesi\u00f3n cerebral fue causada por una negligencia, hable con un abogado especializado en lesiones personales que haya resuelto con \u00e9xito muchos de estos casos complejos.<\/p>\n\n\n\n<p><strong>Accidentes que causan lesiones cerebrales<\/strong><\/p>\n\n\n\n<p>Los Philadelphia abogados de lesiones cerebrales en MyPhillyLawyer tienen a\u00f1os de experiencia representando a clientes con lesiones cerebrales traum\u00e1ticas. Hemos obtenido millones de d\u00f3lares en veredictos y acuerdos en nombre de las personas que sufrieron lesiones cerebrales causadas por:<\/p>\n\n\n\n<ul class=\"wp-block-list\">\n<li>Accidentes de tr\u00e1fico<\/li>\n\n\n\n<li>Accidentes de camiones<\/li>\n\n\n\n<li>Accidentes de moto<\/li>\n\n\n\n<li>Cataratas<\/li>\n\n\n\n<li>Agresiones<\/li>\n\n\n\n<li>Accidentes en la construcci\u00f3n<\/li>\n<\/ul>\n\n\n\n<p><a href=\"\/es\/pongase-en-contacto-con\/\">P\u00f3ngase en contacto con nuestro bufete hoy mismo<\/a> para saber c\u00f3mo podemos ayudarle.<\/p>\n\n\n\n<p><strong>\u00bfQu\u00e9 es un traumatismo craneoencef\u00e1lico?<\/strong><\/p>\n\n\n\n<p>Un golpe en la cabeza lo suficientemente fuerte como para alterar las funciones cerebrales provoca un traumatismo craneoencef\u00e1lico (TCE). Las lesiones cerebrales traum\u00e1ticas tambi\u00e9n pueden producirse por un movimiento r\u00e1pido y de vaiv\u00e9n del cerebro dentro del cr\u00e1neo. Este movimiento es lo que da\u00f1a el cerebro en los casos de s\u00edndrome del beb\u00e9 sacudido y en las lesiones por latigazo cervical que dan lugar a TBI.<\/p>\n\n\n\n<p><strong>\u00bfCu\u00e1les son los s\u00edntomas de una lesi\u00f3n cerebral traum\u00e1tica?<\/strong><\/p>\n\n\n\n<p>Los s\u00edntomas de una lesi\u00f3n cerebral traum\u00e1tica pueden ir desde un fuerte dolor de cabeza hasta el coma y la muerte. Muchas personas quedan con da\u00f1os permanentes en zonas del cerebro que controlan el pensamiento, el razonamiento, el habla y la memoria. Los cambios conductuales y emocionales son comunes entre las personas con lesiones cerebrales. Los s\u00edntomas dependen de d\u00f3nde se haya lesionado el cerebro. Por ejemplo, las lesiones del l\u00f3bulo occipital tienen s\u00edntomas y efectos diferentes a los de una lesi\u00f3n del l\u00f3bulo frontal o temporal. Algunas son m\u00e1s graves que otras.<\/p>\n\n\n\n<p><strong>\u00bfPor qu\u00e9 las LCT son un reto legal?<\/strong><\/p>\n\n\n\n<p>Probar los da\u00f1os causados por una lesi\u00f3n cerebral puede ser dif\u00edcil. En muchos casos, las personas con lesiones cerebrales parecen estar bien, cuando en realidad est\u00e1n tan da\u00f1adas cerebralmente que son incapaces de trabajar y ganarse la vida o, en algunos casos, incluso de cuidar de s\u00ed mismas. Este da\u00f1o no aparece en las pruebas de imagen del cerebro, como el TAC y la resonancia magn\u00e9tica.<\/p>\n\n\n\n<p>Nuestros abogados especializados en lesiones cerebrales Philadelphia trabajan con los mejores expertos m\u00e9dicos y neuropsic\u00f3logos para documentar los da\u00f1os causados por las lesiones cerebrales. Tambi\u00e9n entrevistaremos a personas que conoc\u00edan a la persona antes y despu\u00e9s del accidente y les pediremos que describan las diferencias que han observado.<\/p>\n\n\n\n<p><strong><a href=\"https:\/\/www.myphillylawyer.com\/es\/por-que-las-mujeres-tienen-mas-probabilidades-de-sufrir-lesiones-graves-o-fallecer-en-accidentes-de-trafico\/\">\u00bfTienen las mujeres m\u00e1s probabilidades de sufrir una lesi\u00f3n cerebral tras un accidente de tr\u00e1fico?<\/a><\/strong><\/p>\n\n\n\n<p>S\u00ed. Las mujeres tienen un riesgo 22% mayor de sufrir un traumatismo craneal por accidente de tr\u00e1fico.<\/p>\n\n\n\n<h2 class=\"wp-block-heading\">Llame a un abogado Philly TBI para discutir su caso. 215-227-2727.<\/h2>\n\n\n\n<p><a href=\"\/es\/pongase-en-contacto-con\/\">P\u00f3ngase en contacto con<\/a> los abogados de lesiones cerebrales traum\u00e1ticas de Philadelphia de MyPhillyLawyer para concertar una consulta gratuita sobre su caso. Nuestros abogados de lesiones personales representan a clientes en Philadelphia y en toda el \u00e1rea circundante. Estamos comprometidos a recuperar la compensaci\u00f3n que nuestros clientes merecen.<\/p>","protected":false},"excerpt":{"rendered":"<p>Philadelphia Abogados de lesiones cerebrales traum\u00e1ticas Alrededor de 1,4 millones de personas sufren una lesi\u00f3n cerebral traum\u00e1tica cada a\u00f1o. Si usted es una de estas personas y su lesi\u00f3n cerebral fue causada por negligencia, hable con un abogado de lesiones personales que ha resuelto con \u00e9xito muchos de estos casos complejos. Accidentes que causan lesiones cerebrales La lesi\u00f3n cerebral Philadelphia...<\/p>","protected":false},"author":9,"featured_media":10817,"parent":347,"menu_order":0,"comment_status":"closed","ping_status":"closed","template":"","meta":{"_acf_changed":false,"footnotes":""},"class_list":["post-382","page","type-page","status-publish","has-post-thumbnail","hentry"],"acf":[],"jetpack_sharing_enabled":true,"_links":{"self":[{"href":"https:\/\/www.myphillylawyer.com\/es\/wp-json\/wp\/v2\/pages\/382","targetHints":{"allow":["GET"]}}],"collection":[{"href":"https:\/\/www.myphillylawyer.com\/es\/wp-json\/wp\/v2\/pages"}],"about":[{"href":"https:\/\/www.myphillylawyer.com\/es\/wp-json\/wp\/v2\/types\/page"}],"author":[{"embeddable":true,"href":"https:\/\/www.myphillylawyer.com\/es\/wp-json\/wp\/v2\/users\/9"}],"replies":[{"embeddable":true,"href":"https:\/\/www.myphillylawyer.com\/es\/wp-json\/wp\/v2\/comments?post=382"}],"version-history":[{"count":6,"href":"https:\/\/www.myphillylawyer.com\/es\/wp-json\/wp\/v2\/pages\/382\/revisions"}],"predecessor-version":[{"id":12468,"href":"https:\/\/www.myphillylawyer.com\/es\/wp-json\/wp\/v2\/pages\/382\/revisions\/12468"}],"up":[{"embeddable":true,"href":"https:\/\/www.myphillylawyer.com\/es\/wp-json\/wp\/v2\/pages\/347"}],"wp:featuredmedia":[{"embeddable":true,"href":"https:\/\/www.myphillylawyer.com\/es\/wp-json\/wp\/v2\/media\/10817"}],"wp:attachment":[{"href":"https:\/\/www.myphillylawyer.com\/es\/wp-json\/wp\/v2\/media?parent=382"}],"curies":[{"name":"wp","href":"https:\/\/api.w.org\/{rel}","templated":true}]}}