{"id":384,"date":"2016-11-15T11:55:33","date_gmt":"2016-11-15T16:55:33","guid":{"rendered":"http:\/\/myphillylawyer.adviadev.com\/?page_id=384"},"modified":"2024-09-23T18:01:20","modified_gmt":"2024-09-23T23:01:20","slug":"latigazo-cervical-y-lesiones-de-tejidos-blandos","status":"publish","type":"page","link":"https:\/\/www.myphillylawyer.com\/es\/areas-de-practica\/danos-personales\/lesiones-graves\/latigazo-cervical-y-lesiones-de-tejidos-blandos\/","title":{"rendered":"Philadelphia Abogados de latigazo cervical y lesiones de tejidos blandos"},"content":{"rendered":"<h1 class=\"wp-block-heading\">Philadelphia Abogados de latigazo cervical y lesiones de tejidos blandos<\/h1>\n\n\n\n<p>Si usted sufri\u00f3 un latigazo cervical en un accidente de coche en Pensilvania, puede pensar que es demasiado \"menor\" de una lesi\u00f3n en contacto con un abogado en busca de ayuda. El latigazo cervical y otras lesiones de tejidos blandos, sin embargo, puede conducir a dolor cr\u00f3nico, disminuci\u00f3n de la movilidad muscular y una serie de otras dolencias que requieren atenci\u00f3n m\u00e9dica costosa. El hecho de que su lesi\u00f3n no le haya dejado incapacitado permanentemente no significa que deba enfrentarse a las compa\u00f1\u00edas de seguros sin un bufete de abogados que proteja sus intereses.<\/p>\n\n\n\n<p><strong>Ninguna lesi\u00f3n es demasiado \"leve<\/strong><\/p>\n\n\n\n<p>En MyPhillyLawyer, nuestro <a href=\"https:\/\/www.myphillylawyer.com\/es\/areas-de-practica\/accidentes-de-trafico-2\/\">abogados de accidentes de coche<\/a> entienden lo importante que es una indemnizaci\u00f3n completa y justa incluso en los casos menos graves. La indemnizaci\u00f3n por da\u00f1os y perjuicios puede compensar el coste de las bajas laborales, la fisioterapia, los analg\u00e9sicos y otros gastos. Tambi\u00e9n puede darle el cierre que necesita despu\u00e9s de un accidente aterrador.<\/p>\n\n\n\n<p>\u00bfFue su accidente automovil\u00edstico causado por la negligencia de otro? Entonces estamos aqu\u00ed para representarle a fondo y agresivamente de principio a fin. P\u00f3ngase en contacto con nuestros abogados de lesiones de tejidos blandos Philadelphia hoy para una consulta gratuita.<\/p>\n\n\n\n<p><a href=\"https:\/\/www.myphillylawyer.com\/es\/por-que-las-mujeres-tienen-mas-probabilidades-de-sufrir-lesiones-graves-o-fallecer-en-accidentes-de-trafico\/\">\u00bfSab\u00eda que las mujeres tienen m\u00e1s probabilidades de sufrir lesiones graves por accidente de tr\u00e1fico? lea nuestro informe completo.<\/a><\/p>\n\n\n\n<p><strong>Abogados con experiencia centrados en lesiones personales<\/strong><\/p>\n\n\n\n<p>En MyPhillyLawyer, nos centramos en casos de lesiones personales. Y con 100 a\u00f1os de experiencia combinada, puede confiar en que nuestros abogados saben hacer bien su trabajo. Desde el momento en que contrate a nuestro bufete, tomaremos medidas para obtener pruebas que relacionen su lesi\u00f3n de tejidos blandos con las acciones negligentes del conductor culpable. Tambi\u00e9n trabajamos con profesionales m\u00e9dicos y otros expertos que pueden evaluar el alcance total de su lesi\u00f3n y proporcionar un valioso testimonio a su reclamo.<\/p>\n\n\n\n<p><strong>Ejemplos de nuestros casos de lesiones<\/strong><\/p>\n\n\n\n<p>Nuestros conocimientos y experiencia son importantes ventajas a la hora de obtener la m\u00e1xima indemnizaci\u00f3n para personas que, como usted, sufren:<\/p>\n\n\n\n<ul class=\"wp-block-list\">\n<li>Latigazo cervical<\/li>\n\n\n\n<li><a href=\"\/es\/areas-de-practica\/danos-personales\/lesiones-graves\/lesiones-articulares-y-ligamentosas-de-la-rodilla\/\">Lesiones de rodilla, articulaciones y ligamentos<\/a><\/li>\n\n\n\n<li><a href=\"\/es\/areas-de-practica\/danos-personales\/lesiones-graves\/lesiones-de-espalda-y-cuello\/\">Lesiones de cuello y espalda<\/a><\/li>\n\n\n\n<li>Distensiones musculares<\/li>\n\n\n\n<li><a href=\"\/es\/areas-de-practica\/danos-personales\/lesiones-graves\/lesiones-de-hombro\/\">Dislocaciones de hombro<\/a><\/li>\n\n\n\n<li>Contusiones profundas<\/li>\n\n\n\n<li>Tirones musculares<\/li>\n\n\n\n<li>Otras lesiones de tejidos blandos<\/li>\n<\/ul>\n\n\n\n<h2 class=\"wp-block-heading\">P\u00f3ngase en contacto con un abogado de latigazo cervical Philly para una consulta inicial gratuita. 215-227-2727.<\/h2>\n\n\n\n<p>Para programar una consulta gratuita y sin riesgos con un abogado experto en lesiones personales, llame al n\u00famero anterior o al n\u00famero gratuito (866) 352-4572. Tambi\u00e9n puede <a href=\"\/es\/pongase-en-contacto-con\/\">p\u00f3ngase en contacto en l\u00ednea con nuestro bufete de abogados Philadelphia<\/a>.<\/p>","protected":false},"excerpt":{"rendered":"<p>Philadelphia Latigazo cervical y lesiones de tejidos blandos Abogados Si usted sufri\u00f3 un latigazo cervical en un accidente de coche Pennsylvania, usted puede pensar que es demasiado \"menor\" de una lesi\u00f3n en contacto con un abogado en busca de ayuda. El latigazo cervical y otras lesiones de tejidos blandos, sin embargo, puede conducir a dolor cr\u00f3nico, disminuci\u00f3n de la movilidad muscular y una serie de otras dolencias que requieren...<\/p>","protected":false},"author":9,"featured_media":11019,"parent":347,"menu_order":0,"comment_status":"closed","ping_status":"closed","template":"","meta":{"_acf_changed":false,"jetpack_post_was_ever_published":false,"footnotes":""},"class_list":["post-384","page","type-page","status-publish","has-post-thumbnail","hentry"],"acf":[],"jetpack_sharing_enabled":true,"_links":{"self":[{"href":"https:\/\/www.myphillylawyer.com\/es\/wp-json\/wp\/v2\/pages\/384","targetHints":{"allow":["GET"]}}],"collection":[{"href":"https:\/\/www.myphillylawyer.com\/es\/wp-json\/wp\/v2\/pages"}],"about":[{"href":"https:\/\/www.myphillylawyer.com\/es\/wp-json\/wp\/v2\/types\/page"}],"author":[{"embeddable":true,"href":"https:\/\/www.myphillylawyer.com\/es\/wp-json\/wp\/v2\/users\/9"}],"replies":[{"embeddable":true,"href":"https:\/\/www.myphillylawyer.com\/es\/wp-json\/wp\/v2\/comments?post=384"}],"version-history":[{"count":7,"href":"https:\/\/www.myphillylawyer.com\/es\/wp-json\/wp\/v2\/pages\/384\/revisions"}],"predecessor-version":[{"id":12464,"href":"https:\/\/www.myphillylawyer.com\/es\/wp-json\/wp\/v2\/pages\/384\/revisions\/12464"}],"up":[{"embeddable":true,"href":"https:\/\/www.myphillylawyer.com\/es\/wp-json\/wp\/v2\/pages\/347"}],"wp:featuredmedia":[{"embeddable":true,"href":"https:\/\/www.myphillylawyer.com\/es\/wp-json\/wp\/v2\/media\/11019"}],"wp:attachment":[{"href":"https:\/\/www.myphillylawyer.com\/es\/wp-json\/wp\/v2\/media?parent=384"}],"curies":[{"name":"wp","href":"https:\/\/api.w.org\/{rel}","templated":true}]}}