{"id":399,"date":"2016-11-15T12:31:19","date_gmt":"2016-11-15T17:31:19","guid":{"rendered":"http:\/\/myphillylawyer.adviadev.com\/?page_id=399"},"modified":"2024-05-01T11:35:26","modified_gmt":"2024-05-01T16:35:26","slug":"exposicion-quimica","status":"publish","type":"page","link":"https:\/\/www.myphillylawyer.com\/es\/areas-de-practica\/lesiones-laborales\/exposicion-quimica\/","title":{"rendered":"Philadelphia Abogados de lesiones por exposici\u00f3n qu\u00edmica"},"content":{"rendered":"<h1 class=\"wp-block-heading\">Philadelphia Abogados de lesiones por exposici\u00f3n qu\u00edmica<\/h1>\n\n\n\n<p>Las sustancias c\u00e1usticas de las f\u00e1bricas industriales, laboratorios cient\u00edficos y otros lugares de trabajo suelen ser peligrosas cuando entran en contacto con la piel. La exposici\u00f3n puede provocar for\u00fanculos o quemaduras graves que dejan a la v\u00edctima con cicatrices y desfiguraciones permanentes. A veces, las quemaduras son tan graves que la v\u00edctima pierde por completo la sensibilidad y la funcionalidad de la zona lesionada.<\/p>\n\n\n\n<p>Cuando las infracciones de la OSHA, la negligencia de un supervisor, los errores por descuido de un empleado u otras acciones le causan una lesi\u00f3n qu\u00edmica, un abogado con experiencia puede ayudarle a buscar una indemnizaci\u00f3n.<\/p>\n\n\n\n<p><strong>\u00bfPor qu\u00e9 contratarnos tras enfermar por exposici\u00f3n a sustancias qu\u00edmicas?<\/strong><\/p>\n\n\n\n<p>En MyPhillyLawyer, representamos a v\u00edctimas de quemaduras qu\u00edmicas en el \u00e1rea de Philadelphia y en todo el sur de Jersey. Utilizamos nuestras d\u00e9cadas de experiencia en el manejo de casos de lesiones personales y de compensaci\u00f3n de trabajadores para maximizar los beneficios y la compensaci\u00f3n que nuestros clientes reciben por su sufrimiento. P\u00f3ngase en contacto con nosotros hoy para programar una consulta inicial gratuita para discutir su caso Llame al 215-227-2727.<\/p>\n\n\n\n<p><strong>Nuestros abogados presentar reclamaciones de indemnizaci\u00f3n de los trabajadores en Pennsylvania<\/strong><\/p>\n\n\n\n<p>El \u00e9xito de una reclamaci\u00f3n de indemnizaci\u00f3n por accidente de trabajo depende de que se aporten pruebas s\u00f3lidas de su lesi\u00f3n qu\u00edmica, las acciones que la causaron y el efecto sobre su capacidad para trabajar. Sabemos qu\u00e9 expertos pueden ayudarle y c\u00f3mo armar eficazmente un caso. Si su reclamaci\u00f3n es denegada, le ayudaremos a presentar una apelaci\u00f3n, negociando con las compa\u00f1\u00edas de seguros de su empleador o llevando su caso a juicio cuando sea necesario.<\/p>\n\n\n\n<p><strong>Gesti\u00f3n de casos de responsabilidad civil<\/strong><\/p>\n\n\n\n<p>Si su quemadura qu\u00edmica fue el resultado del descuido o negligencia de alguien, es posible que pueda presentar una reclamaci\u00f3n por responsabilidad civil. Es posible que las prestaciones de indemnizaci\u00f3n laboral no cubran todas sus necesidades econ\u00f3micas y no le compensen por el sufrimiento emocional. Las reclamaciones de terceros pueden asegurarse de que usted y su familia reciban la indemnizaci\u00f3n completa que merecen por sus lesiones qu\u00edmicas. Un abogado experto de nuestra firma revisar\u00e1 su caso y perseguir\u00e1 una recuperaci\u00f3n contra la parte responsable.<\/p>\n\n\n\n<h2 class=\"wp-block-heading\">P\u00f3ngase en contacto con un abogado de indemnizaci\u00f3n por accidente laboral Philly. 715-789-9346. Consulta Gratis<\/h2>\n\n\n\n<p>Si ha sufrido una quemadura qu\u00edmica en el trabajo, <a href=\"\/es\/pongase-en-contacto-con\/\">contacto MyPhillyLawyer<\/a> para programar una consulta inicial gratuita con un abogado experimentado. Le ayudaremos a recuperar las prestaciones o indemnizaciones a terceros que se merece.<\/p>","protected":false},"excerpt":{"rendered":"<p>Philadelphia Abogados de lesiones por exposici\u00f3n a sustancias qu\u00edmicas Las sustancias c\u00e1usticas en f\u00e1bricas industriales, laboratorios cient\u00edficos y otros lugares de trabajo suelen ser peligrosas cuando entran en contacto con la piel. La exposici\u00f3n puede provocar for\u00fanculos o quemaduras graves que dejan a la v\u00edctima con cicatrices y desfiguraciones permanentes. A veces, las quemaduras son tan graves que la v\u00edctima pierde completamente la sensibilidad y la funci\u00f3n...<\/p>","protected":false},"author":9,"featured_media":11022,"parent":29,"menu_order":0,"comment_status":"closed","ping_status":"closed","template":"","meta":{"_acf_changed":false,"jetpack_post_was_ever_published":false,"footnotes":""},"class_list":["post-399","page","type-page","status-publish","has-post-thumbnail","hentry"],"acf":[],"jetpack_sharing_enabled":true,"_links":{"self":[{"href":"https:\/\/www.myphillylawyer.com\/es\/wp-json\/wp\/v2\/pages\/399","targetHints":{"allow":["GET"]}}],"collection":[{"href":"https:\/\/www.myphillylawyer.com\/es\/wp-json\/wp\/v2\/pages"}],"about":[{"href":"https:\/\/www.myphillylawyer.com\/es\/wp-json\/wp\/v2\/types\/page"}],"author":[{"embeddable":true,"href":"https:\/\/www.myphillylawyer.com\/es\/wp-json\/wp\/v2\/users\/9"}],"replies":[{"embeddable":true,"href":"https:\/\/www.myphillylawyer.com\/es\/wp-json\/wp\/v2\/comments?post=399"}],"version-history":[{"count":5,"href":"https:\/\/www.myphillylawyer.com\/es\/wp-json\/wp\/v2\/pages\/399\/revisions"}],"predecessor-version":[{"id":11739,"href":"https:\/\/www.myphillylawyer.com\/es\/wp-json\/wp\/v2\/pages\/399\/revisions\/11739"}],"up":[{"embeddable":true,"href":"https:\/\/www.myphillylawyer.com\/es\/wp-json\/wp\/v2\/pages\/29"}],"wp:featuredmedia":[{"embeddable":true,"href":"https:\/\/www.myphillylawyer.com\/es\/wp-json\/wp\/v2\/media\/11022"}],"wp:attachment":[{"href":"https:\/\/www.myphillylawyer.com\/es\/wp-json\/wp\/v2\/media?parent=399"}],"curies":[{"name":"wp","href":"https:\/\/api.w.org\/{rel}","templated":true}]}}