{"id":409,"date":"2016-11-15T12:32:11","date_gmt":"2016-11-15T17:32:11","guid":{"rendered":"http:\/\/myphillylawyer.adviadev.com\/?page_id=409"},"modified":"2024-05-01T11:41:03","modified_gmt":"2024-05-01T16:41:03","slug":"caidas-de-altura","status":"publish","type":"page","link":"https:\/\/www.myphillylawyer.com\/es\/areas-de-practica\/lesiones-laborales\/caidas-de-altura\/","title":{"rendered":"Philadelphia Abogado de lesiones por ca\u00eddas de altura"},"content":{"rendered":"<h1 class=\"wp-block-heading\">Philadelphia Abogado de lesiones por ca\u00eddas de altura<\/h1>\n\n\n\n<p>\u00bfResult\u00f3 gravemente herido en una ca\u00edda en una obra de construcci\u00f3n? \u00bfMuri\u00f3 un ser querido por la negligencia de un supervisor de obra?<\/p>\n\n\n\n<p>Superficies inestables, escombros, violaciones de seguridad y otros peligros son causas de ca\u00eddas en obras de construcci\u00f3n. Si usted result\u00f3 lesionado o un ser querido muri\u00f3 debido a una ca\u00edda en una obra de construcci\u00f3n, los abogados experimentados de MyPhillyLawyer pueden ayudarle. Vamos a manejar su reclamo de compensaci\u00f3n de trabajadores y ayudar a determinar si usted es elegible para otros da\u00f1os a trav\u00e9s de un tercero.<\/p>\n\n\n\n<h4 class=\"wp-block-heading\">P\u00f3ngase en contacto con nuestro bufete para obtener m\u00e1s informaci\u00f3n. Llame al 215-227-2727.<\/h4>\n\n\n\n<p><strong>Nuestros abogados buscan la m\u00e1xima indemnizaci\u00f3n por accidentes de ca\u00eddas en la construcci\u00f3n<\/strong><\/p>\n\n\n\n<p>Los abogados de accidentes de construcci\u00f3n en MyPhillyLawyer manejan casos de ca\u00eddas desde altura que involucran:<\/p>\n\n\n\n<ul class=\"wp-block-list\">\n<li>Ca\u00eddas desde andamios y escaleras<\/li>\n\n\n\n<li>Ca\u00eddas desde plataformas elevadoras<\/li>\n\n\n\n<li>Ca\u00eddas desde tejados<\/li>\n\n\n\n<li>Ca\u00eddas desde postes el\u00e9ctricos<\/li>\n\n\n\n<li>Ca\u00eddas desde vallas o barreras altas<\/li>\n\n\n\n<li>Y m\u00e1s<\/li>\n<\/ul>\n\n\n\n<p>Nuestros abogados formulan varias preguntas minuciosas para determinar eficazmente por qu\u00e9 y c\u00f3mo se produjo el accidente. \u00bfSe tomaron las medidas de seguridad adecuadas? \u00bfLlevaba el trabajador puesto el arn\u00e9s? \u00bfHab\u00eda un supervisor en el lugar? Utilizamos esta informaci\u00f3n para averiguar qui\u00e9n es el responsable del accidente y buscar una indemnizaci\u00f3n completa y justa por los costes financieros, el dolor y el sufrimiento de nuestros clientes.<\/p>\n\n\n\n<p><strong>Ejemplos de lesiones relacionadas con ca\u00eddas<\/strong><\/p>\n\n\n\n<p>Los accidentes por ca\u00eddas provocan lesiones muy diversas, dependiendo de la altura desde la que se haya ca\u00eddo y de c\u00f3mo se haya ca\u00eddo. Las ca\u00eddas graves pueden provocar un traumatismo cerebral o una lesi\u00f3n de la m\u00e9dula espinal que cause una par\u00e1lisis completa. Algunas ca\u00eddas \u00be incluso si no son de gran altura \u00be resultan en muerte por negligencia.<\/p>\n\n\n\n<p>Si usted sufri\u00f3 una fractura compuesta o una lesi\u00f3n en el cuello, o perdi\u00f3 a un ser querido, nuestro bufete de abogados tiene experiencia y conocimientos en los que puede confiar. Con m\u00e1s de 100 a\u00f1os de experiencia legal combinada, usted puede estar seguro de que vamos a manejar su caso con eficacia.<\/p>\n\n\n\n<h2 class=\"wp-block-heading\">P\u00f3ngase en contacto con el abogado de lesiones por ca\u00edda de altura Philly. 215-227-2727. Consulta gratis.<\/h2>\n\n\n\n<p><a href=\"\/es\/pongase-en-contacto-con\/\">P\u00f3ngase en contacto con<\/a> los abogados del bufete MyPhillyLawyer para tratar su caso de ca\u00edda de altura. Ofrecemos consultas iniciales gratuitas y no cobramos honorarios ni costes a menos que ganemos su caso.<\/p>","protected":false},"excerpt":{"rendered":"<p>Philadelphia Abogado de lesiones por ca\u00eddas de altura \u00bfSe lesion\u00f3 gravemente en una ca\u00edda en una obra de construcci\u00f3n? \u00bfMuri\u00f3 un ser querido debido a la negligencia de un supervisor de construcci\u00f3n? Superficies inestables, escombros, violaciones de seguridad y otros peligros son causas de ca\u00eddas en obras de construcci\u00f3n. Si se lesion\u00f3 o un ser querido muri\u00f3 debido a una...<\/p>","protected":false},"author":9,"featured_media":0,"parent":29,"menu_order":0,"comment_status":"closed","ping_status":"closed","template":"","meta":{"_acf_changed":false,"jetpack_post_was_ever_published":false,"footnotes":""},"class_list":["post-409","page","type-page","status-publish","hentry"],"acf":[],"jetpack_sharing_enabled":true,"_links":{"self":[{"href":"https:\/\/www.myphillylawyer.com\/es\/wp-json\/wp\/v2\/pages\/409","targetHints":{"allow":["GET"]}}],"collection":[{"href":"https:\/\/www.myphillylawyer.com\/es\/wp-json\/wp\/v2\/pages"}],"about":[{"href":"https:\/\/www.myphillylawyer.com\/es\/wp-json\/wp\/v2\/types\/page"}],"author":[{"embeddable":true,"href":"https:\/\/www.myphillylawyer.com\/es\/wp-json\/wp\/v2\/users\/9"}],"replies":[{"embeddable":true,"href":"https:\/\/www.myphillylawyer.com\/es\/wp-json\/wp\/v2\/comments?post=409"}],"version-history":[{"count":5,"href":"https:\/\/www.myphillylawyer.com\/es\/wp-json\/wp\/v2\/pages\/409\/revisions"}],"predecessor-version":[{"id":11749,"href":"https:\/\/www.myphillylawyer.com\/es\/wp-json\/wp\/v2\/pages\/409\/revisions\/11749"}],"up":[{"embeddable":true,"href":"https:\/\/www.myphillylawyer.com\/es\/wp-json\/wp\/v2\/pages\/29"}],"wp:attachment":[{"href":"https:\/\/www.myphillylawyer.com\/es\/wp-json\/wp\/v2\/media?parent=409"}],"curies":[{"name":"wp","href":"https:\/\/api.w.org\/{rel}","templated":true}]}}