{"id":417,"date":"2016-11-15T12:32:52","date_gmt":"2016-11-15T17:32:52","guid":{"rendered":"http:\/\/myphillylawyer.adviadev.com\/?page_id=417"},"modified":"2024-05-01T13:51:17","modified_gmt":"2024-05-01T18:51:17","slug":"equipo-inseguro","status":"publish","type":"page","link":"https:\/\/www.myphillylawyer.com\/es\/areas-de-practica\/lesiones-laborales\/equipo-inseguro\/","title":{"rendered":"Philadelphia Abogado de lesiones por equipo inseguro"},"content":{"rendered":"<h1 class=\"wp-block-heading\">Philadelphia Abogado de lesiones por equipo inseguro<\/h1>\n\n\n\n<p>Las obras de construcci\u00f3n est\u00e1n repletas de herramientas, veh\u00edculos, maquinaria y equipos peligrosos que pueden causar lesiones graves o incluso la muerte.<\/p>\n\n\n\n<p>Si usted ha sido lesionado por el equipo inseguro o condiciones en un sitio de construcci\u00f3n, usted puede ser elegible para recibir m\u00e1s de la compensaci\u00f3n de trabajadores. P\u00f3ngase en contacto con los abogados de accidentes de construcci\u00f3n en MyPhillyLawyer en Philadelphia. Nuestros abogados ofrecen una consulta inicial gratuita para discutir sus opciones legales. Llame gratis al (866) 352-4572.<\/p>\n\n\n\n<h4 class=\"wp-block-heading\">Nuestros abogados llegan al fondo de la cuesti\u00f3n<\/h4>\n\n\n\n<p>Uno de nuestros abogados le har\u00e1 preguntas sobre el accidente que caus\u00f3 su lesi\u00f3n. \u00bfEstaba trabajando en ese momento? \u00bfQui\u00e9n es su empleador? \u00bfEstaba implicado un empleado de otro contratista o subcontratista? \u00bfQu\u00e9 herramientas, veh\u00edculos u otros equipos estaban implicados en el accidente? \u00bfSe tomaron las debidas precauciones de seguridad? \u00bfEran operativos los dispositivos de seguridad?<\/p>\n\n\n\n<p><strong>Evaluamos sus opciones despu\u00e9s de un accidente de construcci\u00f3n<\/strong><\/p>\n\n\n\n<p>Una vez que comprendamos exactamente lo que le ocurri\u00f3, podremos evaluar qui\u00e9n es responsable de indemnizarle por sus lesiones y otros da\u00f1os. En algunos casos, sus facturas m\u00e9dicas y una parte de su salario semanal se pagar\u00e1n a trav\u00e9s de la compensaci\u00f3n de los trabajadores. En otros casos, usted podr\u00e1 recuperar el resto de sus salarios perdidos, compensaci\u00f3n por dolor y sufrimiento, y otros da\u00f1os.<\/p>\n\n\n\n<p>Los accidentes de construcci\u00f3n causados por equipos defectuosos o inseguros pueden provocar lesiones muy graves, como lesiones cerebrales, amputaciones y lesiones paralizantes de la m\u00e9dula espinal. Nuestros abogados pueden ayudarle a obtener la indemnizaci\u00f3n que necesita tras una lesi\u00f3n que le ha cambiado la vida.<\/p>\n\n\n\n<h2 class=\"wp-block-heading\">P\u00f3ngase en contacto con nuestro abogado de lesiones de equipo Philly para una consulta gratuita. 215-227-2727 (local) o (866) 352-4572 (gratis).<\/h2>\n\n\n\n<p>Si desea m\u00e1s informaci\u00f3n sobre sus derechos y opciones legales, p\u00f3ngase en contacto con <a href=\"\/es\/pongase-en-contacto-con\/\">p\u00f3ngase en contacto con<\/a> MyPhillyLawyer. Cu\u00e9ntanos tu historia y descubre c\u00f3mo podemos ayudarte.<\/p>","protected":false},"excerpt":{"rendered":"<p>Philadelphia Abogado de Lesiones por Equipo Inseguro Las obras de construcci\u00f3n est\u00e1n llenas de herramientas, veh\u00edculos, maquinaria y equipos peligrosos que tienen el potencial de causar lesiones graves o mortales. Si usted ha sido lesionado por el equipo inseguro o condiciones en un sitio de construcci\u00f3n, usted puede ser elegible para recibir m\u00e1s de la compensaci\u00f3n de los trabajadores. P\u00f3ngase en contacto con el accidente de construcci\u00f3n...<\/p>","protected":false},"author":9,"featured_media":11022,"parent":29,"menu_order":0,"comment_status":"closed","ping_status":"closed","template":"","meta":{"_acf_changed":false,"jetpack_post_was_ever_published":false,"footnotes":""},"class_list":["post-417","page","type-page","status-publish","has-post-thumbnail","hentry"],"acf":[],"jetpack_sharing_enabled":true,"_links":{"self":[{"href":"https:\/\/www.myphillylawyer.com\/es\/wp-json\/wp\/v2\/pages\/417","targetHints":{"allow":["GET"]}}],"collection":[{"href":"https:\/\/www.myphillylawyer.com\/es\/wp-json\/wp\/v2\/pages"}],"about":[{"href":"https:\/\/www.myphillylawyer.com\/es\/wp-json\/wp\/v2\/types\/page"}],"author":[{"embeddable":true,"href":"https:\/\/www.myphillylawyer.com\/es\/wp-json\/wp\/v2\/users\/9"}],"replies":[{"embeddable":true,"href":"https:\/\/www.myphillylawyer.com\/es\/wp-json\/wp\/v2\/comments?post=417"}],"version-history":[{"count":5,"href":"https:\/\/www.myphillylawyer.com\/es\/wp-json\/wp\/v2\/pages\/417\/revisions"}],"predecessor-version":[{"id":11759,"href":"https:\/\/www.myphillylawyer.com\/es\/wp-json\/wp\/v2\/pages\/417\/revisions\/11759"}],"up":[{"embeddable":true,"href":"https:\/\/www.myphillylawyer.com\/es\/wp-json\/wp\/v2\/pages\/29"}],"wp:featuredmedia":[{"embeddable":true,"href":"https:\/\/www.myphillylawyer.com\/es\/wp-json\/wp\/v2\/media\/11022"}],"wp:attachment":[{"href":"https:\/\/www.myphillylawyer.com\/es\/wp-json\/wp\/v2\/media?parent=417"}],"curies":[{"name":"wp","href":"https:\/\/api.w.org\/{rel}","templated":true}]}}