{"id":4371,"date":"2017-01-26T12:16:25","date_gmt":"2017-01-26T17:16:25","guid":{"rendered":"https:\/\/www.myphillylawyer.com\/?page_id=4371"},"modified":"2021-02-12T18:23:33","modified_gmt":"2021-02-12T23:23:33","slug":"philadelphia-abogados-planificacion-de-sucesiones","status":"publish","type":"page","link":"https:\/\/www.myphillylawyer.com\/es\/espanol\/philadelphia-abogados-planificacion-de-sucesiones\/","title":{"rendered":"Philadelphia Abogados planificaci\u00f3n de sucesiones"},"content":{"rendered":"<p><strong>Philadelphia planificaci\u00f3n de sucesiones<\/strong><\/p>\n<p><strong>Philadelphia Abogados planificaci\u00f3n de sucesiones<\/strong><\/p>\n<p>En MyPhillyLawyer, ofrecer un servicio de calidad a nuestros clientes es una prioridad. Reconocemos que muchas personas prefieren no contemplar cuestiones en torno a la muerte o incapacidad. Tambi\u00e9n reconocemos las consecuencias de ignorar estas cuestiones. Por lo tanto, adoptar un enfoque proactivo para explicar la ley, informamos a todos nuestros clientes de sus opciones y que puedan tomar decisiones inteligentes.<\/p>\n<p>Para hablar con un abogado sobre planificaci\u00f3n de sucesi\u00f3n necesidades de protecci\u00f3n de activos, ll\u00e1menos al (866) 352-4572 hoy.<\/p>\n<p><strong>Calidad en Planes de sucesi\u00f3n en Philadelphia<\/strong><\/p>\n<p>Nuestro Philadelphia Abogados planificaci\u00f3n de sucesi\u00f3n ayudar a sus clientes a comunicar sus deseos a sus seres queridos a trav\u00e9s cuidadosamente redactado planes de sucesi\u00f3n. Estos planes pueden ser tan simples o tan complejos como el cliente necesite o desee. La planificaci\u00f3n de la sucesi\u00f3n pr\u00e1ctica incluye:<\/p>\n<ul>\n<li>Testamentos y concursos: podemos ayudarle a expresar sus deseos sobre distribuci\u00f3n de la propiedad a trav\u00e9s de una \u00faltima voluntad y testamento. Podemos ayudarle a evitar concursos entre los miembros de la familia, garantizando que el proceso de completar y ejecutar su voluntad es v\u00e1lido.<\/li>\n<li>Testamentos de vida : expresar sus decisiones en la etapa final de los seres queridos y los profesionales de la salud a trav\u00e9s de un testamento de vida (tambi\u00e9n conocido como una directriz anticipada para el cuidado de la salud).<\/li>\n<li>Poder: un poder de representaci\u00f3n para atenci\u00f3n m\u00e9dica le permite nombrar a alguien para tomar decisiones sobre la atenci\u00f3n m\u00e9dica debe ser capaz de tomar esas decisiones.<\/li>\n<li>fideicomisos: La gente tiene diferentes razones para utilizar fideicomisos en su plan de sucesi\u00f3n, caritativas, de control, evitar legalizaci\u00f3n y de muchos otros factores. Le ayudamos a evaluar sus necesidades y determinar si el fideicomiso es un instrumento adecuado para su plan de sucesi\u00f3n.<\/li>\n<li class=\"last-child\">Post-divorcio services planning of succession: o plan de sucesi\u00f3n que se estableci\u00f3 hace a\u00f1os podr\u00eda no reflejar sus deseos actuales, especialmente despu\u00e9s de un divorcio. Podemos ayudarle a modificar planes de sucesi\u00f3n o a crear nuevos planes de sucesi\u00f3n tras los cambios familiares.<\/li>\n<\/ul>\n<p><strong>Litigios sucesorios y de administraci\u00f3n de Sucesi\u00f3n<\/strong><\/p>\n<p>Antes que la propiedad puede ser distribuido a los herederos o beneficiarios, un proceso importante llamado legalizaci\u00f3n testamento, o administraci\u00f3n de sucesi\u00f3n, debe tener lugar. Este proceso se compone de:<\/p>\n<ul>\n<li>Validaci\u00f3n de la voluntad<\/li>\n<li>Apertura de la sucesi\u00f3n y recogida de los activos<\/li>\n<li>Resolver deudas<\/li>\n<li>Pago de impuestos<\/li>\n<li class=\"last-child\">Distribuir los activos restantes a los herederos o beneficiarios de acuerdo a la voluntad o intestato estatuto<\/li>\n<\/ul>\n<p>Podemos ayudar a las familias a trav\u00e9s de los procesos de administraci\u00f3n de testamentos y bienes ra\u00edces despu\u00e9s de que un ser querido se pase. Adem\u00e1s, representamos a clientes en litigios sucesorios si hay una controversia.<\/p>\n<p><strong>Pennsylvania voluntad testamento &amp; fideicomisos en abogados<\/strong><\/p>\n<p>Para obtener m\u00e1s informaci\u00f3n acerca de nuestra planificaci\u00f3n de patrimonio y servicios legalizaci\u00f3n en el estado de Pennsylvania o para programar una consulta con un experto Philadelphia abogado testamentos y fideicomisos, p\u00f3ngase en contacto con nuestro bufete de abogados.<\/p>","protected":false},"excerpt":{"rendered":"<p>Philadelphia planificaci\u00f3n de sucesiones Philadelphia Abogados planificaci\u00f3n de sucesiones En MyPhillyLawyer, ofrecer un servicio de calidad a nuestros clientes es una prioridad. Reconocemos que muchas personas prefieren no contemplar cuestiones en torno a la muerte o incapacidad. Tambi\u00e9n reconocemos las consecuencias de ignorar estas cuestiones. Por lo tanto, adoptar un enfoque proactivo para explicar la...<\/p>","protected":false},"author":9,"featured_media":0,"parent":4361,"menu_order":0,"comment_status":"closed","ping_status":"closed","template":"","meta":{"_acf_changed":false,"jetpack_post_was_ever_published":false,"footnotes":""},"class_list":["post-4371","page","type-page","status-publish","hentry"],"acf":[],"jetpack_sharing_enabled":true,"_links":{"self":[{"href":"https:\/\/www.myphillylawyer.com\/es\/wp-json\/wp\/v2\/pages\/4371","targetHints":{"allow":["GET"]}}],"collection":[{"href":"https:\/\/www.myphillylawyer.com\/es\/wp-json\/wp\/v2\/pages"}],"about":[{"href":"https:\/\/www.myphillylawyer.com\/es\/wp-json\/wp\/v2\/types\/page"}],"author":[{"embeddable":true,"href":"https:\/\/www.myphillylawyer.com\/es\/wp-json\/wp\/v2\/users\/9"}],"replies":[{"embeddable":true,"href":"https:\/\/www.myphillylawyer.com\/es\/wp-json\/wp\/v2\/comments?post=4371"}],"version-history":[{"count":2,"href":"https:\/\/www.myphillylawyer.com\/es\/wp-json\/wp\/v2\/pages\/4371\/revisions"}],"predecessor-version":[{"id":5771,"href":"https:\/\/www.myphillylawyer.com\/es\/wp-json\/wp\/v2\/pages\/4371\/revisions\/5771"}],"up":[{"embeddable":true,"href":"https:\/\/www.myphillylawyer.com\/es\/wp-json\/wp\/v2\/pages\/4361"}],"wp:attachment":[{"href":"https:\/\/www.myphillylawyer.com\/es\/wp-json\/wp\/v2\/media?parent=4371"}],"curies":[{"name":"wp","href":"https:\/\/api.w.org\/{rel}","templated":true}]}}