{"id":4684,"date":"2017-04-06T14:03:51","date_gmt":"2017-04-06T19:03:51","guid":{"rendered":"https:\/\/www.myphillylawyer.com\/?page_id=4684"},"modified":"2025-07-31T16:39:28","modified_gmt":"2025-07-31T21:39:28","slug":"abogados-de-lesiones-de-filadelfia-cerca-del-hospital-chestnut-hill","status":"publish","type":"page","link":"https:\/\/www.myphillylawyer.com\/es\/hospitales\/abogados-de-lesiones-de-filadelfia-cerca-del-hospital-chestnut-hill\/","title":{"rendered":"Philadelphia Abogados de lesiones cerca del Hospital Chestnut Hill"},"content":{"rendered":"<h1 class=\"wp-block-heading\">Philadelphia Abogados de lesiones cerca del Hospital Chestnut Hill<\/h1>\n\n\n\n<p>\u00bfRecibe usted o un ser querido tratamiento m\u00e9dico en el Hospital Chestnut Hill? Usted o un ser querido puede haber sufrido una lesi\u00f3n en un <a href=\"https:\/\/www.myphillylawyer.com\/es\/areas-de-practica\/accidentes-de-trafico-2\/\">accidente de tr\u00e1fico<\/a>o en un accidente por resbal\u00f3n y ca\u00edda. O tal vez su hijo fue v\u00edctima de una lesi\u00f3n en el parto. Tal vez usted fue <a href=\"https:\/\/www.myphillylawyer.com\/es\/zonas-atendidas\/chestnut-hill-abogados-de-negligencia-medica\/\">lesionado durante una intervenci\u00f3n quir\u00fargica o un procedimiento m\u00e9dico<\/a> debido a la negligencia de un m\u00e9dico u otro profesional sanitario.<\/p>\n\n\n\n<p>Antes de hablar con un representante de la compa\u00f1\u00eda de seguros, llame al <a href=\"https:\/\/www.myphillylawyer.com\/es\/\">MyPhillyLawyer<\/a> en el (215) 789-9346. Usted tiene derecho a una consulta gratuita, y no tendr\u00e1 que pagar nada a menos que tenga \u00e9xito en su demanda.<\/p>\n\n\n\n<p><strong>Ubicaci\u00f3n<\/strong><br>El Hospital Chestnut Hill se encuentra en 8835 Gemantown Avenue, Philadelphia, PA 19118, que est\u00e1 a 12,41 millas de nuestra oficina en Two Penn Center Plaza, 1500 John F. Kennedy Blvd., #1410, Philadelphia, PA 19102.<\/p>\n\n\n\n<p><strong>El historial del Hospital Chestnut Hill en materia de calidad cl\u00ednica:<\/strong><br><a href=\"https:\/\/www.healthgrades.com\/hospital-directory\/pennsylvania-pa-philadelphia\/chestnut-hill-hospital-hgstfc59e6a6390026\" target=\"_blank\" rel=\"noopener\">Registros proporcionados por healthgrades.com<\/a><\/p>\n\n\n\n<p><strong>Apendicectom\u00eda<\/strong> - Calificaci\u00f3n de 5 estrellas, lo que significa mejor de lo esperado. El porcentaje real de complicaciones es de 3,75%, inferior al porcentaje previsto de 8,32%. Estos porcentajes se basan en 160 casos hospitalarios.<\/p>\n\n\n\n<ul class=\"wp-block-list\">\n<li>Promedio Nacional: Calificaci\u00f3n de 3 estrellas, es decir, como se esperaba. El porcentaje real de complicaciones es de 8,57%, que es ligeramente inferior al porcentaje previsto de 8,58%. Estos porcentajes se basan en 189 casos.<\/li>\n<\/ul>\n\n\n\n<p><strong>Cirug\u00eda bari\u00e1trica<\/strong> - Clasificaci\u00f3n de 3 estrellas. El porcentaje real de complicaciones es de 5,68%, algo inferior al porcentaje previsto de 5,71%. Estos porcentajes se basan en 88 casos hospitalarios.<\/p>\n\n\n\n<ul class=\"wp-block-list\">\n<li>Media nacional: Calificaci\u00f3n de 3 estrellas. El porcentaje real de complicaciones es de 4,4%, ligeramente inferior al porcentaje previsto de 4,43%. Estos porcentajes se basan en 411 casos.<\/li>\n<\/ul>\n\n\n\n<p><strong>Urgencias diab\u00e9ticas<\/strong> - Calificaci\u00f3n de 3 estrellas. La tasa real de mortalidad intrahospitalaria es de 0%, inferior a la tasa prevista de 0,8%.<\/p>\n\n\n\n<ul class=\"wp-block-list\">\n<li>La tasa de mortalidad en 30 d\u00edas tambi\u00e9n tiene una calificaci\u00f3n de 3 estrellas. La tasa de mortalidad real es de 1,9%, inferior a la tasa prevista de 3,39%. Estas tasas se basan en 105 casos.<\/li>\n<\/ul>\n\n\n\n<p><strong>Infarto de miocardio<\/strong> - Calificaci\u00f3n de 3 estrellas. La tasa real de mortalidad intrahospitalaria es de 6,8%, inferior a la tasa prevista de 7,11%.<\/p>\n\n\n\n<ul class=\"wp-block-list\">\n<li>La tasa de mortalidad en 30 d\u00edas tiene una calificaci\u00f3n de 1 estrella, lo que significa que es peor de lo esperado. La tasa de mortalidad real es de 21,36%, superior a la tasa prevista de 15,51%. Estas tasas se basan en 103 casos.<\/li>\n<\/ul>\n\n\n\n<p><strong>Insuficiencia card\u00edaca<\/strong> - Clasificaci\u00f3n de 1 estrella. La tasa real de mortalidad intrahospitalaria es de 3,43%, superior a la tasa prevista de 2,35%.<\/p>\n\n\n\n<ul class=\"wp-block-list\">\n<li>La tasa de mortalidad en 30 d\u00edas tiene una calificaci\u00f3n de 1 estrella. La tasa de mortalidad real es de 9,64%, superior a la tasa prevista de 7,77%. Estas tasas se basan en 757 casos.<\/li>\n<\/ul>\n\n\n\n<p><strong>Embolia pulmonar<\/strong> - Calificaci\u00f3n de 3 estrellas. La tasa real de mortalidad intrahospitalaria es de 5,56%, superior a la tasa prevista de 3,83%.<\/p>\n\n\n\n<ul class=\"wp-block-list\">\n<li>La tasa de mortalidad en 30 d\u00edas tambi\u00e9n tiene una calificaci\u00f3n de 3 estrellas. La tasa de mortalidad real es de 7,41%, superior a la tasa prevista de 6,25%. Estas tasas se basan en 108 casos.<\/li>\n<\/ul>\n\n\n\n<p><strong>Insuficiencia respiratoria<\/strong> - Calificaci\u00f3n de 3 estrellas. La tasa real de mortalidad intrahospitalaria es de 20,83%, superior a la tasa prevista de 15,61%.<\/p>\n\n\n\n<ul class=\"wp-block-list\">\n<li>La tasa de mortalidad en 30 d\u00edas tiene una calificaci\u00f3n de 1 estrella. La tasa de mortalidad real es de 41,67%, superior a la tasa prevista de 23,45%. Estas tasas se basan en 72 casos.<\/li>\n<\/ul>\n\n\n\n<h3 class=\"wp-block-heading\">Otros hospitales Philadelphia<\/h3>\n\n\n<ul class=\"list-pages-shortcode sibling-pages\"><li class=\"page_item page-item-4684\"><a href=\"https:\/\/www.myphillylawyer.com\/es\/hospitales\/abogados-de-lesiones-de-filadelfia-cerca-del-hospital-chestnut-hill\/\">Philadelphia Abogados de lesiones cerca del Hospital Chestnut Hill<\/a><\/li>\n<li class=\"page_item page-item-4849\"><a href=\"https:\/\/www.myphillylawyer.com\/es\/hospitales\/abogados-de-lesiones-en-filadelfia-cerca-del-hospital-jeanes\/\">Philadelphia Abogados de lesiones cerca del Hospital Jeanes<\/a><\/li>\n<li class=\"page_item page-item-4844\"><a href=\"https:\/\/www.myphillylawyer.com\/es\/hospitales\/philadelphia-abogados-de-lesiones-cerca-del-hospital-metodista-jefferson-health\/\">Philadelphia Abogados de lesiones cerca de Methodist Hospital - Jefferson Health<\/a><\/li>\n<li class=\"page_item page-item-4688\"><a href=\"https:\/\/www.myphillylawyer.com\/es\/hospitales\/philadelphia-abogados-de-lesiones-cerca-de-penn-presbyterian-medical-center\/\">Philadelphia Abogados de lesiones cerca de Penn Presbyterian Medical Center<\/a><\/li>\n<li class=\"page_item page-item-4842\"><a href=\"https:\/\/www.myphillylawyer.com\/es\/hospitales\/abogados-de-lesiones-en-filadelfia-cerca-del-hospital-pennsylvania\/\">Philadelphia Abogados de lesiones cerca del Hospital de Pennsylvania<\/a><\/li>\n<li class=\"page_item page-item-4686\"><a href=\"https:\/\/www.myphillylawyer.com\/es\/hospitales\/abogados-de-lesiones-de-filadelfia-cerca-de-roxborough-memorial-hospital-2\/\">Philadelphia Abogados de lesiones cerca del Roxborough Memorial Hospital<\/a><\/li>\n<li class=\"page_item page-item-4847\"><a href=\"https:\/\/www.myphillylawyer.com\/es\/hospitales\/abogados-de-lesiones-en-filadelfia-cerca-del-hospital-universitario-temple\/\">Philadelphia Abogados de lesiones cerca de Temple University Hospital<\/a><\/li>\n<\/ul>","protected":false},"excerpt":{"rendered":"<p>Philadelphia Abogados de lesiones cerca del Hospital Chestnut Hill \u00bfEst\u00e1 usted o un ser querido recibiendo tratamiento m\u00e9dico en el Hospital Chestnut Hill? Usted o un ser querido puede haber sufrido una lesi\u00f3n en un accidente automovil\u00edstico, o en un accidente de resbal\u00f3n y ca\u00edda. O tal vez su hijo fue v\u00edctima de una lesi\u00f3n en el parto. Tal vez usted...<\/p>","protected":false},"author":9,"featured_media":0,"parent":4681,"menu_order":0,"comment_status":"closed","ping_status":"closed","template":"","meta":{"_acf_changed":false,"footnotes":""},"class_list":["post-4684","page","type-page","status-publish","hentry"],"acf":[],"jetpack_sharing_enabled":true,"_links":{"self":[{"href":"https:\/\/www.myphillylawyer.com\/es\/wp-json\/wp\/v2\/pages\/4684","targetHints":{"allow":["GET"]}}],"collection":[{"href":"https:\/\/www.myphillylawyer.com\/es\/wp-json\/wp\/v2\/pages"}],"about":[{"href":"https:\/\/www.myphillylawyer.com\/es\/wp-json\/wp\/v2\/types\/page"}],"author":[{"embeddable":true,"href":"https:\/\/www.myphillylawyer.com\/es\/wp-json\/wp\/v2\/users\/9"}],"replies":[{"embeddable":true,"href":"https:\/\/www.myphillylawyer.com\/es\/wp-json\/wp\/v2\/comments?post=4684"}],"version-history":[{"count":8,"href":"https:\/\/www.myphillylawyer.com\/es\/wp-json\/wp\/v2\/pages\/4684\/revisions"}],"predecessor-version":[{"id":13891,"href":"https:\/\/www.myphillylawyer.com\/es\/wp-json\/wp\/v2\/pages\/4684\/revisions\/13891"}],"up":[{"embeddable":true,"href":"https:\/\/www.myphillylawyer.com\/es\/wp-json\/wp\/v2\/pages\/4681"}],"wp:attachment":[{"href":"https:\/\/www.myphillylawyer.com\/es\/wp-json\/wp\/v2\/media?parent=4684"}],"curies":[{"name":"wp","href":"https:\/\/api.w.org\/{rel}","templated":true}]}}