{"id":4688,"date":"2017-04-06T14:14:46","date_gmt":"2017-04-06T19:14:46","guid":{"rendered":"https:\/\/www.myphillylawyer.com\/?page_id=4688"},"modified":"2024-05-01T14:06:42","modified_gmt":"2024-05-01T19:06:42","slug":"philadelphia-abogados-de-lesiones-cerca-de-penn-presbyterian-medical-center","status":"publish","type":"page","link":"https:\/\/www.myphillylawyer.com\/es\/hospitales\/philadelphia-abogados-de-lesiones-cerca-de-penn-presbyterian-medical-center\/","title":{"rendered":"Philadelphia Abogados de lesiones cerca de Penn Presbyterian Medical Center"},"content":{"rendered":"<h1 class=\"wp-block-heading\">Philadelphia Abogados de lesiones cerca de Penn Presbyterian Medical Center<\/h1>\n\n\n\n<p>\u00bfEst\u00e1 usted o alguien cercano a usted recibiendo tratamiento en el Penn Presbyterian Medical Center? Usted o alguien cercano a usted puede haber sido herido en un <a href=\"https:\/\/www.myphillylawyer.com\/es\/areas-de-practica\/accidentes-de-trafico-2\/\">accidente de tr\u00e1fico<\/a>o puede que haya sufrido un accidente por resbal\u00f3n y ca\u00edda. O tal vez su hijo se lesion\u00f3 al nacer debido a la conducta negligente de un m\u00e9dico. Tal vez se lesion\u00f3 durante una intervenci\u00f3n quir\u00fargica o un procedimiento m\u00e9dico debido a la atenci\u00f3n negligente de un m\u00e9dico u otro profesional sanitario.<\/p>\n\n\n\n<p>Antes de comunicarse con un representante de la compa\u00f1\u00eda de seguros, llame al <a href=\"https:\/\/www.myphillylawyer.com\/es\/\">MyPhillyLawyer<\/a> en el (215) 789-9346. Su consulta ser\u00e1 gratuita y no tendr\u00e1 que pagar honorarios a menos que gane su demanda.<\/p>\n\n\n\n<p><strong>Ubicaci\u00f3n<\/strong><br>Penn Presbyterian Medical Center se encuentra en 51 N. 39th Street, Philadelphia, PA 19104, que est\u00e1 a 2,68 millas de nuestra oficina en Two Penn Center Plaza, 1500 John F. Kennedy Blvd., #1410, Philadelphia, PA 19102.<\/p>\n\n\n\n<p><strong>El historial del Penn Presbyterian Medical Center en materia de calidad cl\u00ednica:<\/strong><br><a href=\"https:\/\/www.healthgrades.com\/hospital-directory\/pennsylvania-pa-philadelphia\/penn-presbyterian-medical-center-hgstb76ae6a6390223\" target=\"_blank\" rel=\"noopener\">Registros proporcionados por healthgrades.com<\/a><\/p>\n\n\n\n<p><strong>Obstrucci\u00f3n intestinal<\/strong> - Calificaci\u00f3n de 3 estrellas, lo que significa seg\u00fan lo previsto. La tasa real de mortalidad intrahospitalaria es de 1,53%, inferior a la tasa prevista de 2,46%.<\/p>\n\n\n\n<ul class=\"wp-block-list\">\n<li>La tasa de mortalidad en 30 d\u00edas tambi\u00e9n tiene una calificaci\u00f3n de 3 estrellas. La tasa de mortalidad real es de 3,82%, inferior a la tasa prevista de 4,2%. Estas tasas se basan en 131 casos.<\/li>\n<\/ul>\n\n\n\n<p><strong>Cirug\u00edas colorrectales<\/strong> - Calificaci\u00f3n de 5 estrellas, lo que significa mejor de lo esperado. La tasa real de mortalidad intrahospitalaria es de 0%, inferior a la tasa prevista de 5,47%.<\/p>\n\n\n\n<ul class=\"wp-block-list\">\n<li>La tasa de mortalidad en 30 d\u00edas tiene una calificaci\u00f3n de 3 estrellas. La tasa de mortalidad real es de 5,19%, inferior a la tasa prevista de 7,96%. Estas tasas se basan en 77 casos.<\/li>\n<\/ul>\n\n\n\n<p><strong>Cirug\u00edas de es\u00f3fago y est\u00f3mago<\/strong> - Calificaci\u00f3n de 3 estrellas. La tasa real de mortalidad intrahospitalaria es de 6,46%, superior a la tasa prevista de 5,46%.<\/p>\n\n\n\n<ul class=\"wp-block-list\">\n<li>La tasa de mortalidad en 30 d\u00edas tambi\u00e9n tiene una calificaci\u00f3n de 3 estrellas. La tasa de mortalidad real es de 14,94%, ligeramente superior a la tasa prevista de 14,49%. Estas tasas se basan en 114 casos.<\/li>\n<\/ul>\n\n\n\n<p><strong>Cirug\u00eda de extirpaci\u00f3n de ves\u00edcula biliar<\/strong> - Clasificaci\u00f3n de 3 estrellas. El porcentaje real de complicaciones es de 20,37%, inferior al porcentaje previsto de 22,1%. Estos porcentajes se basan en 54 casos hospitalarios.<\/p>\n\n\n\n<ul class=\"wp-block-list\">\n<li>Media nacional: Calificaci\u00f3n de 3 estrellas. El porcentaje real de complicaciones es de 22,15%, superior al porcentaje previsto de 21,02%. Estos porcentajes se basan en 117 casos.<\/li>\n<\/ul>\n\n\n\n<p><strong>Hemorragia gastrointestinal<\/strong> - Calificaci\u00f3n de 3 estrellas. La tasa real de mortalidad intrahospitalaria es de 1,65%, inferior a la tasa prevista de 2,2%.<\/p>\n\n\n\n<ul class=\"wp-block-list\">\n<li>La tasa de mortalidad en 30 d\u00edas tiene una calificaci\u00f3n de 5 estrellas. La tasa de mortalidad real es de 2,64%, inferior a la tasa prevista de 4,56%. Estas tasas se basan en 303 casos.<\/li>\n<\/ul>\n\n\n\n<p><strong>Pancreatitis<\/strong> - Calificaci\u00f3n de 3 estrellas. La tasa real de mortalidad intrahospitalaria es de 0%, inferior a la tasa prevista de 1,09%.<\/p>\n\n\n\n<ul class=\"wp-block-list\">\n<li>La tasa de mortalidad en 30 d\u00edas tambi\u00e9n tiene una calificaci\u00f3n de 3 estrellas. La tasa de mortalidad real es de 2,7%, superior a la tasa prevista de 2,24%. Estas tasas se basan en 37 casos.<\/li>\n<\/ul>\n\n\n\n<p><strong>Cirug\u00edas del intestino delgado<\/strong> - Calificaci\u00f3n de 3 estrellas. La tasa real de mortalidad intrahospitalaria es de 7,14%, superior a la tasa prevista de 4,34%.<\/p>\n\n\n\n<ul class=\"wp-block-list\">\n<li>La tasa de mortalidad en 30 d\u00edas tambi\u00e9n tiene una calificaci\u00f3n de 3 estrellas. La tasa de mortalidad real es de 7,14%, ligeramente inferior a la tasa prevista de 7,19%. Estas tasas se basan en 42 casos.<\/li>\n<\/ul>\n\n\n\n<h3 class=\"wp-block-heading\">Otros hospitales Philadelphia<\/h3>\n\n\n<ul class=\"list-pages-shortcode sibling-pages\"><li class=\"page_item page-item-4684\"><a href=\"https:\/\/www.myphillylawyer.com\/es\/hospitales\/abogados-de-lesiones-de-filadelfia-cerca-del-hospital-chestnut-hill\/\">Philadelphia Abogados de lesiones cerca del Hospital Chestnut Hill<\/a><\/li>\n<li class=\"page_item page-item-4849\"><a href=\"https:\/\/www.myphillylawyer.com\/es\/hospitales\/abogados-de-lesiones-en-filadelfia-cerca-del-hospital-jeanes\/\">Philadelphia Abogados de lesiones cerca del Hospital Jeanes<\/a><\/li>\n<li class=\"page_item page-item-4844\"><a href=\"https:\/\/www.myphillylawyer.com\/es\/hospitales\/philadelphia-abogados-de-lesiones-cerca-del-hospital-metodista-jefferson-health\/\">Philadelphia Abogados de lesiones cerca de Methodist Hospital - Jefferson Health<\/a><\/li>\n<li class=\"page_item page-item-4688\"><a href=\"https:\/\/www.myphillylawyer.com\/es\/hospitales\/philadelphia-abogados-de-lesiones-cerca-de-penn-presbyterian-medical-center\/\">Philadelphia Abogados de lesiones cerca de Penn Presbyterian Medical Center<\/a><\/li>\n<li class=\"page_item page-item-4842\"><a href=\"https:\/\/www.myphillylawyer.com\/es\/hospitales\/abogados-de-lesiones-en-filadelfia-cerca-del-hospital-pennsylvania\/\">Philadelphia Abogados de lesiones cerca del Hospital de Pennsylvania<\/a><\/li>\n<li class=\"page_item page-item-4686\"><a href=\"https:\/\/www.myphillylawyer.com\/es\/hospitales\/abogados-de-lesiones-de-filadelfia-cerca-de-roxborough-memorial-hospital-2\/\">Philadelphia Abogados de lesiones cerca del Roxborough Memorial Hospital<\/a><\/li>\n<li class=\"page_item page-item-4847\"><a href=\"https:\/\/www.myphillylawyer.com\/es\/hospitales\/abogados-de-lesiones-en-filadelfia-cerca-del-hospital-universitario-temple\/\">Philadelphia Abogados de lesiones cerca de Temple University Hospital<\/a><\/li>\n<\/ul>","protected":false},"excerpt":{"rendered":"<p>Philadelphia Abogados de lesiones cerca del Penn Presbyterian Medical Center \u00bfUsted o alguien cercano a usted est\u00e1 recibiendo tratamiento en el Penn Presbyterian Medical Center? Usted o alguien cercano a usted puede haber sido herido en un accidente de veh\u00edculo de motor, o puede haber estado involucrado en un accidente de resbal\u00f3n y ca\u00edda. O tal vez su hijo se lesion\u00f3...<\/p>","protected":false},"author":9,"featured_media":0,"parent":4681,"menu_order":0,"comment_status":"closed","ping_status":"closed","template":"","meta":{"_acf_changed":false,"jetpack_post_was_ever_published":false,"footnotes":""},"class_list":["post-4688","page","type-page","status-publish","hentry"],"acf":[],"jetpack_sharing_enabled":true,"_links":{"self":[{"href":"https:\/\/www.myphillylawyer.com\/es\/wp-json\/wp\/v2\/pages\/4688","targetHints":{"allow":["GET"]}}],"collection":[{"href":"https:\/\/www.myphillylawyer.com\/es\/wp-json\/wp\/v2\/pages"}],"about":[{"href":"https:\/\/www.myphillylawyer.com\/es\/wp-json\/wp\/v2\/types\/page"}],"author":[{"embeddable":true,"href":"https:\/\/www.myphillylawyer.com\/es\/wp-json\/wp\/v2\/users\/9"}],"replies":[{"embeddable":true,"href":"https:\/\/www.myphillylawyer.com\/es\/wp-json\/wp\/v2\/comments?post=4688"}],"version-history":[{"count":7,"href":"https:\/\/www.myphillylawyer.com\/es\/wp-json\/wp\/v2\/pages\/4688\/revisions"}],"predecessor-version":[{"id":11776,"href":"https:\/\/www.myphillylawyer.com\/es\/wp-json\/wp\/v2\/pages\/4688\/revisions\/11776"}],"up":[{"embeddable":true,"href":"https:\/\/www.myphillylawyer.com\/es\/wp-json\/wp\/v2\/pages\/4681"}],"wp:attachment":[{"href":"https:\/\/www.myphillylawyer.com\/es\/wp-json\/wp\/v2\/media?parent=4688"}],"curies":[{"name":"wp","href":"https:\/\/api.w.org\/{rel}","templated":true}]}}