{"id":4849,"date":"2017-05-19T13:44:33","date_gmt":"2017-05-19T18:44:33","guid":{"rendered":"https:\/\/www.myphillylawyer.com\/?page_id=4849"},"modified":"2024-05-01T14:05:38","modified_gmt":"2024-05-01T19:05:38","slug":"abogados-de-lesiones-en-filadelfia-cerca-del-hospital-jeanes","status":"publish","type":"page","link":"https:\/\/www.myphillylawyer.com\/es\/hospitales\/abogados-de-lesiones-en-filadelfia-cerca-del-hospital-jeanes\/","title":{"rendered":"Philadelphia Abogados de lesiones cerca del Hospital Jeanes"},"content":{"rendered":"<h1 class=\"wp-block-heading\">Philadelphia Abogados de lesiones cerca del Hospital Jeanes<\/h1>\n\n\n\n<p>\u00bfRecibe usted o un ser querido tratamiento m\u00e9dico en el Jeanes Hospital? Usted o un ser querido puede haber sufrido una lesi\u00f3n en un accidente de coche, cami\u00f3n o motocicleta, o puede tener <a href=\"https:\/\/www.myphillylawyer.com\/es\/areas-de-practica\/danos-personales\/responsabilidad-de-las-instalaciones\/resbalones-y-caidas\/\">resbal\u00f3 y cay\u00f3<\/a>y lesionarse. Tal vez su hijo se lesion\u00f3 al nacer debido a la negligencia de un obstetra. Tal vez se lesion\u00f3 durante una intervenci\u00f3n quir\u00fargica u otro procedimiento m\u00e9dico debido a la conducta negligente de un m\u00e9dico u otro profesional sanitario.<\/p>\n\n\n\n<p>Antes de comunicarse con un representante de la compa\u00f1\u00eda de seguros, llame al <a href=\"https:\/\/www.myphillylawyer.com\/es\/\">MyPhillyLawyer<\/a> en el (215) 789-9346. Usted tiene derecho a una consulta gratuita, y no tendr\u00e1 que pagar honorarios a menos que tenga \u00e9xito en su demanda.<\/p>\n\n\n\n<p><strong>Ubicaci\u00f3n<\/strong><br>\nJeanes Hospital se encuentra en 7600 Central Ave., Philadelphia, Pennsylvania, que est\u00e1 a 13,55 millas de nuestra oficina en Two Penn Center Plaza, 1500 John F. Kennedy Blvd., #1410, Philadelphia, Pennsylvania.<\/p>\n\n\n\n<p><strong>El historial del Hospital Jeanes en materia de seguridad del paciente:<\/strong><br>\n<em><a href=\"https:\/\/www.healthgrades.com\/hospital-directory\/pennsylvania-pa-philadelphia\/jeanes-hospital-hgst8069e6a6390080\" target=\"_blank\" rel=\"noopener\">Registros proporcionados por healthgrades.com<\/a><\/em><\/p>\n\n\n\n<ul class=\"wp-block-list\">\n<li><strong>Infecci\u00f3n del torrente sangu\u00edneo durante la cirug\u00eda<\/strong> - como se esperaba<\/li>\n\n\n\n<li><strong>Colapso pulmonar debido a una intervenci\u00f3n o cirug\u00eda en el t\u00f3rax o a su alrededor<\/strong> - como se esperaba<\/li>\n\n\n\n<li><strong>Muerte tras una complicaci\u00f3n grave despu\u00e9s de una intervenci\u00f3n quir\u00fargica<\/strong> - como se esperaba<\/li>\n\n\n\n<li><strong>Co\u00e1gulos sangu\u00edneos profundos en los pulmones o las piernas tras una intervenci\u00f3n quir\u00fargica<\/strong> - como se esperaba<\/li>\n\n\n\n<li><strong>Moratones o hemorragias excesivas como consecuencia de una intervenci\u00f3n o cirug\u00eda<\/strong> - como se esperaba<\/li>\n\n\n\n<li><strong>Fractura de cadera tras una intervenci\u00f3n quir\u00fargica<\/strong> - como se esperaba<\/li>\n\n\n\n<li><strong>Insuficiencia respiratoria tras cirug\u00eda<\/strong> - peor de lo esperado<\/li>\n<\/ul>\n\n\n\n<h3 class=\"wp-block-heading\">Otros hospitales de la zona Philadelphia:<\/h3>\n\n\n<ul class=\"list-pages-shortcode sibling-pages\"><li class=\"page_item page-item-4684\"><a href=\"https:\/\/www.myphillylawyer.com\/es\/hospitales\/abogados-de-lesiones-de-filadelfia-cerca-del-hospital-chestnut-hill\/\">Philadelphia Abogados de lesiones cerca del Hospital Chestnut Hill<\/a><\/li>\n<li class=\"page_item page-item-4849\"><a href=\"https:\/\/www.myphillylawyer.com\/es\/hospitales\/abogados-de-lesiones-en-filadelfia-cerca-del-hospital-jeanes\/\">Philadelphia Abogados de lesiones cerca del Hospital Jeanes<\/a><\/li>\n<li class=\"page_item page-item-4844\"><a href=\"https:\/\/www.myphillylawyer.com\/es\/hospitales\/philadelphia-abogados-de-lesiones-cerca-del-hospital-metodista-jefferson-health\/\">Philadelphia Abogados de lesiones cerca de Methodist Hospital - Jefferson Health<\/a><\/li>\n<li class=\"page_item page-item-4688\"><a href=\"https:\/\/www.myphillylawyer.com\/es\/hospitales\/philadelphia-abogados-de-lesiones-cerca-de-penn-presbyterian-medical-center\/\">Philadelphia Abogados de lesiones cerca de Penn Presbyterian Medical Center<\/a><\/li>\n<li class=\"page_item page-item-4842\"><a href=\"https:\/\/www.myphillylawyer.com\/es\/hospitales\/abogados-de-lesiones-en-filadelfia-cerca-del-hospital-pennsylvania\/\">Philadelphia Abogados de lesiones cerca del Hospital de Pennsylvania<\/a><\/li>\n<li class=\"page_item page-item-4686\"><a href=\"https:\/\/www.myphillylawyer.com\/es\/hospitales\/abogados-de-lesiones-de-filadelfia-cerca-de-roxborough-memorial-hospital-2\/\">Philadelphia Abogados de lesiones cerca del Roxborough Memorial Hospital<\/a><\/li>\n<li class=\"page_item page-item-4847\"><a href=\"https:\/\/www.myphillylawyer.com\/es\/hospitales\/abogados-de-lesiones-en-filadelfia-cerca-del-hospital-universitario-temple\/\">Philadelphia Abogados de lesiones cerca de Temple University Hospital<\/a><\/li>\n<\/ul>","protected":false},"excerpt":{"rendered":"<p>Philadelphia Abogados de lesiones cerca del Hospital Jeanes \u00bfUsted o alguien a quien quiere est\u00e1 recibiendo tratamiento m\u00e9dico en el Hospital Jeanes? Usted o un ser querido puede haber sufrido una lesi\u00f3n en un accidente de coche, cami\u00f3n o motocicleta, o puede haber resbalado y ca\u00eddo, y se lastim\u00f3. Tal vez su hijo se lesion\u00f3 al nacer debido...<\/p>","protected":false},"author":9,"featured_media":0,"parent":4681,"menu_order":0,"comment_status":"closed","ping_status":"closed","template":"","meta":{"_acf_changed":false,"footnotes":""},"class_list":["post-4849","page","type-page","status-publish","hentry"],"acf":[],"jetpack_sharing_enabled":true,"_links":{"self":[{"href":"https:\/\/www.myphillylawyer.com\/es\/wp-json\/wp\/v2\/pages\/4849","targetHints":{"allow":["GET"]}}],"collection":[{"href":"https:\/\/www.myphillylawyer.com\/es\/wp-json\/wp\/v2\/pages"}],"about":[{"href":"https:\/\/www.myphillylawyer.com\/es\/wp-json\/wp\/v2\/types\/page"}],"author":[{"embeddable":true,"href":"https:\/\/www.myphillylawyer.com\/es\/wp-json\/wp\/v2\/users\/9"}],"replies":[{"embeddable":true,"href":"https:\/\/www.myphillylawyer.com\/es\/wp-json\/wp\/v2\/comments?post=4849"}],"version-history":[{"count":6,"href":"https:\/\/www.myphillylawyer.com\/es\/wp-json\/wp\/v2\/pages\/4849\/revisions"}],"predecessor-version":[{"id":11774,"href":"https:\/\/www.myphillylawyer.com\/es\/wp-json\/wp\/v2\/pages\/4849\/revisions\/11774"}],"up":[{"embeddable":true,"href":"https:\/\/www.myphillylawyer.com\/es\/wp-json\/wp\/v2\/pages\/4681"}],"wp:attachment":[{"href":"https:\/\/www.myphillylawyer.com\/es\/wp-json\/wp\/v2\/media?parent=4849"}],"curies":[{"name":"wp","href":"https:\/\/api.w.org\/{rel}","templated":true}]}}